{"id":108272,"date":"2025-12-10T13:59:50","date_gmt":"2025-12-10T12:59:50","guid":{"rendered":"https:\/\/foliobooks.pl\/sklep\/air-jordan\/"},"modified":"2025-12-18T12:02:04","modified_gmt":"2025-12-18T11:02:04","slug":"air-jordan","status":"publish","type":"product","link":"https:\/\/foliobooks.pl\/en\/shop\/air-jordan\/","title":{"rendered":"Air Jordan"},"content":{"rendered":"<p>This is not a book about basketball. Nor is it a biography of Michael Jordan. It is the first authorized volume to celebrate the enduring 40-year partnership between Michael Jordan and Jordan Brand\u2014an icon and a legacy that transcend sport.<\/p>\n<p>Structured into six chapters, a tribute to Jordan\u2019s six championship rings, the book explores how Jordan and his namesake Brand redefined design, reshaped business, dominated pop culture, remixed style, and elevated athletics. Rare items from Jordan\u2019s personal archives are published here for the first time.<\/p>\n<p>Through striking visuals, cultural references, and iconic advertisements, Air Jordan captures the artistry, innovation, and influence of the man and the brand that continue to inspire generations.<\/p>\n","protected":false},"excerpt":{"rendered":"<p>This is not a book about basketball. Nor is it a biography of Michael Jordan. It is the first authorized volume to celebrate the enduring 40-year partnership between Michael Jordan and Jordan Brand\u2014an icon and a legacy that transcend sport. Structured into six chapters, a tribute to Jordan\u2019s six championship rings, the book explores how&#8230;<\/p>\n","protected":false},"featured_media":108273,"comment_status":"closed","ping_status":"closed","template":"","meta":[],"product_brand":[],"product_cat":[13533,4517],"product_tag":[1488],"class_list":{"0":"post-108272","1":"product","2":"type-product","3":"status-publish","4":"has-post-thumbnail","6":"product_cat-books","7":"product_cat-photography-en","8":"product_tag-sport-en","9":"pa_author_att-adam-bradley","10":"pa_cover-hardcover","11":"pa_format-25-x-33-cm-en","12":"pa_isbn-20852","13":"pa_language-eng","14":"pa_pages-20853","15":"pa_published-2025-10-01","16":"pa_publisher-assouline-en","18":"first","19":"outofstock","20":"sold-individually","21":"shipping-taxable","22":"purchasable","23":"product-type-simple"},"yoast_head":"<!-- This site is optimized with the Yoast SEO plugin v27.4 - https:\/\/yoast.com\/product\/yoast-seo-wordpress\/ -->\n<title>Air Jordan (Adam Bradley) - book \/ album - Folio<\/title>\n<meta name=\"description\" content=\"Wejd\u017a i kup ksi\u0105\u017ck\u0119 Air Jordan autorstwa Adam Bradley wydan\u0105 przez Assouline (2025-10-01) w formacie 25 x 33 cm (ISBN: 9781649805263). Zapraszamy!\" \/>\n<meta name=\"robots\" content=\"index, follow, max-snippet:-1, max-image-preview:large, max-video-preview:-1\" \/>\n<link rel=\"canonical\" href=\"https:\/\/foliobooks.pl\/en\/shop\/air-jordan\/\" \/>\n<meta property=\"og:locale\" content=\"en_US\" \/>\n<meta property=\"og:type\" content=\"article\" \/>\n<meta property=\"og:title\" content=\"Air Jordan (Adam Bradley) - book \/ album - Folio\" \/>\n<meta property=\"og:description\" content=\"Wejd\u017a i kup ksi\u0105\u017ck\u0119 Air Jordan autorstwa Adam Bradley wydan\u0105 przez Assouline (2025-10-01) w formacie 25 x 33 cm (ISBN: 9781649805263). Zapraszamy!\" \/>\n<meta property=\"og:url\" content=\"https:\/\/foliobooks.pl\/en\/shop\/air-jordan\/\" \/>\n<meta property=\"og:site_name\" content=\"Folio\" \/>\n<meta property=\"article:modified_time\" content=\"2025-12-18T11:02:04+00:00\" \/>\n<meta property=\"og:image\" content=\"https:\/\/foliobooks.pl\/wp-content\/uploads\/2025\/12\/9781649805263.png\" \/>\n\t<meta property=\"og:image:width\" content=\"570\" \/>\n\t<meta property=\"og:image:height\" content=\"708\" \/>\n\t<meta property=\"og:image:type\" content=\"image\/png\" \/>\n<meta name=\"twitter:card\" content=\"summary_large_image\" \/>\n<meta name=\"twitter:label1\" content=\"Est. reading time\" \/>\n\t<meta name=\"twitter:data1\" content=\"1 minute\" \/>\n<script type=\"application\/ld+json\" class=\"yoast-schema-graph\">{\"@context\":\"https:\\\/\\\/schema.org\",\"@graph\":[{\"@type\":\"WebPage\",\"@id\":\"https:\\\/\\\/foliobooks.pl\\\/en\\\/shop\\\/air-jordan\\\/\",\"url\":\"https:\\\/\\\/foliobooks.pl\\\/en\\\/shop\\\/air-jordan\\\/\",\"name\":\"Air Jordan (Adam Bradley) - book \\\/ album - Folio\",\"isPartOf\":{\"@id\":\"https:\\\/\\\/foliobooks.pl\\\/en\\\/#website\"},\"primaryImageOfPage\":{\"@id\":\"https:\\\/\\\/foliobooks.pl\\\/en\\\/shop\\\/air-jordan\\\/#primaryimage\"},\"image\":{\"@id\":\"https:\\\/\\\/foliobooks.pl\\\/en\\\/shop\\\/air-jordan\\\/#primaryimage\"},\"thumbnailUrl\":\"https:\\\/\\\/foliobooks.pl\\\/wp-content\\\/uploads\\\/2025\\\/12\\\/9781649805263.png\",\"datePublished\":\"2025-12-10T12:59:50+00:00\",\"dateModified\":\"2025-12-18T11:02:04+00:00\",\"description\":\"Wejd\u017a i kup ksi\u0105\u017ck\u0119 Air Jordan autorstwa Adam Bradley wydan\u0105 przez Assouline (2025-10-01) w formacie 25 x 33 cm (ISBN: 9781649805263). Zapraszamy!\",\"breadcrumb\":{\"@id\":\"https:\\\/\\\/foliobooks.pl\\\/en\\\/shop\\\/air-jordan\\\/#breadcrumb\"},\"inLanguage\":\"en-US\",\"potentialAction\":[{\"@type\":\"ReadAction\",\"target\":[\"https:\\\/\\\/foliobooks.pl\\\/en\\\/shop\\\/air-jordan\\\/\"]}]},{\"@type\":\"ImageObject\",\"inLanguage\":\"en-US\",\"@id\":\"https:\\\/\\\/foliobooks.pl\\\/en\\\/shop\\\/air-jordan\\\/#primaryimage\",\"url\":\"https:\\\/\\\/foliobooks.pl\\\/wp-content\\\/uploads\\\/2025\\\/12\\\/9781649805263.png\",\"contentUrl\":\"https:\\\/\\\/foliobooks.pl\\\/wp-content\\\/uploads\\\/2025\\\/12\\\/9781649805263.png\",\"width\":570,\"height\":708},{\"@type\":\"BreadcrumbList\",\"@id\":\"https:\\\/\\\/foliobooks.pl\\\/en\\\/shop\\\/air-jordan\\\/#breadcrumb\",\"itemListElement\":[{\"@type\":\"ListItem\",\"position\":1,\"name\":\"Strona g\u0142\u00f3wna\",\"item\":\"https:\\\/\\\/foliobooks.pl\\\/en\\\/\"},{\"@type\":\"ListItem\",\"position\":2,\"name\":\"Shop\",\"item\":\"https:\\\/\\\/foliobooks.pl\\\/en\\\/shop\\\/\"},{\"@type\":\"ListItem\",\"position\":3,\"name\":\"Air Jordan\"}]},{\"@type\":\"WebSite\",\"@id\":\"https:\\\/\\\/foliobooks.pl\\\/en\\\/#website\",\"url\":\"https:\\\/\\\/foliobooks.pl\\\/en\\\/\",\"name\":\"Folio\",\"description\":\"Ksi\u0119garnia internetowa\",\"potentialAction\":[{\"@type\":\"SearchAction\",\"target\":{\"@type\":\"EntryPoint\",\"urlTemplate\":\"https:\\\/\\\/foliobooks.pl\\\/en\\\/?s={search_term_string}\"},\"query-input\":{\"@type\":\"PropertyValueSpecification\",\"valueRequired\":true,\"valueName\":\"search_term_string\"}}],\"inLanguage\":\"en-US\"}]}<\/script>\n<!-- \/ Yoast SEO plugin. -->","yoast_head_json":{"title":"Air Jordan (Adam Bradley) - book \/ album - Folio","description":"Wejd\u017a i kup ksi\u0105\u017ck\u0119 Air Jordan autorstwa Adam Bradley wydan\u0105 przez Assouline (2025-10-01) w formacie 25 x 33 cm (ISBN: 9781649805263). Zapraszamy!","robots":{"index":"index","follow":"follow","max-snippet":"max-snippet:-1","max-image-preview":"max-image-preview:large","max-video-preview":"max-video-preview:-1"},"canonical":"https:\/\/foliobooks.pl\/en\/shop\/air-jordan\/","og_locale":"en_US","og_type":"article","og_title":"Air Jordan (Adam Bradley) - book \/ album - Folio","og_description":"Wejd\u017a i kup ksi\u0105\u017ck\u0119 Air Jordan autorstwa Adam Bradley wydan\u0105 przez Assouline (2025-10-01) w formacie 25 x 33 cm (ISBN: 9781649805263). Zapraszamy!","og_url":"https:\/\/foliobooks.pl\/en\/shop\/air-jordan\/","og_site_name":"Folio","article_modified_time":"2025-12-18T11:02:04+00:00","og_image":[{"width":570,"height":708,"url":"https:\/\/foliobooks.pl\/wp-content\/uploads\/2025\/12\/9781649805263.png","type":"image\/png"}],"twitter_card":"summary_large_image","twitter_misc":{"Est. reading time":"1 minute"},"schema":{"@context":"https:\/\/schema.org","@graph":[{"@type":"WebPage","@id":"https:\/\/foliobooks.pl\/en\/shop\/air-jordan\/","url":"https:\/\/foliobooks.pl\/en\/shop\/air-jordan\/","name":"Air Jordan (Adam Bradley) - book \/ album - Folio","isPartOf":{"@id":"https:\/\/foliobooks.pl\/en\/#website"},"primaryImageOfPage":{"@id":"https:\/\/foliobooks.pl\/en\/shop\/air-jordan\/#primaryimage"},"image":{"@id":"https:\/\/foliobooks.pl\/en\/shop\/air-jordan\/#primaryimage"},"thumbnailUrl":"https:\/\/foliobooks.pl\/wp-content\/uploads\/2025\/12\/9781649805263.png","datePublished":"2025-12-10T12:59:50+00:00","dateModified":"2025-12-18T11:02:04+00:00","description":"Wejd\u017a i kup ksi\u0105\u017ck\u0119 Air Jordan autorstwa Adam Bradley wydan\u0105 przez Assouline (2025-10-01) w formacie 25 x 33 cm (ISBN: 9781649805263). Zapraszamy!","breadcrumb":{"@id":"https:\/\/foliobooks.pl\/en\/shop\/air-jordan\/#breadcrumb"},"inLanguage":"en-US","potentialAction":[{"@type":"ReadAction","target":["https:\/\/foliobooks.pl\/en\/shop\/air-jordan\/"]}]},{"@type":"ImageObject","inLanguage":"en-US","@id":"https:\/\/foliobooks.pl\/en\/shop\/air-jordan\/#primaryimage","url":"https:\/\/foliobooks.pl\/wp-content\/uploads\/2025\/12\/9781649805263.png","contentUrl":"https:\/\/foliobooks.pl\/wp-content\/uploads\/2025\/12\/9781649805263.png","width":570,"height":708},{"@type":"BreadcrumbList","@id":"https:\/\/foliobooks.pl\/en\/shop\/air-jordan\/#breadcrumb","itemListElement":[{"@type":"ListItem","position":1,"name":"Strona g\u0142\u00f3wna","item":"https:\/\/foliobooks.pl\/en\/"},{"@type":"ListItem","position":2,"name":"Shop","item":"https:\/\/foliobooks.pl\/en\/shop\/"},{"@type":"ListItem","position":3,"name":"Air Jordan"}]},{"@type":"WebSite","@id":"https:\/\/foliobooks.pl\/en\/#website","url":"https:\/\/foliobooks.pl\/en\/","name":"Folio","description":"Ksi\u0119garnia internetowa","potentialAction":[{"@type":"SearchAction","target":{"@type":"EntryPoint","urlTemplate":"https:\/\/foliobooks.pl\/en\/?s={search_term_string}"},"query-input":{"@type":"PropertyValueSpecification","valueRequired":true,"valueName":"search_term_string"}}],"inLanguage":"en-US"}]}},"_links":{"self":[{"href":"https:\/\/foliobooks.pl\/en\/wp-json\/wp\/v2\/product\/108272","targetHints":{"allow":["GET"]}}],"collection":[{"href":"https:\/\/foliobooks.pl\/en\/wp-json\/wp\/v2\/product"}],"about":[{"href":"https:\/\/foliobooks.pl\/en\/wp-json\/wp\/v2\/types\/product"}],"replies":[{"embeddable":true,"href":"https:\/\/foliobooks.pl\/en\/wp-json\/wp\/v2\/comments?post=108272"}],"wp:featuredmedia":[{"embeddable":true,"href":"https:\/\/foliobooks.pl\/en\/wp-json\/wp\/v2\/media\/108273"}],"wp:attachment":[{"href":"https:\/\/foliobooks.pl\/en\/wp-json\/wp\/v2\/media?parent=108272"}],"wp:term":[{"taxonomy":"product_brand","embeddable":true,"href":"https:\/\/foliobooks.pl\/en\/wp-json\/wp\/v2\/product_brand?post=108272"},{"taxonomy":"product_cat","embeddable":true,"href":"https:\/\/foliobooks.pl\/en\/wp-json\/wp\/v2\/product_cat?post=108272"},{"taxonomy":"product_tag","embeddable":true,"href":"https:\/\/foliobooks.pl\/en\/wp-json\/wp\/v2\/product_tag?post=108272"}],"curies":[{"name":"wp","href":"https:\/\/api.w.org\/{rel}","templated":true}]}}