{"id":108254,"date":"2025-12-10T13:34:22","date_gmt":"2025-12-10T12:34:22","guid":{"rendered":"https:\/\/foliobooks.pl\/sklep\/la-mamounia-marrakech\/"},"modified":"2026-02-18T15:22:08","modified_gmt":"2026-02-18T14:22:08","slug":"la-mamounia-marrakech","status":"publish","type":"product","link":"https:\/\/foliobooks.pl\/en\/shop\/la-mamounia-marrakech\/","title":{"rendered":"La Mamounia Marrakech"},"content":{"rendered":"<p>Inaugurated in 1923, La Mamounia reigns over the Hivernage district. Winston Churchill called the hotel one of the most beautiful places in the world. It is one of those rare places whose names alone evoke an entire city, its history, its soul, that of Marrakech. La Mamounia is a mosaic of splendors, echoing with Moroccan craftsmanship in a profusion of arches, capitals, and basins. The hotel received multiple honors\u2014best hotel in the world by the World Travel Awards in 2015 and Cond\u00e9 Nast Traveler in 2018 and 2021.<\/p>\n<p>This book honors this unique place, its relationship to artisans and artists, steeped in hospitality, tradition, and a timeless sense of beauty. Jacques Brel, Joan Collins, Mika, Juliette Binoche, Miranda Kerr, Adrien Brody, Salma Hayek, and Jennifer Aniston are just a few of the many who have enjoyed unforgettable moments within the hotel\u2019s walls and gardens. With elegance, author Laurence Bena\u00efm invites us to (re)discover the sophistication and refinement of the most wonderful hotel in Morocco.<\/p>\n","protected":false},"excerpt":{"rendered":"<p>Inaugurated in 1923, La Mamounia reigns over the Hivernage district. Winston Churchill called the hotel one of the most beautiful places in the world. It is one of those rare places whose names alone evoke an entire city, its history, its soul, that of Marrakech. La Mamounia is a mosaic of splendors, echoing with Moroccan&#8230;<\/p>\n","protected":false},"featured_media":108255,"comment_status":"closed","ping_status":"closed","template":"","meta":[],"product_brand":[],"product_cat":[4516,13533,4517],"product_tag":[10854],"class_list":{"0":"post-108254","1":"product","2":"type-product","3":"status-publish","4":"has-post-thumbnail","6":"product_cat-architecture-en","7":"product_cat-books","8":"product_cat-photography-en","9":"product_tag-hotels-en","10":"pa_author_att-laurence-benaim-2-en","11":"pa_cover-hardcover","12":"pa_format-25-x-33-cm-en","13":"pa_isbn-20843","14":"pa_language-eng","15":"pa_pages-208-en-3","16":"pa_published-2025-09-10","17":"pa_publisher-assouline-en","19":"first","20":"instock","21":"sale","22":"sold-individually","23":"shipping-taxable","24":"purchasable","25":"product-type-simple"},"yoast_head":"<!-- This site is optimized with the Yoast SEO plugin v27.4 - https:\/\/yoast.com\/product\/yoast-seo-wordpress\/ -->\n<title>La Mamounia Marrakech (Laurence Bena\u00efm) - book \/ album - Folio<\/title>\n<meta name=\"description\" content=\"Wejd\u017a i kup ksi\u0105\u017ck\u0119 La Mamounia Marrakech autorstwa Laurence Bena\u00efm wydan\u0105 przez Assouline (2025-09-10) w formacie 25 x 33 cm (ISBN: 9781649804280). Zapraszamy!\" \/>\n<meta name=\"robots\" content=\"index, follow, max-snippet:-1, max-image-preview:large, max-video-preview:-1\" \/>\n<link rel=\"canonical\" href=\"https:\/\/foliobooks.pl\/en\/shop\/la-mamounia-marrakech\/\" \/>\n<meta property=\"og:locale\" content=\"en_US\" \/>\n<meta property=\"og:type\" content=\"article\" \/>\n<meta property=\"og:title\" content=\"La Mamounia Marrakech (Laurence Bena\u00efm) - book \/ album - Folio\" \/>\n<meta property=\"og:description\" content=\"Wejd\u017a i kup ksi\u0105\u017ck\u0119 La Mamounia Marrakech autorstwa Laurence Bena\u00efm wydan\u0105 przez Assouline (2025-09-10) w formacie 25 x 33 cm (ISBN: 9781649804280). Zapraszamy!\" \/>\n<meta property=\"og:url\" content=\"https:\/\/foliobooks.pl\/en\/shop\/la-mamounia-marrakech\/\" \/>\n<meta property=\"og:site_name\" content=\"Folio\" \/>\n<meta property=\"article:modified_time\" content=\"2026-02-18T14:22:08+00:00\" \/>\n<meta property=\"og:image\" content=\"https:\/\/foliobooks.pl\/wp-content\/uploads\/2025\/12\/9781649804280.png\" \/>\n\t<meta property=\"og:image:width\" content=\"570\" \/>\n\t<meta property=\"og:image:height\" content=\"708\" \/>\n\t<meta property=\"og:image:type\" content=\"image\/png\" \/>\n<meta name=\"twitter:card\" content=\"summary_large_image\" \/>\n<meta name=\"twitter:label1\" content=\"Est. reading time\" \/>\n\t<meta name=\"twitter:data1\" content=\"2 minutes\" \/>\n<script type=\"application\/ld+json\" class=\"yoast-schema-graph\">{\"@context\":\"https:\\\/\\\/schema.org\",\"@graph\":[{\"@type\":\"WebPage\",\"@id\":\"https:\\\/\\\/foliobooks.pl\\\/en\\\/shop\\\/la-mamounia-marrakech\\\/\",\"url\":\"https:\\\/\\\/foliobooks.pl\\\/en\\\/shop\\\/la-mamounia-marrakech\\\/\",\"name\":\"La Mamounia Marrakech (Laurence Bena\u00efm) - book \\\/ album - Folio\",\"isPartOf\":{\"@id\":\"https:\\\/\\\/foliobooks.pl\\\/en\\\/#website\"},\"primaryImageOfPage\":{\"@id\":\"https:\\\/\\\/foliobooks.pl\\\/en\\\/shop\\\/la-mamounia-marrakech\\\/#primaryimage\"},\"image\":{\"@id\":\"https:\\\/\\\/foliobooks.pl\\\/en\\\/shop\\\/la-mamounia-marrakech\\\/#primaryimage\"},\"thumbnailUrl\":\"https:\\\/\\\/foliobooks.pl\\\/wp-content\\\/uploads\\\/2025\\\/12\\\/9781649804280.png\",\"datePublished\":\"2025-12-10T12:34:22+00:00\",\"dateModified\":\"2026-02-18T14:22:08+00:00\",\"description\":\"Wejd\u017a i kup ksi\u0105\u017ck\u0119 La Mamounia Marrakech autorstwa Laurence Bena\u00efm wydan\u0105 przez Assouline (2025-09-10) w formacie 25 x 33 cm (ISBN: 9781649804280). Zapraszamy!\",\"breadcrumb\":{\"@id\":\"https:\\\/\\\/foliobooks.pl\\\/en\\\/shop\\\/la-mamounia-marrakech\\\/#breadcrumb\"},\"inLanguage\":\"en-US\",\"potentialAction\":[{\"@type\":\"ReadAction\",\"target\":[\"https:\\\/\\\/foliobooks.pl\\\/en\\\/shop\\\/la-mamounia-marrakech\\\/\"]}]},{\"@type\":\"ImageObject\",\"inLanguage\":\"en-US\",\"@id\":\"https:\\\/\\\/foliobooks.pl\\\/en\\\/shop\\\/la-mamounia-marrakech\\\/#primaryimage\",\"url\":\"https:\\\/\\\/foliobooks.pl\\\/wp-content\\\/uploads\\\/2025\\\/12\\\/9781649804280.png\",\"contentUrl\":\"https:\\\/\\\/foliobooks.pl\\\/wp-content\\\/uploads\\\/2025\\\/12\\\/9781649804280.png\",\"width\":570,\"height\":708},{\"@type\":\"BreadcrumbList\",\"@id\":\"https:\\\/\\\/foliobooks.pl\\\/en\\\/shop\\\/la-mamounia-marrakech\\\/#breadcrumb\",\"itemListElement\":[{\"@type\":\"ListItem\",\"position\":1,\"name\":\"Strona g\u0142\u00f3wna\",\"item\":\"https:\\\/\\\/foliobooks.pl\\\/en\\\/\"},{\"@type\":\"ListItem\",\"position\":2,\"name\":\"Shop\",\"item\":\"https:\\\/\\\/foliobooks.pl\\\/en\\\/shop\\\/\"},{\"@type\":\"ListItem\",\"position\":3,\"name\":\"La Mamounia Marrakech\"}]},{\"@type\":\"WebSite\",\"@id\":\"https:\\\/\\\/foliobooks.pl\\\/en\\\/#website\",\"url\":\"https:\\\/\\\/foliobooks.pl\\\/en\\\/\",\"name\":\"Folio\",\"description\":\"Ksi\u0119garnia internetowa\",\"potentialAction\":[{\"@type\":\"SearchAction\",\"target\":{\"@type\":\"EntryPoint\",\"urlTemplate\":\"https:\\\/\\\/foliobooks.pl\\\/en\\\/?s={search_term_string}\"},\"query-input\":{\"@type\":\"PropertyValueSpecification\",\"valueRequired\":true,\"valueName\":\"search_term_string\"}}],\"inLanguage\":\"en-US\"}]}<\/script>\n<!-- \/ Yoast SEO plugin. -->","yoast_head_json":{"title":"La Mamounia Marrakech (Laurence Bena\u00efm) - book \/ album - Folio","description":"Wejd\u017a i kup ksi\u0105\u017ck\u0119 La Mamounia Marrakech autorstwa Laurence Bena\u00efm wydan\u0105 przez Assouline (2025-09-10) w formacie 25 x 33 cm (ISBN: 9781649804280). Zapraszamy!","robots":{"index":"index","follow":"follow","max-snippet":"max-snippet:-1","max-image-preview":"max-image-preview:large","max-video-preview":"max-video-preview:-1"},"canonical":"https:\/\/foliobooks.pl\/en\/shop\/la-mamounia-marrakech\/","og_locale":"en_US","og_type":"article","og_title":"La Mamounia Marrakech (Laurence Bena\u00efm) - book \/ album - Folio","og_description":"Wejd\u017a i kup ksi\u0105\u017ck\u0119 La Mamounia Marrakech autorstwa Laurence Bena\u00efm wydan\u0105 przez Assouline (2025-09-10) w formacie 25 x 33 cm (ISBN: 9781649804280). Zapraszamy!","og_url":"https:\/\/foliobooks.pl\/en\/shop\/la-mamounia-marrakech\/","og_site_name":"Folio","article_modified_time":"2026-02-18T14:22:08+00:00","og_image":[{"width":570,"height":708,"url":"https:\/\/foliobooks.pl\/wp-content\/uploads\/2025\/12\/9781649804280.png","type":"image\/png"}],"twitter_card":"summary_large_image","twitter_misc":{"Est. reading time":"2 minutes"},"schema":{"@context":"https:\/\/schema.org","@graph":[{"@type":"WebPage","@id":"https:\/\/foliobooks.pl\/en\/shop\/la-mamounia-marrakech\/","url":"https:\/\/foliobooks.pl\/en\/shop\/la-mamounia-marrakech\/","name":"La Mamounia Marrakech (Laurence Bena\u00efm) - book \/ album - Folio","isPartOf":{"@id":"https:\/\/foliobooks.pl\/en\/#website"},"primaryImageOfPage":{"@id":"https:\/\/foliobooks.pl\/en\/shop\/la-mamounia-marrakech\/#primaryimage"},"image":{"@id":"https:\/\/foliobooks.pl\/en\/shop\/la-mamounia-marrakech\/#primaryimage"},"thumbnailUrl":"https:\/\/foliobooks.pl\/wp-content\/uploads\/2025\/12\/9781649804280.png","datePublished":"2025-12-10T12:34:22+00:00","dateModified":"2026-02-18T14:22:08+00:00","description":"Wejd\u017a i kup ksi\u0105\u017ck\u0119 La Mamounia Marrakech autorstwa Laurence Bena\u00efm wydan\u0105 przez Assouline (2025-09-10) w formacie 25 x 33 cm (ISBN: 9781649804280). Zapraszamy!","breadcrumb":{"@id":"https:\/\/foliobooks.pl\/en\/shop\/la-mamounia-marrakech\/#breadcrumb"},"inLanguage":"en-US","potentialAction":[{"@type":"ReadAction","target":["https:\/\/foliobooks.pl\/en\/shop\/la-mamounia-marrakech\/"]}]},{"@type":"ImageObject","inLanguage":"en-US","@id":"https:\/\/foliobooks.pl\/en\/shop\/la-mamounia-marrakech\/#primaryimage","url":"https:\/\/foliobooks.pl\/wp-content\/uploads\/2025\/12\/9781649804280.png","contentUrl":"https:\/\/foliobooks.pl\/wp-content\/uploads\/2025\/12\/9781649804280.png","width":570,"height":708},{"@type":"BreadcrumbList","@id":"https:\/\/foliobooks.pl\/en\/shop\/la-mamounia-marrakech\/#breadcrumb","itemListElement":[{"@type":"ListItem","position":1,"name":"Strona g\u0142\u00f3wna","item":"https:\/\/foliobooks.pl\/en\/"},{"@type":"ListItem","position":2,"name":"Shop","item":"https:\/\/foliobooks.pl\/en\/shop\/"},{"@type":"ListItem","position":3,"name":"La Mamounia Marrakech"}]},{"@type":"WebSite","@id":"https:\/\/foliobooks.pl\/en\/#website","url":"https:\/\/foliobooks.pl\/en\/","name":"Folio","description":"Ksi\u0119garnia internetowa","potentialAction":[{"@type":"SearchAction","target":{"@type":"EntryPoint","urlTemplate":"https:\/\/foliobooks.pl\/en\/?s={search_term_string}"},"query-input":{"@type":"PropertyValueSpecification","valueRequired":true,"valueName":"search_term_string"}}],"inLanguage":"en-US"}]}},"_links":{"self":[{"href":"https:\/\/foliobooks.pl\/en\/wp-json\/wp\/v2\/product\/108254","targetHints":{"allow":["GET"]}}],"collection":[{"href":"https:\/\/foliobooks.pl\/en\/wp-json\/wp\/v2\/product"}],"about":[{"href":"https:\/\/foliobooks.pl\/en\/wp-json\/wp\/v2\/types\/product"}],"replies":[{"embeddable":true,"href":"https:\/\/foliobooks.pl\/en\/wp-json\/wp\/v2\/comments?post=108254"}],"wp:featuredmedia":[{"embeddable":true,"href":"https:\/\/foliobooks.pl\/en\/wp-json\/wp\/v2\/media\/108255"}],"wp:attachment":[{"href":"https:\/\/foliobooks.pl\/en\/wp-json\/wp\/v2\/media?parent=108254"}],"wp:term":[{"taxonomy":"product_brand","embeddable":true,"href":"https:\/\/foliobooks.pl\/en\/wp-json\/wp\/v2\/product_brand?post=108254"},{"taxonomy":"product_cat","embeddable":true,"href":"https:\/\/foliobooks.pl\/en\/wp-json\/wp\/v2\/product_cat?post=108254"},{"taxonomy":"product_tag","embeddable":true,"href":"https:\/\/foliobooks.pl\/en\/wp-json\/wp\/v2\/product_tag?post=108254"}],"curies":[{"name":"wp","href":"https:\/\/api.w.org\/{rel}","templated":true}]}}