{"id":108184,"date":"2025-12-09T15:34:16","date_gmt":"2025-12-09T14:34:16","guid":{"rendered":"https:\/\/foliobooks.pl\/sklep\/making-space-interior-design-by-women\/"},"modified":"2026-02-26T16:48:13","modified_gmt":"2026-02-26T15:48:13","slug":"making-space-interior-design-by-women","status":"publish","type":"product","link":"https:\/\/foliobooks.pl\/en\/shop\/making-space-interior-design-by-women\/","title":{"rendered":"Making Space. Interior Design by Women"},"content":{"rendered":"<p>A global survey of 250 of the most creative women practicing interior design from the beginning of the twentieth century to the present day<\/p>\n<p>The history of women\u2019s involvement in interior design is rich and varied. It is a discipline where women enjoy an equal standing with their male counterparts, yet it is typically framed as a design practice especially suited to women, secondary to the heroic role of architect or furniture designer.<\/p>\n<p>This timely survey explores the ways in which women have shaped the built environment beyond the confines of the home, revealing their careers as true tastemakers of the twentieth and twenty-first century. Making Space shines a light on the diverse and influential work of 250 women who design interiors \u2013 well-known, unsung, and emerging \u2013 from more than 50 countries.<\/p>\n<p>The featured designers represent myriad styles, from flamboyant maximalism to artfully arranged minimalism. There are the big names, such as Rose Uniacke, Kelly Wearstler, and Brigette Romanek; pioneers, including Dorothy Draper, Sibyl Colefax, and Elsie de Wolfe; and those who have been almost entirely written out of history.<\/p>\n<p>Beautifully designed and illustrated with hundreds of striking photographs, Making Space will inspire anyone who cares about the spaces within which they live.<\/p>\n<p>Designers featured include: Sophie Ashby, Sof\u00eda Aspe, Gae Aulenti, Kelly Behun, Madeleine Castaing, Sibyl Colefax, Athena Calderone, Ilse Crawford, Olayinka Dosekun-Adjei, Dorothy Draper, Nathalie and Virginie Droulers, Shahira Fahmy, Beata Heuman, Katie Lockhart, Yana Molodykh, Tekla Evelina Severin, and Pamela Shamshiri.<\/p>\n","protected":false},"excerpt":{"rendered":"<p>A global survey of 250 of the most creative women practicing interior design from the beginning of the twentieth century to the present day The history of women\u2019s involvement in interior design is rich and varied. It is a discipline where women enjoy an equal standing with their male counterparts, yet it is typically framed&#8230;<\/p>\n","protected":false},"featured_media":108185,"comment_status":"closed","ping_status":"closed","template":"","meta":[],"product_brand":[],"product_cat":[4516,13533],"product_tag":[290,18135],"class_list":{"0":"post-108184","1":"product","2":"type-product","3":"status-publish","4":"has-post-thumbnail","6":"product_cat-architecture-en","7":"product_cat-books","8":"product_tag-interiors-en","9":"product_tag-wystroj-wnetrz-en","10":"pa_author_att-jane-hall-en","11":"pa_cover-hardcover","12":"pa_format-25-x-30-cm-en","13":"pa_isbn-20821","14":"pa_language-eng","15":"pa_pages-288-2-en","16":"pa_published-2025-10-01","17":"pa_publisher-phaidon-en","19":"first","20":"instock","21":"sold-individually","22":"shipping-taxable","23":"purchasable","24":"product-type-simple"},"yoast_head":"<!-- This site is optimized with the Yoast SEO plugin v27.4 - https:\/\/yoast.com\/product\/yoast-seo-wordpress\/ -->\n<title>Making Space. Interior Design by Women (Jane Hall) - book \/ album - Folio<\/title>\n<meta name=\"description\" content=\"Wejd\u017a i kup ksi\u0105\u017ck\u0119 Making Space. Interior Design by Women autorstwa Jane Hall wydan\u0105 przez PHAIDON (2025-10-01) w formacie 25 x 30 cm (ISBN: 9781837290086). Zapraszamy!\" \/>\n<meta name=\"robots\" content=\"index, follow, max-snippet:-1, max-image-preview:large, max-video-preview:-1\" \/>\n<link rel=\"canonical\" href=\"https:\/\/foliobooks.pl\/en\/shop\/making-space-interior-design-by-women\/\" \/>\n<meta property=\"og:locale\" content=\"en_US\" \/>\n<meta property=\"og:type\" content=\"article\" \/>\n<meta property=\"og:title\" content=\"Making Space. Interior Design by Women (Jane Hall) - book \/ album - Folio\" \/>\n<meta property=\"og:description\" content=\"Wejd\u017a i kup ksi\u0105\u017ck\u0119 Making Space. Interior Design by Women autorstwa Jane Hall wydan\u0105 przez PHAIDON (2025-10-01) w formacie 25 x 30 cm (ISBN: 9781837290086). Zapraszamy!\" \/>\n<meta property=\"og:url\" content=\"https:\/\/foliobooks.pl\/en\/shop\/making-space-interior-design-by-women\/\" \/>\n<meta property=\"og:site_name\" content=\"Folio\" \/>\n<meta property=\"article:modified_time\" content=\"2026-02-26T15:48:13+00:00\" \/>\n<meta property=\"og:image\" content=\"https:\/\/foliobooks.pl\/wp-content\/uploads\/2025\/12\/9781837290086.png\" \/>\n\t<meta property=\"og:image:width\" content=\"570\" \/>\n\t<meta property=\"og:image:height\" content=\"708\" \/>\n\t<meta property=\"og:image:type\" content=\"image\/png\" \/>\n<meta name=\"twitter:card\" content=\"summary_large_image\" \/>\n<meta name=\"twitter:label1\" content=\"Est. reading time\" \/>\n\t<meta name=\"twitter:data1\" content=\"2 minutes\" \/>\n<script type=\"application\/ld+json\" class=\"yoast-schema-graph\">{\"@context\":\"https:\\\/\\\/schema.org\",\"@graph\":[{\"@type\":\"WebPage\",\"@id\":\"https:\\\/\\\/foliobooks.pl\\\/en\\\/shop\\\/making-space-interior-design-by-women\\\/\",\"url\":\"https:\\\/\\\/foliobooks.pl\\\/en\\\/shop\\\/making-space-interior-design-by-women\\\/\",\"name\":\"Making Space. Interior Design by Women (Jane Hall) - book \\\/ album - Folio\",\"isPartOf\":{\"@id\":\"https:\\\/\\\/foliobooks.pl\\\/en\\\/#website\"},\"primaryImageOfPage\":{\"@id\":\"https:\\\/\\\/foliobooks.pl\\\/en\\\/shop\\\/making-space-interior-design-by-women\\\/#primaryimage\"},\"image\":{\"@id\":\"https:\\\/\\\/foliobooks.pl\\\/en\\\/shop\\\/making-space-interior-design-by-women\\\/#primaryimage\"},\"thumbnailUrl\":\"https:\\\/\\\/foliobooks.pl\\\/wp-content\\\/uploads\\\/2025\\\/12\\\/9781837290086.png\",\"datePublished\":\"2025-12-09T14:34:16+00:00\",\"dateModified\":\"2026-02-26T15:48:13+00:00\",\"description\":\"Wejd\u017a i kup ksi\u0105\u017ck\u0119 Making Space. Interior Design by Women autorstwa Jane Hall wydan\u0105 przez PHAIDON (2025-10-01) w formacie 25 x 30 cm (ISBN: 9781837290086). Zapraszamy!\",\"breadcrumb\":{\"@id\":\"https:\\\/\\\/foliobooks.pl\\\/en\\\/shop\\\/making-space-interior-design-by-women\\\/#breadcrumb\"},\"inLanguage\":\"en-US\",\"potentialAction\":[{\"@type\":\"ReadAction\",\"target\":[\"https:\\\/\\\/foliobooks.pl\\\/en\\\/shop\\\/making-space-interior-design-by-women\\\/\"]}]},{\"@type\":\"ImageObject\",\"inLanguage\":\"en-US\",\"@id\":\"https:\\\/\\\/foliobooks.pl\\\/en\\\/shop\\\/making-space-interior-design-by-women\\\/#primaryimage\",\"url\":\"https:\\\/\\\/foliobooks.pl\\\/wp-content\\\/uploads\\\/2025\\\/12\\\/9781837290086.png\",\"contentUrl\":\"https:\\\/\\\/foliobooks.pl\\\/wp-content\\\/uploads\\\/2025\\\/12\\\/9781837290086.png\",\"width\":570,\"height\":708},{\"@type\":\"BreadcrumbList\",\"@id\":\"https:\\\/\\\/foliobooks.pl\\\/en\\\/shop\\\/making-space-interior-design-by-women\\\/#breadcrumb\",\"itemListElement\":[{\"@type\":\"ListItem\",\"position\":1,\"name\":\"Strona g\u0142\u00f3wna\",\"item\":\"https:\\\/\\\/foliobooks.pl\\\/en\\\/\"},{\"@type\":\"ListItem\",\"position\":2,\"name\":\"Shop\",\"item\":\"https:\\\/\\\/foliobooks.pl\\\/en\\\/shop\\\/\"},{\"@type\":\"ListItem\",\"position\":3,\"name\":\"Making Space. Interior Design by Women\"}]},{\"@type\":\"WebSite\",\"@id\":\"https:\\\/\\\/foliobooks.pl\\\/en\\\/#website\",\"url\":\"https:\\\/\\\/foliobooks.pl\\\/en\\\/\",\"name\":\"Folio\",\"description\":\"Ksi\u0119garnia internetowa\",\"potentialAction\":[{\"@type\":\"SearchAction\",\"target\":{\"@type\":\"EntryPoint\",\"urlTemplate\":\"https:\\\/\\\/foliobooks.pl\\\/en\\\/?s={search_term_string}\"},\"query-input\":{\"@type\":\"PropertyValueSpecification\",\"valueRequired\":true,\"valueName\":\"search_term_string\"}}],\"inLanguage\":\"en-US\"}]}<\/script>\n<!-- \/ Yoast SEO plugin. -->","yoast_head_json":{"title":"Making Space. Interior Design by Women (Jane Hall) - book \/ album - Folio","description":"Wejd\u017a i kup ksi\u0105\u017ck\u0119 Making Space. Interior Design by Women autorstwa Jane Hall wydan\u0105 przez PHAIDON (2025-10-01) w formacie 25 x 30 cm (ISBN: 9781837290086). Zapraszamy!","robots":{"index":"index","follow":"follow","max-snippet":"max-snippet:-1","max-image-preview":"max-image-preview:large","max-video-preview":"max-video-preview:-1"},"canonical":"https:\/\/foliobooks.pl\/en\/shop\/making-space-interior-design-by-women\/","og_locale":"en_US","og_type":"article","og_title":"Making Space. Interior Design by Women (Jane Hall) - book \/ album - Folio","og_description":"Wejd\u017a i kup ksi\u0105\u017ck\u0119 Making Space. Interior Design by Women autorstwa Jane Hall wydan\u0105 przez PHAIDON (2025-10-01) w formacie 25 x 30 cm (ISBN: 9781837290086). Zapraszamy!","og_url":"https:\/\/foliobooks.pl\/en\/shop\/making-space-interior-design-by-women\/","og_site_name":"Folio","article_modified_time":"2026-02-26T15:48:13+00:00","og_image":[{"width":570,"height":708,"url":"https:\/\/foliobooks.pl\/wp-content\/uploads\/2025\/12\/9781837290086.png","type":"image\/png"}],"twitter_card":"summary_large_image","twitter_misc":{"Est. reading time":"2 minutes"},"schema":{"@context":"https:\/\/schema.org","@graph":[{"@type":"WebPage","@id":"https:\/\/foliobooks.pl\/en\/shop\/making-space-interior-design-by-women\/","url":"https:\/\/foliobooks.pl\/en\/shop\/making-space-interior-design-by-women\/","name":"Making Space. Interior Design by Women (Jane Hall) - book \/ album - Folio","isPartOf":{"@id":"https:\/\/foliobooks.pl\/en\/#website"},"primaryImageOfPage":{"@id":"https:\/\/foliobooks.pl\/en\/shop\/making-space-interior-design-by-women\/#primaryimage"},"image":{"@id":"https:\/\/foliobooks.pl\/en\/shop\/making-space-interior-design-by-women\/#primaryimage"},"thumbnailUrl":"https:\/\/foliobooks.pl\/wp-content\/uploads\/2025\/12\/9781837290086.png","datePublished":"2025-12-09T14:34:16+00:00","dateModified":"2026-02-26T15:48:13+00:00","description":"Wejd\u017a i kup ksi\u0105\u017ck\u0119 Making Space. Interior Design by Women autorstwa Jane Hall wydan\u0105 przez PHAIDON (2025-10-01) w formacie 25 x 30 cm (ISBN: 9781837290086). Zapraszamy!","breadcrumb":{"@id":"https:\/\/foliobooks.pl\/en\/shop\/making-space-interior-design-by-women\/#breadcrumb"},"inLanguage":"en-US","potentialAction":[{"@type":"ReadAction","target":["https:\/\/foliobooks.pl\/en\/shop\/making-space-interior-design-by-women\/"]}]},{"@type":"ImageObject","inLanguage":"en-US","@id":"https:\/\/foliobooks.pl\/en\/shop\/making-space-interior-design-by-women\/#primaryimage","url":"https:\/\/foliobooks.pl\/wp-content\/uploads\/2025\/12\/9781837290086.png","contentUrl":"https:\/\/foliobooks.pl\/wp-content\/uploads\/2025\/12\/9781837290086.png","width":570,"height":708},{"@type":"BreadcrumbList","@id":"https:\/\/foliobooks.pl\/en\/shop\/making-space-interior-design-by-women\/#breadcrumb","itemListElement":[{"@type":"ListItem","position":1,"name":"Strona g\u0142\u00f3wna","item":"https:\/\/foliobooks.pl\/en\/"},{"@type":"ListItem","position":2,"name":"Shop","item":"https:\/\/foliobooks.pl\/en\/shop\/"},{"@type":"ListItem","position":3,"name":"Making Space. Interior Design by Women"}]},{"@type":"WebSite","@id":"https:\/\/foliobooks.pl\/en\/#website","url":"https:\/\/foliobooks.pl\/en\/","name":"Folio","description":"Ksi\u0119garnia internetowa","potentialAction":[{"@type":"SearchAction","target":{"@type":"EntryPoint","urlTemplate":"https:\/\/foliobooks.pl\/en\/?s={search_term_string}"},"query-input":{"@type":"PropertyValueSpecification","valueRequired":true,"valueName":"search_term_string"}}],"inLanguage":"en-US"}]}},"_links":{"self":[{"href":"https:\/\/foliobooks.pl\/en\/wp-json\/wp\/v2\/product\/108184","targetHints":{"allow":["GET"]}}],"collection":[{"href":"https:\/\/foliobooks.pl\/en\/wp-json\/wp\/v2\/product"}],"about":[{"href":"https:\/\/foliobooks.pl\/en\/wp-json\/wp\/v2\/types\/product"}],"replies":[{"embeddable":true,"href":"https:\/\/foliobooks.pl\/en\/wp-json\/wp\/v2\/comments?post=108184"}],"wp:featuredmedia":[{"embeddable":true,"href":"https:\/\/foliobooks.pl\/en\/wp-json\/wp\/v2\/media\/108185"}],"wp:attachment":[{"href":"https:\/\/foliobooks.pl\/en\/wp-json\/wp\/v2\/media?parent=108184"}],"wp:term":[{"taxonomy":"product_brand","embeddable":true,"href":"https:\/\/foliobooks.pl\/en\/wp-json\/wp\/v2\/product_brand?post=108184"},{"taxonomy":"product_cat","embeddable":true,"href":"https:\/\/foliobooks.pl\/en\/wp-json\/wp\/v2\/product_cat?post=108184"},{"taxonomy":"product_tag","embeddable":true,"href":"https:\/\/foliobooks.pl\/en\/wp-json\/wp\/v2\/product_tag?post=108184"}],"curies":[{"name":"wp","href":"https:\/\/api.w.org\/{rel}","templated":true}]}}