{"id":108170,"date":"2025-12-09T15:13:05","date_gmt":"2025-12-09T14:13:05","guid":{"rendered":"https:\/\/foliobooks.pl\/sklep\/the-little-guide-to-versace-style-to-live-by\/"},"modified":"2025-12-09T15:13:05","modified_gmt":"2025-12-09T14:13:05","slug":"the-little-guide-to-versace-style-to-live-by","status":"publish","type":"product","link":"https:\/\/foliobooks.pl\/en\/shop\/the-little-guide-to-versace-style-to-live-by\/","title":{"rendered":"The Little Guide to Versace. Style to Live By"},"content":{"rendered":"<p>From the streets of Reggio Calabria to the runways of Milan, discover the extraordinary story of Gianni Versace, the visionary designer who revolutionized the fashion industry with his bold designs and unapologetic glamour. Founded in 1978, Versace quickly became a symbol of luxury, sophistication, and daring innovation.<\/p>\n<p>The Little Guide to Versace explores Gianni Versace&#8217;s early life and inspirations, his signature revolutionary designs and the impact of iconic fashion moments such as Elizabeth Hurley&#8217;s infamous black dress and Jennifer Lopez&#8217;s jaw-dropping green dress at the Grammys, as well as following his sister, Donatella Versace, who continued his legacy while infusing her unique vision into the brand after his tragic passing.<\/p>\n<p>Perfect for fashion enthusiasts and anyone captivated by the allure of luxury, The Little Guide to Versace is a must-have addition to your collection. Step into the glamorous universe of Versace and experience the magic of a brand that continues to captivate and inspire.<\/p>\n","protected":false},"excerpt":{"rendered":"<p>From the streets of Reggio Calabria to the runways of Milan, discover the extraordinary story of Gianni Versace, the visionary designer who revolutionized the fashion industry with his bold designs and unapologetic glamour. Founded in 1978, Versace quickly became a symbol of luxury, sophistication, and daring innovation. The Little Guide to Versace explores Gianni Versace&#8217;s&#8230;<\/p>\n","protected":false},"featured_media":108171,"comment_status":"closed","ping_status":"closed","template":"","meta":[],"product_brand":[],"product_cat":[13533,4519],"product_tag":[6125],"class_list":{"0":"post-108170","1":"product","2":"type-product","3":"status-publish","4":"has-post-thumbnail","6":"product_cat-books","7":"product_cat-fashion-en-en","8":"product_tag-fashion","9":"pa_cover-hardcover","10":"pa_format-145-x-12-cm","11":"pa_isbn-20819","12":"pa_language-eng","13":"pa_pages-192-en","14":"pa_published-2025-03-25-en","15":"pa_publisher-headline-en","17":"first","18":"instock","19":"sold-individually","20":"shipping-taxable","21":"purchasable","22":"product-type-simple"},"yoast_head":"<!-- This site is optimized with the Yoast SEO plugin v27.4 - https:\/\/yoast.com\/product\/yoast-seo-wordpress\/ -->\n<title>The Little Guide to Versace. Style to Live By () - book \/ album - Folio<\/title>\n<meta name=\"description\" content=\"Wejd\u017a i kup ksi\u0105\u017ck\u0119 The Little Guide to Versace. Style to Live By autorstwa wydan\u0105 przez Headline (2025-03-25) w formacie 14,5 x 12 cm (ISBN: 9781035422418). Zapraszamy!\" \/>\n<meta name=\"robots\" content=\"index, follow, max-snippet:-1, max-image-preview:large, max-video-preview:-1\" \/>\n<link rel=\"canonical\" href=\"https:\/\/foliobooks.pl\/en\/shop\/the-little-guide-to-versace-style-to-live-by\/\" \/>\n<meta property=\"og:locale\" content=\"en_US\" \/>\n<meta property=\"og:type\" content=\"article\" \/>\n<meta property=\"og:title\" content=\"The Little Guide to Versace. Style to Live By () - book \/ album - Folio\" \/>\n<meta property=\"og:description\" content=\"Wejd\u017a i kup ksi\u0105\u017ck\u0119 The Little Guide to Versace. Style to Live By autorstwa wydan\u0105 przez Headline (2025-03-25) w formacie 14,5 x 12 cm (ISBN: 9781035422418). Zapraszamy!\" \/>\n<meta property=\"og:url\" content=\"https:\/\/foliobooks.pl\/en\/shop\/the-little-guide-to-versace-style-to-live-by\/\" \/>\n<meta property=\"og:site_name\" content=\"Folio\" \/>\n<meta property=\"og:image\" content=\"https:\/\/foliobooks.pl\/wp-content\/uploads\/2025\/12\/9781035422418.png\" \/>\n\t<meta property=\"og:image:width\" content=\"570\" \/>\n\t<meta property=\"og:image:height\" content=\"708\" \/>\n\t<meta property=\"og:image:type\" content=\"image\/png\" \/>\n<meta name=\"twitter:card\" content=\"summary_large_image\" \/>\n<meta name=\"twitter:label1\" content=\"Est. reading time\" \/>\n\t<meta name=\"twitter:data1\" content=\"2 minutes\" \/>\n<script type=\"application\/ld+json\" class=\"yoast-schema-graph\">{\"@context\":\"https:\\\/\\\/schema.org\",\"@graph\":[{\"@type\":\"WebPage\",\"@id\":\"https:\\\/\\\/foliobooks.pl\\\/en\\\/shop\\\/the-little-guide-to-versace-style-to-live-by\\\/\",\"url\":\"https:\\\/\\\/foliobooks.pl\\\/en\\\/shop\\\/the-little-guide-to-versace-style-to-live-by\\\/\",\"name\":\"The Little Guide to Versace. Style to Live By () - book \\\/ album - Folio\",\"isPartOf\":{\"@id\":\"https:\\\/\\\/foliobooks.pl\\\/en\\\/#website\"},\"primaryImageOfPage\":{\"@id\":\"https:\\\/\\\/foliobooks.pl\\\/en\\\/shop\\\/the-little-guide-to-versace-style-to-live-by\\\/#primaryimage\"},\"image\":{\"@id\":\"https:\\\/\\\/foliobooks.pl\\\/en\\\/shop\\\/the-little-guide-to-versace-style-to-live-by\\\/#primaryimage\"},\"thumbnailUrl\":\"https:\\\/\\\/foliobooks.pl\\\/wp-content\\\/uploads\\\/2025\\\/12\\\/9781035422418.png\",\"datePublished\":\"2025-12-09T14:13:05+00:00\",\"description\":\"Wejd\u017a i kup ksi\u0105\u017ck\u0119 The Little Guide to Versace. Style to Live By autorstwa wydan\u0105 przez Headline (2025-03-25) w formacie 14,5 x 12 cm (ISBN: 9781035422418). Zapraszamy!\",\"breadcrumb\":{\"@id\":\"https:\\\/\\\/foliobooks.pl\\\/en\\\/shop\\\/the-little-guide-to-versace-style-to-live-by\\\/#breadcrumb\"},\"inLanguage\":\"en-US\",\"potentialAction\":[{\"@type\":\"ReadAction\",\"target\":[\"https:\\\/\\\/foliobooks.pl\\\/en\\\/shop\\\/the-little-guide-to-versace-style-to-live-by\\\/\"]}]},{\"@type\":\"ImageObject\",\"inLanguage\":\"en-US\",\"@id\":\"https:\\\/\\\/foliobooks.pl\\\/en\\\/shop\\\/the-little-guide-to-versace-style-to-live-by\\\/#primaryimage\",\"url\":\"https:\\\/\\\/foliobooks.pl\\\/wp-content\\\/uploads\\\/2025\\\/12\\\/9781035422418.png\",\"contentUrl\":\"https:\\\/\\\/foliobooks.pl\\\/wp-content\\\/uploads\\\/2025\\\/12\\\/9781035422418.png\",\"width\":570,\"height\":708},{\"@type\":\"BreadcrumbList\",\"@id\":\"https:\\\/\\\/foliobooks.pl\\\/en\\\/shop\\\/the-little-guide-to-versace-style-to-live-by\\\/#breadcrumb\",\"itemListElement\":[{\"@type\":\"ListItem\",\"position\":1,\"name\":\"Strona g\u0142\u00f3wna\",\"item\":\"https:\\\/\\\/foliobooks.pl\\\/en\\\/\"},{\"@type\":\"ListItem\",\"position\":2,\"name\":\"Shop\",\"item\":\"https:\\\/\\\/foliobooks.pl\\\/en\\\/shop\\\/\"},{\"@type\":\"ListItem\",\"position\":3,\"name\":\"The Little Guide to Versace. Style to Live By\"}]},{\"@type\":\"WebSite\",\"@id\":\"https:\\\/\\\/foliobooks.pl\\\/en\\\/#website\",\"url\":\"https:\\\/\\\/foliobooks.pl\\\/en\\\/\",\"name\":\"Folio\",\"description\":\"Ksi\u0119garnia internetowa\",\"potentialAction\":[{\"@type\":\"SearchAction\",\"target\":{\"@type\":\"EntryPoint\",\"urlTemplate\":\"https:\\\/\\\/foliobooks.pl\\\/en\\\/?s={search_term_string}\"},\"query-input\":{\"@type\":\"PropertyValueSpecification\",\"valueRequired\":true,\"valueName\":\"search_term_string\"}}],\"inLanguage\":\"en-US\"}]}<\/script>\n<!-- \/ Yoast SEO plugin. -->","yoast_head_json":{"title":"The Little Guide to Versace. Style to Live By () - book \/ album - Folio","description":"Wejd\u017a i kup ksi\u0105\u017ck\u0119 The Little Guide to Versace. Style to Live By autorstwa wydan\u0105 przez Headline (2025-03-25) w formacie 14,5 x 12 cm (ISBN: 9781035422418). Zapraszamy!","robots":{"index":"index","follow":"follow","max-snippet":"max-snippet:-1","max-image-preview":"max-image-preview:large","max-video-preview":"max-video-preview:-1"},"canonical":"https:\/\/foliobooks.pl\/en\/shop\/the-little-guide-to-versace-style-to-live-by\/","og_locale":"en_US","og_type":"article","og_title":"The Little Guide to Versace. Style to Live By () - book \/ album - Folio","og_description":"Wejd\u017a i kup ksi\u0105\u017ck\u0119 The Little Guide to Versace. Style to Live By autorstwa wydan\u0105 przez Headline (2025-03-25) w formacie 14,5 x 12 cm (ISBN: 9781035422418). Zapraszamy!","og_url":"https:\/\/foliobooks.pl\/en\/shop\/the-little-guide-to-versace-style-to-live-by\/","og_site_name":"Folio","og_image":[{"width":570,"height":708,"url":"https:\/\/foliobooks.pl\/wp-content\/uploads\/2025\/12\/9781035422418.png","type":"image\/png"}],"twitter_card":"summary_large_image","twitter_misc":{"Est. reading time":"2 minutes"},"schema":{"@context":"https:\/\/schema.org","@graph":[{"@type":"WebPage","@id":"https:\/\/foliobooks.pl\/en\/shop\/the-little-guide-to-versace-style-to-live-by\/","url":"https:\/\/foliobooks.pl\/en\/shop\/the-little-guide-to-versace-style-to-live-by\/","name":"The Little Guide to Versace. Style to Live By () - book \/ album - Folio","isPartOf":{"@id":"https:\/\/foliobooks.pl\/en\/#website"},"primaryImageOfPage":{"@id":"https:\/\/foliobooks.pl\/en\/shop\/the-little-guide-to-versace-style-to-live-by\/#primaryimage"},"image":{"@id":"https:\/\/foliobooks.pl\/en\/shop\/the-little-guide-to-versace-style-to-live-by\/#primaryimage"},"thumbnailUrl":"https:\/\/foliobooks.pl\/wp-content\/uploads\/2025\/12\/9781035422418.png","datePublished":"2025-12-09T14:13:05+00:00","description":"Wejd\u017a i kup ksi\u0105\u017ck\u0119 The Little Guide to Versace. Style to Live By autorstwa wydan\u0105 przez Headline (2025-03-25) w formacie 14,5 x 12 cm (ISBN: 9781035422418). Zapraszamy!","breadcrumb":{"@id":"https:\/\/foliobooks.pl\/en\/shop\/the-little-guide-to-versace-style-to-live-by\/#breadcrumb"},"inLanguage":"en-US","potentialAction":[{"@type":"ReadAction","target":["https:\/\/foliobooks.pl\/en\/shop\/the-little-guide-to-versace-style-to-live-by\/"]}]},{"@type":"ImageObject","inLanguage":"en-US","@id":"https:\/\/foliobooks.pl\/en\/shop\/the-little-guide-to-versace-style-to-live-by\/#primaryimage","url":"https:\/\/foliobooks.pl\/wp-content\/uploads\/2025\/12\/9781035422418.png","contentUrl":"https:\/\/foliobooks.pl\/wp-content\/uploads\/2025\/12\/9781035422418.png","width":570,"height":708},{"@type":"BreadcrumbList","@id":"https:\/\/foliobooks.pl\/en\/shop\/the-little-guide-to-versace-style-to-live-by\/#breadcrumb","itemListElement":[{"@type":"ListItem","position":1,"name":"Strona g\u0142\u00f3wna","item":"https:\/\/foliobooks.pl\/en\/"},{"@type":"ListItem","position":2,"name":"Shop","item":"https:\/\/foliobooks.pl\/en\/shop\/"},{"@type":"ListItem","position":3,"name":"The Little Guide to Versace. Style to Live By"}]},{"@type":"WebSite","@id":"https:\/\/foliobooks.pl\/en\/#website","url":"https:\/\/foliobooks.pl\/en\/","name":"Folio","description":"Ksi\u0119garnia internetowa","potentialAction":[{"@type":"SearchAction","target":{"@type":"EntryPoint","urlTemplate":"https:\/\/foliobooks.pl\/en\/?s={search_term_string}"},"query-input":{"@type":"PropertyValueSpecification","valueRequired":true,"valueName":"search_term_string"}}],"inLanguage":"en-US"}]}},"_links":{"self":[{"href":"https:\/\/foliobooks.pl\/en\/wp-json\/wp\/v2\/product\/108170","targetHints":{"allow":["GET"]}}],"collection":[{"href":"https:\/\/foliobooks.pl\/en\/wp-json\/wp\/v2\/product"}],"about":[{"href":"https:\/\/foliobooks.pl\/en\/wp-json\/wp\/v2\/types\/product"}],"replies":[{"embeddable":true,"href":"https:\/\/foliobooks.pl\/en\/wp-json\/wp\/v2\/comments?post=108170"}],"wp:featuredmedia":[{"embeddable":true,"href":"https:\/\/foliobooks.pl\/en\/wp-json\/wp\/v2\/media\/108171"}],"wp:attachment":[{"href":"https:\/\/foliobooks.pl\/en\/wp-json\/wp\/v2\/media?parent=108170"}],"wp:term":[{"taxonomy":"product_brand","embeddable":true,"href":"https:\/\/foliobooks.pl\/en\/wp-json\/wp\/v2\/product_brand?post=108170"},{"taxonomy":"product_cat","embeddable":true,"href":"https:\/\/foliobooks.pl\/en\/wp-json\/wp\/v2\/product_cat?post=108170"},{"taxonomy":"product_tag","embeddable":true,"href":"https:\/\/foliobooks.pl\/en\/wp-json\/wp\/v2\/product_tag?post=108170"}],"curies":[{"name":"wp","href":"https:\/\/api.w.org\/{rel}","templated":true}]}}