{"id":108147,"date":"2025-12-09T14:20:35","date_gmt":"2025-12-09T13:20:35","guid":{"rendered":"https:\/\/foliobooks.pl\/sklep\/interiors-the-greatest-rooms-of-the-century-sky-blue-edition\/"},"modified":"2025-12-09T14:20:35","modified_gmt":"2025-12-09T13:20:35","slug":"interiors-the-greatest-rooms-of-the-century-sky-blue-edition","status":"publish","type":"product","link":"https:\/\/foliobooks.pl\/en\/shop\/interiors-the-greatest-rooms-of-the-century-sky-blue-edition\/","title":{"rendered":"Interiors: The Greatest Rooms of the Century (Sky Blue Edition)"},"content":{"rendered":"<p>The ultimate global celebration of residential design and decorating, now in a stunning new sky-blue livery<\/p>\n<p>With 400 rooms organized by designer from A-Z, this much-lauded book, now with a stunning new cover, goes beyond decorators, designers, and architects to highlight exquisite interiors designed by fashion designers, artists, style icons, and film stars, each of whom has made a unique contribution to the world of interior design.<\/p>\n<p>Ranging from the beginning of the twentieth century to the present day, the book features everything from chateaux, town houses, and penthouses to desert ranches, beach houses, and tiny apartments in more than 25 countries.<\/p>\n<p>Featuring the \u2018greats\u2019 of interior design, such as Elsie de Wolfe, Billy Baldwin, and Colefax &amp; Fowler, alongside contemporary stars such as Anouska Hempel, Kelly Hoppen, and Karim Rashid Interiors is an elegant and beautiful object in its own right, now available with an exquisite sky-blue velvet cover. This is the essential inspirational source book for design aficionados, anyone who is interested in beautiful rooms, and for everyone who cares about the spaces in which they live.<\/p>\n","protected":false},"excerpt":{"rendered":"<p>The ultimate global celebration of residential design and decorating, now in a stunning new sky-blue livery With 400 rooms organized by designer from A-Z, this much-lauded book, now with a stunning new cover, goes beyond decorators, designers, and architects to highlight exquisite interiors designed by fashion designers, artists, style icons, and film stars, each of&#8230;<\/p>\n","protected":false},"featured_media":108148,"comment_status":"closed","ping_status":"closed","template":"","meta":[],"product_brand":[],"product_cat":[4516,13533],"product_tag":[290,18135],"class_list":{"0":"post-108147","1":"product","2":"type-product","3":"status-publish","4":"has-post-thumbnail","6":"product_cat-architecture-en","7":"product_cat-books","8":"product_tag-interiors-en","9":"product_tag-wystroj-wnetrz-en","10":"pa_author_att-william-norwich","11":"pa_cover-hardcover","12":"pa_format-29-x-25-cm-en","13":"pa_isbn-20813","14":"pa_language-eng","15":"pa_pages-448-en","16":"pa_published-2025-10-01","17":"pa_publisher-phaidon-en","19":"first","20":"outofstock","21":"sold-individually","22":"shipping-taxable","23":"purchasable","24":"product-type-simple"},"yoast_head":"<!-- This site is optimized with the Yoast SEO plugin v27.4 - https:\/\/yoast.com\/product\/yoast-seo-wordpress\/ -->\n<title>Interiors: The Greatest Rooms of the Century (Sky Blue Edition) (William Norwich) - book \/ album - Folio<\/title>\n<meta name=\"description\" content=\"Wejd\u017a i kup ksi\u0105\u017ck\u0119 Interiors: The Greatest Rooms of the Century (Sky Blue Edition) autorstwa William Norwich wydan\u0105 przez PHAIDON (2025-10-01) w formacie 29 x 25 cm (ISBN: 9781837291069). Zapraszamy!\" \/>\n<meta name=\"robots\" content=\"index, follow, max-snippet:-1, max-image-preview:large, max-video-preview:-1\" \/>\n<link rel=\"canonical\" href=\"https:\/\/foliobooks.pl\/en\/shop\/interiors-the-greatest-rooms-of-the-century-sky-blue-edition\/\" \/>\n<meta property=\"og:locale\" content=\"en_US\" \/>\n<meta property=\"og:type\" content=\"article\" \/>\n<meta property=\"og:title\" content=\"Interiors: The Greatest Rooms of the Century (Sky Blue Edition) (William Norwich) - book \/ album - Folio\" \/>\n<meta property=\"og:description\" content=\"Wejd\u017a i kup ksi\u0105\u017ck\u0119 Interiors: The Greatest Rooms of the Century (Sky Blue Edition) autorstwa William Norwich wydan\u0105 przez PHAIDON (2025-10-01) w formacie 29 x 25 cm (ISBN: 9781837291069). Zapraszamy!\" \/>\n<meta property=\"og:url\" content=\"https:\/\/foliobooks.pl\/en\/shop\/interiors-the-greatest-rooms-of-the-century-sky-blue-edition\/\" \/>\n<meta property=\"og:site_name\" content=\"Folio\" \/>\n<meta property=\"og:image\" content=\"https:\/\/foliobooks.pl\/wp-content\/uploads\/2025\/12\/9781837291069.png\" \/>\n\t<meta property=\"og:image:width\" content=\"570\" \/>\n\t<meta property=\"og:image:height\" content=\"708\" \/>\n\t<meta property=\"og:image:type\" content=\"image\/png\" \/>\n<meta name=\"twitter:card\" content=\"summary_large_image\" \/>\n<meta name=\"twitter:label1\" content=\"Est. reading time\" \/>\n\t<meta name=\"twitter:data1\" content=\"2 minutes\" \/>\n<script type=\"application\/ld+json\" class=\"yoast-schema-graph\">{\"@context\":\"https:\\\/\\\/schema.org\",\"@graph\":[{\"@type\":\"WebPage\",\"@id\":\"https:\\\/\\\/foliobooks.pl\\\/en\\\/shop\\\/interiors-the-greatest-rooms-of-the-century-sky-blue-edition\\\/\",\"url\":\"https:\\\/\\\/foliobooks.pl\\\/en\\\/shop\\\/interiors-the-greatest-rooms-of-the-century-sky-blue-edition\\\/\",\"name\":\"Interiors: The Greatest Rooms of the Century (Sky Blue Edition) (William Norwich) - book \\\/ album - Folio\",\"isPartOf\":{\"@id\":\"https:\\\/\\\/foliobooks.pl\\\/en\\\/#website\"},\"primaryImageOfPage\":{\"@id\":\"https:\\\/\\\/foliobooks.pl\\\/en\\\/shop\\\/interiors-the-greatest-rooms-of-the-century-sky-blue-edition\\\/#primaryimage\"},\"image\":{\"@id\":\"https:\\\/\\\/foliobooks.pl\\\/en\\\/shop\\\/interiors-the-greatest-rooms-of-the-century-sky-blue-edition\\\/#primaryimage\"},\"thumbnailUrl\":\"https:\\\/\\\/foliobooks.pl\\\/wp-content\\\/uploads\\\/2025\\\/12\\\/9781837291069.png\",\"datePublished\":\"2025-12-09T13:20:35+00:00\",\"description\":\"Wejd\u017a i kup ksi\u0105\u017ck\u0119 Interiors: The Greatest Rooms of the Century (Sky Blue Edition) autorstwa William Norwich wydan\u0105 przez PHAIDON (2025-10-01) w formacie 29 x 25 cm (ISBN: 9781837291069). Zapraszamy!\",\"breadcrumb\":{\"@id\":\"https:\\\/\\\/foliobooks.pl\\\/en\\\/shop\\\/interiors-the-greatest-rooms-of-the-century-sky-blue-edition\\\/#breadcrumb\"},\"inLanguage\":\"en-US\",\"potentialAction\":[{\"@type\":\"ReadAction\",\"target\":[\"https:\\\/\\\/foliobooks.pl\\\/en\\\/shop\\\/interiors-the-greatest-rooms-of-the-century-sky-blue-edition\\\/\"]}]},{\"@type\":\"ImageObject\",\"inLanguage\":\"en-US\",\"@id\":\"https:\\\/\\\/foliobooks.pl\\\/en\\\/shop\\\/interiors-the-greatest-rooms-of-the-century-sky-blue-edition\\\/#primaryimage\",\"url\":\"https:\\\/\\\/foliobooks.pl\\\/wp-content\\\/uploads\\\/2025\\\/12\\\/9781837291069.png\",\"contentUrl\":\"https:\\\/\\\/foliobooks.pl\\\/wp-content\\\/uploads\\\/2025\\\/12\\\/9781837291069.png\",\"width\":570,\"height\":708},{\"@type\":\"BreadcrumbList\",\"@id\":\"https:\\\/\\\/foliobooks.pl\\\/en\\\/shop\\\/interiors-the-greatest-rooms-of-the-century-sky-blue-edition\\\/#breadcrumb\",\"itemListElement\":[{\"@type\":\"ListItem\",\"position\":1,\"name\":\"Strona g\u0142\u00f3wna\",\"item\":\"https:\\\/\\\/foliobooks.pl\\\/en\\\/\"},{\"@type\":\"ListItem\",\"position\":2,\"name\":\"Shop\",\"item\":\"https:\\\/\\\/foliobooks.pl\\\/en\\\/shop\\\/\"},{\"@type\":\"ListItem\",\"position\":3,\"name\":\"Interiors: The Greatest Rooms of the Century (Sky Blue Edition)\"}]},{\"@type\":\"WebSite\",\"@id\":\"https:\\\/\\\/foliobooks.pl\\\/en\\\/#website\",\"url\":\"https:\\\/\\\/foliobooks.pl\\\/en\\\/\",\"name\":\"Folio\",\"description\":\"Ksi\u0119garnia internetowa\",\"potentialAction\":[{\"@type\":\"SearchAction\",\"target\":{\"@type\":\"EntryPoint\",\"urlTemplate\":\"https:\\\/\\\/foliobooks.pl\\\/en\\\/?s={search_term_string}\"},\"query-input\":{\"@type\":\"PropertyValueSpecification\",\"valueRequired\":true,\"valueName\":\"search_term_string\"}}],\"inLanguage\":\"en-US\"}]}<\/script>\n<!-- \/ Yoast SEO plugin. -->","yoast_head_json":{"title":"Interiors: The Greatest Rooms of the Century (Sky Blue Edition) (William Norwich) - book \/ album - Folio","description":"Wejd\u017a i kup ksi\u0105\u017ck\u0119 Interiors: The Greatest Rooms of the Century (Sky Blue Edition) autorstwa William Norwich wydan\u0105 przez PHAIDON (2025-10-01) w formacie 29 x 25 cm (ISBN: 9781837291069). Zapraszamy!","robots":{"index":"index","follow":"follow","max-snippet":"max-snippet:-1","max-image-preview":"max-image-preview:large","max-video-preview":"max-video-preview:-1"},"canonical":"https:\/\/foliobooks.pl\/en\/shop\/interiors-the-greatest-rooms-of-the-century-sky-blue-edition\/","og_locale":"en_US","og_type":"article","og_title":"Interiors: The Greatest Rooms of the Century (Sky Blue Edition) (William Norwich) - book \/ album - Folio","og_description":"Wejd\u017a i kup ksi\u0105\u017ck\u0119 Interiors: The Greatest Rooms of the Century (Sky Blue Edition) autorstwa William Norwich wydan\u0105 przez PHAIDON (2025-10-01) w formacie 29 x 25 cm (ISBN: 9781837291069). Zapraszamy!","og_url":"https:\/\/foliobooks.pl\/en\/shop\/interiors-the-greatest-rooms-of-the-century-sky-blue-edition\/","og_site_name":"Folio","og_image":[{"width":570,"height":708,"url":"https:\/\/foliobooks.pl\/wp-content\/uploads\/2025\/12\/9781837291069.png","type":"image\/png"}],"twitter_card":"summary_large_image","twitter_misc":{"Est. reading time":"2 minutes"},"schema":{"@context":"https:\/\/schema.org","@graph":[{"@type":"WebPage","@id":"https:\/\/foliobooks.pl\/en\/shop\/interiors-the-greatest-rooms-of-the-century-sky-blue-edition\/","url":"https:\/\/foliobooks.pl\/en\/shop\/interiors-the-greatest-rooms-of-the-century-sky-blue-edition\/","name":"Interiors: The Greatest Rooms of the Century (Sky Blue Edition) (William Norwich) - book \/ album - Folio","isPartOf":{"@id":"https:\/\/foliobooks.pl\/en\/#website"},"primaryImageOfPage":{"@id":"https:\/\/foliobooks.pl\/en\/shop\/interiors-the-greatest-rooms-of-the-century-sky-blue-edition\/#primaryimage"},"image":{"@id":"https:\/\/foliobooks.pl\/en\/shop\/interiors-the-greatest-rooms-of-the-century-sky-blue-edition\/#primaryimage"},"thumbnailUrl":"https:\/\/foliobooks.pl\/wp-content\/uploads\/2025\/12\/9781837291069.png","datePublished":"2025-12-09T13:20:35+00:00","description":"Wejd\u017a i kup ksi\u0105\u017ck\u0119 Interiors: The Greatest Rooms of the Century (Sky Blue Edition) autorstwa William Norwich wydan\u0105 przez PHAIDON (2025-10-01) w formacie 29 x 25 cm (ISBN: 9781837291069). Zapraszamy!","breadcrumb":{"@id":"https:\/\/foliobooks.pl\/en\/shop\/interiors-the-greatest-rooms-of-the-century-sky-blue-edition\/#breadcrumb"},"inLanguage":"en-US","potentialAction":[{"@type":"ReadAction","target":["https:\/\/foliobooks.pl\/en\/shop\/interiors-the-greatest-rooms-of-the-century-sky-blue-edition\/"]}]},{"@type":"ImageObject","inLanguage":"en-US","@id":"https:\/\/foliobooks.pl\/en\/shop\/interiors-the-greatest-rooms-of-the-century-sky-blue-edition\/#primaryimage","url":"https:\/\/foliobooks.pl\/wp-content\/uploads\/2025\/12\/9781837291069.png","contentUrl":"https:\/\/foliobooks.pl\/wp-content\/uploads\/2025\/12\/9781837291069.png","width":570,"height":708},{"@type":"BreadcrumbList","@id":"https:\/\/foliobooks.pl\/en\/shop\/interiors-the-greatest-rooms-of-the-century-sky-blue-edition\/#breadcrumb","itemListElement":[{"@type":"ListItem","position":1,"name":"Strona g\u0142\u00f3wna","item":"https:\/\/foliobooks.pl\/en\/"},{"@type":"ListItem","position":2,"name":"Shop","item":"https:\/\/foliobooks.pl\/en\/shop\/"},{"@type":"ListItem","position":3,"name":"Interiors: The Greatest Rooms of the Century (Sky Blue Edition)"}]},{"@type":"WebSite","@id":"https:\/\/foliobooks.pl\/en\/#website","url":"https:\/\/foliobooks.pl\/en\/","name":"Folio","description":"Ksi\u0119garnia internetowa","potentialAction":[{"@type":"SearchAction","target":{"@type":"EntryPoint","urlTemplate":"https:\/\/foliobooks.pl\/en\/?s={search_term_string}"},"query-input":{"@type":"PropertyValueSpecification","valueRequired":true,"valueName":"search_term_string"}}],"inLanguage":"en-US"}]}},"_links":{"self":[{"href":"https:\/\/foliobooks.pl\/en\/wp-json\/wp\/v2\/product\/108147","targetHints":{"allow":["GET"]}}],"collection":[{"href":"https:\/\/foliobooks.pl\/en\/wp-json\/wp\/v2\/product"}],"about":[{"href":"https:\/\/foliobooks.pl\/en\/wp-json\/wp\/v2\/types\/product"}],"replies":[{"embeddable":true,"href":"https:\/\/foliobooks.pl\/en\/wp-json\/wp\/v2\/comments?post=108147"}],"wp:featuredmedia":[{"embeddable":true,"href":"https:\/\/foliobooks.pl\/en\/wp-json\/wp\/v2\/media\/108148"}],"wp:attachment":[{"href":"https:\/\/foliobooks.pl\/en\/wp-json\/wp\/v2\/media?parent=108147"}],"wp:term":[{"taxonomy":"product_brand","embeddable":true,"href":"https:\/\/foliobooks.pl\/en\/wp-json\/wp\/v2\/product_brand?post=108147"},{"taxonomy":"product_cat","embeddable":true,"href":"https:\/\/foliobooks.pl\/en\/wp-json\/wp\/v2\/product_cat?post=108147"},{"taxonomy":"product_tag","embeddable":true,"href":"https:\/\/foliobooks.pl\/en\/wp-json\/wp\/v2\/product_tag?post=108147"}],"curies":[{"name":"wp","href":"https:\/\/api.w.org\/{rel}","templated":true}]}}