{"id":108116,"date":"2025-12-09T13:58:01","date_gmt":"2025-12-09T12:58:01","guid":{"rendered":"https:\/\/foliobooks.pl\/sklep\/the-1990s-a-visual-history-of-the-decade\/"},"modified":"2026-01-30T11:33:32","modified_gmt":"2026-01-30T10:33:32","slug":"the-1990s-a-visual-history-of-the-decade","status":"publish","type":"product","link":"https:\/\/foliobooks.pl\/en\/shop\/the-1990s-a-visual-history-of-the-decade\/","title":{"rendered":"The 1990s. A Visual History of the Decade"},"content":{"rendered":"<p>The visual story of a decade that continues to resonate today. From global upheavals to the proliferation of the internet, the 1990s are more relevant than ever.<\/p>\n<p>A visual celebration of a seminal decade. As the Cold War ended and a new millennium approached, grunge, hip-\u00adhop, and rave exploded in popularity as teenagers and twenty-\u00adsomethings searched for something real, something more meaningful. Ostentation was out. Authenticity was in.<\/p>\n<p>And so, we had the first flashes of reality TV, the O. J. Simpson trial, the rise of surveillance culture, and the internet. We had early wake-\u00adup calls to the world of social media as The Truman Show and The Blair Witch Project exploited the emerging visual language of DIY video content. We heard the rallying call of &#8220;Girl Power!&#8221; from riot grrrls and the Spice Girls. We argued over East Coast versus West Coast rap and Biggie versus Tupac. Ice-T went from &#8220;Cop Killer&#8221; to TV detective and Will Smith went from the Fresh Prince to a man in black. Cults, crop circles, and conspiracy theories spread while The X-\u00adFiles and The Matrix pulled back the curtain on fictional hidden truths. It was the end of history, and it was print\u2019s last hurrah\u2015or so we thought. This book explores history, art, film, music, and culture in a unique, immersive, and visual narrative of a conflicted and momentous decade. A fascinating ecosystem of influence between high and low culture, this stimulating volume makes sense of the decade\u2019s recurring motifs, trends, and themes, from supermodels to airport style and from the fall of the Soviet Union to the end of the world.<\/p>\n","protected":false},"excerpt":{"rendered":"<p>The visual story of a decade that continues to resonate today. From global upheavals to the proliferation of the internet, the 1990s are more relevant than ever. A visual celebration of a seminal decade. As the Cold War ended and a new millennium approached, grunge, hip-\u00adhop, and rave exploded in popularity as teenagers and twenty-\u00adsomethings&#8230;<\/p>\n","protected":false},"featured_media":108117,"comment_status":"closed","ping_status":"closed","template":"","meta":[],"product_brand":[],"product_cat":[4517],"product_tag":[1681,6121],"class_list":{"0":"post-108116","1":"product","2":"type-product","3":"status-publish","4":"has-post-thumbnail","6":"product_cat-photography-en","7":"product_tag-history","8":"product_tag-photography","9":"pa_author_att-henry-carroll-en","10":"pa_cover-hardcover","11":"pa_format-29-x-22-cm-en","12":"pa_isbn-20807","13":"pa_language-eng","14":"pa_pages-336-en","15":"pa_published-2025-10-01","16":"pa_publisher-thames-hudson-en","18":"first","19":"instock","20":"sold-individually","21":"shipping-taxable","22":"purchasable","23":"product-type-simple"},"yoast_head":"<!-- This site is optimized with the Yoast SEO plugin v27.4 - https:\/\/yoast.com\/product\/yoast-seo-wordpress\/ -->\n<title>The 1990s. A Visual History of the Decade (Henry Carroll) - book \/ album - Folio<\/title>\n<meta name=\"description\" content=\"Wejd\u017a i kup ksi\u0105\u017ck\u0119 The 1990s. A Visual History of the Decade autorstwa Henry Carroll wydan\u0105 przez Thames &amp; Hudson (2025-10-01) w formacie 29 x 22 cm (ISBN: 9780500027370). Zapraszamy!\" \/>\n<meta name=\"robots\" content=\"index, follow, max-snippet:-1, max-image-preview:large, max-video-preview:-1\" \/>\n<link rel=\"canonical\" href=\"https:\/\/foliobooks.pl\/en\/shop\/the-1990s-a-visual-history-of-the-decade\/\" \/>\n<meta property=\"og:locale\" content=\"en_US\" \/>\n<meta property=\"og:type\" content=\"article\" \/>\n<meta property=\"og:title\" content=\"The 1990s. A Visual History of the Decade (Henry Carroll) - book \/ album - Folio\" \/>\n<meta property=\"og:description\" content=\"Wejd\u017a i kup ksi\u0105\u017ck\u0119 The 1990s. A Visual History of the Decade autorstwa Henry Carroll wydan\u0105 przez Thames &amp; Hudson (2025-10-01) w formacie 29 x 22 cm (ISBN: 9780500027370). Zapraszamy!\" \/>\n<meta property=\"og:url\" content=\"https:\/\/foliobooks.pl\/en\/shop\/the-1990s-a-visual-history-of-the-decade\/\" \/>\n<meta property=\"og:site_name\" content=\"Folio\" \/>\n<meta property=\"article:modified_time\" content=\"2026-01-30T10:33:32+00:00\" \/>\n<meta property=\"og:image\" content=\"https:\/\/foliobooks.pl\/wp-content\/uploads\/2025\/12\/9780500027370.png\" \/>\n\t<meta property=\"og:image:width\" content=\"570\" \/>\n\t<meta property=\"og:image:height\" content=\"708\" \/>\n\t<meta property=\"og:image:type\" content=\"image\/png\" \/>\n<meta name=\"twitter:card\" content=\"summary_large_image\" \/>\n<meta name=\"twitter:label1\" content=\"Est. reading time\" \/>\n\t<meta name=\"twitter:data1\" content=\"2 minutes\" \/>\n<script type=\"application\/ld+json\" class=\"yoast-schema-graph\">{\"@context\":\"https:\\\/\\\/schema.org\",\"@graph\":[{\"@type\":\"WebPage\",\"@id\":\"https:\\\/\\\/foliobooks.pl\\\/en\\\/shop\\\/the-1990s-a-visual-history-of-the-decade\\\/\",\"url\":\"https:\\\/\\\/foliobooks.pl\\\/en\\\/shop\\\/the-1990s-a-visual-history-of-the-decade\\\/\",\"name\":\"The 1990s. A Visual History of the Decade (Henry Carroll) - book \\\/ album - Folio\",\"isPartOf\":{\"@id\":\"https:\\\/\\\/foliobooks.pl\\\/en\\\/#website\"},\"primaryImageOfPage\":{\"@id\":\"https:\\\/\\\/foliobooks.pl\\\/en\\\/shop\\\/the-1990s-a-visual-history-of-the-decade\\\/#primaryimage\"},\"image\":{\"@id\":\"https:\\\/\\\/foliobooks.pl\\\/en\\\/shop\\\/the-1990s-a-visual-history-of-the-decade\\\/#primaryimage\"},\"thumbnailUrl\":\"https:\\\/\\\/foliobooks.pl\\\/wp-content\\\/uploads\\\/2025\\\/12\\\/9780500027370.png\",\"datePublished\":\"2025-12-09T12:58:01+00:00\",\"dateModified\":\"2026-01-30T10:33:32+00:00\",\"description\":\"Wejd\u017a i kup ksi\u0105\u017ck\u0119 The 1990s. A Visual History of the Decade autorstwa Henry Carroll wydan\u0105 przez Thames &amp; Hudson (2025-10-01) w formacie 29 x 22 cm (ISBN: 9780500027370). Zapraszamy!\",\"breadcrumb\":{\"@id\":\"https:\\\/\\\/foliobooks.pl\\\/en\\\/shop\\\/the-1990s-a-visual-history-of-the-decade\\\/#breadcrumb\"},\"inLanguage\":\"en-US\",\"potentialAction\":[{\"@type\":\"ReadAction\",\"target\":[\"https:\\\/\\\/foliobooks.pl\\\/en\\\/shop\\\/the-1990s-a-visual-history-of-the-decade\\\/\"]}]},{\"@type\":\"ImageObject\",\"inLanguage\":\"en-US\",\"@id\":\"https:\\\/\\\/foliobooks.pl\\\/en\\\/shop\\\/the-1990s-a-visual-history-of-the-decade\\\/#primaryimage\",\"url\":\"https:\\\/\\\/foliobooks.pl\\\/wp-content\\\/uploads\\\/2025\\\/12\\\/9780500027370.png\",\"contentUrl\":\"https:\\\/\\\/foliobooks.pl\\\/wp-content\\\/uploads\\\/2025\\\/12\\\/9780500027370.png\",\"width\":570,\"height\":708},{\"@type\":\"BreadcrumbList\",\"@id\":\"https:\\\/\\\/foliobooks.pl\\\/en\\\/shop\\\/the-1990s-a-visual-history-of-the-decade\\\/#breadcrumb\",\"itemListElement\":[{\"@type\":\"ListItem\",\"position\":1,\"name\":\"Strona g\u0142\u00f3wna\",\"item\":\"https:\\\/\\\/foliobooks.pl\\\/en\\\/\"},{\"@type\":\"ListItem\",\"position\":2,\"name\":\"Shop\",\"item\":\"https:\\\/\\\/foliobooks.pl\\\/en\\\/shop\\\/\"},{\"@type\":\"ListItem\",\"position\":3,\"name\":\"The 1990s. A Visual History of the Decade\"}]},{\"@type\":\"WebSite\",\"@id\":\"https:\\\/\\\/foliobooks.pl\\\/en\\\/#website\",\"url\":\"https:\\\/\\\/foliobooks.pl\\\/en\\\/\",\"name\":\"Folio\",\"description\":\"Ksi\u0119garnia internetowa\",\"potentialAction\":[{\"@type\":\"SearchAction\",\"target\":{\"@type\":\"EntryPoint\",\"urlTemplate\":\"https:\\\/\\\/foliobooks.pl\\\/en\\\/?s={search_term_string}\"},\"query-input\":{\"@type\":\"PropertyValueSpecification\",\"valueRequired\":true,\"valueName\":\"search_term_string\"}}],\"inLanguage\":\"en-US\"}]}<\/script>\n<!-- \/ Yoast SEO plugin. -->","yoast_head_json":{"title":"The 1990s. A Visual History of the Decade (Henry Carroll) - book \/ album - Folio","description":"Wejd\u017a i kup ksi\u0105\u017ck\u0119 The 1990s. A Visual History of the Decade autorstwa Henry Carroll wydan\u0105 przez Thames &amp; Hudson (2025-10-01) w formacie 29 x 22 cm (ISBN: 9780500027370). Zapraszamy!","robots":{"index":"index","follow":"follow","max-snippet":"max-snippet:-1","max-image-preview":"max-image-preview:large","max-video-preview":"max-video-preview:-1"},"canonical":"https:\/\/foliobooks.pl\/en\/shop\/the-1990s-a-visual-history-of-the-decade\/","og_locale":"en_US","og_type":"article","og_title":"The 1990s. A Visual History of the Decade (Henry Carroll) - book \/ album - Folio","og_description":"Wejd\u017a i kup ksi\u0105\u017ck\u0119 The 1990s. A Visual History of the Decade autorstwa Henry Carroll wydan\u0105 przez Thames &amp; Hudson (2025-10-01) w formacie 29 x 22 cm (ISBN: 9780500027370). Zapraszamy!","og_url":"https:\/\/foliobooks.pl\/en\/shop\/the-1990s-a-visual-history-of-the-decade\/","og_site_name":"Folio","article_modified_time":"2026-01-30T10:33:32+00:00","og_image":[{"width":570,"height":708,"url":"https:\/\/foliobooks.pl\/wp-content\/uploads\/2025\/12\/9780500027370.png","type":"image\/png"}],"twitter_card":"summary_large_image","twitter_misc":{"Est. reading time":"2 minutes"},"schema":{"@context":"https:\/\/schema.org","@graph":[{"@type":"WebPage","@id":"https:\/\/foliobooks.pl\/en\/shop\/the-1990s-a-visual-history-of-the-decade\/","url":"https:\/\/foliobooks.pl\/en\/shop\/the-1990s-a-visual-history-of-the-decade\/","name":"The 1990s. A Visual History of the Decade (Henry Carroll) - book \/ album - Folio","isPartOf":{"@id":"https:\/\/foliobooks.pl\/en\/#website"},"primaryImageOfPage":{"@id":"https:\/\/foliobooks.pl\/en\/shop\/the-1990s-a-visual-history-of-the-decade\/#primaryimage"},"image":{"@id":"https:\/\/foliobooks.pl\/en\/shop\/the-1990s-a-visual-history-of-the-decade\/#primaryimage"},"thumbnailUrl":"https:\/\/foliobooks.pl\/wp-content\/uploads\/2025\/12\/9780500027370.png","datePublished":"2025-12-09T12:58:01+00:00","dateModified":"2026-01-30T10:33:32+00:00","description":"Wejd\u017a i kup ksi\u0105\u017ck\u0119 The 1990s. A Visual History of the Decade autorstwa Henry Carroll wydan\u0105 przez Thames &amp; Hudson (2025-10-01) w formacie 29 x 22 cm (ISBN: 9780500027370). Zapraszamy!","breadcrumb":{"@id":"https:\/\/foliobooks.pl\/en\/shop\/the-1990s-a-visual-history-of-the-decade\/#breadcrumb"},"inLanguage":"en-US","potentialAction":[{"@type":"ReadAction","target":["https:\/\/foliobooks.pl\/en\/shop\/the-1990s-a-visual-history-of-the-decade\/"]}]},{"@type":"ImageObject","inLanguage":"en-US","@id":"https:\/\/foliobooks.pl\/en\/shop\/the-1990s-a-visual-history-of-the-decade\/#primaryimage","url":"https:\/\/foliobooks.pl\/wp-content\/uploads\/2025\/12\/9780500027370.png","contentUrl":"https:\/\/foliobooks.pl\/wp-content\/uploads\/2025\/12\/9780500027370.png","width":570,"height":708},{"@type":"BreadcrumbList","@id":"https:\/\/foliobooks.pl\/en\/shop\/the-1990s-a-visual-history-of-the-decade\/#breadcrumb","itemListElement":[{"@type":"ListItem","position":1,"name":"Strona g\u0142\u00f3wna","item":"https:\/\/foliobooks.pl\/en\/"},{"@type":"ListItem","position":2,"name":"Shop","item":"https:\/\/foliobooks.pl\/en\/shop\/"},{"@type":"ListItem","position":3,"name":"The 1990s. A Visual History of the Decade"}]},{"@type":"WebSite","@id":"https:\/\/foliobooks.pl\/en\/#website","url":"https:\/\/foliobooks.pl\/en\/","name":"Folio","description":"Ksi\u0119garnia internetowa","potentialAction":[{"@type":"SearchAction","target":{"@type":"EntryPoint","urlTemplate":"https:\/\/foliobooks.pl\/en\/?s={search_term_string}"},"query-input":{"@type":"PropertyValueSpecification","valueRequired":true,"valueName":"search_term_string"}}],"inLanguage":"en-US"}]}},"_links":{"self":[{"href":"https:\/\/foliobooks.pl\/en\/wp-json\/wp\/v2\/product\/108116","targetHints":{"allow":["GET"]}}],"collection":[{"href":"https:\/\/foliobooks.pl\/en\/wp-json\/wp\/v2\/product"}],"about":[{"href":"https:\/\/foliobooks.pl\/en\/wp-json\/wp\/v2\/types\/product"}],"replies":[{"embeddable":true,"href":"https:\/\/foliobooks.pl\/en\/wp-json\/wp\/v2\/comments?post=108116"}],"wp:featuredmedia":[{"embeddable":true,"href":"https:\/\/foliobooks.pl\/en\/wp-json\/wp\/v2\/media\/108117"}],"wp:attachment":[{"href":"https:\/\/foliobooks.pl\/en\/wp-json\/wp\/v2\/media?parent=108116"}],"wp:term":[{"taxonomy":"product_brand","embeddable":true,"href":"https:\/\/foliobooks.pl\/en\/wp-json\/wp\/v2\/product_brand?post=108116"},{"taxonomy":"product_cat","embeddable":true,"href":"https:\/\/foliobooks.pl\/en\/wp-json\/wp\/v2\/product_cat?post=108116"},{"taxonomy":"product_tag","embeddable":true,"href":"https:\/\/foliobooks.pl\/en\/wp-json\/wp\/v2\/product_tag?post=108116"}],"curies":[{"name":"wp","href":"https:\/\/api.w.org\/{rel}","templated":true}]}}