{"id":108100,"date":"2025-12-09T13:29:37","date_gmt":"2025-12-09T12:29:37","guid":{"rendered":"https:\/\/foliobooks.pl\/sklep\/the-watch-stories-and-savoir-faire\/"},"modified":"2025-12-09T13:29:37","modified_gmt":"2025-12-09T12:29:37","slug":"the-watch-stories-and-savoir-faire","status":"publish","type":"product","link":"https:\/\/foliobooks.pl\/en\/shop\/the-watch-stories-and-savoir-faire\/","title":{"rendered":"The Watch: Stories and Savoir Faire"},"content":{"rendered":"<p>This ultimate reference on fine watchmaking offers a comprehensive overview of the history and anatomy of luxury timepieces.<\/p>\n<p>Taking readers behind the scenes to discover the captivating realm of mechanical watches, this indispensable reference provides rare insight into the world of fine watchmaking. Designed for watch enthusiasts, experts, and industry professionals alike, the book examines every detail of the anatomy of the watch through informative text and photographs that highlight iconic models and innovations from the range of fine watchmaking brands.<\/p>\n<p>Each facet of the watch\u2014dial, case, strap, movements, complications\u2014is explained through key concepts or features, from face displays or hands to engravings or case materials, and from escapements or powering movements to the three families of complications. This encyclopedic work celebrates the watchmaker\u2019s savoir faire\u2014through historical accounts and archival documents, interviews with technical experts and specialized artisans, definitions of major horological terms and fascinating anecdotes, newly commissioned photographs and modern illustrations by Arthur Junier. This groundbreaking volume is essential reading for aficionados of watches and fine watchmaking and its publication coincides with the 150th anniversary of Swiss luxury watchmakers Audemars Piguet.<\/p>\n","protected":false},"excerpt":{"rendered":"<p>This ultimate reference on fine watchmaking offers a comprehensive overview of the history and anatomy of luxury timepieces. Taking readers behind the scenes to discover the captivating realm of mechanical watches, this indispensable reference provides rare insight into the world of fine watchmaking. Designed for watch enthusiasts, experts, and industry professionals alike, the book examines&#8230;<\/p>\n","protected":false},"featured_media":108101,"comment_status":"closed","ping_status":"closed","template":"","meta":[],"product_brand":[],"product_cat":[13533,4519],"product_tag":[12010],"class_list":{"0":"post-108100","1":"product","2":"type-product","3":"status-publish","4":"has-post-thumbnail","6":"product_cat-books","7":"product_cat-fashion-en-en","8":"product_tag-watches-en","9":"pa_author_att-audemars-piguet","10":"pa_cover-softcover","11":"pa_format-21-x-26-cm-en","12":"pa_isbn-20805","13":"pa_language-eng","14":"pa_pages-700-en","15":"pa_published-2025-10-01","16":"pa_publisher-flammarion-en","18":"first","19":"instock","20":"sold-individually","21":"shipping-taxable","22":"purchasable","23":"product-type-simple"},"yoast_head":"<!-- This site is optimized with the Yoast SEO plugin v27.5 - https:\/\/yoast.com\/product\/yoast-seo-wordpress\/ -->\n<title>The Watch: Stories and Savoir Faire (Audemars Piguet) - book \/ album - Folio<\/title>\n<meta name=\"description\" content=\"Wejd\u017a i kup ksi\u0105\u017ck\u0119 The Watch: Stories and Savoir Faire autorstwa Audemars Piguet wydan\u0105 przez Flammarion (2025-10-01) w formacie 21 x 26 cm (ISBN: 9782080453228). Zapraszamy!\" \/>\n<meta name=\"robots\" content=\"index, follow, max-snippet:-1, max-image-preview:large, max-video-preview:-1\" \/>\n<link rel=\"canonical\" href=\"https:\/\/foliobooks.pl\/en\/shop\/the-watch-stories-and-savoir-faire\/\" \/>\n<meta property=\"og:locale\" content=\"en_US\" \/>\n<meta property=\"og:type\" content=\"article\" \/>\n<meta property=\"og:title\" content=\"The Watch: Stories and Savoir Faire (Audemars Piguet) - book \/ album - Folio\" \/>\n<meta property=\"og:description\" content=\"Wejd\u017a i kup ksi\u0105\u017ck\u0119 The Watch: Stories and Savoir Faire autorstwa Audemars Piguet wydan\u0105 przez Flammarion (2025-10-01) w formacie 21 x 26 cm (ISBN: 9782080453228). Zapraszamy!\" \/>\n<meta property=\"og:url\" content=\"https:\/\/foliobooks.pl\/en\/shop\/the-watch-stories-and-savoir-faire\/\" \/>\n<meta property=\"og:site_name\" content=\"Folio\" \/>\n<meta property=\"og:image\" content=\"https:\/\/foliobooks.pl\/wp-content\/uploads\/2025\/12\/9782080453228.png\" \/>\n\t<meta property=\"og:image:width\" content=\"570\" \/>\n\t<meta property=\"og:image:height\" content=\"708\" \/>\n\t<meta property=\"og:image:type\" content=\"image\/png\" \/>\n<meta name=\"twitter:card\" content=\"summary_large_image\" \/>\n<meta name=\"twitter:label1\" content=\"Est. reading time\" \/>\n\t<meta name=\"twitter:data1\" content=\"2 minutes\" \/>\n<script type=\"application\/ld+json\" class=\"yoast-schema-graph\">{\"@context\":\"https:\\\/\\\/schema.org\",\"@graph\":[{\"@type\":\"WebPage\",\"@id\":\"https:\\\/\\\/foliobooks.pl\\\/en\\\/shop\\\/the-watch-stories-and-savoir-faire\\\/\",\"url\":\"https:\\\/\\\/foliobooks.pl\\\/en\\\/shop\\\/the-watch-stories-and-savoir-faire\\\/\",\"name\":\"The Watch: Stories and Savoir Faire (Audemars Piguet) - book \\\/ album - Folio\",\"isPartOf\":{\"@id\":\"https:\\\/\\\/foliobooks.pl\\\/en\\\/#website\"},\"primaryImageOfPage\":{\"@id\":\"https:\\\/\\\/foliobooks.pl\\\/en\\\/shop\\\/the-watch-stories-and-savoir-faire\\\/#primaryimage\"},\"image\":{\"@id\":\"https:\\\/\\\/foliobooks.pl\\\/en\\\/shop\\\/the-watch-stories-and-savoir-faire\\\/#primaryimage\"},\"thumbnailUrl\":\"https:\\\/\\\/foliobooks.pl\\\/wp-content\\\/uploads\\\/2025\\\/12\\\/9782080453228.png\",\"datePublished\":\"2025-12-09T12:29:37+00:00\",\"description\":\"Wejd\u017a i kup ksi\u0105\u017ck\u0119 The Watch: Stories and Savoir Faire autorstwa Audemars Piguet wydan\u0105 przez Flammarion (2025-10-01) w formacie 21 x 26 cm (ISBN: 9782080453228). Zapraszamy!\",\"breadcrumb\":{\"@id\":\"https:\\\/\\\/foliobooks.pl\\\/en\\\/shop\\\/the-watch-stories-and-savoir-faire\\\/#breadcrumb\"},\"inLanguage\":\"en-US\",\"potentialAction\":[{\"@type\":\"ReadAction\",\"target\":[\"https:\\\/\\\/foliobooks.pl\\\/en\\\/shop\\\/the-watch-stories-and-savoir-faire\\\/\"]}]},{\"@type\":\"ImageObject\",\"inLanguage\":\"en-US\",\"@id\":\"https:\\\/\\\/foliobooks.pl\\\/en\\\/shop\\\/the-watch-stories-and-savoir-faire\\\/#primaryimage\",\"url\":\"https:\\\/\\\/foliobooks.pl\\\/wp-content\\\/uploads\\\/2025\\\/12\\\/9782080453228.png\",\"contentUrl\":\"https:\\\/\\\/foliobooks.pl\\\/wp-content\\\/uploads\\\/2025\\\/12\\\/9782080453228.png\",\"width\":570,\"height\":708},{\"@type\":\"BreadcrumbList\",\"@id\":\"https:\\\/\\\/foliobooks.pl\\\/en\\\/shop\\\/the-watch-stories-and-savoir-faire\\\/#breadcrumb\",\"itemListElement\":[{\"@type\":\"ListItem\",\"position\":1,\"name\":\"Strona g\u0142\u00f3wna\",\"item\":\"https:\\\/\\\/foliobooks.pl\\\/en\\\/\"},{\"@type\":\"ListItem\",\"position\":2,\"name\":\"Shop\",\"item\":\"https:\\\/\\\/foliobooks.pl\\\/en\\\/shop\\\/\"},{\"@type\":\"ListItem\",\"position\":3,\"name\":\"The Watch: Stories and Savoir Faire\"}]},{\"@type\":\"WebSite\",\"@id\":\"https:\\\/\\\/foliobooks.pl\\\/en\\\/#website\",\"url\":\"https:\\\/\\\/foliobooks.pl\\\/en\\\/\",\"name\":\"Folio\",\"description\":\"Ksi\u0119garnia internetowa\",\"potentialAction\":[{\"@type\":\"SearchAction\",\"target\":{\"@type\":\"EntryPoint\",\"urlTemplate\":\"https:\\\/\\\/foliobooks.pl\\\/en\\\/?s={search_term_string}\"},\"query-input\":{\"@type\":\"PropertyValueSpecification\",\"valueRequired\":true,\"valueName\":\"search_term_string\"}}],\"inLanguage\":\"en-US\"}]}<\/script>\n<!-- \/ Yoast SEO plugin. -->","yoast_head_json":{"title":"The Watch: Stories and Savoir Faire (Audemars Piguet) - book \/ album - Folio","description":"Wejd\u017a i kup ksi\u0105\u017ck\u0119 The Watch: Stories and Savoir Faire autorstwa Audemars Piguet wydan\u0105 przez Flammarion (2025-10-01) w formacie 21 x 26 cm (ISBN: 9782080453228). Zapraszamy!","robots":{"index":"index","follow":"follow","max-snippet":"max-snippet:-1","max-image-preview":"max-image-preview:large","max-video-preview":"max-video-preview:-1"},"canonical":"https:\/\/foliobooks.pl\/en\/shop\/the-watch-stories-and-savoir-faire\/","og_locale":"en_US","og_type":"article","og_title":"The Watch: Stories and Savoir Faire (Audemars Piguet) - book \/ album - Folio","og_description":"Wejd\u017a i kup ksi\u0105\u017ck\u0119 The Watch: Stories and Savoir Faire autorstwa Audemars Piguet wydan\u0105 przez Flammarion (2025-10-01) w formacie 21 x 26 cm (ISBN: 9782080453228). Zapraszamy!","og_url":"https:\/\/foliobooks.pl\/en\/shop\/the-watch-stories-and-savoir-faire\/","og_site_name":"Folio","og_image":[{"width":570,"height":708,"url":"https:\/\/foliobooks.pl\/wp-content\/uploads\/2025\/12\/9782080453228.png","type":"image\/png"}],"twitter_card":"summary_large_image","twitter_misc":{"Est. reading time":"2 minutes"},"schema":{"@context":"https:\/\/schema.org","@graph":[{"@type":"WebPage","@id":"https:\/\/foliobooks.pl\/en\/shop\/the-watch-stories-and-savoir-faire\/","url":"https:\/\/foliobooks.pl\/en\/shop\/the-watch-stories-and-savoir-faire\/","name":"The Watch: Stories and Savoir Faire (Audemars Piguet) - book \/ album - Folio","isPartOf":{"@id":"https:\/\/foliobooks.pl\/en\/#website"},"primaryImageOfPage":{"@id":"https:\/\/foliobooks.pl\/en\/shop\/the-watch-stories-and-savoir-faire\/#primaryimage"},"image":{"@id":"https:\/\/foliobooks.pl\/en\/shop\/the-watch-stories-and-savoir-faire\/#primaryimage"},"thumbnailUrl":"https:\/\/foliobooks.pl\/wp-content\/uploads\/2025\/12\/9782080453228.png","datePublished":"2025-12-09T12:29:37+00:00","description":"Wejd\u017a i kup ksi\u0105\u017ck\u0119 The Watch: Stories and Savoir Faire autorstwa Audemars Piguet wydan\u0105 przez Flammarion (2025-10-01) w formacie 21 x 26 cm (ISBN: 9782080453228). Zapraszamy!","breadcrumb":{"@id":"https:\/\/foliobooks.pl\/en\/shop\/the-watch-stories-and-savoir-faire\/#breadcrumb"},"inLanguage":"en-US","potentialAction":[{"@type":"ReadAction","target":["https:\/\/foliobooks.pl\/en\/shop\/the-watch-stories-and-savoir-faire\/"]}]},{"@type":"ImageObject","inLanguage":"en-US","@id":"https:\/\/foliobooks.pl\/en\/shop\/the-watch-stories-and-savoir-faire\/#primaryimage","url":"https:\/\/foliobooks.pl\/wp-content\/uploads\/2025\/12\/9782080453228.png","contentUrl":"https:\/\/foliobooks.pl\/wp-content\/uploads\/2025\/12\/9782080453228.png","width":570,"height":708},{"@type":"BreadcrumbList","@id":"https:\/\/foliobooks.pl\/en\/shop\/the-watch-stories-and-savoir-faire\/#breadcrumb","itemListElement":[{"@type":"ListItem","position":1,"name":"Strona g\u0142\u00f3wna","item":"https:\/\/foliobooks.pl\/en\/"},{"@type":"ListItem","position":2,"name":"Shop","item":"https:\/\/foliobooks.pl\/en\/shop\/"},{"@type":"ListItem","position":3,"name":"The Watch: Stories and Savoir Faire"}]},{"@type":"WebSite","@id":"https:\/\/foliobooks.pl\/en\/#website","url":"https:\/\/foliobooks.pl\/en\/","name":"Folio","description":"Ksi\u0119garnia internetowa","potentialAction":[{"@type":"SearchAction","target":{"@type":"EntryPoint","urlTemplate":"https:\/\/foliobooks.pl\/en\/?s={search_term_string}"},"query-input":{"@type":"PropertyValueSpecification","valueRequired":true,"valueName":"search_term_string"}}],"inLanguage":"en-US"}]}},"_links":{"self":[{"href":"https:\/\/foliobooks.pl\/en\/wp-json\/wp\/v2\/product\/108100","targetHints":{"allow":["GET"]}}],"collection":[{"href":"https:\/\/foliobooks.pl\/en\/wp-json\/wp\/v2\/product"}],"about":[{"href":"https:\/\/foliobooks.pl\/en\/wp-json\/wp\/v2\/types\/product"}],"replies":[{"embeddable":true,"href":"https:\/\/foliobooks.pl\/en\/wp-json\/wp\/v2\/comments?post=108100"}],"wp:featuredmedia":[{"embeddable":true,"href":"https:\/\/foliobooks.pl\/en\/wp-json\/wp\/v2\/media\/108101"}],"wp:attachment":[{"href":"https:\/\/foliobooks.pl\/en\/wp-json\/wp\/v2\/media?parent=108100"}],"wp:term":[{"taxonomy":"product_brand","embeddable":true,"href":"https:\/\/foliobooks.pl\/en\/wp-json\/wp\/v2\/product_brand?post=108100"},{"taxonomy":"product_cat","embeddable":true,"href":"https:\/\/foliobooks.pl\/en\/wp-json\/wp\/v2\/product_cat?post=108100"},{"taxonomy":"product_tag","embeddable":true,"href":"https:\/\/foliobooks.pl\/en\/wp-json\/wp\/v2\/product_tag?post=108100"}],"curies":[{"name":"wp","href":"https:\/\/api.w.org\/{rel}","templated":true}]}}