{"id":10804,"date":"2015-11-05T09:09:29","date_gmt":"2015-11-05T08:09:29","guid":{"rendered":"http:\/\/foliobooks.pl\/en\/?post_type=product&#038;p=10804"},"modified":"2023-01-04T17:11:03","modified_gmt":"2023-01-04T16:11:03","slug":"blob","status":"publish","type":"product","link":"https:\/\/foliobooks.pl\/en\/shop\/blob\/","title":{"rendered":"Blob!"},"content":{"rendered":"<p>Always received with a mix of fascination and awe, blob architecture is conquering the metropolises of the world. With their futuristic look \u2013 softly rounded at times, boldly curved at others \u2013 the buildings stand out from the bulk of urban structures. Whether a classic computer-generated blob, an experiment with new mould-breaking shapes, or in combination with deconstructive elements \u2013 the applied cutting-edge technologies and materials are fertile grounds for unlimited creativity.<\/p>\n<p>Blob! Round Shapes, Fluid Forms presents the best contemporary projects from around the world, giving a comprehensive overview of current developments. The projects that were carefully selected for this book are as unique as they are versatile and vivid proof that the fascination of the blob remains as strong as ever.<\/p>\n","protected":false},"excerpt":{"rendered":"<p>Always received with a mix of fascination and awe, blob architecture is conquering the metropolises of the world. With their futuristic look \u2013 softly rounded at times, boldly curved at others \u2013 the buildings stand out from the bulk of urban structures. Whether a classic computer-generated blob, an experiment with new mould-breaking shapes, or in&#8230;<\/p>\n","protected":false},"featured_media":10795,"comment_status":"closed","ping_status":"closed","template":"","meta":[],"product_brand":[],"product_cat":[4516],"product_tag":[1126,4524,290],"class_list":{"0":"post-10804","1":"product","2":"type-product","3":"status-publish","4":"has-post-thumbnail","6":"product_cat-architecture-en","7":"product_tag-architects-en","8":"product_tag-design-en-en","9":"product_tag-interiors-en","10":"pa_author_att-chris-van-uffelen-en","11":"pa_cover-hardcover","12":"pa_format-235-x-28-cm-en","13":"pa_isbn-9783037682012-en","14":"pa_language-eng","15":"pa_pages-192-en","16":"pa_published-2015-11-15-en","17":"pa_publisher-braun-en","19":"first","20":"instock","21":"sale","22":"sold-individually","23":"shipping-taxable","24":"purchasable","25":"product-type-simple"},"yoast_head":"<!-- This site is optimized with the Yoast SEO plugin v27.4 - https:\/\/yoast.com\/product\/yoast-seo-wordpress\/ -->\n<title>Blob! (Chris van Uffelen) - book \/ album - Folio<\/title>\n<meta name=\"description\" content=\"Wejd\u017a i kup ksi\u0105\u017ck\u0119 Blob! autorstwa Chris van Uffelen wydan\u0105 przez BRAUN (2015-11-15) w formacie 23,5 x 28 cm (ISBN: 9783037682012). Zapraszamy!\" \/>\n<meta name=\"robots\" content=\"index, follow, max-snippet:-1, max-image-preview:large, max-video-preview:-1\" \/>\n<link rel=\"canonical\" href=\"https:\/\/foliobooks.pl\/en\/shop\/blob\/\" \/>\n<meta property=\"og:locale\" content=\"en_US\" \/>\n<meta property=\"og:type\" content=\"article\" \/>\n<meta property=\"og:title\" content=\"Blob! (Chris van Uffelen) - book \/ album - Folio\" \/>\n<meta property=\"og:description\" content=\"Wejd\u017a i kup ksi\u0105\u017ck\u0119 Blob! autorstwa Chris van Uffelen wydan\u0105 przez BRAUN (2015-11-15) w formacie 23,5 x 28 cm (ISBN: 9783037682012). Zapraszamy!\" \/>\n<meta property=\"og:url\" content=\"https:\/\/foliobooks.pl\/en\/shop\/blob\/\" \/>\n<meta property=\"og:site_name\" content=\"Folio\" \/>\n<meta property=\"article:modified_time\" content=\"2023-01-04T16:11:03+00:00\" \/>\n<meta property=\"og:image\" content=\"https:\/\/foliobooks.pl\/wp-content\/uploads\/2015\/11\/9783037682012.png\" \/>\n\t<meta property=\"og:image:width\" content=\"570\" \/>\n\t<meta property=\"og:image:height\" content=\"708\" \/>\n\t<meta property=\"og:image:type\" content=\"image\/png\" \/>\n<meta name=\"twitter:card\" content=\"summary_large_image\" \/>\n<meta name=\"twitter:label1\" content=\"Est. reading time\" \/>\n\t<meta name=\"twitter:data1\" content=\"1 minute\" \/>\n<script type=\"application\/ld+json\" class=\"yoast-schema-graph\">{\"@context\":\"https:\\\/\\\/schema.org\",\"@graph\":[{\"@type\":\"WebPage\",\"@id\":\"https:\\\/\\\/foliobooks.pl\\\/en\\\/shop\\\/blob\\\/\",\"url\":\"https:\\\/\\\/foliobooks.pl\\\/en\\\/shop\\\/blob\\\/\",\"name\":\"Blob! (Chris van Uffelen) - book \\\/ album - Folio\",\"isPartOf\":{\"@id\":\"https:\\\/\\\/foliobooks.pl\\\/en\\\/#website\"},\"primaryImageOfPage\":{\"@id\":\"https:\\\/\\\/foliobooks.pl\\\/en\\\/shop\\\/blob\\\/#primaryimage\"},\"image\":{\"@id\":\"https:\\\/\\\/foliobooks.pl\\\/en\\\/shop\\\/blob\\\/#primaryimage\"},\"thumbnailUrl\":\"https:\\\/\\\/foliobooks.pl\\\/wp-content\\\/uploads\\\/2015\\\/11\\\/9783037682012.png\",\"datePublished\":\"2015-11-05T08:09:29+00:00\",\"dateModified\":\"2023-01-04T16:11:03+00:00\",\"description\":\"Wejd\u017a i kup ksi\u0105\u017ck\u0119 Blob! autorstwa Chris van Uffelen wydan\u0105 przez BRAUN (2015-11-15) w formacie 23,5 x 28 cm (ISBN: 9783037682012). Zapraszamy!\",\"breadcrumb\":{\"@id\":\"https:\\\/\\\/foliobooks.pl\\\/en\\\/shop\\\/blob\\\/#breadcrumb\"},\"inLanguage\":\"en-US\",\"potentialAction\":[{\"@type\":\"ReadAction\",\"target\":[\"https:\\\/\\\/foliobooks.pl\\\/en\\\/shop\\\/blob\\\/\"]}]},{\"@type\":\"ImageObject\",\"inLanguage\":\"en-US\",\"@id\":\"https:\\\/\\\/foliobooks.pl\\\/en\\\/shop\\\/blob\\\/#primaryimage\",\"url\":\"https:\\\/\\\/foliobooks.pl\\\/wp-content\\\/uploads\\\/2015\\\/11\\\/9783037682012.png\",\"contentUrl\":\"https:\\\/\\\/foliobooks.pl\\\/wp-content\\\/uploads\\\/2015\\\/11\\\/9783037682012.png\",\"width\":570,\"height\":708},{\"@type\":\"BreadcrumbList\",\"@id\":\"https:\\\/\\\/foliobooks.pl\\\/en\\\/shop\\\/blob\\\/#breadcrumb\",\"itemListElement\":[{\"@type\":\"ListItem\",\"position\":1,\"name\":\"Strona g\u0142\u00f3wna\",\"item\":\"https:\\\/\\\/foliobooks.pl\\\/en\\\/\"},{\"@type\":\"ListItem\",\"position\":2,\"name\":\"Shop\",\"item\":\"https:\\\/\\\/foliobooks.pl\\\/en\\\/shop\\\/\"},{\"@type\":\"ListItem\",\"position\":3,\"name\":\"Blob!\"}]},{\"@type\":\"WebSite\",\"@id\":\"https:\\\/\\\/foliobooks.pl\\\/en\\\/#website\",\"url\":\"https:\\\/\\\/foliobooks.pl\\\/en\\\/\",\"name\":\"Folio\",\"description\":\"Ksi\u0119garnia internetowa\",\"potentialAction\":[{\"@type\":\"SearchAction\",\"target\":{\"@type\":\"EntryPoint\",\"urlTemplate\":\"https:\\\/\\\/foliobooks.pl\\\/en\\\/?s={search_term_string}\"},\"query-input\":{\"@type\":\"PropertyValueSpecification\",\"valueRequired\":true,\"valueName\":\"search_term_string\"}}],\"inLanguage\":\"en-US\"}]}<\/script>\n<!-- \/ Yoast SEO plugin. -->","yoast_head_json":{"title":"Blob! (Chris van Uffelen) - book \/ album - Folio","description":"Wejd\u017a i kup ksi\u0105\u017ck\u0119 Blob! autorstwa Chris van Uffelen wydan\u0105 przez BRAUN (2015-11-15) w formacie 23,5 x 28 cm (ISBN: 9783037682012). Zapraszamy!","robots":{"index":"index","follow":"follow","max-snippet":"max-snippet:-1","max-image-preview":"max-image-preview:large","max-video-preview":"max-video-preview:-1"},"canonical":"https:\/\/foliobooks.pl\/en\/shop\/blob\/","og_locale":"en_US","og_type":"article","og_title":"Blob! (Chris van Uffelen) - book \/ album - Folio","og_description":"Wejd\u017a i kup ksi\u0105\u017ck\u0119 Blob! autorstwa Chris van Uffelen wydan\u0105 przez BRAUN (2015-11-15) w formacie 23,5 x 28 cm (ISBN: 9783037682012). Zapraszamy!","og_url":"https:\/\/foliobooks.pl\/en\/shop\/blob\/","og_site_name":"Folio","article_modified_time":"2023-01-04T16:11:03+00:00","og_image":[{"width":570,"height":708,"url":"https:\/\/foliobooks.pl\/wp-content\/uploads\/2015\/11\/9783037682012.png","type":"image\/png"}],"twitter_card":"summary_large_image","twitter_misc":{"Est. reading time":"1 minute"},"schema":{"@context":"https:\/\/schema.org","@graph":[{"@type":"WebPage","@id":"https:\/\/foliobooks.pl\/en\/shop\/blob\/","url":"https:\/\/foliobooks.pl\/en\/shop\/blob\/","name":"Blob! (Chris van Uffelen) - book \/ album - Folio","isPartOf":{"@id":"https:\/\/foliobooks.pl\/en\/#website"},"primaryImageOfPage":{"@id":"https:\/\/foliobooks.pl\/en\/shop\/blob\/#primaryimage"},"image":{"@id":"https:\/\/foliobooks.pl\/en\/shop\/blob\/#primaryimage"},"thumbnailUrl":"https:\/\/foliobooks.pl\/wp-content\/uploads\/2015\/11\/9783037682012.png","datePublished":"2015-11-05T08:09:29+00:00","dateModified":"2023-01-04T16:11:03+00:00","description":"Wejd\u017a i kup ksi\u0105\u017ck\u0119 Blob! autorstwa Chris van Uffelen wydan\u0105 przez BRAUN (2015-11-15) w formacie 23,5 x 28 cm (ISBN: 9783037682012). Zapraszamy!","breadcrumb":{"@id":"https:\/\/foliobooks.pl\/en\/shop\/blob\/#breadcrumb"},"inLanguage":"en-US","potentialAction":[{"@type":"ReadAction","target":["https:\/\/foliobooks.pl\/en\/shop\/blob\/"]}]},{"@type":"ImageObject","inLanguage":"en-US","@id":"https:\/\/foliobooks.pl\/en\/shop\/blob\/#primaryimage","url":"https:\/\/foliobooks.pl\/wp-content\/uploads\/2015\/11\/9783037682012.png","contentUrl":"https:\/\/foliobooks.pl\/wp-content\/uploads\/2015\/11\/9783037682012.png","width":570,"height":708},{"@type":"BreadcrumbList","@id":"https:\/\/foliobooks.pl\/en\/shop\/blob\/#breadcrumb","itemListElement":[{"@type":"ListItem","position":1,"name":"Strona g\u0142\u00f3wna","item":"https:\/\/foliobooks.pl\/en\/"},{"@type":"ListItem","position":2,"name":"Shop","item":"https:\/\/foliobooks.pl\/en\/shop\/"},{"@type":"ListItem","position":3,"name":"Blob!"}]},{"@type":"WebSite","@id":"https:\/\/foliobooks.pl\/en\/#website","url":"https:\/\/foliobooks.pl\/en\/","name":"Folio","description":"Ksi\u0119garnia internetowa","potentialAction":[{"@type":"SearchAction","target":{"@type":"EntryPoint","urlTemplate":"https:\/\/foliobooks.pl\/en\/?s={search_term_string}"},"query-input":{"@type":"PropertyValueSpecification","valueRequired":true,"valueName":"search_term_string"}}],"inLanguage":"en-US"}]}},"_links":{"self":[{"href":"https:\/\/foliobooks.pl\/en\/wp-json\/wp\/v2\/product\/10804","targetHints":{"allow":["GET"]}}],"collection":[{"href":"https:\/\/foliobooks.pl\/en\/wp-json\/wp\/v2\/product"}],"about":[{"href":"https:\/\/foliobooks.pl\/en\/wp-json\/wp\/v2\/types\/product"}],"replies":[{"embeddable":true,"href":"https:\/\/foliobooks.pl\/en\/wp-json\/wp\/v2\/comments?post=10804"}],"wp:featuredmedia":[{"embeddable":true,"href":"https:\/\/foliobooks.pl\/en\/wp-json\/wp\/v2\/media\/10795"}],"wp:attachment":[{"href":"https:\/\/foliobooks.pl\/en\/wp-json\/wp\/v2\/media?parent=10804"}],"wp:term":[{"taxonomy":"product_brand","embeddable":true,"href":"https:\/\/foliobooks.pl\/en\/wp-json\/wp\/v2\/product_brand?post=10804"},{"taxonomy":"product_cat","embeddable":true,"href":"https:\/\/foliobooks.pl\/en\/wp-json\/wp\/v2\/product_cat?post=10804"},{"taxonomy":"product_tag","embeddable":true,"href":"https:\/\/foliobooks.pl\/en\/wp-json\/wp\/v2\/product_tag?post=10804"}],"curies":[{"name":"wp","href":"https:\/\/api.w.org\/{rel}","templated":true}]}}