{"id":108018,"date":"2025-11-28T12:17:45","date_gmt":"2025-11-28T11:17:45","guid":{"rendered":"https:\/\/foliobooks.pl\/sklep\/hotel-wailea-maui\/"},"modified":"2026-02-18T15:26:11","modified_gmt":"2026-02-18T14:26:11","slug":"hotel-wailea-maui","status":"publish","type":"product","link":"https:\/\/foliobooks.pl\/en\/shop\/hotel-wailea-maui\/","title":{"rendered":"Hotel Wailea. Maui"},"content":{"rendered":"<p>Hotel Wailea defines the ultimate Hawaiian-island escape. Perched above the deep-blue water of the Pacific Ocean and tucked away in forest of lush palm and banana trees, Hotel Wailea is an ultra-private Maui boutique resort and Hawaii\u2019s only Relais &amp; Ch\u00e2teaux property. For those dreaming of adventure, romance and laid-back beach luxury, Hotel Wailea is waiting to wish you aloha.<\/p>\n<p>Join acclaimed local journalist Malia Mattoch as she explores Hotel Wailea\u2019s intriguing past and plunges into the present of this effortlessly glamorous escape. With page after page of original photography, this book captures the essence and style that make this hidden boutique hotel a home away from home for the in-crowd, celebrities and anyone else looking for a touch of Maui without the endless crowds.<\/p>\n<p>Hotel Wailea began as a mysterious property with a mischievous past. Originally constructed in the 1980s as a member club called the Diamond, it had the ocean at its feet, Maui\u2019s dormant Haleakal\u0101 volcano at its back and intrigue at its core. McManus saw the possibility of creating something new: a tropical luxury village rather than a single high-rise building typical of neighboring properties. \u201cThe prevailing thought process coming off a plane to do a hotel in Hawaii is that everything has to be centered on the beach,\u201d says McManus. \u201cTypically, locals in Hawaii know that living on the beach is a less than private experience, especially when you compare it to seaside locations in Europe, where it\u2019s about the ocean views, a sense of privacy and service.\u201d<\/p>\n","protected":false},"excerpt":{"rendered":"<p>Hotel Wailea defines the ultimate Hawaiian-island escape. Perched above the deep-blue water of the Pacific Ocean and tucked away in forest of lush palm and banana trees, Hotel Wailea is an ultra-private Maui boutique resort and Hawaii\u2019s only Relais &amp; Ch\u00e2teaux property. For those dreaming of adventure, romance and laid-back beach luxury, Hotel Wailea is&#8230;<\/p>\n","protected":false},"featured_media":108019,"comment_status":"closed","ping_status":"closed","template":"","meta":[],"product_brand":[],"product_cat":[4516,13533,4517],"product_tag":[10854,156,11490],"class_list":{"0":"post-108018","1":"product","2":"type-product","3":"status-publish","4":"has-post-thumbnail","6":"product_cat-architecture-en","7":"product_cat-books","8":"product_cat-photography-en","9":"product_tag-hotels-en","10":"product_tag-travel","11":"product_tag-united-states-en","12":"pa_author_att-malia-mattoch","13":"pa_cover-hardcover","14":"pa_format-235-x-307-cm","15":"pa_isbn-20788","16":"pa_language-eng","17":"pa_pages-156-en","18":"pa_published-2023-06-23-en","19":"pa_publisher-assouline-en","21":"first","22":"instock","23":"sale","24":"sold-individually","25":"shipping-taxable","26":"purchasable","27":"product-type-simple"},"yoast_head":"<!-- This site is optimized with the Yoast SEO plugin v27.4 - https:\/\/yoast.com\/product\/yoast-seo-wordpress\/ -->\n<title>Hotel Wailea. Maui (Malia Mattoch) - book \/ album - Folio<\/title>\n<meta name=\"description\" content=\"Wejd\u017a i kup ksi\u0105\u017ck\u0119 Hotel Wailea. Maui autorstwa Malia Mattoch wydan\u0105 przez Assouline (2023-06-23) w formacie 23,5 x 30,7 cm (ISBN: 9781649802279). Zapraszamy!\" \/>\n<meta name=\"robots\" content=\"index, follow, max-snippet:-1, max-image-preview:large, max-video-preview:-1\" \/>\n<link rel=\"canonical\" href=\"https:\/\/foliobooks.pl\/en\/shop\/hotel-wailea-maui\/\" \/>\n<meta property=\"og:locale\" content=\"en_US\" \/>\n<meta property=\"og:type\" content=\"article\" \/>\n<meta property=\"og:title\" content=\"Hotel Wailea. Maui (Malia Mattoch) - book \/ album - Folio\" \/>\n<meta property=\"og:description\" content=\"Wejd\u017a i kup ksi\u0105\u017ck\u0119 Hotel Wailea. Maui autorstwa Malia Mattoch wydan\u0105 przez Assouline (2023-06-23) w formacie 23,5 x 30,7 cm (ISBN: 9781649802279). Zapraszamy!\" \/>\n<meta property=\"og:url\" content=\"https:\/\/foliobooks.pl\/en\/shop\/hotel-wailea-maui\/\" \/>\n<meta property=\"og:site_name\" content=\"Folio\" \/>\n<meta property=\"article:modified_time\" content=\"2026-02-18T14:26:11+00:00\" \/>\n<meta property=\"og:image\" content=\"https:\/\/foliobooks.pl\/wp-content\/uploads\/2025\/11\/9781649802279.png\" \/>\n\t<meta property=\"og:image:width\" content=\"570\" \/>\n\t<meta property=\"og:image:height\" content=\"708\" \/>\n\t<meta property=\"og:image:type\" content=\"image\/png\" \/>\n<meta name=\"twitter:card\" content=\"summary_large_image\" \/>\n<meta name=\"twitter:label1\" content=\"Est. reading time\" \/>\n\t<meta name=\"twitter:data1\" content=\"2 minutes\" \/>\n<script type=\"application\/ld+json\" class=\"yoast-schema-graph\">{\"@context\":\"https:\\\/\\\/schema.org\",\"@graph\":[{\"@type\":\"WebPage\",\"@id\":\"https:\\\/\\\/foliobooks.pl\\\/en\\\/shop\\\/hotel-wailea-maui\\\/\",\"url\":\"https:\\\/\\\/foliobooks.pl\\\/en\\\/shop\\\/hotel-wailea-maui\\\/\",\"name\":\"Hotel Wailea. Maui (Malia Mattoch) - book \\\/ album - Folio\",\"isPartOf\":{\"@id\":\"https:\\\/\\\/foliobooks.pl\\\/en\\\/#website\"},\"primaryImageOfPage\":{\"@id\":\"https:\\\/\\\/foliobooks.pl\\\/en\\\/shop\\\/hotel-wailea-maui\\\/#primaryimage\"},\"image\":{\"@id\":\"https:\\\/\\\/foliobooks.pl\\\/en\\\/shop\\\/hotel-wailea-maui\\\/#primaryimage\"},\"thumbnailUrl\":\"https:\\\/\\\/foliobooks.pl\\\/wp-content\\\/uploads\\\/2025\\\/11\\\/9781649802279.png\",\"datePublished\":\"2025-11-28T11:17:45+00:00\",\"dateModified\":\"2026-02-18T14:26:11+00:00\",\"description\":\"Wejd\u017a i kup ksi\u0105\u017ck\u0119 Hotel Wailea. Maui autorstwa Malia Mattoch wydan\u0105 przez Assouline (2023-06-23) w formacie 23,5 x 30,7 cm (ISBN: 9781649802279). Zapraszamy!\",\"breadcrumb\":{\"@id\":\"https:\\\/\\\/foliobooks.pl\\\/en\\\/shop\\\/hotel-wailea-maui\\\/#breadcrumb\"},\"inLanguage\":\"en-US\",\"potentialAction\":[{\"@type\":\"ReadAction\",\"target\":[\"https:\\\/\\\/foliobooks.pl\\\/en\\\/shop\\\/hotel-wailea-maui\\\/\"]}]},{\"@type\":\"ImageObject\",\"inLanguage\":\"en-US\",\"@id\":\"https:\\\/\\\/foliobooks.pl\\\/en\\\/shop\\\/hotel-wailea-maui\\\/#primaryimage\",\"url\":\"https:\\\/\\\/foliobooks.pl\\\/wp-content\\\/uploads\\\/2025\\\/11\\\/9781649802279.png\",\"contentUrl\":\"https:\\\/\\\/foliobooks.pl\\\/wp-content\\\/uploads\\\/2025\\\/11\\\/9781649802279.png\",\"width\":570,\"height\":708},{\"@type\":\"BreadcrumbList\",\"@id\":\"https:\\\/\\\/foliobooks.pl\\\/en\\\/shop\\\/hotel-wailea-maui\\\/#breadcrumb\",\"itemListElement\":[{\"@type\":\"ListItem\",\"position\":1,\"name\":\"Strona g\u0142\u00f3wna\",\"item\":\"https:\\\/\\\/foliobooks.pl\\\/en\\\/\"},{\"@type\":\"ListItem\",\"position\":2,\"name\":\"Shop\",\"item\":\"https:\\\/\\\/foliobooks.pl\\\/en\\\/shop\\\/\"},{\"@type\":\"ListItem\",\"position\":3,\"name\":\"Hotel Wailea. Maui\"}]},{\"@type\":\"WebSite\",\"@id\":\"https:\\\/\\\/foliobooks.pl\\\/en\\\/#website\",\"url\":\"https:\\\/\\\/foliobooks.pl\\\/en\\\/\",\"name\":\"Folio\",\"description\":\"Ksi\u0119garnia internetowa\",\"potentialAction\":[{\"@type\":\"SearchAction\",\"target\":{\"@type\":\"EntryPoint\",\"urlTemplate\":\"https:\\\/\\\/foliobooks.pl\\\/en\\\/?s={search_term_string}\"},\"query-input\":{\"@type\":\"PropertyValueSpecification\",\"valueRequired\":true,\"valueName\":\"search_term_string\"}}],\"inLanguage\":\"en-US\"}]}<\/script>\n<!-- \/ Yoast SEO plugin. -->","yoast_head_json":{"title":"Hotel Wailea. Maui (Malia Mattoch) - book \/ album - Folio","description":"Wejd\u017a i kup ksi\u0105\u017ck\u0119 Hotel Wailea. Maui autorstwa Malia Mattoch wydan\u0105 przez Assouline (2023-06-23) w formacie 23,5 x 30,7 cm (ISBN: 9781649802279). Zapraszamy!","robots":{"index":"index","follow":"follow","max-snippet":"max-snippet:-1","max-image-preview":"max-image-preview:large","max-video-preview":"max-video-preview:-1"},"canonical":"https:\/\/foliobooks.pl\/en\/shop\/hotel-wailea-maui\/","og_locale":"en_US","og_type":"article","og_title":"Hotel Wailea. Maui (Malia Mattoch) - book \/ album - Folio","og_description":"Wejd\u017a i kup ksi\u0105\u017ck\u0119 Hotel Wailea. Maui autorstwa Malia Mattoch wydan\u0105 przez Assouline (2023-06-23) w formacie 23,5 x 30,7 cm (ISBN: 9781649802279). Zapraszamy!","og_url":"https:\/\/foliobooks.pl\/en\/shop\/hotel-wailea-maui\/","og_site_name":"Folio","article_modified_time":"2026-02-18T14:26:11+00:00","og_image":[{"width":570,"height":708,"url":"https:\/\/foliobooks.pl\/wp-content\/uploads\/2025\/11\/9781649802279.png","type":"image\/png"}],"twitter_card":"summary_large_image","twitter_misc":{"Est. reading time":"2 minutes"},"schema":{"@context":"https:\/\/schema.org","@graph":[{"@type":"WebPage","@id":"https:\/\/foliobooks.pl\/en\/shop\/hotel-wailea-maui\/","url":"https:\/\/foliobooks.pl\/en\/shop\/hotel-wailea-maui\/","name":"Hotel Wailea. Maui (Malia Mattoch) - book \/ album - Folio","isPartOf":{"@id":"https:\/\/foliobooks.pl\/en\/#website"},"primaryImageOfPage":{"@id":"https:\/\/foliobooks.pl\/en\/shop\/hotel-wailea-maui\/#primaryimage"},"image":{"@id":"https:\/\/foliobooks.pl\/en\/shop\/hotel-wailea-maui\/#primaryimage"},"thumbnailUrl":"https:\/\/foliobooks.pl\/wp-content\/uploads\/2025\/11\/9781649802279.png","datePublished":"2025-11-28T11:17:45+00:00","dateModified":"2026-02-18T14:26:11+00:00","description":"Wejd\u017a i kup ksi\u0105\u017ck\u0119 Hotel Wailea. Maui autorstwa Malia Mattoch wydan\u0105 przez Assouline (2023-06-23) w formacie 23,5 x 30,7 cm (ISBN: 9781649802279). Zapraszamy!","breadcrumb":{"@id":"https:\/\/foliobooks.pl\/en\/shop\/hotel-wailea-maui\/#breadcrumb"},"inLanguage":"en-US","potentialAction":[{"@type":"ReadAction","target":["https:\/\/foliobooks.pl\/en\/shop\/hotel-wailea-maui\/"]}]},{"@type":"ImageObject","inLanguage":"en-US","@id":"https:\/\/foliobooks.pl\/en\/shop\/hotel-wailea-maui\/#primaryimage","url":"https:\/\/foliobooks.pl\/wp-content\/uploads\/2025\/11\/9781649802279.png","contentUrl":"https:\/\/foliobooks.pl\/wp-content\/uploads\/2025\/11\/9781649802279.png","width":570,"height":708},{"@type":"BreadcrumbList","@id":"https:\/\/foliobooks.pl\/en\/shop\/hotel-wailea-maui\/#breadcrumb","itemListElement":[{"@type":"ListItem","position":1,"name":"Strona g\u0142\u00f3wna","item":"https:\/\/foliobooks.pl\/en\/"},{"@type":"ListItem","position":2,"name":"Shop","item":"https:\/\/foliobooks.pl\/en\/shop\/"},{"@type":"ListItem","position":3,"name":"Hotel Wailea. Maui"}]},{"@type":"WebSite","@id":"https:\/\/foliobooks.pl\/en\/#website","url":"https:\/\/foliobooks.pl\/en\/","name":"Folio","description":"Ksi\u0119garnia internetowa","potentialAction":[{"@type":"SearchAction","target":{"@type":"EntryPoint","urlTemplate":"https:\/\/foliobooks.pl\/en\/?s={search_term_string}"},"query-input":{"@type":"PropertyValueSpecification","valueRequired":true,"valueName":"search_term_string"}}],"inLanguage":"en-US"}]}},"_links":{"self":[{"href":"https:\/\/foliobooks.pl\/en\/wp-json\/wp\/v2\/product\/108018","targetHints":{"allow":["GET"]}}],"collection":[{"href":"https:\/\/foliobooks.pl\/en\/wp-json\/wp\/v2\/product"}],"about":[{"href":"https:\/\/foliobooks.pl\/en\/wp-json\/wp\/v2\/types\/product"}],"replies":[{"embeddable":true,"href":"https:\/\/foliobooks.pl\/en\/wp-json\/wp\/v2\/comments?post=108018"}],"wp:featuredmedia":[{"embeddable":true,"href":"https:\/\/foliobooks.pl\/en\/wp-json\/wp\/v2\/media\/108019"}],"wp:attachment":[{"href":"https:\/\/foliobooks.pl\/en\/wp-json\/wp\/v2\/media?parent=108018"}],"wp:term":[{"taxonomy":"product_brand","embeddable":true,"href":"https:\/\/foliobooks.pl\/en\/wp-json\/wp\/v2\/product_brand?post=108018"},{"taxonomy":"product_cat","embeddable":true,"href":"https:\/\/foliobooks.pl\/en\/wp-json\/wp\/v2\/product_cat?post=108018"},{"taxonomy":"product_tag","embeddable":true,"href":"https:\/\/foliobooks.pl\/en\/wp-json\/wp\/v2\/product_tag?post=108018"}],"curies":[{"name":"wp","href":"https:\/\/api.w.org\/{rel}","templated":true}]}}