{"id":108009,"date":"2025-12-02T14:42:09","date_gmt":"2025-12-02T13:42:09","guid":{"rendered":"https:\/\/foliobooks.pl\/sklep\/morocco-kingdom-of-light\/"},"modified":"2026-02-18T15:25:47","modified_gmt":"2026-02-18T14:25:47","slug":"morocco-kingdom-of-light","status":"publish","type":"product","link":"https:\/\/foliobooks.pl\/en\/shop\/morocco-kingdom-of-light\/","title":{"rendered":"Morocco Kingdom of Light"},"content":{"rendered":"<p>People come to Morocco in search of a profound experience, be it a country, a kingdom, or a question. It captivates like a dervish dance, its authenticity endless and miraculous. Artists have drawn inspiration from Morocco, the &#8220;Kingdom of Light,&#8221; since Delacroix&#8217;s visit. This book, Morocco, Kingdom of Light, takes readers on a journey through this enchanting land, with Oliver Pilcher&#8217;s exclusive imagery showcasing its beauty and joyous spirit. Moroccan writer and musician Ariel Wizman provides a rich introduction, celebrating the culture, history, and splendor of Morocco&#8217;s streets, medinas, and palaces.<\/p>\n","protected":false},"excerpt":{"rendered":"<p>People come to Morocco in search of a profound experience, be it a country, a kingdom, or a question. It captivates like a dervish dance, its authenticity endless and miraculous. Artists have drawn inspiration from Morocco, the &#8220;Kingdom of Light,&#8221; since Delacroix&#8217;s visit. This book, Morocco, Kingdom of Light, takes readers on a journey through&#8230;<\/p>\n","protected":false},"featured_media":108010,"comment_status":"closed","ping_status":"closed","template":"","meta":[],"product_brand":[],"product_cat":[13533,4517],"product_tag":[10792],"class_list":{"0":"post-108009","1":"product","2":"type-product","3":"status-publish","4":"has-post-thumbnail","6":"product_cat-books","7":"product_cat-photography-en","8":"product_tag-africa-en","9":"pa_author_att-ariel-wizman-en","10":"pa_cover-hardcover","11":"pa_format-25-x-33-cm-en","12":"pa_isbn-20785","13":"pa_language-eng","14":"pa_pages-312-en-en","15":"pa_published-2023-11-01-en","16":"pa_publisher-assouline-en","18":"first","19":"instock","20":"sale","21":"sold-individually","22":"shipping-taxable","23":"purchasable","24":"product-type-simple"},"yoast_head":"<!-- This site is optimized with the Yoast SEO plugin v27.4 - https:\/\/yoast.com\/product\/yoast-seo-wordpress\/ -->\n<title>Morocco Kingdom of Light (Ariel Wizman) - book \/ album - Folio<\/title>\n<meta name=\"description\" content=\"Wejd\u017a i kup ksi\u0105\u017ck\u0119 Morocco Kingdom of Light autorstwa Ariel Wizman wydan\u0105 przez Assouline (2023-11-01) w formacie 25 x 33 cm (ISBN: 9781649802842). Zapraszamy!\" \/>\n<meta name=\"robots\" content=\"index, follow, max-snippet:-1, max-image-preview:large, max-video-preview:-1\" \/>\n<link rel=\"canonical\" href=\"https:\/\/foliobooks.pl\/en\/shop\/morocco-kingdom-of-light\/\" \/>\n<meta property=\"og:locale\" content=\"en_US\" \/>\n<meta property=\"og:type\" content=\"article\" \/>\n<meta property=\"og:title\" content=\"Morocco Kingdom of Light (Ariel Wizman) - book \/ album - Folio\" \/>\n<meta property=\"og:description\" content=\"Wejd\u017a i kup ksi\u0105\u017ck\u0119 Morocco Kingdom of Light autorstwa Ariel Wizman wydan\u0105 przez Assouline (2023-11-01) w formacie 25 x 33 cm (ISBN: 9781649802842). Zapraszamy!\" \/>\n<meta property=\"og:url\" content=\"https:\/\/foliobooks.pl\/en\/shop\/morocco-kingdom-of-light\/\" \/>\n<meta property=\"og:site_name\" content=\"Folio\" \/>\n<meta property=\"article:modified_time\" content=\"2026-02-18T14:25:47+00:00\" \/>\n<meta property=\"og:image\" content=\"https:\/\/foliobooks.pl\/wp-content\/uploads\/2025\/11\/9781649802842.png\" \/>\n\t<meta property=\"og:image:width\" content=\"570\" \/>\n\t<meta property=\"og:image:height\" content=\"708\" \/>\n\t<meta property=\"og:image:type\" content=\"image\/png\" \/>\n<meta name=\"twitter:card\" content=\"summary_large_image\" \/>\n<meta name=\"twitter:label1\" content=\"Est. reading time\" \/>\n\t<meta name=\"twitter:data1\" content=\"1 minute\" \/>\n<script type=\"application\/ld+json\" class=\"yoast-schema-graph\">{\"@context\":\"https:\\\/\\\/schema.org\",\"@graph\":[{\"@type\":\"WebPage\",\"@id\":\"https:\\\/\\\/foliobooks.pl\\\/en\\\/shop\\\/morocco-kingdom-of-light\\\/\",\"url\":\"https:\\\/\\\/foliobooks.pl\\\/en\\\/shop\\\/morocco-kingdom-of-light\\\/\",\"name\":\"Morocco Kingdom of Light (Ariel Wizman) - book \\\/ album - Folio\",\"isPartOf\":{\"@id\":\"https:\\\/\\\/foliobooks.pl\\\/en\\\/#website\"},\"primaryImageOfPage\":{\"@id\":\"https:\\\/\\\/foliobooks.pl\\\/en\\\/shop\\\/morocco-kingdom-of-light\\\/#primaryimage\"},\"image\":{\"@id\":\"https:\\\/\\\/foliobooks.pl\\\/en\\\/shop\\\/morocco-kingdom-of-light\\\/#primaryimage\"},\"thumbnailUrl\":\"https:\\\/\\\/foliobooks.pl\\\/wp-content\\\/uploads\\\/2025\\\/11\\\/9781649802842.png\",\"datePublished\":\"2025-12-02T13:42:09+00:00\",\"dateModified\":\"2026-02-18T14:25:47+00:00\",\"description\":\"Wejd\u017a i kup ksi\u0105\u017ck\u0119 Morocco Kingdom of Light autorstwa Ariel Wizman wydan\u0105 przez Assouline (2023-11-01) w formacie 25 x 33 cm (ISBN: 9781649802842). Zapraszamy!\",\"breadcrumb\":{\"@id\":\"https:\\\/\\\/foliobooks.pl\\\/en\\\/shop\\\/morocco-kingdom-of-light\\\/#breadcrumb\"},\"inLanguage\":\"en-US\",\"potentialAction\":[{\"@type\":\"ReadAction\",\"target\":[\"https:\\\/\\\/foliobooks.pl\\\/en\\\/shop\\\/morocco-kingdom-of-light\\\/\"]}]},{\"@type\":\"ImageObject\",\"inLanguage\":\"en-US\",\"@id\":\"https:\\\/\\\/foliobooks.pl\\\/en\\\/shop\\\/morocco-kingdom-of-light\\\/#primaryimage\",\"url\":\"https:\\\/\\\/foliobooks.pl\\\/wp-content\\\/uploads\\\/2025\\\/11\\\/9781649802842.png\",\"contentUrl\":\"https:\\\/\\\/foliobooks.pl\\\/wp-content\\\/uploads\\\/2025\\\/11\\\/9781649802842.png\",\"width\":570,\"height\":708},{\"@type\":\"BreadcrumbList\",\"@id\":\"https:\\\/\\\/foliobooks.pl\\\/en\\\/shop\\\/morocco-kingdom-of-light\\\/#breadcrumb\",\"itemListElement\":[{\"@type\":\"ListItem\",\"position\":1,\"name\":\"Strona g\u0142\u00f3wna\",\"item\":\"https:\\\/\\\/foliobooks.pl\\\/en\\\/\"},{\"@type\":\"ListItem\",\"position\":2,\"name\":\"Shop\",\"item\":\"https:\\\/\\\/foliobooks.pl\\\/en\\\/shop\\\/\"},{\"@type\":\"ListItem\",\"position\":3,\"name\":\"Morocco Kingdom of Light\"}]},{\"@type\":\"WebSite\",\"@id\":\"https:\\\/\\\/foliobooks.pl\\\/en\\\/#website\",\"url\":\"https:\\\/\\\/foliobooks.pl\\\/en\\\/\",\"name\":\"Folio\",\"description\":\"Ksi\u0119garnia internetowa\",\"potentialAction\":[{\"@type\":\"SearchAction\",\"target\":{\"@type\":\"EntryPoint\",\"urlTemplate\":\"https:\\\/\\\/foliobooks.pl\\\/en\\\/?s={search_term_string}\"},\"query-input\":{\"@type\":\"PropertyValueSpecification\",\"valueRequired\":true,\"valueName\":\"search_term_string\"}}],\"inLanguage\":\"en-US\"}]}<\/script>\n<!-- \/ Yoast SEO plugin. -->","yoast_head_json":{"title":"Morocco Kingdom of Light (Ariel Wizman) - book \/ album - Folio","description":"Wejd\u017a i kup ksi\u0105\u017ck\u0119 Morocco Kingdom of Light autorstwa Ariel Wizman wydan\u0105 przez Assouline (2023-11-01) w formacie 25 x 33 cm (ISBN: 9781649802842). Zapraszamy!","robots":{"index":"index","follow":"follow","max-snippet":"max-snippet:-1","max-image-preview":"max-image-preview:large","max-video-preview":"max-video-preview:-1"},"canonical":"https:\/\/foliobooks.pl\/en\/shop\/morocco-kingdom-of-light\/","og_locale":"en_US","og_type":"article","og_title":"Morocco Kingdom of Light (Ariel Wizman) - book \/ album - Folio","og_description":"Wejd\u017a i kup ksi\u0105\u017ck\u0119 Morocco Kingdom of Light autorstwa Ariel Wizman wydan\u0105 przez Assouline (2023-11-01) w formacie 25 x 33 cm (ISBN: 9781649802842). Zapraszamy!","og_url":"https:\/\/foliobooks.pl\/en\/shop\/morocco-kingdom-of-light\/","og_site_name":"Folio","article_modified_time":"2026-02-18T14:25:47+00:00","og_image":[{"width":570,"height":708,"url":"https:\/\/foliobooks.pl\/wp-content\/uploads\/2025\/11\/9781649802842.png","type":"image\/png"}],"twitter_card":"summary_large_image","twitter_misc":{"Est. reading time":"1 minute"},"schema":{"@context":"https:\/\/schema.org","@graph":[{"@type":"WebPage","@id":"https:\/\/foliobooks.pl\/en\/shop\/morocco-kingdom-of-light\/","url":"https:\/\/foliobooks.pl\/en\/shop\/morocco-kingdom-of-light\/","name":"Morocco Kingdom of Light (Ariel Wizman) - book \/ album - Folio","isPartOf":{"@id":"https:\/\/foliobooks.pl\/en\/#website"},"primaryImageOfPage":{"@id":"https:\/\/foliobooks.pl\/en\/shop\/morocco-kingdom-of-light\/#primaryimage"},"image":{"@id":"https:\/\/foliobooks.pl\/en\/shop\/morocco-kingdom-of-light\/#primaryimage"},"thumbnailUrl":"https:\/\/foliobooks.pl\/wp-content\/uploads\/2025\/11\/9781649802842.png","datePublished":"2025-12-02T13:42:09+00:00","dateModified":"2026-02-18T14:25:47+00:00","description":"Wejd\u017a i kup ksi\u0105\u017ck\u0119 Morocco Kingdom of Light autorstwa Ariel Wizman wydan\u0105 przez Assouline (2023-11-01) w formacie 25 x 33 cm (ISBN: 9781649802842). Zapraszamy!","breadcrumb":{"@id":"https:\/\/foliobooks.pl\/en\/shop\/morocco-kingdom-of-light\/#breadcrumb"},"inLanguage":"en-US","potentialAction":[{"@type":"ReadAction","target":["https:\/\/foliobooks.pl\/en\/shop\/morocco-kingdom-of-light\/"]}]},{"@type":"ImageObject","inLanguage":"en-US","@id":"https:\/\/foliobooks.pl\/en\/shop\/morocco-kingdom-of-light\/#primaryimage","url":"https:\/\/foliobooks.pl\/wp-content\/uploads\/2025\/11\/9781649802842.png","contentUrl":"https:\/\/foliobooks.pl\/wp-content\/uploads\/2025\/11\/9781649802842.png","width":570,"height":708},{"@type":"BreadcrumbList","@id":"https:\/\/foliobooks.pl\/en\/shop\/morocco-kingdom-of-light\/#breadcrumb","itemListElement":[{"@type":"ListItem","position":1,"name":"Strona g\u0142\u00f3wna","item":"https:\/\/foliobooks.pl\/en\/"},{"@type":"ListItem","position":2,"name":"Shop","item":"https:\/\/foliobooks.pl\/en\/shop\/"},{"@type":"ListItem","position":3,"name":"Morocco Kingdom of Light"}]},{"@type":"WebSite","@id":"https:\/\/foliobooks.pl\/en\/#website","url":"https:\/\/foliobooks.pl\/en\/","name":"Folio","description":"Ksi\u0119garnia internetowa","potentialAction":[{"@type":"SearchAction","target":{"@type":"EntryPoint","urlTemplate":"https:\/\/foliobooks.pl\/en\/?s={search_term_string}"},"query-input":{"@type":"PropertyValueSpecification","valueRequired":true,"valueName":"search_term_string"}}],"inLanguage":"en-US"}]}},"_links":{"self":[{"href":"https:\/\/foliobooks.pl\/en\/wp-json\/wp\/v2\/product\/108009","targetHints":{"allow":["GET"]}}],"collection":[{"href":"https:\/\/foliobooks.pl\/en\/wp-json\/wp\/v2\/product"}],"about":[{"href":"https:\/\/foliobooks.pl\/en\/wp-json\/wp\/v2\/types\/product"}],"replies":[{"embeddable":true,"href":"https:\/\/foliobooks.pl\/en\/wp-json\/wp\/v2\/comments?post=108009"}],"wp:featuredmedia":[{"embeddable":true,"href":"https:\/\/foliobooks.pl\/en\/wp-json\/wp\/v2\/media\/108010"}],"wp:attachment":[{"href":"https:\/\/foliobooks.pl\/en\/wp-json\/wp\/v2\/media?parent=108009"}],"wp:term":[{"taxonomy":"product_brand","embeddable":true,"href":"https:\/\/foliobooks.pl\/en\/wp-json\/wp\/v2\/product_brand?post=108009"},{"taxonomy":"product_cat","embeddable":true,"href":"https:\/\/foliobooks.pl\/en\/wp-json\/wp\/v2\/product_cat?post=108009"},{"taxonomy":"product_tag","embeddable":true,"href":"https:\/\/foliobooks.pl\/en\/wp-json\/wp\/v2\/product_tag?post=108009"}],"curies":[{"name":"wp","href":"https:\/\/api.w.org\/{rel}","templated":true}]}}