{"id":107927,"date":"2025-11-17T15:59:41","date_gmt":"2025-11-17T14:59:41","guid":{"rendered":"https:\/\/foliobooks.pl\/sklep\/natural-living-by-design-melissa-penfold\/"},"modified":"2026-01-30T11:36:16","modified_gmt":"2026-01-30T10:36:16","slug":"natural-living-by-design-melissa-penfold","status":"publish","type":"product","link":"https:\/\/foliobooks.pl\/en\/shop\/natural-living-by-design-melissa-penfold\/","title":{"rendered":"Natural Living by Design. Melissa Penfold"},"content":{"rendered":"<p>The author of the acclaimed Living Well by Design now harnesses the power of design to create a healthy home that not only looks beautiful but also contributes to our quality of life.<\/p>\n<p>In her new book, internationally renowned design and style authority Melissa Penfold turns her attention from the basics of interior decorating to demonstrating what a powerful force design can be in boosting our physical and emotional well-being.<\/p>\n<p>Each chapter is devoted to an aspect of healthy, life-enhancing design, including &#8220;Ease,&#8221; &#8220;Flow,&#8221; &#8220;Light,&#8221; &#8220;Nature,&#8221; &#8220;Timelessness,&#8221; and &#8220;Awe.&#8221; All underscore the importance of introducing lots of natural light; using natural, non-toxic materials (clay plaster, timber, stone); incorporating nature into our homes, whether through views of the outside world or by filling our interior with plants; creating lots of storage (mess is stress); and recognizing the power that color has on our state of mind.<\/p>\n<p>Illustrating each chapter are photographs of beautiful rooms in homes around the world by top creatives like Steven Gambrel, Veere Grenney, Victoria Hagan, Peter Marino, Daniel Romualdez, Bunny Williams, and many more that embody the salutory properties of Natural Living By Design.<br \/>\nPenfold&#8217;s first book, Living Well by Design, was widely acclaimed. Elle Decor declared, &#8220;Australian interior designer Melissa Penfold uses her 30 years of expertise to walk readers through the elements of a successful interior, which you can use to upgrade your own space.&#8221;<\/p>\n","protected":false},"excerpt":{"rendered":"<p>The author of the acclaimed Living Well by Design now harnesses the power of design to create a healthy home that not only looks beautiful but also contributes to our quality of life. In her new book, internationally renowned design and style authority Melissa Penfold turns her attention from the basics of interior decorating to&#8230;<\/p>\n","protected":false},"featured_media":107928,"comment_status":"closed","ping_status":"closed","template":"","meta":[],"product_brand":[],"product_cat":[4516,13533],"product_tag":[290],"class_list":{"0":"post-107927","1":"product","2":"type-product","3":"status-publish","4":"has-post-thumbnail","6":"product_cat-architecture-en","7":"product_cat-books","8":"product_tag-interiors-en","9":"pa_author_att-melissa-penfold","10":"pa_cover-hardcover","11":"pa_format-244-x-315-cm","12":"pa_isbn-20770","13":"pa_language-eng","14":"pa_pages-208-en-3","15":"pa_published-2025-04-30-en","16":"pa_publisher-thames-hudson-en","18":"first","19":"instock","20":"sold-individually","21":"shipping-taxable","22":"purchasable","23":"product-type-simple"},"yoast_head":"<!-- This site is optimized with the Yoast SEO plugin v27.4 - https:\/\/yoast.com\/product\/yoast-seo-wordpress\/ -->\n<title>Natural Living by Design. Melissa Penfold (Melissa Penfold) - book \/ album - Folio<\/title>\n<meta name=\"description\" content=\"Wejd\u017a i kup ksi\u0105\u017ck\u0119 Natural Living by Design. Melissa Penfold autorstwa Melissa Penfold wydan\u0105 przez Thames &amp; Hudson (2025-04-30) w formacie 24,4 x 31,5 cm (ISBN: 9780865654617). Zapraszamy!\" \/>\n<meta name=\"robots\" content=\"index, follow, max-snippet:-1, max-image-preview:large, max-video-preview:-1\" \/>\n<link rel=\"canonical\" href=\"https:\/\/foliobooks.pl\/en\/shop\/natural-living-by-design-melissa-penfold\/\" \/>\n<meta property=\"og:locale\" content=\"en_US\" \/>\n<meta property=\"og:type\" content=\"article\" \/>\n<meta property=\"og:title\" content=\"Natural Living by Design. Melissa Penfold (Melissa Penfold) - book \/ album - Folio\" \/>\n<meta property=\"og:description\" content=\"Wejd\u017a i kup ksi\u0105\u017ck\u0119 Natural Living by Design. Melissa Penfold autorstwa Melissa Penfold wydan\u0105 przez Thames &amp; Hudson (2025-04-30) w formacie 24,4 x 31,5 cm (ISBN: 9780865654617). Zapraszamy!\" \/>\n<meta property=\"og:url\" content=\"https:\/\/foliobooks.pl\/en\/shop\/natural-living-by-design-melissa-penfold\/\" \/>\n<meta property=\"og:site_name\" content=\"Folio\" \/>\n<meta property=\"article:modified_time\" content=\"2026-01-30T10:36:16+00:00\" \/>\n<meta property=\"og:image\" content=\"https:\/\/foliobooks.pl\/wp-content\/uploads\/2025\/11\/9780865654617.png\" \/>\n\t<meta property=\"og:image:width\" content=\"570\" \/>\n\t<meta property=\"og:image:height\" content=\"708\" \/>\n\t<meta property=\"og:image:type\" content=\"image\/png\" \/>\n<meta name=\"twitter:card\" content=\"summary_large_image\" \/>\n<meta name=\"twitter:label1\" content=\"Est. reading time\" \/>\n\t<meta name=\"twitter:data1\" content=\"2 minutes\" \/>\n<script type=\"application\/ld+json\" class=\"yoast-schema-graph\">{\"@context\":\"https:\\\/\\\/schema.org\",\"@graph\":[{\"@type\":\"WebPage\",\"@id\":\"https:\\\/\\\/foliobooks.pl\\\/en\\\/shop\\\/natural-living-by-design-melissa-penfold\\\/\",\"url\":\"https:\\\/\\\/foliobooks.pl\\\/en\\\/shop\\\/natural-living-by-design-melissa-penfold\\\/\",\"name\":\"Natural Living by Design. Melissa Penfold (Melissa Penfold) - book \\\/ album - Folio\",\"isPartOf\":{\"@id\":\"https:\\\/\\\/foliobooks.pl\\\/en\\\/#website\"},\"primaryImageOfPage\":{\"@id\":\"https:\\\/\\\/foliobooks.pl\\\/en\\\/shop\\\/natural-living-by-design-melissa-penfold\\\/#primaryimage\"},\"image\":{\"@id\":\"https:\\\/\\\/foliobooks.pl\\\/en\\\/shop\\\/natural-living-by-design-melissa-penfold\\\/#primaryimage\"},\"thumbnailUrl\":\"https:\\\/\\\/foliobooks.pl\\\/wp-content\\\/uploads\\\/2025\\\/11\\\/9780865654617.png\",\"datePublished\":\"2025-11-17T14:59:41+00:00\",\"dateModified\":\"2026-01-30T10:36:16+00:00\",\"description\":\"Wejd\u017a i kup ksi\u0105\u017ck\u0119 Natural Living by Design. Melissa Penfold autorstwa Melissa Penfold wydan\u0105 przez Thames &amp; Hudson (2025-04-30) w formacie 24,4 x 31,5 cm (ISBN: 9780865654617). Zapraszamy!\",\"breadcrumb\":{\"@id\":\"https:\\\/\\\/foliobooks.pl\\\/en\\\/shop\\\/natural-living-by-design-melissa-penfold\\\/#breadcrumb\"},\"inLanguage\":\"en-US\",\"potentialAction\":[{\"@type\":\"ReadAction\",\"target\":[\"https:\\\/\\\/foliobooks.pl\\\/en\\\/shop\\\/natural-living-by-design-melissa-penfold\\\/\"]}]},{\"@type\":\"ImageObject\",\"inLanguage\":\"en-US\",\"@id\":\"https:\\\/\\\/foliobooks.pl\\\/en\\\/shop\\\/natural-living-by-design-melissa-penfold\\\/#primaryimage\",\"url\":\"https:\\\/\\\/foliobooks.pl\\\/wp-content\\\/uploads\\\/2025\\\/11\\\/9780865654617.png\",\"contentUrl\":\"https:\\\/\\\/foliobooks.pl\\\/wp-content\\\/uploads\\\/2025\\\/11\\\/9780865654617.png\",\"width\":570,\"height\":708},{\"@type\":\"BreadcrumbList\",\"@id\":\"https:\\\/\\\/foliobooks.pl\\\/en\\\/shop\\\/natural-living-by-design-melissa-penfold\\\/#breadcrumb\",\"itemListElement\":[{\"@type\":\"ListItem\",\"position\":1,\"name\":\"Strona g\u0142\u00f3wna\",\"item\":\"https:\\\/\\\/foliobooks.pl\\\/en\\\/\"},{\"@type\":\"ListItem\",\"position\":2,\"name\":\"Shop\",\"item\":\"https:\\\/\\\/foliobooks.pl\\\/en\\\/shop\\\/\"},{\"@type\":\"ListItem\",\"position\":3,\"name\":\"Natural Living by Design. Melissa Penfold\"}]},{\"@type\":\"WebSite\",\"@id\":\"https:\\\/\\\/foliobooks.pl\\\/en\\\/#website\",\"url\":\"https:\\\/\\\/foliobooks.pl\\\/en\\\/\",\"name\":\"Folio\",\"description\":\"Ksi\u0119garnia internetowa\",\"potentialAction\":[{\"@type\":\"SearchAction\",\"target\":{\"@type\":\"EntryPoint\",\"urlTemplate\":\"https:\\\/\\\/foliobooks.pl\\\/en\\\/?s={search_term_string}\"},\"query-input\":{\"@type\":\"PropertyValueSpecification\",\"valueRequired\":true,\"valueName\":\"search_term_string\"}}],\"inLanguage\":\"en-US\"}]}<\/script>\n<!-- \/ Yoast SEO plugin. -->","yoast_head_json":{"title":"Natural Living by Design. Melissa Penfold (Melissa Penfold) - book \/ album - Folio","description":"Wejd\u017a i kup ksi\u0105\u017ck\u0119 Natural Living by Design. Melissa Penfold autorstwa Melissa Penfold wydan\u0105 przez Thames &amp; Hudson (2025-04-30) w formacie 24,4 x 31,5 cm (ISBN: 9780865654617). Zapraszamy!","robots":{"index":"index","follow":"follow","max-snippet":"max-snippet:-1","max-image-preview":"max-image-preview:large","max-video-preview":"max-video-preview:-1"},"canonical":"https:\/\/foliobooks.pl\/en\/shop\/natural-living-by-design-melissa-penfold\/","og_locale":"en_US","og_type":"article","og_title":"Natural Living by Design. Melissa Penfold (Melissa Penfold) - book \/ album - Folio","og_description":"Wejd\u017a i kup ksi\u0105\u017ck\u0119 Natural Living by Design. Melissa Penfold autorstwa Melissa Penfold wydan\u0105 przez Thames &amp; Hudson (2025-04-30) w formacie 24,4 x 31,5 cm (ISBN: 9780865654617). Zapraszamy!","og_url":"https:\/\/foliobooks.pl\/en\/shop\/natural-living-by-design-melissa-penfold\/","og_site_name":"Folio","article_modified_time":"2026-01-30T10:36:16+00:00","og_image":[{"width":570,"height":708,"url":"https:\/\/foliobooks.pl\/wp-content\/uploads\/2025\/11\/9780865654617.png","type":"image\/png"}],"twitter_card":"summary_large_image","twitter_misc":{"Est. reading time":"2 minutes"},"schema":{"@context":"https:\/\/schema.org","@graph":[{"@type":"WebPage","@id":"https:\/\/foliobooks.pl\/en\/shop\/natural-living-by-design-melissa-penfold\/","url":"https:\/\/foliobooks.pl\/en\/shop\/natural-living-by-design-melissa-penfold\/","name":"Natural Living by Design. Melissa Penfold (Melissa Penfold) - book \/ album - Folio","isPartOf":{"@id":"https:\/\/foliobooks.pl\/en\/#website"},"primaryImageOfPage":{"@id":"https:\/\/foliobooks.pl\/en\/shop\/natural-living-by-design-melissa-penfold\/#primaryimage"},"image":{"@id":"https:\/\/foliobooks.pl\/en\/shop\/natural-living-by-design-melissa-penfold\/#primaryimage"},"thumbnailUrl":"https:\/\/foliobooks.pl\/wp-content\/uploads\/2025\/11\/9780865654617.png","datePublished":"2025-11-17T14:59:41+00:00","dateModified":"2026-01-30T10:36:16+00:00","description":"Wejd\u017a i kup ksi\u0105\u017ck\u0119 Natural Living by Design. Melissa Penfold autorstwa Melissa Penfold wydan\u0105 przez Thames &amp; Hudson (2025-04-30) w formacie 24,4 x 31,5 cm (ISBN: 9780865654617). Zapraszamy!","breadcrumb":{"@id":"https:\/\/foliobooks.pl\/en\/shop\/natural-living-by-design-melissa-penfold\/#breadcrumb"},"inLanguage":"en-US","potentialAction":[{"@type":"ReadAction","target":["https:\/\/foliobooks.pl\/en\/shop\/natural-living-by-design-melissa-penfold\/"]}]},{"@type":"ImageObject","inLanguage":"en-US","@id":"https:\/\/foliobooks.pl\/en\/shop\/natural-living-by-design-melissa-penfold\/#primaryimage","url":"https:\/\/foliobooks.pl\/wp-content\/uploads\/2025\/11\/9780865654617.png","contentUrl":"https:\/\/foliobooks.pl\/wp-content\/uploads\/2025\/11\/9780865654617.png","width":570,"height":708},{"@type":"BreadcrumbList","@id":"https:\/\/foliobooks.pl\/en\/shop\/natural-living-by-design-melissa-penfold\/#breadcrumb","itemListElement":[{"@type":"ListItem","position":1,"name":"Strona g\u0142\u00f3wna","item":"https:\/\/foliobooks.pl\/en\/"},{"@type":"ListItem","position":2,"name":"Shop","item":"https:\/\/foliobooks.pl\/en\/shop\/"},{"@type":"ListItem","position":3,"name":"Natural Living by Design. Melissa Penfold"}]},{"@type":"WebSite","@id":"https:\/\/foliobooks.pl\/en\/#website","url":"https:\/\/foliobooks.pl\/en\/","name":"Folio","description":"Ksi\u0119garnia internetowa","potentialAction":[{"@type":"SearchAction","target":{"@type":"EntryPoint","urlTemplate":"https:\/\/foliobooks.pl\/en\/?s={search_term_string}"},"query-input":{"@type":"PropertyValueSpecification","valueRequired":true,"valueName":"search_term_string"}}],"inLanguage":"en-US"}]}},"_links":{"self":[{"href":"https:\/\/foliobooks.pl\/en\/wp-json\/wp\/v2\/product\/107927","targetHints":{"allow":["GET"]}}],"collection":[{"href":"https:\/\/foliobooks.pl\/en\/wp-json\/wp\/v2\/product"}],"about":[{"href":"https:\/\/foliobooks.pl\/en\/wp-json\/wp\/v2\/types\/product"}],"replies":[{"embeddable":true,"href":"https:\/\/foliobooks.pl\/en\/wp-json\/wp\/v2\/comments?post=107927"}],"wp:featuredmedia":[{"embeddable":true,"href":"https:\/\/foliobooks.pl\/en\/wp-json\/wp\/v2\/media\/107928"}],"wp:attachment":[{"href":"https:\/\/foliobooks.pl\/en\/wp-json\/wp\/v2\/media?parent=107927"}],"wp:term":[{"taxonomy":"product_brand","embeddable":true,"href":"https:\/\/foliobooks.pl\/en\/wp-json\/wp\/v2\/product_brand?post=107927"},{"taxonomy":"product_cat","embeddable":true,"href":"https:\/\/foliobooks.pl\/en\/wp-json\/wp\/v2\/product_cat?post=107927"},{"taxonomy":"product_tag","embeddable":true,"href":"https:\/\/foliobooks.pl\/en\/wp-json\/wp\/v2\/product_tag?post=107927"}],"curies":[{"name":"wp","href":"https:\/\/api.w.org\/{rel}","templated":true}]}}