{"id":107919,"date":"2025-11-17T15:52:15","date_gmt":"2025-11-17T14:52:15","guid":{"rendered":"https:\/\/foliobooks.pl\/sklep\/jean-paul-gaultier-catwalk\/"},"modified":"2025-11-17T15:52:15","modified_gmt":"2025-11-17T14:52:15","slug":"jean-paul-gaultier-catwalk","status":"publish","type":"product","link":"https:\/\/foliobooks.pl\/en\/shop\/jean-paul-gaultier-catwalk\/","title":{"rendered":"Jean Paul Gaultier Catwalk"},"content":{"rendered":"<p>The tenth volume in the bestselling Catwalk series offers the first ever comprehensive overview of Jean Paul Gaultier\u2019s womenswear collections, from his debut in the late 1970s to his farewell show in 2020.<\/p>\n<p>With 2.5 million copies in print, each high-end, cloth-bound volume in the bestselling Catwalk series features over 1,300 looks as they originally appeared on the catwalk, styled as the designer intended and sported by the world\u2019s top models. These ten treasure troves of inspiration are must-have references for all fashion fans and professionals.<\/p>\n<p>Often introduced as French fashion\u2019s \u2018enfant terrible\u2019, Jean Paul Gaultier radically refreshed, re-energized and re-imagined the possibilities of high fashion from the 1980s onwards, blurring boundaries between masculine and feminine, high and low culture and celebrating models of all ages and ethnicities \u2013 even drawing icons such as Madonna and Bj\u00f6rk onto his runway.<\/p>\n<p>This definitive publication opens with a concise history of the house, followed by a brief biographical profile of Jean Paul Gaultier, before exploring the collections themselves, organized chronologically. Each collection is introduced by a short text unveiling its influences and highlights, and illustrated with carefully curated catwalk images that showcase hundreds of spectacular clothes, details, accessories, beauty looks and set designs \u2013 and, of course, the top fashion models who wore them on the runway, from Linda Evangelista and Kate Moss to Gigi and Bella Hadid. A rich reference section, including an extensive index, concludes the book.<\/p>\n<p>After Chanel, Dior, Louis Vuitton, Yves Saint Laurent, Prada, Vivienne Westwood, Versace, Chlo\u00e9 and Givenchy, Jean Paul Gaultier is the tenth volume in a series of high-end, cloth-bound books that offer an unrivalled overview of the collections of the world\u2019s top fashion houses through original catwalk photography.<\/p>\n","protected":false},"excerpt":{"rendered":"<p>The tenth volume in the bestselling Catwalk series offers the first ever comprehensive overview of Jean Paul Gaultier\u2019s womenswear collections, from his debut in the late 1970s to his farewell show in 2020. With 2.5 million copies in print, each high-end, cloth-bound volume in the bestselling Catwalk series features over 1,300 looks as they originally&#8230;<\/p>\n","protected":false},"featured_media":107920,"comment_status":"closed","ping_status":"closed","template":"","meta":[],"product_brand":[],"product_cat":[13533,4519],"product_tag":[6125],"class_list":{"0":"post-107919","1":"product","2":"type-product","3":"status-publish","4":"has-post-thumbnail","6":"product_cat-books","7":"product_cat-fashion-en-en","8":"product_tag-fashion","9":"pa_author_att-laird-borrelli-persson","10":"pa_cover-hardcover","11":"pa_format-19-x-277-cm-en","12":"pa_isbn-20764","13":"pa_language-eng","14":"pa_pages-632-en","15":"pa_published-2025-10-01","16":"pa_publisher-thames-hudson-en","18":"first","19":"instock","20":"sold-individually","21":"shipping-taxable","22":"purchasable","23":"product-type-simple"},"yoast_head":"<!-- This site is optimized with the Yoast SEO plugin v27.4 - https:\/\/yoast.com\/product\/yoast-seo-wordpress\/ -->\n<title>Jean Paul Gaultier Catwalk (Laird Borrelli-Persson) - book \/ album - Folio<\/title>\n<meta name=\"description\" content=\"Wejd\u017a i kup ksi\u0105\u017ck\u0119 Jean Paul Gaultier Catwalk autorstwa Laird Borrelli-Persson wydan\u0105 przez Thames &amp; Hudson (2025-10-01) w formacie 19 x 27,7 cm (ISBN: 9780500025765). Zapraszamy!\" \/>\n<meta name=\"robots\" content=\"index, follow, max-snippet:-1, max-image-preview:large, max-video-preview:-1\" \/>\n<link rel=\"canonical\" href=\"https:\/\/foliobooks.pl\/en\/shop\/jean-paul-gaultier-catwalk\/\" \/>\n<meta property=\"og:locale\" content=\"en_US\" \/>\n<meta property=\"og:type\" content=\"article\" \/>\n<meta property=\"og:title\" content=\"Jean Paul Gaultier Catwalk (Laird Borrelli-Persson) - book \/ album - Folio\" \/>\n<meta property=\"og:description\" content=\"Wejd\u017a i kup ksi\u0105\u017ck\u0119 Jean Paul Gaultier Catwalk autorstwa Laird Borrelli-Persson wydan\u0105 przez Thames &amp; Hudson (2025-10-01) w formacie 19 x 27,7 cm (ISBN: 9780500025765). Zapraszamy!\" \/>\n<meta property=\"og:url\" content=\"https:\/\/foliobooks.pl\/en\/shop\/jean-paul-gaultier-catwalk\/\" \/>\n<meta property=\"og:site_name\" content=\"Folio\" \/>\n<meta property=\"og:image\" content=\"https:\/\/foliobooks.pl\/wp-content\/uploads\/2025\/11\/9780500025765.png\" \/>\n\t<meta property=\"og:image:width\" content=\"570\" \/>\n\t<meta property=\"og:image:height\" content=\"708\" \/>\n\t<meta property=\"og:image:type\" content=\"image\/png\" \/>\n<meta name=\"twitter:card\" content=\"summary_large_image\" \/>\n<meta name=\"twitter:label1\" content=\"Est. reading time\" \/>\n\t<meta name=\"twitter:data1\" content=\"2 minutes\" \/>\n<script type=\"application\/ld+json\" class=\"yoast-schema-graph\">{\"@context\":\"https:\\\/\\\/schema.org\",\"@graph\":[{\"@type\":\"WebPage\",\"@id\":\"https:\\\/\\\/foliobooks.pl\\\/en\\\/shop\\\/jean-paul-gaultier-catwalk\\\/\",\"url\":\"https:\\\/\\\/foliobooks.pl\\\/en\\\/shop\\\/jean-paul-gaultier-catwalk\\\/\",\"name\":\"Jean Paul Gaultier Catwalk (Laird Borrelli-Persson) - book \\\/ album - Folio\",\"isPartOf\":{\"@id\":\"https:\\\/\\\/foliobooks.pl\\\/en\\\/#website\"},\"primaryImageOfPage\":{\"@id\":\"https:\\\/\\\/foliobooks.pl\\\/en\\\/shop\\\/jean-paul-gaultier-catwalk\\\/#primaryimage\"},\"image\":{\"@id\":\"https:\\\/\\\/foliobooks.pl\\\/en\\\/shop\\\/jean-paul-gaultier-catwalk\\\/#primaryimage\"},\"thumbnailUrl\":\"https:\\\/\\\/foliobooks.pl\\\/wp-content\\\/uploads\\\/2025\\\/11\\\/9780500025765.png\",\"datePublished\":\"2025-11-17T14:52:15+00:00\",\"description\":\"Wejd\u017a i kup ksi\u0105\u017ck\u0119 Jean Paul Gaultier Catwalk autorstwa Laird Borrelli-Persson wydan\u0105 przez Thames &amp; Hudson (2025-10-01) w formacie 19 x 27,7 cm (ISBN: 9780500025765). Zapraszamy!\",\"breadcrumb\":{\"@id\":\"https:\\\/\\\/foliobooks.pl\\\/en\\\/shop\\\/jean-paul-gaultier-catwalk\\\/#breadcrumb\"},\"inLanguage\":\"en-US\",\"potentialAction\":[{\"@type\":\"ReadAction\",\"target\":[\"https:\\\/\\\/foliobooks.pl\\\/en\\\/shop\\\/jean-paul-gaultier-catwalk\\\/\"]}]},{\"@type\":\"ImageObject\",\"inLanguage\":\"en-US\",\"@id\":\"https:\\\/\\\/foliobooks.pl\\\/en\\\/shop\\\/jean-paul-gaultier-catwalk\\\/#primaryimage\",\"url\":\"https:\\\/\\\/foliobooks.pl\\\/wp-content\\\/uploads\\\/2025\\\/11\\\/9780500025765.png\",\"contentUrl\":\"https:\\\/\\\/foliobooks.pl\\\/wp-content\\\/uploads\\\/2025\\\/11\\\/9780500025765.png\",\"width\":570,\"height\":708},{\"@type\":\"BreadcrumbList\",\"@id\":\"https:\\\/\\\/foliobooks.pl\\\/en\\\/shop\\\/jean-paul-gaultier-catwalk\\\/#breadcrumb\",\"itemListElement\":[{\"@type\":\"ListItem\",\"position\":1,\"name\":\"Strona g\u0142\u00f3wna\",\"item\":\"https:\\\/\\\/foliobooks.pl\\\/en\\\/\"},{\"@type\":\"ListItem\",\"position\":2,\"name\":\"Shop\",\"item\":\"https:\\\/\\\/foliobooks.pl\\\/en\\\/shop\\\/\"},{\"@type\":\"ListItem\",\"position\":3,\"name\":\"Jean Paul Gaultier Catwalk\"}]},{\"@type\":\"WebSite\",\"@id\":\"https:\\\/\\\/foliobooks.pl\\\/en\\\/#website\",\"url\":\"https:\\\/\\\/foliobooks.pl\\\/en\\\/\",\"name\":\"Folio\",\"description\":\"Ksi\u0119garnia internetowa\",\"potentialAction\":[{\"@type\":\"SearchAction\",\"target\":{\"@type\":\"EntryPoint\",\"urlTemplate\":\"https:\\\/\\\/foliobooks.pl\\\/en\\\/?s={search_term_string}\"},\"query-input\":{\"@type\":\"PropertyValueSpecification\",\"valueRequired\":true,\"valueName\":\"search_term_string\"}}],\"inLanguage\":\"en-US\"}]}<\/script>\n<!-- \/ Yoast SEO plugin. -->","yoast_head_json":{"title":"Jean Paul Gaultier Catwalk (Laird Borrelli-Persson) - book \/ album - Folio","description":"Wejd\u017a i kup ksi\u0105\u017ck\u0119 Jean Paul Gaultier Catwalk autorstwa Laird Borrelli-Persson wydan\u0105 przez Thames &amp; Hudson (2025-10-01) w formacie 19 x 27,7 cm (ISBN: 9780500025765). Zapraszamy!","robots":{"index":"index","follow":"follow","max-snippet":"max-snippet:-1","max-image-preview":"max-image-preview:large","max-video-preview":"max-video-preview:-1"},"canonical":"https:\/\/foliobooks.pl\/en\/shop\/jean-paul-gaultier-catwalk\/","og_locale":"en_US","og_type":"article","og_title":"Jean Paul Gaultier Catwalk (Laird Borrelli-Persson) - book \/ album - Folio","og_description":"Wejd\u017a i kup ksi\u0105\u017ck\u0119 Jean Paul Gaultier Catwalk autorstwa Laird Borrelli-Persson wydan\u0105 przez Thames &amp; Hudson (2025-10-01) w formacie 19 x 27,7 cm (ISBN: 9780500025765). Zapraszamy!","og_url":"https:\/\/foliobooks.pl\/en\/shop\/jean-paul-gaultier-catwalk\/","og_site_name":"Folio","og_image":[{"width":570,"height":708,"url":"https:\/\/foliobooks.pl\/wp-content\/uploads\/2025\/11\/9780500025765.png","type":"image\/png"}],"twitter_card":"summary_large_image","twitter_misc":{"Est. reading time":"2 minutes"},"schema":{"@context":"https:\/\/schema.org","@graph":[{"@type":"WebPage","@id":"https:\/\/foliobooks.pl\/en\/shop\/jean-paul-gaultier-catwalk\/","url":"https:\/\/foliobooks.pl\/en\/shop\/jean-paul-gaultier-catwalk\/","name":"Jean Paul Gaultier Catwalk (Laird Borrelli-Persson) - book \/ album - Folio","isPartOf":{"@id":"https:\/\/foliobooks.pl\/en\/#website"},"primaryImageOfPage":{"@id":"https:\/\/foliobooks.pl\/en\/shop\/jean-paul-gaultier-catwalk\/#primaryimage"},"image":{"@id":"https:\/\/foliobooks.pl\/en\/shop\/jean-paul-gaultier-catwalk\/#primaryimage"},"thumbnailUrl":"https:\/\/foliobooks.pl\/wp-content\/uploads\/2025\/11\/9780500025765.png","datePublished":"2025-11-17T14:52:15+00:00","description":"Wejd\u017a i kup ksi\u0105\u017ck\u0119 Jean Paul Gaultier Catwalk autorstwa Laird Borrelli-Persson wydan\u0105 przez Thames &amp; Hudson (2025-10-01) w formacie 19 x 27,7 cm (ISBN: 9780500025765). Zapraszamy!","breadcrumb":{"@id":"https:\/\/foliobooks.pl\/en\/shop\/jean-paul-gaultier-catwalk\/#breadcrumb"},"inLanguage":"en-US","potentialAction":[{"@type":"ReadAction","target":["https:\/\/foliobooks.pl\/en\/shop\/jean-paul-gaultier-catwalk\/"]}]},{"@type":"ImageObject","inLanguage":"en-US","@id":"https:\/\/foliobooks.pl\/en\/shop\/jean-paul-gaultier-catwalk\/#primaryimage","url":"https:\/\/foliobooks.pl\/wp-content\/uploads\/2025\/11\/9780500025765.png","contentUrl":"https:\/\/foliobooks.pl\/wp-content\/uploads\/2025\/11\/9780500025765.png","width":570,"height":708},{"@type":"BreadcrumbList","@id":"https:\/\/foliobooks.pl\/en\/shop\/jean-paul-gaultier-catwalk\/#breadcrumb","itemListElement":[{"@type":"ListItem","position":1,"name":"Strona g\u0142\u00f3wna","item":"https:\/\/foliobooks.pl\/en\/"},{"@type":"ListItem","position":2,"name":"Shop","item":"https:\/\/foliobooks.pl\/en\/shop\/"},{"@type":"ListItem","position":3,"name":"Jean Paul Gaultier Catwalk"}]},{"@type":"WebSite","@id":"https:\/\/foliobooks.pl\/en\/#website","url":"https:\/\/foliobooks.pl\/en\/","name":"Folio","description":"Ksi\u0119garnia internetowa","potentialAction":[{"@type":"SearchAction","target":{"@type":"EntryPoint","urlTemplate":"https:\/\/foliobooks.pl\/en\/?s={search_term_string}"},"query-input":{"@type":"PropertyValueSpecification","valueRequired":true,"valueName":"search_term_string"}}],"inLanguage":"en-US"}]}},"_links":{"self":[{"href":"https:\/\/foliobooks.pl\/en\/wp-json\/wp\/v2\/product\/107919","targetHints":{"allow":["GET"]}}],"collection":[{"href":"https:\/\/foliobooks.pl\/en\/wp-json\/wp\/v2\/product"}],"about":[{"href":"https:\/\/foliobooks.pl\/en\/wp-json\/wp\/v2\/types\/product"}],"replies":[{"embeddable":true,"href":"https:\/\/foliobooks.pl\/en\/wp-json\/wp\/v2\/comments?post=107919"}],"wp:featuredmedia":[{"embeddable":true,"href":"https:\/\/foliobooks.pl\/en\/wp-json\/wp\/v2\/media\/107920"}],"wp:attachment":[{"href":"https:\/\/foliobooks.pl\/en\/wp-json\/wp\/v2\/media?parent=107919"}],"wp:term":[{"taxonomy":"product_brand","embeddable":true,"href":"https:\/\/foliobooks.pl\/en\/wp-json\/wp\/v2\/product_brand?post=107919"},{"taxonomy":"product_cat","embeddable":true,"href":"https:\/\/foliobooks.pl\/en\/wp-json\/wp\/v2\/product_cat?post=107919"},{"taxonomy":"product_tag","embeddable":true,"href":"https:\/\/foliobooks.pl\/en\/wp-json\/wp\/v2\/product_tag?post=107919"}],"curies":[{"name":"wp","href":"https:\/\/api.w.org\/{rel}","templated":true}]}}