{"id":107911,"date":"2025-11-17T15:44:41","date_gmt":"2025-11-17T14:44:41","guid":{"rendered":"https:\/\/foliobooks.pl\/sklep\/japan-art-revolution\/"},"modified":"2025-11-17T15:44:41","modified_gmt":"2025-11-17T14:44:41","slug":"japan-art-revolution","status":"publish","type":"product","link":"https:\/\/foliobooks.pl\/en\/shop\/japan-art-revolution\/","title":{"rendered":"Japan Art Revolution"},"content":{"rendered":"<p>A captivating examination of the avant-garde art scene in Japan in the 1960s and &#8217;70s, and the revolutionary Japanese artists who made it a creative force both in the country and around the world.<\/p>\n<p>The 1960s in Japan were a time of profound social change, political unrest, and student protests. The turbulent years of the postwar era inspired an artistic explosion, with the emergence of a revolutionary scene of avant-garde artists who pioneered many disciplines: experimental and erotic photography, &#8220;Angura&#8221; theater and underground street performances, apocalyptic butoh dance, surreal illustrations, and seminal graphic design.<\/p>\n<p>Taking design cues from Japanese luminaries Yokoo Tadanori and Awazu Kiyoshi, Japan Art Revolution showcases more than six hundred captivating artworks, encompassing photographs, film stills, theater posters, and illustrations by visionary artists including Moriyama Daido, Hosoe Eiko, Araki Nobuyoshi, Ishiuchi Miyako, Tanaami Keiichi, Hijikata Tatsumi, Ohno Kazuo, Terayama Shuji, Tenjo Sajiki, Kawada Kikuji, Neo-Dada Organizers, Hi-\u00adRed Center, Hanaga Mitsutoshi, Nakahira Takuma, and Tanabe Santaro, to name a few of the artists featured in this book.<\/p>\n<p>Drawing on extensive interviews with these iconic artists, this comprehensive publication offers readers a nuanced understanding of the thriving world of Japanese avant-\u00adgarde art, complemented by insightful texts and quotes from esteemed experts, curators, academics, and archivists.<\/p>\n","protected":false},"excerpt":{"rendered":"<p>A captivating examination of the avant-garde art scene in Japan in the 1960s and &#8217;70s, and the revolutionary Japanese artists who made it a creative force both in the country and around the world. The 1960s in Japan were a time of profound social change, political unrest, and student protests. The turbulent years of the&#8230;<\/p>\n","protected":false},"featured_media":107912,"comment_status":"closed","ping_status":"closed","template":"","meta":[],"product_brand":[],"product_cat":[4522,13533],"product_tag":[9083,6929],"class_list":{"0":"post-107911","1":"product","2":"type-product","3":"status-publish","4":"has-post-thumbnail","6":"product_cat-art-en","7":"product_cat-books","8":"product_tag-art-en","9":"product_tag-japan","10":"pa_author_att-amelie-ravalec","11":"pa_cover-hardcover","12":"pa_format-264-x-206-cm","13":"pa_isbn-20760","14":"pa_language-eng","15":"pa_pages-320-en","16":"pa_published-2025-11-01","17":"pa_publisher-thames-hudson-en","19":"first","20":"instock","21":"sold-individually","22":"shipping-taxable","23":"purchasable","24":"product-type-simple"},"yoast_head":"<!-- This site is optimized with the Yoast SEO plugin v27.4 - https:\/\/yoast.com\/product\/yoast-seo-wordpress\/ -->\n<title>Japan Art Revolution (Am\u00e9lie Ravalec) - book \/ album - Folio<\/title>\n<meta name=\"description\" content=\"Wejd\u017a i kup ksi\u0105\u017ck\u0119 Japan Art Revolution autorstwa Am\u00e9lie Ravalec wydan\u0105 przez Thames &amp; Hudson (2025-11-01) w formacie 26,4 x 20,6 cm (ISBN: 9780500029107). Zapraszamy!\" \/>\n<meta name=\"robots\" content=\"index, follow, max-snippet:-1, max-image-preview:large, max-video-preview:-1\" \/>\n<link rel=\"canonical\" href=\"https:\/\/foliobooks.pl\/en\/shop\/japan-art-revolution\/\" \/>\n<meta property=\"og:locale\" content=\"en_US\" \/>\n<meta property=\"og:type\" content=\"article\" \/>\n<meta property=\"og:title\" content=\"Japan Art Revolution (Am\u00e9lie Ravalec) - book \/ album - Folio\" \/>\n<meta property=\"og:description\" content=\"Wejd\u017a i kup ksi\u0105\u017ck\u0119 Japan Art Revolution autorstwa Am\u00e9lie Ravalec wydan\u0105 przez Thames &amp; Hudson (2025-11-01) w formacie 26,4 x 20,6 cm (ISBN: 9780500029107). Zapraszamy!\" \/>\n<meta property=\"og:url\" content=\"https:\/\/foliobooks.pl\/en\/shop\/japan-art-revolution\/\" \/>\n<meta property=\"og:site_name\" content=\"Folio\" \/>\n<meta property=\"og:image\" content=\"https:\/\/foliobooks.pl\/wp-content\/uploads\/2025\/11\/9780500029107.png\" \/>\n\t<meta property=\"og:image:width\" content=\"570\" \/>\n\t<meta property=\"og:image:height\" content=\"708\" \/>\n\t<meta property=\"og:image:type\" content=\"image\/png\" \/>\n<meta name=\"twitter:card\" content=\"summary_large_image\" \/>\n<meta name=\"twitter:label1\" content=\"Est. reading time\" \/>\n\t<meta name=\"twitter:data1\" content=\"2 minutes\" \/>\n<script type=\"application\/ld+json\" class=\"yoast-schema-graph\">{\"@context\":\"https:\\\/\\\/schema.org\",\"@graph\":[{\"@type\":\"WebPage\",\"@id\":\"https:\\\/\\\/foliobooks.pl\\\/en\\\/shop\\\/japan-art-revolution\\\/\",\"url\":\"https:\\\/\\\/foliobooks.pl\\\/en\\\/shop\\\/japan-art-revolution\\\/\",\"name\":\"Japan Art Revolution (Am\u00e9lie Ravalec) - book \\\/ album - Folio\",\"isPartOf\":{\"@id\":\"https:\\\/\\\/foliobooks.pl\\\/en\\\/#website\"},\"primaryImageOfPage\":{\"@id\":\"https:\\\/\\\/foliobooks.pl\\\/en\\\/shop\\\/japan-art-revolution\\\/#primaryimage\"},\"image\":{\"@id\":\"https:\\\/\\\/foliobooks.pl\\\/en\\\/shop\\\/japan-art-revolution\\\/#primaryimage\"},\"thumbnailUrl\":\"https:\\\/\\\/foliobooks.pl\\\/wp-content\\\/uploads\\\/2025\\\/11\\\/9780500029107.png\",\"datePublished\":\"2025-11-17T14:44:41+00:00\",\"description\":\"Wejd\u017a i kup ksi\u0105\u017ck\u0119 Japan Art Revolution autorstwa Am\u00e9lie Ravalec wydan\u0105 przez Thames &amp; Hudson (2025-11-01) w formacie 26,4 x 20,6 cm (ISBN: 9780500029107). Zapraszamy!\",\"breadcrumb\":{\"@id\":\"https:\\\/\\\/foliobooks.pl\\\/en\\\/shop\\\/japan-art-revolution\\\/#breadcrumb\"},\"inLanguage\":\"en-US\",\"potentialAction\":[{\"@type\":\"ReadAction\",\"target\":[\"https:\\\/\\\/foliobooks.pl\\\/en\\\/shop\\\/japan-art-revolution\\\/\"]}]},{\"@type\":\"ImageObject\",\"inLanguage\":\"en-US\",\"@id\":\"https:\\\/\\\/foliobooks.pl\\\/en\\\/shop\\\/japan-art-revolution\\\/#primaryimage\",\"url\":\"https:\\\/\\\/foliobooks.pl\\\/wp-content\\\/uploads\\\/2025\\\/11\\\/9780500029107.png\",\"contentUrl\":\"https:\\\/\\\/foliobooks.pl\\\/wp-content\\\/uploads\\\/2025\\\/11\\\/9780500029107.png\",\"width\":570,\"height\":708},{\"@type\":\"BreadcrumbList\",\"@id\":\"https:\\\/\\\/foliobooks.pl\\\/en\\\/shop\\\/japan-art-revolution\\\/#breadcrumb\",\"itemListElement\":[{\"@type\":\"ListItem\",\"position\":1,\"name\":\"Strona g\u0142\u00f3wna\",\"item\":\"https:\\\/\\\/foliobooks.pl\\\/en\\\/\"},{\"@type\":\"ListItem\",\"position\":2,\"name\":\"Shop\",\"item\":\"https:\\\/\\\/foliobooks.pl\\\/en\\\/shop\\\/\"},{\"@type\":\"ListItem\",\"position\":3,\"name\":\"Japan Art Revolution\"}]},{\"@type\":\"WebSite\",\"@id\":\"https:\\\/\\\/foliobooks.pl\\\/en\\\/#website\",\"url\":\"https:\\\/\\\/foliobooks.pl\\\/en\\\/\",\"name\":\"Folio\",\"description\":\"Ksi\u0119garnia internetowa\",\"potentialAction\":[{\"@type\":\"SearchAction\",\"target\":{\"@type\":\"EntryPoint\",\"urlTemplate\":\"https:\\\/\\\/foliobooks.pl\\\/en\\\/?s={search_term_string}\"},\"query-input\":{\"@type\":\"PropertyValueSpecification\",\"valueRequired\":true,\"valueName\":\"search_term_string\"}}],\"inLanguage\":\"en-US\"}]}<\/script>\n<!-- \/ Yoast SEO plugin. -->","yoast_head_json":{"title":"Japan Art Revolution (Am\u00e9lie Ravalec) - book \/ album - Folio","description":"Wejd\u017a i kup ksi\u0105\u017ck\u0119 Japan Art Revolution autorstwa Am\u00e9lie Ravalec wydan\u0105 przez Thames &amp; Hudson (2025-11-01) w formacie 26,4 x 20,6 cm (ISBN: 9780500029107). Zapraszamy!","robots":{"index":"index","follow":"follow","max-snippet":"max-snippet:-1","max-image-preview":"max-image-preview:large","max-video-preview":"max-video-preview:-1"},"canonical":"https:\/\/foliobooks.pl\/en\/shop\/japan-art-revolution\/","og_locale":"en_US","og_type":"article","og_title":"Japan Art Revolution (Am\u00e9lie Ravalec) - book \/ album - Folio","og_description":"Wejd\u017a i kup ksi\u0105\u017ck\u0119 Japan Art Revolution autorstwa Am\u00e9lie Ravalec wydan\u0105 przez Thames &amp; Hudson (2025-11-01) w formacie 26,4 x 20,6 cm (ISBN: 9780500029107). Zapraszamy!","og_url":"https:\/\/foliobooks.pl\/en\/shop\/japan-art-revolution\/","og_site_name":"Folio","og_image":[{"width":570,"height":708,"url":"https:\/\/foliobooks.pl\/wp-content\/uploads\/2025\/11\/9780500029107.png","type":"image\/png"}],"twitter_card":"summary_large_image","twitter_misc":{"Est. reading time":"2 minutes"},"schema":{"@context":"https:\/\/schema.org","@graph":[{"@type":"WebPage","@id":"https:\/\/foliobooks.pl\/en\/shop\/japan-art-revolution\/","url":"https:\/\/foliobooks.pl\/en\/shop\/japan-art-revolution\/","name":"Japan Art Revolution (Am\u00e9lie Ravalec) - book \/ album - Folio","isPartOf":{"@id":"https:\/\/foliobooks.pl\/en\/#website"},"primaryImageOfPage":{"@id":"https:\/\/foliobooks.pl\/en\/shop\/japan-art-revolution\/#primaryimage"},"image":{"@id":"https:\/\/foliobooks.pl\/en\/shop\/japan-art-revolution\/#primaryimage"},"thumbnailUrl":"https:\/\/foliobooks.pl\/wp-content\/uploads\/2025\/11\/9780500029107.png","datePublished":"2025-11-17T14:44:41+00:00","description":"Wejd\u017a i kup ksi\u0105\u017ck\u0119 Japan Art Revolution autorstwa Am\u00e9lie Ravalec wydan\u0105 przez Thames &amp; Hudson (2025-11-01) w formacie 26,4 x 20,6 cm (ISBN: 9780500029107). Zapraszamy!","breadcrumb":{"@id":"https:\/\/foliobooks.pl\/en\/shop\/japan-art-revolution\/#breadcrumb"},"inLanguage":"en-US","potentialAction":[{"@type":"ReadAction","target":["https:\/\/foliobooks.pl\/en\/shop\/japan-art-revolution\/"]}]},{"@type":"ImageObject","inLanguage":"en-US","@id":"https:\/\/foliobooks.pl\/en\/shop\/japan-art-revolution\/#primaryimage","url":"https:\/\/foliobooks.pl\/wp-content\/uploads\/2025\/11\/9780500029107.png","contentUrl":"https:\/\/foliobooks.pl\/wp-content\/uploads\/2025\/11\/9780500029107.png","width":570,"height":708},{"@type":"BreadcrumbList","@id":"https:\/\/foliobooks.pl\/en\/shop\/japan-art-revolution\/#breadcrumb","itemListElement":[{"@type":"ListItem","position":1,"name":"Strona g\u0142\u00f3wna","item":"https:\/\/foliobooks.pl\/en\/"},{"@type":"ListItem","position":2,"name":"Shop","item":"https:\/\/foliobooks.pl\/en\/shop\/"},{"@type":"ListItem","position":3,"name":"Japan Art Revolution"}]},{"@type":"WebSite","@id":"https:\/\/foliobooks.pl\/en\/#website","url":"https:\/\/foliobooks.pl\/en\/","name":"Folio","description":"Ksi\u0119garnia internetowa","potentialAction":[{"@type":"SearchAction","target":{"@type":"EntryPoint","urlTemplate":"https:\/\/foliobooks.pl\/en\/?s={search_term_string}"},"query-input":{"@type":"PropertyValueSpecification","valueRequired":true,"valueName":"search_term_string"}}],"inLanguage":"en-US"}]}},"_links":{"self":[{"href":"https:\/\/foliobooks.pl\/en\/wp-json\/wp\/v2\/product\/107911","targetHints":{"allow":["GET"]}}],"collection":[{"href":"https:\/\/foliobooks.pl\/en\/wp-json\/wp\/v2\/product"}],"about":[{"href":"https:\/\/foliobooks.pl\/en\/wp-json\/wp\/v2\/types\/product"}],"replies":[{"embeddable":true,"href":"https:\/\/foliobooks.pl\/en\/wp-json\/wp\/v2\/comments?post=107911"}],"wp:featuredmedia":[{"embeddable":true,"href":"https:\/\/foliobooks.pl\/en\/wp-json\/wp\/v2\/media\/107912"}],"wp:attachment":[{"href":"https:\/\/foliobooks.pl\/en\/wp-json\/wp\/v2\/media?parent=107911"}],"wp:term":[{"taxonomy":"product_brand","embeddable":true,"href":"https:\/\/foliobooks.pl\/en\/wp-json\/wp\/v2\/product_brand?post=107911"},{"taxonomy":"product_cat","embeddable":true,"href":"https:\/\/foliobooks.pl\/en\/wp-json\/wp\/v2\/product_cat?post=107911"},{"taxonomy":"product_tag","embeddable":true,"href":"https:\/\/foliobooks.pl\/en\/wp-json\/wp\/v2\/product_tag?post=107911"}],"curies":[{"name":"wp","href":"https:\/\/api.w.org\/{rel}","templated":true}]}}