{"id":107895,"date":"2025-11-17T15:07:13","date_gmt":"2025-11-17T14:07:13","guid":{"rendered":"https:\/\/foliobooks.pl\/sklep\/egon-schiele-last-years-1914-1918\/"},"modified":"2025-11-17T15:07:13","modified_gmt":"2025-11-17T14:07:13","slug":"egon-schiele-last-years-1914-1918","status":"publish","type":"product","link":"https:\/\/foliobooks.pl\/en\/shop\/egon-schiele-last-years-1914-1918\/","title":{"rendered":"Egon Schiele. Last Years 1914-1918"},"content":{"rendered":"<p>Austrian artist Egon Schiele is known above all through his expressionist paintings and drawings, primarily made between 1910 and 1913\/14, in which he expressed the inner turmoil of an entire generation in his depictions of the human figure. His later works following 1914, which differ markedly from his earlier ones, are less well known.<\/p>\n<p>This volume chronicles the final four years of output from Egon Schiele, highlighting these later, less well-known works, in which he processed private and historical events from 1914 onward, in a style differing distinctly from his earlier works. His lines became more measured, flowing and organic, and his figures filled out and more realistic. Personal and historical events from the year 1914&#8211;the outbreak of war, his marriage to Edith Harms and the tedium of army life&#8211;clearly had a profound effect on his artistic output, leading to a significant shift in his style. Among other things, his wife Edith Schiele&#8217;s rarely seen and little-known diary (1915-18), in which she recorded her experiences, thoughts and feelings during these difficult times, is published in full in this catalog.<\/p>\n","protected":false},"excerpt":{"rendered":"<p>Austrian artist Egon Schiele is known above all through his expressionist paintings and drawings, primarily made between 1910 and 1913\/14, in which he expressed the inner turmoil of an entire generation in his depictions of the human figure. His later works following 1914, which differ markedly from his earlier ones, are less well known. This&#8230;<\/p>\n","protected":false},"featured_media":107896,"comment_status":"closed","ping_status":"closed","template":"","meta":[],"product_brand":[],"product_cat":[4522,13533],"product_tag":[9083,524],"class_list":{"0":"post-107895","1":"product","2":"type-product","3":"status-publish","4":"has-post-thumbnail","6":"product_cat-art-en","7":"product_cat-books","8":"product_tag-art-en","9":"product_tag-painting-en","10":"pa_author_att-egon-schiele","11":"pa_cover-hardcover","12":"pa_format-235-x-28-cm-en","13":"pa_isbn-20742","14":"pa_language-eng","15":"pa_pages-336-en","16":"pa_published-2025-11-01","17":"pa_publisher-walther-konig-en","19":"first","20":"instock","21":"sold-individually","22":"shipping-taxable","23":"purchasable","24":"product-type-simple"},"yoast_head":"<!-- This site is optimized with the Yoast SEO plugin v27.4 - https:\/\/yoast.com\/product\/yoast-seo-wordpress\/ -->\n<title>Egon Schiele. Last Years 1914-1918 (Egon Schiele) - book \/ album - Folio<\/title>\n<meta name=\"description\" content=\"Wejd\u017a i kup ksi\u0105\u017ck\u0119 Egon Schiele. Last Years 1914-1918 autorstwa Egon Schiele wydan\u0105 przez Walther K\u00f6nig (2025-11-01) w formacie 23,5 x 28 cm (ISBN: 9783753308166). Zapraszamy!\" \/>\n<meta name=\"robots\" content=\"index, follow, max-snippet:-1, max-image-preview:large, max-video-preview:-1\" \/>\n<link rel=\"canonical\" href=\"https:\/\/foliobooks.pl\/en\/shop\/egon-schiele-last-years-1914-1918\/\" \/>\n<meta property=\"og:locale\" content=\"en_US\" \/>\n<meta property=\"og:type\" content=\"article\" \/>\n<meta property=\"og:title\" content=\"Egon Schiele. Last Years 1914-1918 (Egon Schiele) - book \/ album - Folio\" \/>\n<meta property=\"og:description\" content=\"Wejd\u017a i kup ksi\u0105\u017ck\u0119 Egon Schiele. Last Years 1914-1918 autorstwa Egon Schiele wydan\u0105 przez Walther K\u00f6nig (2025-11-01) w formacie 23,5 x 28 cm (ISBN: 9783753308166). Zapraszamy!\" \/>\n<meta property=\"og:url\" content=\"https:\/\/foliobooks.pl\/en\/shop\/egon-schiele-last-years-1914-1918\/\" \/>\n<meta property=\"og:site_name\" content=\"Folio\" \/>\n<meta property=\"og:image\" content=\"https:\/\/foliobooks.pl\/wp-content\/uploads\/2025\/11\/9783753308166.png\" \/>\n\t<meta property=\"og:image:width\" content=\"570\" \/>\n\t<meta property=\"og:image:height\" content=\"708\" \/>\n\t<meta property=\"og:image:type\" content=\"image\/png\" \/>\n<meta name=\"twitter:card\" content=\"summary_large_image\" \/>\n<meta name=\"twitter:label1\" content=\"Est. reading time\" \/>\n\t<meta name=\"twitter:data1\" content=\"2 minutes\" \/>\n<script type=\"application\/ld+json\" class=\"yoast-schema-graph\">{\"@context\":\"https:\\\/\\\/schema.org\",\"@graph\":[{\"@type\":\"WebPage\",\"@id\":\"https:\\\/\\\/foliobooks.pl\\\/en\\\/shop\\\/egon-schiele-last-years-1914-1918\\\/\",\"url\":\"https:\\\/\\\/foliobooks.pl\\\/en\\\/shop\\\/egon-schiele-last-years-1914-1918\\\/\",\"name\":\"Egon Schiele. Last Years 1914-1918 (Egon Schiele) - book \\\/ album - Folio\",\"isPartOf\":{\"@id\":\"https:\\\/\\\/foliobooks.pl\\\/en\\\/#website\"},\"primaryImageOfPage\":{\"@id\":\"https:\\\/\\\/foliobooks.pl\\\/en\\\/shop\\\/egon-schiele-last-years-1914-1918\\\/#primaryimage\"},\"image\":{\"@id\":\"https:\\\/\\\/foliobooks.pl\\\/en\\\/shop\\\/egon-schiele-last-years-1914-1918\\\/#primaryimage\"},\"thumbnailUrl\":\"https:\\\/\\\/foliobooks.pl\\\/wp-content\\\/uploads\\\/2025\\\/11\\\/9783753308166.png\",\"datePublished\":\"2025-11-17T14:07:13+00:00\",\"description\":\"Wejd\u017a i kup ksi\u0105\u017ck\u0119 Egon Schiele. Last Years 1914-1918 autorstwa Egon Schiele wydan\u0105 przez Walther K\u00f6nig (2025-11-01) w formacie 23,5 x 28 cm (ISBN: 9783753308166). Zapraszamy!\",\"breadcrumb\":{\"@id\":\"https:\\\/\\\/foliobooks.pl\\\/en\\\/shop\\\/egon-schiele-last-years-1914-1918\\\/#breadcrumb\"},\"inLanguage\":\"en-US\",\"potentialAction\":[{\"@type\":\"ReadAction\",\"target\":[\"https:\\\/\\\/foliobooks.pl\\\/en\\\/shop\\\/egon-schiele-last-years-1914-1918\\\/\"]}]},{\"@type\":\"ImageObject\",\"inLanguage\":\"en-US\",\"@id\":\"https:\\\/\\\/foliobooks.pl\\\/en\\\/shop\\\/egon-schiele-last-years-1914-1918\\\/#primaryimage\",\"url\":\"https:\\\/\\\/foliobooks.pl\\\/wp-content\\\/uploads\\\/2025\\\/11\\\/9783753308166.png\",\"contentUrl\":\"https:\\\/\\\/foliobooks.pl\\\/wp-content\\\/uploads\\\/2025\\\/11\\\/9783753308166.png\",\"width\":570,\"height\":708},{\"@type\":\"BreadcrumbList\",\"@id\":\"https:\\\/\\\/foliobooks.pl\\\/en\\\/shop\\\/egon-schiele-last-years-1914-1918\\\/#breadcrumb\",\"itemListElement\":[{\"@type\":\"ListItem\",\"position\":1,\"name\":\"Strona g\u0142\u00f3wna\",\"item\":\"https:\\\/\\\/foliobooks.pl\\\/en\\\/\"},{\"@type\":\"ListItem\",\"position\":2,\"name\":\"Shop\",\"item\":\"https:\\\/\\\/foliobooks.pl\\\/en\\\/shop\\\/\"},{\"@type\":\"ListItem\",\"position\":3,\"name\":\"Egon Schiele. Last Years 1914-1918\"}]},{\"@type\":\"WebSite\",\"@id\":\"https:\\\/\\\/foliobooks.pl\\\/en\\\/#website\",\"url\":\"https:\\\/\\\/foliobooks.pl\\\/en\\\/\",\"name\":\"Folio\",\"description\":\"Ksi\u0119garnia internetowa\",\"potentialAction\":[{\"@type\":\"SearchAction\",\"target\":{\"@type\":\"EntryPoint\",\"urlTemplate\":\"https:\\\/\\\/foliobooks.pl\\\/en\\\/?s={search_term_string}\"},\"query-input\":{\"@type\":\"PropertyValueSpecification\",\"valueRequired\":true,\"valueName\":\"search_term_string\"}}],\"inLanguage\":\"en-US\"}]}<\/script>\n<!-- \/ Yoast SEO plugin. -->","yoast_head_json":{"title":"Egon Schiele. Last Years 1914-1918 (Egon Schiele) - book \/ album - Folio","description":"Wejd\u017a i kup ksi\u0105\u017ck\u0119 Egon Schiele. Last Years 1914-1918 autorstwa Egon Schiele wydan\u0105 przez Walther K\u00f6nig (2025-11-01) w formacie 23,5 x 28 cm (ISBN: 9783753308166). Zapraszamy!","robots":{"index":"index","follow":"follow","max-snippet":"max-snippet:-1","max-image-preview":"max-image-preview:large","max-video-preview":"max-video-preview:-1"},"canonical":"https:\/\/foliobooks.pl\/en\/shop\/egon-schiele-last-years-1914-1918\/","og_locale":"en_US","og_type":"article","og_title":"Egon Schiele. Last Years 1914-1918 (Egon Schiele) - book \/ album - Folio","og_description":"Wejd\u017a i kup ksi\u0105\u017ck\u0119 Egon Schiele. Last Years 1914-1918 autorstwa Egon Schiele wydan\u0105 przez Walther K\u00f6nig (2025-11-01) w formacie 23,5 x 28 cm (ISBN: 9783753308166). Zapraszamy!","og_url":"https:\/\/foliobooks.pl\/en\/shop\/egon-schiele-last-years-1914-1918\/","og_site_name":"Folio","og_image":[{"width":570,"height":708,"url":"https:\/\/foliobooks.pl\/wp-content\/uploads\/2025\/11\/9783753308166.png","type":"image\/png"}],"twitter_card":"summary_large_image","twitter_misc":{"Est. reading time":"2 minutes"},"schema":{"@context":"https:\/\/schema.org","@graph":[{"@type":"WebPage","@id":"https:\/\/foliobooks.pl\/en\/shop\/egon-schiele-last-years-1914-1918\/","url":"https:\/\/foliobooks.pl\/en\/shop\/egon-schiele-last-years-1914-1918\/","name":"Egon Schiele. Last Years 1914-1918 (Egon Schiele) - book \/ album - Folio","isPartOf":{"@id":"https:\/\/foliobooks.pl\/en\/#website"},"primaryImageOfPage":{"@id":"https:\/\/foliobooks.pl\/en\/shop\/egon-schiele-last-years-1914-1918\/#primaryimage"},"image":{"@id":"https:\/\/foliobooks.pl\/en\/shop\/egon-schiele-last-years-1914-1918\/#primaryimage"},"thumbnailUrl":"https:\/\/foliobooks.pl\/wp-content\/uploads\/2025\/11\/9783753308166.png","datePublished":"2025-11-17T14:07:13+00:00","description":"Wejd\u017a i kup ksi\u0105\u017ck\u0119 Egon Schiele. Last Years 1914-1918 autorstwa Egon Schiele wydan\u0105 przez Walther K\u00f6nig (2025-11-01) w formacie 23,5 x 28 cm (ISBN: 9783753308166). Zapraszamy!","breadcrumb":{"@id":"https:\/\/foliobooks.pl\/en\/shop\/egon-schiele-last-years-1914-1918\/#breadcrumb"},"inLanguage":"en-US","potentialAction":[{"@type":"ReadAction","target":["https:\/\/foliobooks.pl\/en\/shop\/egon-schiele-last-years-1914-1918\/"]}]},{"@type":"ImageObject","inLanguage":"en-US","@id":"https:\/\/foliobooks.pl\/en\/shop\/egon-schiele-last-years-1914-1918\/#primaryimage","url":"https:\/\/foliobooks.pl\/wp-content\/uploads\/2025\/11\/9783753308166.png","contentUrl":"https:\/\/foliobooks.pl\/wp-content\/uploads\/2025\/11\/9783753308166.png","width":570,"height":708},{"@type":"BreadcrumbList","@id":"https:\/\/foliobooks.pl\/en\/shop\/egon-schiele-last-years-1914-1918\/#breadcrumb","itemListElement":[{"@type":"ListItem","position":1,"name":"Strona g\u0142\u00f3wna","item":"https:\/\/foliobooks.pl\/en\/"},{"@type":"ListItem","position":2,"name":"Shop","item":"https:\/\/foliobooks.pl\/en\/shop\/"},{"@type":"ListItem","position":3,"name":"Egon Schiele. Last Years 1914-1918"}]},{"@type":"WebSite","@id":"https:\/\/foliobooks.pl\/en\/#website","url":"https:\/\/foliobooks.pl\/en\/","name":"Folio","description":"Ksi\u0119garnia internetowa","potentialAction":[{"@type":"SearchAction","target":{"@type":"EntryPoint","urlTemplate":"https:\/\/foliobooks.pl\/en\/?s={search_term_string}"},"query-input":{"@type":"PropertyValueSpecification","valueRequired":true,"valueName":"search_term_string"}}],"inLanguage":"en-US"}]}},"_links":{"self":[{"href":"https:\/\/foliobooks.pl\/en\/wp-json\/wp\/v2\/product\/107895","targetHints":{"allow":["GET"]}}],"collection":[{"href":"https:\/\/foliobooks.pl\/en\/wp-json\/wp\/v2\/product"}],"about":[{"href":"https:\/\/foliobooks.pl\/en\/wp-json\/wp\/v2\/types\/product"}],"replies":[{"embeddable":true,"href":"https:\/\/foliobooks.pl\/en\/wp-json\/wp\/v2\/comments?post=107895"}],"wp:featuredmedia":[{"embeddable":true,"href":"https:\/\/foliobooks.pl\/en\/wp-json\/wp\/v2\/media\/107896"}],"wp:attachment":[{"href":"https:\/\/foliobooks.pl\/en\/wp-json\/wp\/v2\/media?parent=107895"}],"wp:term":[{"taxonomy":"product_brand","embeddable":true,"href":"https:\/\/foliobooks.pl\/en\/wp-json\/wp\/v2\/product_brand?post=107895"},{"taxonomy":"product_cat","embeddable":true,"href":"https:\/\/foliobooks.pl\/en\/wp-json\/wp\/v2\/product_cat?post=107895"},{"taxonomy":"product_tag","embeddable":true,"href":"https:\/\/foliobooks.pl\/en\/wp-json\/wp\/v2\/product_tag?post=107895"}],"curies":[{"name":"wp","href":"https:\/\/api.w.org\/{rel}","templated":true}]}}