{"id":107809,"date":"2025-11-14T10:34:25","date_gmt":"2025-11-14T09:34:25","guid":{"rendered":"https:\/\/foliobooks.pl\/sklep\/fornasetti-memories-of-the-future\/"},"modified":"2025-11-24T16:04:43","modified_gmt":"2025-11-24T15:04:43","slug":"fornasetti-memories-of-the-future","status":"publish","type":"product","link":"https:\/\/foliobooks.pl\/en\/shop\/fornasetti-memories-of-the-future\/","title":{"rendered":"Fornasetti: Memories of the Future"},"content":{"rendered":"<p>The imaginative universe of Piero Fornasetti, an iconic figure of Italy\u2019s economic boom, and the creative continuity of his son Barnaba.<\/p>\n<p>Piero Fornasetti started his business in the immediate postwar period, when in 1947\u2014encouraged by Gio Ponti, who first sensed his talent\u2014he presented ceramics at the eighth Milan Triennale. In the early 1950s, together with Ponti, he created the furnishings for the great Italian transatlantic liners, a fruitful collaboration that would give him great visibility. Piero Fornasetti quickly expanded production with furniture, furnishings and accessories, household objects, and fabrics, becoming an iconic designer in Italy as the country was reborn, rebuilt, and transformed after the war in the years of the economic boom. Some of Fornasetti\u2019s furniture\u2014the trumeau, the desk, the chest of drawers\u2014have fully entered the history of twentieth-century Italian design.<\/p>\n<p>After Piero\u2019s death in 1988, his son Barnaba took the reins of the company, enhancing his father\u2019s incredible visual archive, relaunching the brand, and ferrying it toward international development of great prestige, with exhibitions and activities in museums around the world.<\/p>\n<p>Fornasetti is a brand that is now known all over the world and is sought-after by international collectors. The imaginative universe that Fornasetti builds around its ironic objects and outside any conventions is unique and unparalleled.<\/p>\n<p>This book, made in close collaboration with Barnaba Fornasetti, who has penned the foreword, traces the story of this exciting human and creative adventure.<\/p>\n","protected":false},"excerpt":{"rendered":"<p>The imaginative universe of Piero Fornasetti, an iconic figure of Italy\u2019s economic boom, and the creative continuity of his son Barnaba. Piero Fornasetti started his business in the immediate postwar period, when in 1947\u2014encouraged by Gio Ponti, who first sensed his talent\u2014he presented ceramics at the eighth Milan Triennale. In the early 1950s, together with&#8230;<\/p>\n","protected":false},"featured_media":107810,"comment_status":"closed","ping_status":"closed","template":"","meta":[],"product_brand":[],"product_cat":[4516,13533],"product_tag":[6124,290],"class_list":{"0":"post-107809","1":"product","2":"type-product","3":"status-publish","4":"has-post-thumbnail","6":"product_cat-architecture-en","7":"product_cat-books","8":"product_tag-architecture-en","9":"product_tag-interiors-en","10":"pa_author_att-barnaba-fornasetti","11":"pa_cover-hardcover","12":"pa_format-226-x-335","13":"pa_isbn-20723","14":"pa_language-eng","15":"pa_pages-320-en","16":"pa_published-2024-09-24","17":"pa_publisher-rizzoli-en","19":"first","20":"outofstock","21":"sold-individually","22":"shipping-taxable","23":"purchasable","24":"product-type-simple"},"yoast_head":"<!-- This site is optimized with the Yoast SEO plugin v27.4 - https:\/\/yoast.com\/product\/yoast-seo-wordpress\/ -->\n<title>Fornasetti: Memories of the Future (Barnaba Fornasetti) - book \/ album - Folio<\/title>\n<meta name=\"description\" content=\"Wejd\u017a i kup ksi\u0105\u017ck\u0119 Fornasetti: Memories of the Future autorstwa Barnaba Fornasetti wydan\u0105 przez Rizzoli (2024-09-24) w formacie 22,6 x 33,5 (ISBN: 9788891841360). Zapraszamy!\" \/>\n<meta name=\"robots\" content=\"index, follow, max-snippet:-1, max-image-preview:large, max-video-preview:-1\" \/>\n<link rel=\"canonical\" href=\"https:\/\/foliobooks.pl\/en\/shop\/fornasetti-memories-of-the-future\/\" \/>\n<meta property=\"og:locale\" content=\"en_US\" \/>\n<meta property=\"og:type\" content=\"article\" \/>\n<meta property=\"og:title\" content=\"Fornasetti: Memories of the Future (Barnaba Fornasetti) - book \/ album - Folio\" \/>\n<meta property=\"og:description\" content=\"Wejd\u017a i kup ksi\u0105\u017ck\u0119 Fornasetti: Memories of the Future autorstwa Barnaba Fornasetti wydan\u0105 przez Rizzoli (2024-09-24) w formacie 22,6 x 33,5 (ISBN: 9788891841360). Zapraszamy!\" \/>\n<meta property=\"og:url\" content=\"https:\/\/foliobooks.pl\/en\/shop\/fornasetti-memories-of-the-future\/\" \/>\n<meta property=\"og:site_name\" content=\"Folio\" \/>\n<meta property=\"article:modified_time\" content=\"2025-11-24T15:04:43+00:00\" \/>\n<meta property=\"og:image\" content=\"https:\/\/foliobooks.pl\/wp-content\/uploads\/2025\/11\/9788891841360.png\" \/>\n\t<meta property=\"og:image:width\" content=\"570\" \/>\n\t<meta property=\"og:image:height\" content=\"708\" \/>\n\t<meta property=\"og:image:type\" content=\"image\/png\" \/>\n<meta name=\"twitter:card\" content=\"summary_large_image\" \/>\n<meta name=\"twitter:label1\" content=\"Est. reading time\" \/>\n\t<meta name=\"twitter:data1\" content=\"2 minutes\" \/>\n<script type=\"application\/ld+json\" class=\"yoast-schema-graph\">{\"@context\":\"https:\\\/\\\/schema.org\",\"@graph\":[{\"@type\":\"WebPage\",\"@id\":\"https:\\\/\\\/foliobooks.pl\\\/en\\\/shop\\\/fornasetti-memories-of-the-future\\\/\",\"url\":\"https:\\\/\\\/foliobooks.pl\\\/en\\\/shop\\\/fornasetti-memories-of-the-future\\\/\",\"name\":\"Fornasetti: Memories of the Future (Barnaba Fornasetti) - book \\\/ album - Folio\",\"isPartOf\":{\"@id\":\"https:\\\/\\\/foliobooks.pl\\\/en\\\/#website\"},\"primaryImageOfPage\":{\"@id\":\"https:\\\/\\\/foliobooks.pl\\\/en\\\/shop\\\/fornasetti-memories-of-the-future\\\/#primaryimage\"},\"image\":{\"@id\":\"https:\\\/\\\/foliobooks.pl\\\/en\\\/shop\\\/fornasetti-memories-of-the-future\\\/#primaryimage\"},\"thumbnailUrl\":\"https:\\\/\\\/foliobooks.pl\\\/wp-content\\\/uploads\\\/2025\\\/11\\\/9788891841360.png\",\"datePublished\":\"2025-11-14T09:34:25+00:00\",\"dateModified\":\"2025-11-24T15:04:43+00:00\",\"description\":\"Wejd\u017a i kup ksi\u0105\u017ck\u0119 Fornasetti: Memories of the Future autorstwa Barnaba Fornasetti wydan\u0105 przez Rizzoli (2024-09-24) w formacie 22,6 x 33,5 (ISBN: 9788891841360). Zapraszamy!\",\"breadcrumb\":{\"@id\":\"https:\\\/\\\/foliobooks.pl\\\/en\\\/shop\\\/fornasetti-memories-of-the-future\\\/#breadcrumb\"},\"inLanguage\":\"en-US\",\"potentialAction\":[{\"@type\":\"ReadAction\",\"target\":[\"https:\\\/\\\/foliobooks.pl\\\/en\\\/shop\\\/fornasetti-memories-of-the-future\\\/\"]}]},{\"@type\":\"ImageObject\",\"inLanguage\":\"en-US\",\"@id\":\"https:\\\/\\\/foliobooks.pl\\\/en\\\/shop\\\/fornasetti-memories-of-the-future\\\/#primaryimage\",\"url\":\"https:\\\/\\\/foliobooks.pl\\\/wp-content\\\/uploads\\\/2025\\\/11\\\/9788891841360.png\",\"contentUrl\":\"https:\\\/\\\/foliobooks.pl\\\/wp-content\\\/uploads\\\/2025\\\/11\\\/9788891841360.png\",\"width\":570,\"height\":708},{\"@type\":\"BreadcrumbList\",\"@id\":\"https:\\\/\\\/foliobooks.pl\\\/en\\\/shop\\\/fornasetti-memories-of-the-future\\\/#breadcrumb\",\"itemListElement\":[{\"@type\":\"ListItem\",\"position\":1,\"name\":\"Strona g\u0142\u00f3wna\",\"item\":\"https:\\\/\\\/foliobooks.pl\\\/en\\\/\"},{\"@type\":\"ListItem\",\"position\":2,\"name\":\"Shop\",\"item\":\"https:\\\/\\\/foliobooks.pl\\\/en\\\/shop\\\/\"},{\"@type\":\"ListItem\",\"position\":3,\"name\":\"Fornasetti: Memories of the Future\"}]},{\"@type\":\"WebSite\",\"@id\":\"https:\\\/\\\/foliobooks.pl\\\/en\\\/#website\",\"url\":\"https:\\\/\\\/foliobooks.pl\\\/en\\\/\",\"name\":\"Folio\",\"description\":\"Ksi\u0119garnia internetowa\",\"potentialAction\":[{\"@type\":\"SearchAction\",\"target\":{\"@type\":\"EntryPoint\",\"urlTemplate\":\"https:\\\/\\\/foliobooks.pl\\\/en\\\/?s={search_term_string}\"},\"query-input\":{\"@type\":\"PropertyValueSpecification\",\"valueRequired\":true,\"valueName\":\"search_term_string\"}}],\"inLanguage\":\"en-US\"}]}<\/script>\n<!-- \/ Yoast SEO plugin. -->","yoast_head_json":{"title":"Fornasetti: Memories of the Future (Barnaba Fornasetti) - book \/ album - Folio","description":"Wejd\u017a i kup ksi\u0105\u017ck\u0119 Fornasetti: Memories of the Future autorstwa Barnaba Fornasetti wydan\u0105 przez Rizzoli (2024-09-24) w formacie 22,6 x 33,5 (ISBN: 9788891841360). Zapraszamy!","robots":{"index":"index","follow":"follow","max-snippet":"max-snippet:-1","max-image-preview":"max-image-preview:large","max-video-preview":"max-video-preview:-1"},"canonical":"https:\/\/foliobooks.pl\/en\/shop\/fornasetti-memories-of-the-future\/","og_locale":"en_US","og_type":"article","og_title":"Fornasetti: Memories of the Future (Barnaba Fornasetti) - book \/ album - Folio","og_description":"Wejd\u017a i kup ksi\u0105\u017ck\u0119 Fornasetti: Memories of the Future autorstwa Barnaba Fornasetti wydan\u0105 przez Rizzoli (2024-09-24) w formacie 22,6 x 33,5 (ISBN: 9788891841360). Zapraszamy!","og_url":"https:\/\/foliobooks.pl\/en\/shop\/fornasetti-memories-of-the-future\/","og_site_name":"Folio","article_modified_time":"2025-11-24T15:04:43+00:00","og_image":[{"width":570,"height":708,"url":"https:\/\/foliobooks.pl\/wp-content\/uploads\/2025\/11\/9788891841360.png","type":"image\/png"}],"twitter_card":"summary_large_image","twitter_misc":{"Est. reading time":"2 minutes"},"schema":{"@context":"https:\/\/schema.org","@graph":[{"@type":"WebPage","@id":"https:\/\/foliobooks.pl\/en\/shop\/fornasetti-memories-of-the-future\/","url":"https:\/\/foliobooks.pl\/en\/shop\/fornasetti-memories-of-the-future\/","name":"Fornasetti: Memories of the Future (Barnaba Fornasetti) - book \/ album - Folio","isPartOf":{"@id":"https:\/\/foliobooks.pl\/en\/#website"},"primaryImageOfPage":{"@id":"https:\/\/foliobooks.pl\/en\/shop\/fornasetti-memories-of-the-future\/#primaryimage"},"image":{"@id":"https:\/\/foliobooks.pl\/en\/shop\/fornasetti-memories-of-the-future\/#primaryimage"},"thumbnailUrl":"https:\/\/foliobooks.pl\/wp-content\/uploads\/2025\/11\/9788891841360.png","datePublished":"2025-11-14T09:34:25+00:00","dateModified":"2025-11-24T15:04:43+00:00","description":"Wejd\u017a i kup ksi\u0105\u017ck\u0119 Fornasetti: Memories of the Future autorstwa Barnaba Fornasetti wydan\u0105 przez Rizzoli (2024-09-24) w formacie 22,6 x 33,5 (ISBN: 9788891841360). Zapraszamy!","breadcrumb":{"@id":"https:\/\/foliobooks.pl\/en\/shop\/fornasetti-memories-of-the-future\/#breadcrumb"},"inLanguage":"en-US","potentialAction":[{"@type":"ReadAction","target":["https:\/\/foliobooks.pl\/en\/shop\/fornasetti-memories-of-the-future\/"]}]},{"@type":"ImageObject","inLanguage":"en-US","@id":"https:\/\/foliobooks.pl\/en\/shop\/fornasetti-memories-of-the-future\/#primaryimage","url":"https:\/\/foliobooks.pl\/wp-content\/uploads\/2025\/11\/9788891841360.png","contentUrl":"https:\/\/foliobooks.pl\/wp-content\/uploads\/2025\/11\/9788891841360.png","width":570,"height":708},{"@type":"BreadcrumbList","@id":"https:\/\/foliobooks.pl\/en\/shop\/fornasetti-memories-of-the-future\/#breadcrumb","itemListElement":[{"@type":"ListItem","position":1,"name":"Strona g\u0142\u00f3wna","item":"https:\/\/foliobooks.pl\/en\/"},{"@type":"ListItem","position":2,"name":"Shop","item":"https:\/\/foliobooks.pl\/en\/shop\/"},{"@type":"ListItem","position":3,"name":"Fornasetti: Memories of the Future"}]},{"@type":"WebSite","@id":"https:\/\/foliobooks.pl\/en\/#website","url":"https:\/\/foliobooks.pl\/en\/","name":"Folio","description":"Ksi\u0119garnia internetowa","potentialAction":[{"@type":"SearchAction","target":{"@type":"EntryPoint","urlTemplate":"https:\/\/foliobooks.pl\/en\/?s={search_term_string}"},"query-input":{"@type":"PropertyValueSpecification","valueRequired":true,"valueName":"search_term_string"}}],"inLanguage":"en-US"}]}},"_links":{"self":[{"href":"https:\/\/foliobooks.pl\/en\/wp-json\/wp\/v2\/product\/107809","targetHints":{"allow":["GET"]}}],"collection":[{"href":"https:\/\/foliobooks.pl\/en\/wp-json\/wp\/v2\/product"}],"about":[{"href":"https:\/\/foliobooks.pl\/en\/wp-json\/wp\/v2\/types\/product"}],"replies":[{"embeddable":true,"href":"https:\/\/foliobooks.pl\/en\/wp-json\/wp\/v2\/comments?post=107809"}],"wp:featuredmedia":[{"embeddable":true,"href":"https:\/\/foliobooks.pl\/en\/wp-json\/wp\/v2\/media\/107810"}],"wp:attachment":[{"href":"https:\/\/foliobooks.pl\/en\/wp-json\/wp\/v2\/media?parent=107809"}],"wp:term":[{"taxonomy":"product_brand","embeddable":true,"href":"https:\/\/foliobooks.pl\/en\/wp-json\/wp\/v2\/product_brand?post=107809"},{"taxonomy":"product_cat","embeddable":true,"href":"https:\/\/foliobooks.pl\/en\/wp-json\/wp\/v2\/product_cat?post=107809"},{"taxonomy":"product_tag","embeddable":true,"href":"https:\/\/foliobooks.pl\/en\/wp-json\/wp\/v2\/product_tag?post=107809"}],"curies":[{"name":"wp","href":"https:\/\/api.w.org\/{rel}","templated":true}]}}