{"id":107685,"date":"2025-10-20T16:25:13","date_gmt":"2025-10-20T14:25:13","guid":{"rendered":"https:\/\/foliobooks.pl\/sklep\/salvatore-ferragamo-1898-1960\/"},"modified":"2025-10-20T16:25:13","modified_gmt":"2025-10-20T14:25:13","slug":"salvatore-ferragamo-1898-1960","status":"publish","type":"product","link":"https:\/\/foliobooks.pl\/en\/shop\/salvatore-ferragamo-1898-1960\/","title":{"rendered":"Salvatore Ferragamo 1898-1960"},"content":{"rendered":"<p>A thorough exploration of Salvatore Ferragamo\u2019s life and work: an inescapable opportunity to analyze the importance of his creativity and entrepreneurial instinct.<\/p>\n<p>One hundred years have passed since Salvatore Ferragamo opened his first store, the Hollywood Boot Shop, opposite the recently built Grauman\u2019s Egyptian Theater in Hollywood. This set the seal on the success he achieved in America, where he had emigrated in 1915. He was perfectly integrated in the film world of those years, as important directors entrusted him with the design and creation of shoes for the film stars. His customers were movie actresses and actors, producers, and directors, who could no longer do without the elegant and comfortable footwear of the \u201cshoemaker to the stars,\u201d as the young man from Irpinia was nicknamed. Furthermore, his persona had a certain standing in Hollywood: he sat on the city\u2019s executive committees and lived on the same street as Charlie Chaplin. On May 4, 1923, Holly Leaves magazine pointed out just how much Ferragamo was doing for the city and its residents.<\/p>\n<p>The book illustrates various aspects of his life and work, including the difficulties he had to endure during the war, which in the end resulted in incredible surges of creativity, using the limited materials available during those years of scarcity. He literally made shoes with everything, from corks to fish skin.<\/p>\n<p>A wide selection of Ferragamo\u2019s patents is also featured. Kept today in the Archivio Centrale dello Stato in Rome, these important documents testify to his boundless creativity and mastery of the trade.<\/p>\n","protected":false},"excerpt":{"rendered":"<p>A thorough exploration of Salvatore Ferragamo\u2019s life and work: an inescapable opportunity to analyze the importance of his creativity and entrepreneurial instinct. One hundred years have passed since Salvatore Ferragamo opened his first store, the Hollywood Boot Shop, opposite the recently built Grauman\u2019s Egyptian Theater in Hollywood. This set the seal on the success he&#8230;<\/p>\n","protected":false},"featured_media":107686,"comment_status":"closed","ping_status":"closed","template":"","meta":[],"product_brand":[],"product_cat":[4522,13533],"product_tag":[9083],"class_list":{"0":"post-107685","1":"product","2":"type-product","3":"status-publish","4":"has-post-thumbnail","6":"product_cat-art-en","7":"product_cat-books","8":"product_tag-art-en","9":"pa_author_att-stefania-ricci","10":"pa_cover-hardcover","11":"pa_format-226-x-326-cm","12":"pa_isbn-20704","13":"pa_language-eng","14":"pa_pages-512-en","15":"pa_published-2024-07-02-en","16":"pa_publisher-rizzoli-en","18":"first","19":"instock","20":"sold-individually","21":"shipping-taxable","22":"purchasable","23":"product-type-simple"},"yoast_head":"<!-- This site is optimized with the Yoast SEO plugin v27.4 - https:\/\/yoast.com\/product\/yoast-seo-wordpress\/ -->\n<title>Salvatore Ferragamo 1898-1960 (Stefania Ricci) - book \/ album - Folio<\/title>\n<meta name=\"description\" content=\"Wejd\u017a i kup ksi\u0105\u017ck\u0119 Salvatore Ferragamo 1898-1960 autorstwa Stefania Ricci wydan\u0105 przez Rizzoli (2024-07-02) w formacie 22,6 x 32,6 cm (ISBN: 9788892825475). Zapraszamy!\" \/>\n<meta name=\"robots\" content=\"index, follow, max-snippet:-1, max-image-preview:large, max-video-preview:-1\" \/>\n<link rel=\"canonical\" href=\"https:\/\/foliobooks.pl\/en\/shop\/salvatore-ferragamo-1898-1960\/\" \/>\n<meta property=\"og:locale\" content=\"en_US\" \/>\n<meta property=\"og:type\" content=\"article\" \/>\n<meta property=\"og:title\" content=\"Salvatore Ferragamo 1898-1960 (Stefania Ricci) - book \/ album - Folio\" \/>\n<meta property=\"og:description\" content=\"Wejd\u017a i kup ksi\u0105\u017ck\u0119 Salvatore Ferragamo 1898-1960 autorstwa Stefania Ricci wydan\u0105 przez Rizzoli (2024-07-02) w formacie 22,6 x 32,6 cm (ISBN: 9788892825475). Zapraszamy!\" \/>\n<meta property=\"og:url\" content=\"https:\/\/foliobooks.pl\/en\/shop\/salvatore-ferragamo-1898-1960\/\" \/>\n<meta property=\"og:site_name\" content=\"Folio\" \/>\n<meta property=\"og:image\" content=\"https:\/\/foliobooks.pl\/wp-content\/uploads\/2025\/10\/9788892825475.png\" \/>\n\t<meta property=\"og:image:width\" content=\"570\" \/>\n\t<meta property=\"og:image:height\" content=\"708\" \/>\n\t<meta property=\"og:image:type\" content=\"image\/png\" \/>\n<meta name=\"twitter:card\" content=\"summary_large_image\" \/>\n<meta name=\"twitter:label1\" content=\"Est. reading time\" \/>\n\t<meta name=\"twitter:data1\" content=\"1 minute\" \/>\n<script type=\"application\/ld+json\" class=\"yoast-schema-graph\">{\"@context\":\"https:\\\/\\\/schema.org\",\"@graph\":[{\"@type\":\"WebPage\",\"@id\":\"https:\\\/\\\/foliobooks.pl\\\/en\\\/shop\\\/salvatore-ferragamo-1898-1960\\\/\",\"url\":\"https:\\\/\\\/foliobooks.pl\\\/en\\\/shop\\\/salvatore-ferragamo-1898-1960\\\/\",\"name\":\"Salvatore Ferragamo 1898-1960 (Stefania Ricci) - book \\\/ album - Folio\",\"isPartOf\":{\"@id\":\"https:\\\/\\\/foliobooks.pl\\\/en\\\/#website\"},\"primaryImageOfPage\":{\"@id\":\"https:\\\/\\\/foliobooks.pl\\\/en\\\/shop\\\/salvatore-ferragamo-1898-1960\\\/#primaryimage\"},\"image\":{\"@id\":\"https:\\\/\\\/foliobooks.pl\\\/en\\\/shop\\\/salvatore-ferragamo-1898-1960\\\/#primaryimage\"},\"thumbnailUrl\":\"https:\\\/\\\/foliobooks.pl\\\/wp-content\\\/uploads\\\/2025\\\/10\\\/9788892825475.png\",\"datePublished\":\"2025-10-20T14:25:13+00:00\",\"description\":\"Wejd\u017a i kup ksi\u0105\u017ck\u0119 Salvatore Ferragamo 1898-1960 autorstwa Stefania Ricci wydan\u0105 przez Rizzoli (2024-07-02) w formacie 22,6 x 32,6 cm (ISBN: 9788892825475). Zapraszamy!\",\"breadcrumb\":{\"@id\":\"https:\\\/\\\/foliobooks.pl\\\/en\\\/shop\\\/salvatore-ferragamo-1898-1960\\\/#breadcrumb\"},\"inLanguage\":\"en-US\",\"potentialAction\":[{\"@type\":\"ReadAction\",\"target\":[\"https:\\\/\\\/foliobooks.pl\\\/en\\\/shop\\\/salvatore-ferragamo-1898-1960\\\/\"]}]},{\"@type\":\"ImageObject\",\"inLanguage\":\"en-US\",\"@id\":\"https:\\\/\\\/foliobooks.pl\\\/en\\\/shop\\\/salvatore-ferragamo-1898-1960\\\/#primaryimage\",\"url\":\"https:\\\/\\\/foliobooks.pl\\\/wp-content\\\/uploads\\\/2025\\\/10\\\/9788892825475.png\",\"contentUrl\":\"https:\\\/\\\/foliobooks.pl\\\/wp-content\\\/uploads\\\/2025\\\/10\\\/9788892825475.png\",\"width\":570,\"height\":708},{\"@type\":\"BreadcrumbList\",\"@id\":\"https:\\\/\\\/foliobooks.pl\\\/en\\\/shop\\\/salvatore-ferragamo-1898-1960\\\/#breadcrumb\",\"itemListElement\":[{\"@type\":\"ListItem\",\"position\":1,\"name\":\"Strona g\u0142\u00f3wna\",\"item\":\"https:\\\/\\\/foliobooks.pl\\\/en\\\/\"},{\"@type\":\"ListItem\",\"position\":2,\"name\":\"Shop\",\"item\":\"https:\\\/\\\/foliobooks.pl\\\/en\\\/shop\\\/\"},{\"@type\":\"ListItem\",\"position\":3,\"name\":\"Salvatore Ferragamo 1898-1960\"}]},{\"@type\":\"WebSite\",\"@id\":\"https:\\\/\\\/foliobooks.pl\\\/en\\\/#website\",\"url\":\"https:\\\/\\\/foliobooks.pl\\\/en\\\/\",\"name\":\"Folio\",\"description\":\"Ksi\u0119garnia internetowa\",\"potentialAction\":[{\"@type\":\"SearchAction\",\"target\":{\"@type\":\"EntryPoint\",\"urlTemplate\":\"https:\\\/\\\/foliobooks.pl\\\/en\\\/?s={search_term_string}\"},\"query-input\":{\"@type\":\"PropertyValueSpecification\",\"valueRequired\":true,\"valueName\":\"search_term_string\"}}],\"inLanguage\":\"en-US\"}]}<\/script>\n<!-- \/ Yoast SEO plugin. -->","yoast_head_json":{"title":"Salvatore Ferragamo 1898-1960 (Stefania Ricci) - book \/ album - Folio","description":"Wejd\u017a i kup ksi\u0105\u017ck\u0119 Salvatore Ferragamo 1898-1960 autorstwa Stefania Ricci wydan\u0105 przez Rizzoli (2024-07-02) w formacie 22,6 x 32,6 cm (ISBN: 9788892825475). Zapraszamy!","robots":{"index":"index","follow":"follow","max-snippet":"max-snippet:-1","max-image-preview":"max-image-preview:large","max-video-preview":"max-video-preview:-1"},"canonical":"https:\/\/foliobooks.pl\/en\/shop\/salvatore-ferragamo-1898-1960\/","og_locale":"en_US","og_type":"article","og_title":"Salvatore Ferragamo 1898-1960 (Stefania Ricci) - book \/ album - Folio","og_description":"Wejd\u017a i kup ksi\u0105\u017ck\u0119 Salvatore Ferragamo 1898-1960 autorstwa Stefania Ricci wydan\u0105 przez Rizzoli (2024-07-02) w formacie 22,6 x 32,6 cm (ISBN: 9788892825475). Zapraszamy!","og_url":"https:\/\/foliobooks.pl\/en\/shop\/salvatore-ferragamo-1898-1960\/","og_site_name":"Folio","og_image":[{"width":570,"height":708,"url":"https:\/\/foliobooks.pl\/wp-content\/uploads\/2025\/10\/9788892825475.png","type":"image\/png"}],"twitter_card":"summary_large_image","twitter_misc":{"Est. reading time":"1 minute"},"schema":{"@context":"https:\/\/schema.org","@graph":[{"@type":"WebPage","@id":"https:\/\/foliobooks.pl\/en\/shop\/salvatore-ferragamo-1898-1960\/","url":"https:\/\/foliobooks.pl\/en\/shop\/salvatore-ferragamo-1898-1960\/","name":"Salvatore Ferragamo 1898-1960 (Stefania Ricci) - book \/ album - Folio","isPartOf":{"@id":"https:\/\/foliobooks.pl\/en\/#website"},"primaryImageOfPage":{"@id":"https:\/\/foliobooks.pl\/en\/shop\/salvatore-ferragamo-1898-1960\/#primaryimage"},"image":{"@id":"https:\/\/foliobooks.pl\/en\/shop\/salvatore-ferragamo-1898-1960\/#primaryimage"},"thumbnailUrl":"https:\/\/foliobooks.pl\/wp-content\/uploads\/2025\/10\/9788892825475.png","datePublished":"2025-10-20T14:25:13+00:00","description":"Wejd\u017a i kup ksi\u0105\u017ck\u0119 Salvatore Ferragamo 1898-1960 autorstwa Stefania Ricci wydan\u0105 przez Rizzoli (2024-07-02) w formacie 22,6 x 32,6 cm (ISBN: 9788892825475). Zapraszamy!","breadcrumb":{"@id":"https:\/\/foliobooks.pl\/en\/shop\/salvatore-ferragamo-1898-1960\/#breadcrumb"},"inLanguage":"en-US","potentialAction":[{"@type":"ReadAction","target":["https:\/\/foliobooks.pl\/en\/shop\/salvatore-ferragamo-1898-1960\/"]}]},{"@type":"ImageObject","inLanguage":"en-US","@id":"https:\/\/foliobooks.pl\/en\/shop\/salvatore-ferragamo-1898-1960\/#primaryimage","url":"https:\/\/foliobooks.pl\/wp-content\/uploads\/2025\/10\/9788892825475.png","contentUrl":"https:\/\/foliobooks.pl\/wp-content\/uploads\/2025\/10\/9788892825475.png","width":570,"height":708},{"@type":"BreadcrumbList","@id":"https:\/\/foliobooks.pl\/en\/shop\/salvatore-ferragamo-1898-1960\/#breadcrumb","itemListElement":[{"@type":"ListItem","position":1,"name":"Strona g\u0142\u00f3wna","item":"https:\/\/foliobooks.pl\/en\/"},{"@type":"ListItem","position":2,"name":"Shop","item":"https:\/\/foliobooks.pl\/en\/shop\/"},{"@type":"ListItem","position":3,"name":"Salvatore Ferragamo 1898-1960"}]},{"@type":"WebSite","@id":"https:\/\/foliobooks.pl\/en\/#website","url":"https:\/\/foliobooks.pl\/en\/","name":"Folio","description":"Ksi\u0119garnia internetowa","potentialAction":[{"@type":"SearchAction","target":{"@type":"EntryPoint","urlTemplate":"https:\/\/foliobooks.pl\/en\/?s={search_term_string}"},"query-input":{"@type":"PropertyValueSpecification","valueRequired":true,"valueName":"search_term_string"}}],"inLanguage":"en-US"}]}},"_links":{"self":[{"href":"https:\/\/foliobooks.pl\/en\/wp-json\/wp\/v2\/product\/107685","targetHints":{"allow":["GET"]}}],"collection":[{"href":"https:\/\/foliobooks.pl\/en\/wp-json\/wp\/v2\/product"}],"about":[{"href":"https:\/\/foliobooks.pl\/en\/wp-json\/wp\/v2\/types\/product"}],"replies":[{"embeddable":true,"href":"https:\/\/foliobooks.pl\/en\/wp-json\/wp\/v2\/comments?post=107685"}],"wp:featuredmedia":[{"embeddable":true,"href":"https:\/\/foliobooks.pl\/en\/wp-json\/wp\/v2\/media\/107686"}],"wp:attachment":[{"href":"https:\/\/foliobooks.pl\/en\/wp-json\/wp\/v2\/media?parent=107685"}],"wp:term":[{"taxonomy":"product_brand","embeddable":true,"href":"https:\/\/foliobooks.pl\/en\/wp-json\/wp\/v2\/product_brand?post=107685"},{"taxonomy":"product_cat","embeddable":true,"href":"https:\/\/foliobooks.pl\/en\/wp-json\/wp\/v2\/product_cat?post=107685"},{"taxonomy":"product_tag","embeddable":true,"href":"https:\/\/foliobooks.pl\/en\/wp-json\/wp\/v2\/product_tag?post=107685"}],"curies":[{"name":"wp","href":"https:\/\/api.w.org\/{rel}","templated":true}]}}