{"id":107676,"date":"2025-10-20T16:19:34","date_gmt":"2025-10-20T14:19:34","guid":{"rendered":"https:\/\/foliobooks.pl\/sklep\/comporta-bliss\/"},"modified":"2026-02-18T15:27:45","modified_gmt":"2026-02-18T14:27:45","slug":"comporta-bliss","status":"publish","type":"product","link":"https:\/\/foliobooks.pl\/en\/shop\/comporta-bliss\/","title":{"rendered":"Comporta Bliss"},"content":{"rendered":"<p>Sometimes compared to the Saint-Tropez of Brigitte Bardot in the 1950s, Comporta, with its relaxed pace and artistic community, is the ideal destination for those looking to wander off course. It\u2019s the newfound favorite of personalities such as Jacques Grange, Farida Khelfa, Fran\u00e7ois Dumas, the Esp\u00edrito Santo family, and Madonna, who shares photographs of taking her kids to the beach and horseback riding in the dunes of nearby Carvalhal on weekends. This fishing village boasts swaths of beaches, patchworks of rice paddies, and an ecosystem filled with storks and frogs, all a serene backdrop for the striking homes found there: rustic cabanas and thatched-roof huts reflecting the carefree lifestyle that has become Comporta\u2019s hallmark. This distinctive setting challenges the minds of architects and designers, yielding unique spaces that delightfully blur the line between interior and exterior. Within these pages, the region\u2019s characteristic cobalt blue is reflected from the sky and sea to the walls, shutters, and design pieces that adorn its homes, both picturesque and bold. Discover the beauty and joy of simplicity with Comporta Bliss<\/p>\n","protected":false},"excerpt":{"rendered":"<p>Sometimes compared to the Saint-Tropez of Brigitte Bardot in the 1950s, Comporta, with its relaxed pace and artistic community, is the ideal destination for those looking to wander off course. It\u2019s the newfound favorite of personalities such as Jacques Grange, Farida Khelfa, Fran\u00e7ois Dumas, the Esp\u00edrito Santo family, and Madonna, who shares photographs of taking&#8230;<\/p>\n","protected":false},"featured_media":107677,"comment_status":"closed","ping_status":"closed","template":"","meta":[],"product_brand":[],"product_cat":[4516,4522,13533,4517],"product_tag":[9083,290],"class_list":{"0":"post-107676","1":"product","2":"type-product","3":"status-publish","4":"has-post-thumbnail","6":"product_cat-architecture-en","7":"product_cat-art-en","8":"product_cat-books","9":"product_cat-photography-en","10":"product_tag-art-en","11":"product_tag-interiors-en","12":"pa_author_att-carlos-souza-en","13":"pa_cover-hardcover","14":"pa_format-25-x-33-cm-en","15":"pa_isbn-20698","16":"pa_language-eng","17":"pa_pages-280-en-en","18":"pa_published-2018-05-17-en","19":"pa_publisher-assouline-en","21":"first","22":"instock","23":"sale","24":"sold-individually","25":"shipping-taxable","26":"purchasable","27":"product-type-simple"},"yoast_head":"<!-- This site is optimized with the Yoast SEO plugin v27.4 - https:\/\/yoast.com\/product\/yoast-seo-wordpress\/ -->\n<title>Comporta Bliss (Carlos Souza) - book \/ album - Folio<\/title>\n<meta name=\"description\" content=\"Wejd\u017a i kup ksi\u0105\u017ck\u0119 Comporta Bliss autorstwa Carlos Souza wydan\u0105 przez Assouline (2018-05-17) w formacie 25 x 33 cm (ISBN: 9781614286264). Zapraszamy!\" \/>\n<meta name=\"robots\" content=\"index, follow, max-snippet:-1, max-image-preview:large, max-video-preview:-1\" \/>\n<link rel=\"canonical\" href=\"https:\/\/foliobooks.pl\/en\/shop\/comporta-bliss\/\" \/>\n<meta property=\"og:locale\" content=\"en_US\" \/>\n<meta property=\"og:type\" content=\"article\" \/>\n<meta property=\"og:title\" content=\"Comporta Bliss (Carlos Souza) - book \/ album - Folio\" \/>\n<meta property=\"og:description\" content=\"Wejd\u017a i kup ksi\u0105\u017ck\u0119 Comporta Bliss autorstwa Carlos Souza wydan\u0105 przez Assouline (2018-05-17) w formacie 25 x 33 cm (ISBN: 9781614286264). Zapraszamy!\" \/>\n<meta property=\"og:url\" content=\"https:\/\/foliobooks.pl\/en\/shop\/comporta-bliss\/\" \/>\n<meta property=\"og:site_name\" content=\"Folio\" \/>\n<meta property=\"article:modified_time\" content=\"2026-02-18T14:27:45+00:00\" \/>\n<meta property=\"og:image\" content=\"https:\/\/foliobooks.pl\/wp-content\/uploads\/2025\/10\/9781614286264.png\" \/>\n\t<meta property=\"og:image:width\" content=\"570\" \/>\n\t<meta property=\"og:image:height\" content=\"708\" \/>\n\t<meta property=\"og:image:type\" content=\"image\/png\" \/>\n<meta name=\"twitter:card\" content=\"summary_large_image\" \/>\n<meta name=\"twitter:label1\" content=\"Est. reading time\" \/>\n\t<meta name=\"twitter:data1\" content=\"1 minute\" \/>\n<script type=\"application\/ld+json\" class=\"yoast-schema-graph\">{\"@context\":\"https:\\\/\\\/schema.org\",\"@graph\":[{\"@type\":\"WebPage\",\"@id\":\"https:\\\/\\\/foliobooks.pl\\\/en\\\/shop\\\/comporta-bliss\\\/\",\"url\":\"https:\\\/\\\/foliobooks.pl\\\/en\\\/shop\\\/comporta-bliss\\\/\",\"name\":\"Comporta Bliss (Carlos Souza) - book \\\/ album - Folio\",\"isPartOf\":{\"@id\":\"https:\\\/\\\/foliobooks.pl\\\/en\\\/#website\"},\"primaryImageOfPage\":{\"@id\":\"https:\\\/\\\/foliobooks.pl\\\/en\\\/shop\\\/comporta-bliss\\\/#primaryimage\"},\"image\":{\"@id\":\"https:\\\/\\\/foliobooks.pl\\\/en\\\/shop\\\/comporta-bliss\\\/#primaryimage\"},\"thumbnailUrl\":\"https:\\\/\\\/foliobooks.pl\\\/wp-content\\\/uploads\\\/2025\\\/10\\\/9781614286264.png\",\"datePublished\":\"2025-10-20T14:19:34+00:00\",\"dateModified\":\"2026-02-18T14:27:45+00:00\",\"description\":\"Wejd\u017a i kup ksi\u0105\u017ck\u0119 Comporta Bliss autorstwa Carlos Souza wydan\u0105 przez Assouline (2018-05-17) w formacie 25 x 33 cm (ISBN: 9781614286264). Zapraszamy!\",\"breadcrumb\":{\"@id\":\"https:\\\/\\\/foliobooks.pl\\\/en\\\/shop\\\/comporta-bliss\\\/#breadcrumb\"},\"inLanguage\":\"en-US\",\"potentialAction\":[{\"@type\":\"ReadAction\",\"target\":[\"https:\\\/\\\/foliobooks.pl\\\/en\\\/shop\\\/comporta-bliss\\\/\"]}]},{\"@type\":\"ImageObject\",\"inLanguage\":\"en-US\",\"@id\":\"https:\\\/\\\/foliobooks.pl\\\/en\\\/shop\\\/comporta-bliss\\\/#primaryimage\",\"url\":\"https:\\\/\\\/foliobooks.pl\\\/wp-content\\\/uploads\\\/2025\\\/10\\\/9781614286264.png\",\"contentUrl\":\"https:\\\/\\\/foliobooks.pl\\\/wp-content\\\/uploads\\\/2025\\\/10\\\/9781614286264.png\",\"width\":570,\"height\":708},{\"@type\":\"BreadcrumbList\",\"@id\":\"https:\\\/\\\/foliobooks.pl\\\/en\\\/shop\\\/comporta-bliss\\\/#breadcrumb\",\"itemListElement\":[{\"@type\":\"ListItem\",\"position\":1,\"name\":\"Strona g\u0142\u00f3wna\",\"item\":\"https:\\\/\\\/foliobooks.pl\\\/en\\\/\"},{\"@type\":\"ListItem\",\"position\":2,\"name\":\"Shop\",\"item\":\"https:\\\/\\\/foliobooks.pl\\\/en\\\/shop\\\/\"},{\"@type\":\"ListItem\",\"position\":3,\"name\":\"Comporta Bliss\"}]},{\"@type\":\"WebSite\",\"@id\":\"https:\\\/\\\/foliobooks.pl\\\/en\\\/#website\",\"url\":\"https:\\\/\\\/foliobooks.pl\\\/en\\\/\",\"name\":\"Folio\",\"description\":\"Ksi\u0119garnia internetowa\",\"potentialAction\":[{\"@type\":\"SearchAction\",\"target\":{\"@type\":\"EntryPoint\",\"urlTemplate\":\"https:\\\/\\\/foliobooks.pl\\\/en\\\/?s={search_term_string}\"},\"query-input\":{\"@type\":\"PropertyValueSpecification\",\"valueRequired\":true,\"valueName\":\"search_term_string\"}}],\"inLanguage\":\"en-US\"}]}<\/script>\n<!-- \/ Yoast SEO plugin. -->","yoast_head_json":{"title":"Comporta Bliss (Carlos Souza) - book \/ album - Folio","description":"Wejd\u017a i kup ksi\u0105\u017ck\u0119 Comporta Bliss autorstwa Carlos Souza wydan\u0105 przez Assouline (2018-05-17) w formacie 25 x 33 cm (ISBN: 9781614286264). Zapraszamy!","robots":{"index":"index","follow":"follow","max-snippet":"max-snippet:-1","max-image-preview":"max-image-preview:large","max-video-preview":"max-video-preview:-1"},"canonical":"https:\/\/foliobooks.pl\/en\/shop\/comporta-bliss\/","og_locale":"en_US","og_type":"article","og_title":"Comporta Bliss (Carlos Souza) - book \/ album - Folio","og_description":"Wejd\u017a i kup ksi\u0105\u017ck\u0119 Comporta Bliss autorstwa Carlos Souza wydan\u0105 przez Assouline (2018-05-17) w formacie 25 x 33 cm (ISBN: 9781614286264). Zapraszamy!","og_url":"https:\/\/foliobooks.pl\/en\/shop\/comporta-bliss\/","og_site_name":"Folio","article_modified_time":"2026-02-18T14:27:45+00:00","og_image":[{"width":570,"height":708,"url":"https:\/\/foliobooks.pl\/wp-content\/uploads\/2025\/10\/9781614286264.png","type":"image\/png"}],"twitter_card":"summary_large_image","twitter_misc":{"Est. reading time":"1 minute"},"schema":{"@context":"https:\/\/schema.org","@graph":[{"@type":"WebPage","@id":"https:\/\/foliobooks.pl\/en\/shop\/comporta-bliss\/","url":"https:\/\/foliobooks.pl\/en\/shop\/comporta-bliss\/","name":"Comporta Bliss (Carlos Souza) - book \/ album - Folio","isPartOf":{"@id":"https:\/\/foliobooks.pl\/en\/#website"},"primaryImageOfPage":{"@id":"https:\/\/foliobooks.pl\/en\/shop\/comporta-bliss\/#primaryimage"},"image":{"@id":"https:\/\/foliobooks.pl\/en\/shop\/comporta-bliss\/#primaryimage"},"thumbnailUrl":"https:\/\/foliobooks.pl\/wp-content\/uploads\/2025\/10\/9781614286264.png","datePublished":"2025-10-20T14:19:34+00:00","dateModified":"2026-02-18T14:27:45+00:00","description":"Wejd\u017a i kup ksi\u0105\u017ck\u0119 Comporta Bliss autorstwa Carlos Souza wydan\u0105 przez Assouline (2018-05-17) w formacie 25 x 33 cm (ISBN: 9781614286264). Zapraszamy!","breadcrumb":{"@id":"https:\/\/foliobooks.pl\/en\/shop\/comporta-bliss\/#breadcrumb"},"inLanguage":"en-US","potentialAction":[{"@type":"ReadAction","target":["https:\/\/foliobooks.pl\/en\/shop\/comporta-bliss\/"]}]},{"@type":"ImageObject","inLanguage":"en-US","@id":"https:\/\/foliobooks.pl\/en\/shop\/comporta-bliss\/#primaryimage","url":"https:\/\/foliobooks.pl\/wp-content\/uploads\/2025\/10\/9781614286264.png","contentUrl":"https:\/\/foliobooks.pl\/wp-content\/uploads\/2025\/10\/9781614286264.png","width":570,"height":708},{"@type":"BreadcrumbList","@id":"https:\/\/foliobooks.pl\/en\/shop\/comporta-bliss\/#breadcrumb","itemListElement":[{"@type":"ListItem","position":1,"name":"Strona g\u0142\u00f3wna","item":"https:\/\/foliobooks.pl\/en\/"},{"@type":"ListItem","position":2,"name":"Shop","item":"https:\/\/foliobooks.pl\/en\/shop\/"},{"@type":"ListItem","position":3,"name":"Comporta Bliss"}]},{"@type":"WebSite","@id":"https:\/\/foliobooks.pl\/en\/#website","url":"https:\/\/foliobooks.pl\/en\/","name":"Folio","description":"Ksi\u0119garnia internetowa","potentialAction":[{"@type":"SearchAction","target":{"@type":"EntryPoint","urlTemplate":"https:\/\/foliobooks.pl\/en\/?s={search_term_string}"},"query-input":{"@type":"PropertyValueSpecification","valueRequired":true,"valueName":"search_term_string"}}],"inLanguage":"en-US"}]}},"_links":{"self":[{"href":"https:\/\/foliobooks.pl\/en\/wp-json\/wp\/v2\/product\/107676","targetHints":{"allow":["GET"]}}],"collection":[{"href":"https:\/\/foliobooks.pl\/en\/wp-json\/wp\/v2\/product"}],"about":[{"href":"https:\/\/foliobooks.pl\/en\/wp-json\/wp\/v2\/types\/product"}],"replies":[{"embeddable":true,"href":"https:\/\/foliobooks.pl\/en\/wp-json\/wp\/v2\/comments?post=107676"}],"wp:featuredmedia":[{"embeddable":true,"href":"https:\/\/foliobooks.pl\/en\/wp-json\/wp\/v2\/media\/107677"}],"wp:attachment":[{"href":"https:\/\/foliobooks.pl\/en\/wp-json\/wp\/v2\/media?parent=107676"}],"wp:term":[{"taxonomy":"product_brand","embeddable":true,"href":"https:\/\/foliobooks.pl\/en\/wp-json\/wp\/v2\/product_brand?post=107676"},{"taxonomy":"product_cat","embeddable":true,"href":"https:\/\/foliobooks.pl\/en\/wp-json\/wp\/v2\/product_cat?post=107676"},{"taxonomy":"product_tag","embeddable":true,"href":"https:\/\/foliobooks.pl\/en\/wp-json\/wp\/v2\/product_tag?post=107676"}],"curies":[{"name":"wp","href":"https:\/\/api.w.org\/{rel}","templated":true}]}}