{"id":107645,"date":"2025-10-20T15:43:12","date_gmt":"2025-10-20T13:43:12","guid":{"rendered":"https:\/\/foliobooks.pl\/sklep\/the-last-heroes-100-moments-of-olympics-legend\/"},"modified":"2026-02-18T15:28:30","modified_gmt":"2026-02-18T14:28:30","slug":"the-last-heroes-100-moments-of-olympics-legend","status":"publish","type":"product","link":"https:\/\/foliobooks.pl\/en\/shop\/the-last-heroes-100-moments-of-olympics-legend\/","title":{"rendered":"The Last Heroes. 100 moments of Olympics Legend"},"content":{"rendered":"<p>Immerse yourself in the unparalleled greatness of the Olympic Games with The Last Heroes: 100 Moments of Olympics Legend. This book, authored by French journalists Olivier Margot and \u00c9tienne Bonamy, captures the emotional and suspenseful scenes that make the Games so riveting, from Jesse Owens&#8217; triumph at the 1936 Berlin Games to Derek Redmond&#8217;s inspiring finish with his father\u2019s help in 1992. Set to debut before the Paris 2024 Olympics, this visually stunning volume, brimming with photography, celebrates the hundred most significant moments in Summer Olympics history. Available in both the Classics Collection and a limited run of 100 Special Edition Ultimate Collection copies, each featuring a custom-designed plaque of the inaugural modern Olympic Games medal, this book is a definitive tribute to the spirit of the Games.<\/p>\n","protected":false},"excerpt":{"rendered":"<p>Immerse yourself in the unparalleled greatness of the Olympic Games with The Last Heroes: 100 Moments of Olympics Legend. This book, authored by French journalists Olivier Margot and \u00c9tienne Bonamy, captures the emotional and suspenseful scenes that make the Games so riveting, from Jesse Owens&#8217; triumph at the 1936 Berlin Games to Derek Redmond&#8217;s inspiring&#8230;<\/p>\n","protected":false},"featured_media":107646,"comment_status":"closed","ping_status":"closed","template":"","meta":[],"product_brand":[],"product_cat":[13533,4517],"product_tag":[1488],"class_list":{"0":"post-107645","1":"product","2":"type-product","3":"status-publish","4":"has-post-thumbnail","6":"product_cat-books","7":"product_cat-photography-en","8":"product_tag-sport-en","9":"pa_author_att-olivier-margot","10":"pa_cover-hardcover","11":"pa_format-25-x-33-cm-en","12":"pa_isbn-20694","13":"pa_language-eng","14":"pa_pages-204-en","15":"pa_published-2024-06-25-en","16":"pa_publisher-assouline-en","18":"first","19":"instock","20":"sale","21":"sold-individually","22":"shipping-taxable","23":"purchasable","24":"product-type-simple"},"yoast_head":"<!-- This site is optimized with the Yoast SEO plugin v27.4 - https:\/\/yoast.com\/product\/yoast-seo-wordpress\/ -->\n<title>The Last Heroes. 100 moments of Olympics Legend (Olivier Margot) - book \/ album - Folio<\/title>\n<meta name=\"description\" content=\"Wejd\u017a i kup ksi\u0105\u017ck\u0119 The Last Heroes. 100 moments of Olympics Legend autorstwa Olivier Margot wydan\u0105 przez Assouline (2024-06-25) w formacie 25 x 33 cm (ISBN: 9781649803597). Zapraszamy!\" \/>\n<meta name=\"robots\" content=\"index, follow, max-snippet:-1, max-image-preview:large, max-video-preview:-1\" \/>\n<link rel=\"canonical\" href=\"https:\/\/foliobooks.pl\/en\/shop\/the-last-heroes-100-moments-of-olympics-legend\/\" \/>\n<meta property=\"og:locale\" content=\"en_US\" \/>\n<meta property=\"og:type\" content=\"article\" \/>\n<meta property=\"og:title\" content=\"The Last Heroes. 100 moments of Olympics Legend (Olivier Margot) - book \/ album - Folio\" \/>\n<meta property=\"og:description\" content=\"Wejd\u017a i kup ksi\u0105\u017ck\u0119 The Last Heroes. 100 moments of Olympics Legend autorstwa Olivier Margot wydan\u0105 przez Assouline (2024-06-25) w formacie 25 x 33 cm (ISBN: 9781649803597). Zapraszamy!\" \/>\n<meta property=\"og:url\" content=\"https:\/\/foliobooks.pl\/en\/shop\/the-last-heroes-100-moments-of-olympics-legend\/\" \/>\n<meta property=\"og:site_name\" content=\"Folio\" \/>\n<meta property=\"article:modified_time\" content=\"2026-02-18T14:28:30+00:00\" \/>\n<meta property=\"og:image\" content=\"https:\/\/foliobooks.pl\/wp-content\/uploads\/2025\/10\/9781649803597.png\" \/>\n\t<meta property=\"og:image:width\" content=\"570\" \/>\n\t<meta property=\"og:image:height\" content=\"708\" \/>\n\t<meta property=\"og:image:type\" content=\"image\/png\" \/>\n<meta name=\"twitter:card\" content=\"summary_large_image\" \/>\n<meta name=\"twitter:label1\" content=\"Est. reading time\" \/>\n\t<meta name=\"twitter:data1\" content=\"1 minute\" \/>\n<script type=\"application\/ld+json\" class=\"yoast-schema-graph\">{\"@context\":\"https:\\\/\\\/schema.org\",\"@graph\":[{\"@type\":\"WebPage\",\"@id\":\"https:\\\/\\\/foliobooks.pl\\\/en\\\/shop\\\/the-last-heroes-100-moments-of-olympics-legend\\\/\",\"url\":\"https:\\\/\\\/foliobooks.pl\\\/en\\\/shop\\\/the-last-heroes-100-moments-of-olympics-legend\\\/\",\"name\":\"The Last Heroes. 100 moments of Olympics Legend (Olivier Margot) - book \\\/ album - Folio\",\"isPartOf\":{\"@id\":\"https:\\\/\\\/foliobooks.pl\\\/en\\\/#website\"},\"primaryImageOfPage\":{\"@id\":\"https:\\\/\\\/foliobooks.pl\\\/en\\\/shop\\\/the-last-heroes-100-moments-of-olympics-legend\\\/#primaryimage\"},\"image\":{\"@id\":\"https:\\\/\\\/foliobooks.pl\\\/en\\\/shop\\\/the-last-heroes-100-moments-of-olympics-legend\\\/#primaryimage\"},\"thumbnailUrl\":\"https:\\\/\\\/foliobooks.pl\\\/wp-content\\\/uploads\\\/2025\\\/10\\\/9781649803597.png\",\"datePublished\":\"2025-10-20T13:43:12+00:00\",\"dateModified\":\"2026-02-18T14:28:30+00:00\",\"description\":\"Wejd\u017a i kup ksi\u0105\u017ck\u0119 The Last Heroes. 100 moments of Olympics Legend autorstwa Olivier Margot wydan\u0105 przez Assouline (2024-06-25) w formacie 25 x 33 cm (ISBN: 9781649803597). Zapraszamy!\",\"breadcrumb\":{\"@id\":\"https:\\\/\\\/foliobooks.pl\\\/en\\\/shop\\\/the-last-heroes-100-moments-of-olympics-legend\\\/#breadcrumb\"},\"inLanguage\":\"en-US\",\"potentialAction\":[{\"@type\":\"ReadAction\",\"target\":[\"https:\\\/\\\/foliobooks.pl\\\/en\\\/shop\\\/the-last-heroes-100-moments-of-olympics-legend\\\/\"]}]},{\"@type\":\"ImageObject\",\"inLanguage\":\"en-US\",\"@id\":\"https:\\\/\\\/foliobooks.pl\\\/en\\\/shop\\\/the-last-heroes-100-moments-of-olympics-legend\\\/#primaryimage\",\"url\":\"https:\\\/\\\/foliobooks.pl\\\/wp-content\\\/uploads\\\/2025\\\/10\\\/9781649803597.png\",\"contentUrl\":\"https:\\\/\\\/foliobooks.pl\\\/wp-content\\\/uploads\\\/2025\\\/10\\\/9781649803597.png\",\"width\":570,\"height\":708},{\"@type\":\"BreadcrumbList\",\"@id\":\"https:\\\/\\\/foliobooks.pl\\\/en\\\/shop\\\/the-last-heroes-100-moments-of-olympics-legend\\\/#breadcrumb\",\"itemListElement\":[{\"@type\":\"ListItem\",\"position\":1,\"name\":\"Strona g\u0142\u00f3wna\",\"item\":\"https:\\\/\\\/foliobooks.pl\\\/en\\\/\"},{\"@type\":\"ListItem\",\"position\":2,\"name\":\"Shop\",\"item\":\"https:\\\/\\\/foliobooks.pl\\\/en\\\/shop\\\/\"},{\"@type\":\"ListItem\",\"position\":3,\"name\":\"The Last Heroes. 100 moments of Olympics Legend\"}]},{\"@type\":\"WebSite\",\"@id\":\"https:\\\/\\\/foliobooks.pl\\\/en\\\/#website\",\"url\":\"https:\\\/\\\/foliobooks.pl\\\/en\\\/\",\"name\":\"Folio\",\"description\":\"Ksi\u0119garnia internetowa\",\"potentialAction\":[{\"@type\":\"SearchAction\",\"target\":{\"@type\":\"EntryPoint\",\"urlTemplate\":\"https:\\\/\\\/foliobooks.pl\\\/en\\\/?s={search_term_string}\"},\"query-input\":{\"@type\":\"PropertyValueSpecification\",\"valueRequired\":true,\"valueName\":\"search_term_string\"}}],\"inLanguage\":\"en-US\"}]}<\/script>\n<!-- \/ Yoast SEO plugin. -->","yoast_head_json":{"title":"The Last Heroes. 100 moments of Olympics Legend (Olivier Margot) - book \/ album - Folio","description":"Wejd\u017a i kup ksi\u0105\u017ck\u0119 The Last Heroes. 100 moments of Olympics Legend autorstwa Olivier Margot wydan\u0105 przez Assouline (2024-06-25) w formacie 25 x 33 cm (ISBN: 9781649803597). Zapraszamy!","robots":{"index":"index","follow":"follow","max-snippet":"max-snippet:-1","max-image-preview":"max-image-preview:large","max-video-preview":"max-video-preview:-1"},"canonical":"https:\/\/foliobooks.pl\/en\/shop\/the-last-heroes-100-moments-of-olympics-legend\/","og_locale":"en_US","og_type":"article","og_title":"The Last Heroes. 100 moments of Olympics Legend (Olivier Margot) - book \/ album - Folio","og_description":"Wejd\u017a i kup ksi\u0105\u017ck\u0119 The Last Heroes. 100 moments of Olympics Legend autorstwa Olivier Margot wydan\u0105 przez Assouline (2024-06-25) w formacie 25 x 33 cm (ISBN: 9781649803597). Zapraszamy!","og_url":"https:\/\/foliobooks.pl\/en\/shop\/the-last-heroes-100-moments-of-olympics-legend\/","og_site_name":"Folio","article_modified_time":"2026-02-18T14:28:30+00:00","og_image":[{"width":570,"height":708,"url":"https:\/\/foliobooks.pl\/wp-content\/uploads\/2025\/10\/9781649803597.png","type":"image\/png"}],"twitter_card":"summary_large_image","twitter_misc":{"Est. reading time":"1 minute"},"schema":{"@context":"https:\/\/schema.org","@graph":[{"@type":"WebPage","@id":"https:\/\/foliobooks.pl\/en\/shop\/the-last-heroes-100-moments-of-olympics-legend\/","url":"https:\/\/foliobooks.pl\/en\/shop\/the-last-heroes-100-moments-of-olympics-legend\/","name":"The Last Heroes. 100 moments of Olympics Legend (Olivier Margot) - book \/ album - Folio","isPartOf":{"@id":"https:\/\/foliobooks.pl\/en\/#website"},"primaryImageOfPage":{"@id":"https:\/\/foliobooks.pl\/en\/shop\/the-last-heroes-100-moments-of-olympics-legend\/#primaryimage"},"image":{"@id":"https:\/\/foliobooks.pl\/en\/shop\/the-last-heroes-100-moments-of-olympics-legend\/#primaryimage"},"thumbnailUrl":"https:\/\/foliobooks.pl\/wp-content\/uploads\/2025\/10\/9781649803597.png","datePublished":"2025-10-20T13:43:12+00:00","dateModified":"2026-02-18T14:28:30+00:00","description":"Wejd\u017a i kup ksi\u0105\u017ck\u0119 The Last Heroes. 100 moments of Olympics Legend autorstwa Olivier Margot wydan\u0105 przez Assouline (2024-06-25) w formacie 25 x 33 cm (ISBN: 9781649803597). Zapraszamy!","breadcrumb":{"@id":"https:\/\/foliobooks.pl\/en\/shop\/the-last-heroes-100-moments-of-olympics-legend\/#breadcrumb"},"inLanguage":"en-US","potentialAction":[{"@type":"ReadAction","target":["https:\/\/foliobooks.pl\/en\/shop\/the-last-heroes-100-moments-of-olympics-legend\/"]}]},{"@type":"ImageObject","inLanguage":"en-US","@id":"https:\/\/foliobooks.pl\/en\/shop\/the-last-heroes-100-moments-of-olympics-legend\/#primaryimage","url":"https:\/\/foliobooks.pl\/wp-content\/uploads\/2025\/10\/9781649803597.png","contentUrl":"https:\/\/foliobooks.pl\/wp-content\/uploads\/2025\/10\/9781649803597.png","width":570,"height":708},{"@type":"BreadcrumbList","@id":"https:\/\/foliobooks.pl\/en\/shop\/the-last-heroes-100-moments-of-olympics-legend\/#breadcrumb","itemListElement":[{"@type":"ListItem","position":1,"name":"Strona g\u0142\u00f3wna","item":"https:\/\/foliobooks.pl\/en\/"},{"@type":"ListItem","position":2,"name":"Shop","item":"https:\/\/foliobooks.pl\/en\/shop\/"},{"@type":"ListItem","position":3,"name":"The Last Heroes. 100 moments of Olympics Legend"}]},{"@type":"WebSite","@id":"https:\/\/foliobooks.pl\/en\/#website","url":"https:\/\/foliobooks.pl\/en\/","name":"Folio","description":"Ksi\u0119garnia internetowa","potentialAction":[{"@type":"SearchAction","target":{"@type":"EntryPoint","urlTemplate":"https:\/\/foliobooks.pl\/en\/?s={search_term_string}"},"query-input":{"@type":"PropertyValueSpecification","valueRequired":true,"valueName":"search_term_string"}}],"inLanguage":"en-US"}]}},"_links":{"self":[{"href":"https:\/\/foliobooks.pl\/en\/wp-json\/wp\/v2\/product\/107645","targetHints":{"allow":["GET"]}}],"collection":[{"href":"https:\/\/foliobooks.pl\/en\/wp-json\/wp\/v2\/product"}],"about":[{"href":"https:\/\/foliobooks.pl\/en\/wp-json\/wp\/v2\/types\/product"}],"replies":[{"embeddable":true,"href":"https:\/\/foliobooks.pl\/en\/wp-json\/wp\/v2\/comments?post=107645"}],"wp:featuredmedia":[{"embeddable":true,"href":"https:\/\/foliobooks.pl\/en\/wp-json\/wp\/v2\/media\/107646"}],"wp:attachment":[{"href":"https:\/\/foliobooks.pl\/en\/wp-json\/wp\/v2\/media?parent=107645"}],"wp:term":[{"taxonomy":"product_brand","embeddable":true,"href":"https:\/\/foliobooks.pl\/en\/wp-json\/wp\/v2\/product_brand?post=107645"},{"taxonomy":"product_cat","embeddable":true,"href":"https:\/\/foliobooks.pl\/en\/wp-json\/wp\/v2\/product_cat?post=107645"},{"taxonomy":"product_tag","embeddable":true,"href":"https:\/\/foliobooks.pl\/en\/wp-json\/wp\/v2\/product_tag?post=107645"}],"curies":[{"name":"wp","href":"https:\/\/api.w.org\/{rel}","templated":true}]}}