{"id":107630,"date":"2025-10-20T15:33:01","date_gmt":"2025-10-20T13:33:01","guid":{"rendered":"https:\/\/foliobooks.pl\/sklep\/gstaad-glam\/"},"modified":"2026-02-18T15:29:00","modified_gmt":"2026-02-18T14:29:00","slug":"gstaad-glam","status":"publish","type":"product","link":"https:\/\/foliobooks.pl\/en\/shop\/gstaad-glam\/","title":{"rendered":"Gstaad Glam"},"content":{"rendered":"<p>In the southwest corner of Switzerland, nestled among the snowy mountains of the Swiss Alps is the picturesque, upscale resort town of Gstaad. Teeming with exclusive ski clubs and a fur coat\u2013clad jet set, Gstaad is the definition of Alpine chic, which is evident in the luxurious, family-owned Gstaad Palace, the members-only restaurant The Eagle and the high-fashion boutiques that line the town\u2019s main promenade. It is this combination of opulence and quiet that has attracted a plethora of celebrities including Madonna, Grace Kelly, Stavros Niarchos and Julie Andrews, to name a few. While glitz and glamour are in abundance, local tradition and culture are always close by. Whether it\u2019s in the Pinte Bar at Hotel Olden that exudes authentic charm or a farm on the outskirts of town showcasing a quaint, pastoral lifestyle, this beautiful volume showcases Gstaad\u2019s elegant traditions and unexpected treasures.<\/p>\n<p>There is no shortage of amusements in Gstaad. It is nature at its finest that yearns to be explored. With 124 miles of slopes, visitors can participate in skiing, snowboarding and sledding in the winter months and hiking, biking, polo and golf in the summer. Gstaad\u2019s calendar is packed with can\u2019t-miss events including the Swiss Open, hot-air balloon festival and Menuhin Festival of music. And after a long day of hitting the slopes and experiencing all Gstaad has to offer, cozy up with a cup of hot chocolate from the decades-old Charly\u2019s, the perfect spot to people-watch along the Promenade.<\/p>\n","protected":false},"excerpt":{"rendered":"<p>In the southwest corner of Switzerland, nestled among the snowy mountains of the Swiss Alps is the picturesque, upscale resort town of Gstaad. Teeming with exclusive ski clubs and a fur coat\u2013clad jet set, Gstaad is the definition of Alpine chic, which is evident in the luxurious, family-owned Gstaad Palace, the members-only restaurant The Eagle&#8230;<\/p>\n","protected":false},"featured_media":107631,"comment_status":"closed","ping_status":"closed","template":"","meta":[],"product_brand":[],"product_cat":[4516,4522,13533,4517],"product_tag":[156],"class_list":{"0":"post-107630","1":"product","2":"type-product","3":"status-publish","4":"has-post-thumbnail","6":"product_cat-architecture-en","7":"product_cat-art-en","8":"product_cat-books","9":"product_cat-photography-en","10":"product_tag-travel","11":"pa_author_att-geoffrey-moore","12":"pa_cover-hardcover","13":"pa_format-25-x-33-cm-en","14":"pa_isbn-20690","15":"pa_language-eng","16":"pa_pages-300-en","17":"pa_published-2021-10-26-en","18":"pa_publisher-assouline-en","20":"first","21":"outofstock","22":"sale","23":"sold-individually","24":"shipping-taxable","25":"purchasable","26":"product-type-simple"},"yoast_head":"<!-- This site is optimized with the Yoast SEO plugin v27.4 - https:\/\/yoast.com\/product\/yoast-seo-wordpress\/ -->\n<title>Gstaad Glam (Geoffrey Moore) - book \/ album - Folio<\/title>\n<meta name=\"description\" content=\"Wejd\u017a i kup ksi\u0105\u017ck\u0119 Gstaad Glam autorstwa Geoffrey Moore wydan\u0105 przez Assouline (2021-10-26) w formacie 25 x 33 cm (ISBN: 9781649800435). Zapraszamy!\" \/>\n<meta name=\"robots\" content=\"index, follow, max-snippet:-1, max-image-preview:large, max-video-preview:-1\" \/>\n<link rel=\"canonical\" href=\"https:\/\/foliobooks.pl\/en\/shop\/gstaad-glam\/\" \/>\n<meta property=\"og:locale\" content=\"en_US\" \/>\n<meta property=\"og:type\" content=\"article\" \/>\n<meta property=\"og:title\" content=\"Gstaad Glam (Geoffrey Moore) - book \/ album - Folio\" \/>\n<meta property=\"og:description\" content=\"Wejd\u017a i kup ksi\u0105\u017ck\u0119 Gstaad Glam autorstwa Geoffrey Moore wydan\u0105 przez Assouline (2021-10-26) w formacie 25 x 33 cm (ISBN: 9781649800435). Zapraszamy!\" \/>\n<meta property=\"og:url\" content=\"https:\/\/foliobooks.pl\/en\/shop\/gstaad-glam\/\" \/>\n<meta property=\"og:site_name\" content=\"Folio\" \/>\n<meta property=\"article:modified_time\" content=\"2026-02-18T14:29:00+00:00\" \/>\n<meta property=\"og:image\" content=\"https:\/\/foliobooks.pl\/wp-content\/uploads\/2025\/10\/9781649800435.png\" \/>\n\t<meta property=\"og:image:width\" content=\"570\" \/>\n\t<meta property=\"og:image:height\" content=\"708\" \/>\n\t<meta property=\"og:image:type\" content=\"image\/png\" \/>\n<meta name=\"twitter:card\" content=\"summary_large_image\" \/>\n<meta name=\"twitter:label1\" content=\"Est. reading time\" \/>\n\t<meta name=\"twitter:data1\" content=\"1 minute\" \/>\n<script type=\"application\/ld+json\" class=\"yoast-schema-graph\">{\"@context\":\"https:\\\/\\\/schema.org\",\"@graph\":[{\"@type\":\"WebPage\",\"@id\":\"https:\\\/\\\/foliobooks.pl\\\/en\\\/shop\\\/gstaad-glam\\\/\",\"url\":\"https:\\\/\\\/foliobooks.pl\\\/en\\\/shop\\\/gstaad-glam\\\/\",\"name\":\"Gstaad Glam (Geoffrey Moore) - book \\\/ album - Folio\",\"isPartOf\":{\"@id\":\"https:\\\/\\\/foliobooks.pl\\\/en\\\/#website\"},\"primaryImageOfPage\":{\"@id\":\"https:\\\/\\\/foliobooks.pl\\\/en\\\/shop\\\/gstaad-glam\\\/#primaryimage\"},\"image\":{\"@id\":\"https:\\\/\\\/foliobooks.pl\\\/en\\\/shop\\\/gstaad-glam\\\/#primaryimage\"},\"thumbnailUrl\":\"https:\\\/\\\/foliobooks.pl\\\/wp-content\\\/uploads\\\/2025\\\/10\\\/9781649800435.png\",\"datePublished\":\"2025-10-20T13:33:01+00:00\",\"dateModified\":\"2026-02-18T14:29:00+00:00\",\"description\":\"Wejd\u017a i kup ksi\u0105\u017ck\u0119 Gstaad Glam autorstwa Geoffrey Moore wydan\u0105 przez Assouline (2021-10-26) w formacie 25 x 33 cm (ISBN: 9781649800435). Zapraszamy!\",\"breadcrumb\":{\"@id\":\"https:\\\/\\\/foliobooks.pl\\\/en\\\/shop\\\/gstaad-glam\\\/#breadcrumb\"},\"inLanguage\":\"en-US\",\"potentialAction\":[{\"@type\":\"ReadAction\",\"target\":[\"https:\\\/\\\/foliobooks.pl\\\/en\\\/shop\\\/gstaad-glam\\\/\"]}]},{\"@type\":\"ImageObject\",\"inLanguage\":\"en-US\",\"@id\":\"https:\\\/\\\/foliobooks.pl\\\/en\\\/shop\\\/gstaad-glam\\\/#primaryimage\",\"url\":\"https:\\\/\\\/foliobooks.pl\\\/wp-content\\\/uploads\\\/2025\\\/10\\\/9781649800435.png\",\"contentUrl\":\"https:\\\/\\\/foliobooks.pl\\\/wp-content\\\/uploads\\\/2025\\\/10\\\/9781649800435.png\",\"width\":570,\"height\":708},{\"@type\":\"BreadcrumbList\",\"@id\":\"https:\\\/\\\/foliobooks.pl\\\/en\\\/shop\\\/gstaad-glam\\\/#breadcrumb\",\"itemListElement\":[{\"@type\":\"ListItem\",\"position\":1,\"name\":\"Strona g\u0142\u00f3wna\",\"item\":\"https:\\\/\\\/foliobooks.pl\\\/en\\\/\"},{\"@type\":\"ListItem\",\"position\":2,\"name\":\"Shop\",\"item\":\"https:\\\/\\\/foliobooks.pl\\\/en\\\/shop\\\/\"},{\"@type\":\"ListItem\",\"position\":3,\"name\":\"Gstaad Glam\"}]},{\"@type\":\"WebSite\",\"@id\":\"https:\\\/\\\/foliobooks.pl\\\/en\\\/#website\",\"url\":\"https:\\\/\\\/foliobooks.pl\\\/en\\\/\",\"name\":\"Folio\",\"description\":\"Ksi\u0119garnia internetowa\",\"potentialAction\":[{\"@type\":\"SearchAction\",\"target\":{\"@type\":\"EntryPoint\",\"urlTemplate\":\"https:\\\/\\\/foliobooks.pl\\\/en\\\/?s={search_term_string}\"},\"query-input\":{\"@type\":\"PropertyValueSpecification\",\"valueRequired\":true,\"valueName\":\"search_term_string\"}}],\"inLanguage\":\"en-US\"}]}<\/script>\n<!-- \/ Yoast SEO plugin. -->","yoast_head_json":{"title":"Gstaad Glam (Geoffrey Moore) - book \/ album - Folio","description":"Wejd\u017a i kup ksi\u0105\u017ck\u0119 Gstaad Glam autorstwa Geoffrey Moore wydan\u0105 przez Assouline (2021-10-26) w formacie 25 x 33 cm (ISBN: 9781649800435). Zapraszamy!","robots":{"index":"index","follow":"follow","max-snippet":"max-snippet:-1","max-image-preview":"max-image-preview:large","max-video-preview":"max-video-preview:-1"},"canonical":"https:\/\/foliobooks.pl\/en\/shop\/gstaad-glam\/","og_locale":"en_US","og_type":"article","og_title":"Gstaad Glam (Geoffrey Moore) - book \/ album - Folio","og_description":"Wejd\u017a i kup ksi\u0105\u017ck\u0119 Gstaad Glam autorstwa Geoffrey Moore wydan\u0105 przez Assouline (2021-10-26) w formacie 25 x 33 cm (ISBN: 9781649800435). Zapraszamy!","og_url":"https:\/\/foliobooks.pl\/en\/shop\/gstaad-glam\/","og_site_name":"Folio","article_modified_time":"2026-02-18T14:29:00+00:00","og_image":[{"width":570,"height":708,"url":"https:\/\/foliobooks.pl\/wp-content\/uploads\/2025\/10\/9781649800435.png","type":"image\/png"}],"twitter_card":"summary_large_image","twitter_misc":{"Est. reading time":"1 minute"},"schema":{"@context":"https:\/\/schema.org","@graph":[{"@type":"WebPage","@id":"https:\/\/foliobooks.pl\/en\/shop\/gstaad-glam\/","url":"https:\/\/foliobooks.pl\/en\/shop\/gstaad-glam\/","name":"Gstaad Glam (Geoffrey Moore) - book \/ album - Folio","isPartOf":{"@id":"https:\/\/foliobooks.pl\/en\/#website"},"primaryImageOfPage":{"@id":"https:\/\/foliobooks.pl\/en\/shop\/gstaad-glam\/#primaryimage"},"image":{"@id":"https:\/\/foliobooks.pl\/en\/shop\/gstaad-glam\/#primaryimage"},"thumbnailUrl":"https:\/\/foliobooks.pl\/wp-content\/uploads\/2025\/10\/9781649800435.png","datePublished":"2025-10-20T13:33:01+00:00","dateModified":"2026-02-18T14:29:00+00:00","description":"Wejd\u017a i kup ksi\u0105\u017ck\u0119 Gstaad Glam autorstwa Geoffrey Moore wydan\u0105 przez Assouline (2021-10-26) w formacie 25 x 33 cm (ISBN: 9781649800435). Zapraszamy!","breadcrumb":{"@id":"https:\/\/foliobooks.pl\/en\/shop\/gstaad-glam\/#breadcrumb"},"inLanguage":"en-US","potentialAction":[{"@type":"ReadAction","target":["https:\/\/foliobooks.pl\/en\/shop\/gstaad-glam\/"]}]},{"@type":"ImageObject","inLanguage":"en-US","@id":"https:\/\/foliobooks.pl\/en\/shop\/gstaad-glam\/#primaryimage","url":"https:\/\/foliobooks.pl\/wp-content\/uploads\/2025\/10\/9781649800435.png","contentUrl":"https:\/\/foliobooks.pl\/wp-content\/uploads\/2025\/10\/9781649800435.png","width":570,"height":708},{"@type":"BreadcrumbList","@id":"https:\/\/foliobooks.pl\/en\/shop\/gstaad-glam\/#breadcrumb","itemListElement":[{"@type":"ListItem","position":1,"name":"Strona g\u0142\u00f3wna","item":"https:\/\/foliobooks.pl\/en\/"},{"@type":"ListItem","position":2,"name":"Shop","item":"https:\/\/foliobooks.pl\/en\/shop\/"},{"@type":"ListItem","position":3,"name":"Gstaad Glam"}]},{"@type":"WebSite","@id":"https:\/\/foliobooks.pl\/en\/#website","url":"https:\/\/foliobooks.pl\/en\/","name":"Folio","description":"Ksi\u0119garnia internetowa","potentialAction":[{"@type":"SearchAction","target":{"@type":"EntryPoint","urlTemplate":"https:\/\/foliobooks.pl\/en\/?s={search_term_string}"},"query-input":{"@type":"PropertyValueSpecification","valueRequired":true,"valueName":"search_term_string"}}],"inLanguage":"en-US"}]}},"_links":{"self":[{"href":"https:\/\/foliobooks.pl\/en\/wp-json\/wp\/v2\/product\/107630","targetHints":{"allow":["GET"]}}],"collection":[{"href":"https:\/\/foliobooks.pl\/en\/wp-json\/wp\/v2\/product"}],"about":[{"href":"https:\/\/foliobooks.pl\/en\/wp-json\/wp\/v2\/types\/product"}],"replies":[{"embeddable":true,"href":"https:\/\/foliobooks.pl\/en\/wp-json\/wp\/v2\/comments?post=107630"}],"wp:featuredmedia":[{"embeddable":true,"href":"https:\/\/foliobooks.pl\/en\/wp-json\/wp\/v2\/media\/107631"}],"wp:attachment":[{"href":"https:\/\/foliobooks.pl\/en\/wp-json\/wp\/v2\/media?parent=107630"}],"wp:term":[{"taxonomy":"product_brand","embeddable":true,"href":"https:\/\/foliobooks.pl\/en\/wp-json\/wp\/v2\/product_brand?post=107630"},{"taxonomy":"product_cat","embeddable":true,"href":"https:\/\/foliobooks.pl\/en\/wp-json\/wp\/v2\/product_cat?post=107630"},{"taxonomy":"product_tag","embeddable":true,"href":"https:\/\/foliobooks.pl\/en\/wp-json\/wp\/v2\/product_tag?post=107630"}],"curies":[{"name":"wp","href":"https:\/\/api.w.org\/{rel}","templated":true}]}}