{"id":107600,"date":"2025-10-20T15:14:11","date_gmt":"2025-10-20T13:14:11","guid":{"rendered":"https:\/\/foliobooks.pl\/sklep\/sorolla-a-vision-of-spain\/"},"modified":"2026-02-18T15:30:15","modified_gmt":"2026-02-18T14:30:15","slug":"sorolla-a-vision-of-spain","status":"publish","type":"product","link":"https:\/\/foliobooks.pl\/en\/shop\/sorolla-a-vision-of-spain\/","title":{"rendered":"Sorolla: A Vision of Spain"},"content":{"rendered":"<p>Sorolla: A Vision of Spain takes us through Joaqu\u00edn Sorolla\u2019s unique journey, from his early career in Spain to the completion of his life\u2019s most prominent work for the Hispanic Society in New York. Art enthusiasts can discover what made the artist\u2019s use of light so singular, why he was so keen on painting in the outdoors and how he transformed unexpected sources of inspiration into notorious canvases.<\/p>\n<p>While the beaches of his hometown of Valencia inspired much of his work, Sorolla was a prolific artist who went beyond a single style of painting and a single source of inspiration. He captured moments with fast brushstrokes and painted quickly to capture the fleeting vibrations of light and moving waters of the sea, making him the \u201cSpanish master of light\u201d he was known to be in his lifetime.<\/p>\n<p>Introduced by the words of the painter\u2019s great-granddaughter, this book presents more than a hundred artworks and narrates all there is to know to get a grasp of the Spanish master\u2019s extensive oeuvre, from his internationally acclaimed canvases to his more fortuitous pieces worth rediscovering. They are accompanied by photographs from Jos\u00e9 Ortiz-Echagu\u0308e, as well as numerous behind-the-scenes images of the painter at work. Both the author and Blanca Pons-Sorolla have taken part in the selection of artworks featured in the book.<\/p>\n","protected":false},"excerpt":{"rendered":"<p>Sorolla: A Vision of Spain takes us through Joaqu\u00edn Sorolla\u2019s unique journey, from his early career in Spain to the completion of his life\u2019s most prominent work for the Hispanic Society in New York. Art enthusiasts can discover what made the artist\u2019s use of light so singular, why he was so keen on painting in&#8230;<\/p>\n","protected":false},"featured_media":107601,"comment_status":"closed","ping_status":"closed","template":"","meta":[],"product_brand":[],"product_cat":[4522,13533],"product_tag":[1702,12608],"class_list":{"0":"post-107600","1":"product","2":"type-product","3":"status-publish","4":"has-post-thumbnail","6":"product_cat-art-en","7":"product_cat-books","8":"product_tag-artists","9":"product_tag-spain-en","10":"pa_author_att-cristina-carrillo-de-albornoz-en","11":"pa_cover-hardcover","12":"pa_format-25-x-33-cm-en","13":"pa_isbn-20682","14":"pa_language-eng","15":"pa_pages-272-en-2","16":"pa_published-2023-02-09-en","17":"pa_publisher-assouline-en","19":"first","20":"instock","21":"sale","22":"sold-individually","23":"shipping-taxable","24":"purchasable","25":"product-type-simple"},"yoast_head":"<!-- This site is optimized with the Yoast SEO plugin v27.6 - https:\/\/yoast.com\/product\/yoast-seo-wordpress\/ -->\n<title>Sorolla: A Vision of Spain (Cristina Carrillo de Albornoz) - book \/ album - Folio<\/title>\n<meta name=\"description\" content=\"Wejd\u017a i kup ksi\u0105\u017ck\u0119 Sorolla: A Vision of Spain autorstwa Cristina Carrillo de Albornoz wydan\u0105 przez Assouline (2023-02-09) w formacie 25 x 33 cm (ISBN: 9781649802231). Zapraszamy!\" \/>\n<meta name=\"robots\" content=\"index, follow, max-snippet:-1, max-image-preview:large, max-video-preview:-1\" \/>\n<link rel=\"canonical\" href=\"https:\/\/foliobooks.pl\/en\/shop\/sorolla-a-vision-of-spain\/\" \/>\n<meta property=\"og:locale\" content=\"en_US\" \/>\n<meta property=\"og:type\" content=\"article\" \/>\n<meta property=\"og:title\" content=\"Sorolla: A Vision of Spain (Cristina Carrillo de Albornoz) - book \/ album - Folio\" \/>\n<meta property=\"og:description\" content=\"Wejd\u017a i kup ksi\u0105\u017ck\u0119 Sorolla: A Vision of Spain autorstwa Cristina Carrillo de Albornoz wydan\u0105 przez Assouline (2023-02-09) w formacie 25 x 33 cm (ISBN: 9781649802231). Zapraszamy!\" \/>\n<meta property=\"og:url\" content=\"https:\/\/foliobooks.pl\/en\/shop\/sorolla-a-vision-of-spain\/\" \/>\n<meta property=\"og:site_name\" content=\"Folio\" \/>\n<meta property=\"article:modified_time\" content=\"2026-02-18T14:30:15+00:00\" \/>\n<meta property=\"og:image\" content=\"https:\/\/foliobooks.pl\/wp-content\/uploads\/2025\/10\/9781649802231.png\" \/>\n\t<meta property=\"og:image:width\" content=\"570\" \/>\n\t<meta property=\"og:image:height\" content=\"708\" \/>\n\t<meta property=\"og:image:type\" content=\"image\/png\" \/>\n<meta name=\"twitter:card\" content=\"summary_large_image\" \/>\n<meta name=\"twitter:label1\" content=\"Est. reading time\" \/>\n\t<meta name=\"twitter:data1\" content=\"1 minute\" \/>\n<script type=\"application\/ld+json\" class=\"yoast-schema-graph\">{\"@context\":\"https:\\\/\\\/schema.org\",\"@graph\":[{\"@type\":\"WebPage\",\"@id\":\"https:\\\/\\\/foliobooks.pl\\\/en\\\/shop\\\/sorolla-a-vision-of-spain\\\/\",\"url\":\"https:\\\/\\\/foliobooks.pl\\\/en\\\/shop\\\/sorolla-a-vision-of-spain\\\/\",\"name\":\"Sorolla: A Vision of Spain (Cristina Carrillo de Albornoz) - book \\\/ album - Folio\",\"isPartOf\":{\"@id\":\"https:\\\/\\\/foliobooks.pl\\\/en\\\/#website\"},\"primaryImageOfPage\":{\"@id\":\"https:\\\/\\\/foliobooks.pl\\\/en\\\/shop\\\/sorolla-a-vision-of-spain\\\/#primaryimage\"},\"image\":{\"@id\":\"https:\\\/\\\/foliobooks.pl\\\/en\\\/shop\\\/sorolla-a-vision-of-spain\\\/#primaryimage\"},\"thumbnailUrl\":\"https:\\\/\\\/foliobooks.pl\\\/wp-content\\\/uploads\\\/2025\\\/10\\\/9781649802231.png\",\"datePublished\":\"2025-10-20T13:14:11+00:00\",\"dateModified\":\"2026-02-18T14:30:15+00:00\",\"description\":\"Wejd\u017a i kup ksi\u0105\u017ck\u0119 Sorolla: A Vision of Spain autorstwa Cristina Carrillo de Albornoz wydan\u0105 przez Assouline (2023-02-09) w formacie 25 x 33 cm (ISBN: 9781649802231). Zapraszamy!\",\"breadcrumb\":{\"@id\":\"https:\\\/\\\/foliobooks.pl\\\/en\\\/shop\\\/sorolla-a-vision-of-spain\\\/#breadcrumb\"},\"inLanguage\":\"en-US\",\"potentialAction\":[{\"@type\":\"ReadAction\",\"target\":[\"https:\\\/\\\/foliobooks.pl\\\/en\\\/shop\\\/sorolla-a-vision-of-spain\\\/\"]}]},{\"@type\":\"ImageObject\",\"inLanguage\":\"en-US\",\"@id\":\"https:\\\/\\\/foliobooks.pl\\\/en\\\/shop\\\/sorolla-a-vision-of-spain\\\/#primaryimage\",\"url\":\"https:\\\/\\\/foliobooks.pl\\\/wp-content\\\/uploads\\\/2025\\\/10\\\/9781649802231.png\",\"contentUrl\":\"https:\\\/\\\/foliobooks.pl\\\/wp-content\\\/uploads\\\/2025\\\/10\\\/9781649802231.png\",\"width\":570,\"height\":708},{\"@type\":\"BreadcrumbList\",\"@id\":\"https:\\\/\\\/foliobooks.pl\\\/en\\\/shop\\\/sorolla-a-vision-of-spain\\\/#breadcrumb\",\"itemListElement\":[{\"@type\":\"ListItem\",\"position\":1,\"name\":\"Strona g\u0142\u00f3wna\",\"item\":\"https:\\\/\\\/foliobooks.pl\\\/en\\\/\"},{\"@type\":\"ListItem\",\"position\":2,\"name\":\"Shop\",\"item\":\"https:\\\/\\\/foliobooks.pl\\\/en\\\/shop\\\/\"},{\"@type\":\"ListItem\",\"position\":3,\"name\":\"Sorolla: A Vision of Spain\"}]},{\"@type\":\"WebSite\",\"@id\":\"https:\\\/\\\/foliobooks.pl\\\/en\\\/#website\",\"url\":\"https:\\\/\\\/foliobooks.pl\\\/en\\\/\",\"name\":\"Folio\",\"description\":\"Ksi\u0119garnia internetowa\",\"potentialAction\":[{\"@type\":\"SearchAction\",\"target\":{\"@type\":\"EntryPoint\",\"urlTemplate\":\"https:\\\/\\\/foliobooks.pl\\\/en\\\/?s={search_term_string}\"},\"query-input\":{\"@type\":\"PropertyValueSpecification\",\"valueRequired\":true,\"valueName\":\"search_term_string\"}}],\"inLanguage\":\"en-US\"}]}<\/script>\n<!-- \/ Yoast SEO plugin. -->","yoast_head_json":{"title":"Sorolla: A Vision of Spain (Cristina Carrillo de Albornoz) - book \/ album - Folio","description":"Wejd\u017a i kup ksi\u0105\u017ck\u0119 Sorolla: A Vision of Spain autorstwa Cristina Carrillo de Albornoz wydan\u0105 przez Assouline (2023-02-09) w formacie 25 x 33 cm (ISBN: 9781649802231). Zapraszamy!","robots":{"index":"index","follow":"follow","max-snippet":"max-snippet:-1","max-image-preview":"max-image-preview:large","max-video-preview":"max-video-preview:-1"},"canonical":"https:\/\/foliobooks.pl\/en\/shop\/sorolla-a-vision-of-spain\/","og_locale":"en_US","og_type":"article","og_title":"Sorolla: A Vision of Spain (Cristina Carrillo de Albornoz) - book \/ album - Folio","og_description":"Wejd\u017a i kup ksi\u0105\u017ck\u0119 Sorolla: A Vision of Spain autorstwa Cristina Carrillo de Albornoz wydan\u0105 przez Assouline (2023-02-09) w formacie 25 x 33 cm (ISBN: 9781649802231). Zapraszamy!","og_url":"https:\/\/foliobooks.pl\/en\/shop\/sorolla-a-vision-of-spain\/","og_site_name":"Folio","article_modified_time":"2026-02-18T14:30:15+00:00","og_image":[{"width":570,"height":708,"url":"https:\/\/foliobooks.pl\/wp-content\/uploads\/2025\/10\/9781649802231.png","type":"image\/png"}],"twitter_card":"summary_large_image","twitter_misc":{"Est. reading time":"1 minute"},"schema":{"@context":"https:\/\/schema.org","@graph":[{"@type":"WebPage","@id":"https:\/\/foliobooks.pl\/en\/shop\/sorolla-a-vision-of-spain\/","url":"https:\/\/foliobooks.pl\/en\/shop\/sorolla-a-vision-of-spain\/","name":"Sorolla: A Vision of Spain (Cristina Carrillo de Albornoz) - book \/ album - Folio","isPartOf":{"@id":"https:\/\/foliobooks.pl\/en\/#website"},"primaryImageOfPage":{"@id":"https:\/\/foliobooks.pl\/en\/shop\/sorolla-a-vision-of-spain\/#primaryimage"},"image":{"@id":"https:\/\/foliobooks.pl\/en\/shop\/sorolla-a-vision-of-spain\/#primaryimage"},"thumbnailUrl":"https:\/\/foliobooks.pl\/wp-content\/uploads\/2025\/10\/9781649802231.png","datePublished":"2025-10-20T13:14:11+00:00","dateModified":"2026-02-18T14:30:15+00:00","description":"Wejd\u017a i kup ksi\u0105\u017ck\u0119 Sorolla: A Vision of Spain autorstwa Cristina Carrillo de Albornoz wydan\u0105 przez Assouline (2023-02-09) w formacie 25 x 33 cm (ISBN: 9781649802231). Zapraszamy!","breadcrumb":{"@id":"https:\/\/foliobooks.pl\/en\/shop\/sorolla-a-vision-of-spain\/#breadcrumb"},"inLanguage":"en-US","potentialAction":[{"@type":"ReadAction","target":["https:\/\/foliobooks.pl\/en\/shop\/sorolla-a-vision-of-spain\/"]}]},{"@type":"ImageObject","inLanguage":"en-US","@id":"https:\/\/foliobooks.pl\/en\/shop\/sorolla-a-vision-of-spain\/#primaryimage","url":"https:\/\/foliobooks.pl\/wp-content\/uploads\/2025\/10\/9781649802231.png","contentUrl":"https:\/\/foliobooks.pl\/wp-content\/uploads\/2025\/10\/9781649802231.png","width":570,"height":708},{"@type":"BreadcrumbList","@id":"https:\/\/foliobooks.pl\/en\/shop\/sorolla-a-vision-of-spain\/#breadcrumb","itemListElement":[{"@type":"ListItem","position":1,"name":"Strona g\u0142\u00f3wna","item":"https:\/\/foliobooks.pl\/en\/"},{"@type":"ListItem","position":2,"name":"Shop","item":"https:\/\/foliobooks.pl\/en\/shop\/"},{"@type":"ListItem","position":3,"name":"Sorolla: A Vision of Spain"}]},{"@type":"WebSite","@id":"https:\/\/foliobooks.pl\/en\/#website","url":"https:\/\/foliobooks.pl\/en\/","name":"Folio","description":"Ksi\u0119garnia internetowa","potentialAction":[{"@type":"SearchAction","target":{"@type":"EntryPoint","urlTemplate":"https:\/\/foliobooks.pl\/en\/?s={search_term_string}"},"query-input":{"@type":"PropertyValueSpecification","valueRequired":true,"valueName":"search_term_string"}}],"inLanguage":"en-US"}]}},"_links":{"self":[{"href":"https:\/\/foliobooks.pl\/en\/wp-json\/wp\/v2\/product\/107600","targetHints":{"allow":["GET"]}}],"collection":[{"href":"https:\/\/foliobooks.pl\/en\/wp-json\/wp\/v2\/product"}],"about":[{"href":"https:\/\/foliobooks.pl\/en\/wp-json\/wp\/v2\/types\/product"}],"replies":[{"embeddable":true,"href":"https:\/\/foliobooks.pl\/en\/wp-json\/wp\/v2\/comments?post=107600"}],"wp:featuredmedia":[{"embeddable":true,"href":"https:\/\/foliobooks.pl\/en\/wp-json\/wp\/v2\/media\/107601"}],"wp:attachment":[{"href":"https:\/\/foliobooks.pl\/en\/wp-json\/wp\/v2\/media?parent=107600"}],"wp:term":[{"taxonomy":"product_brand","embeddable":true,"href":"https:\/\/foliobooks.pl\/en\/wp-json\/wp\/v2\/product_brand?post=107600"},{"taxonomy":"product_cat","embeddable":true,"href":"https:\/\/foliobooks.pl\/en\/wp-json\/wp\/v2\/product_cat?post=107600"},{"taxonomy":"product_tag","embeddable":true,"href":"https:\/\/foliobooks.pl\/en\/wp-json\/wp\/v2\/product_tag?post=107600"}],"curies":[{"name":"wp","href":"https:\/\/api.w.org\/{rel}","templated":true}]}}