{"id":107583,"date":"2025-10-20T15:03:48","date_gmt":"2025-10-20T13:03:48","guid":{"rendered":"https:\/\/foliobooks.pl\/sklep\/voyager-photographs-from-humanitys-greatest-journey\/"},"modified":"2025-10-20T15:46:51","modified_gmt":"2025-10-20T13:46:51","slug":"voyager-photographs-from-humanitys-greatest-journey","status":"publish","type":"product","link":"https:\/\/foliobooks.pl\/en\/shop\/voyager-photographs-from-humanitys-greatest-journey\/","title":{"rendered":"Voyager. Photographs from Humanity&#8217;s Greatest Journey"},"content":{"rendered":"<p>Photographs from Humanity&#8217;s Greatest Journey &#8211; tN4t<\/p>\n<p>Experience an impressive collection of previously unpublished photographs from NASA&#8217;s legendary Voyager missions with \u201cVoyager: Photographs from Humanity&#8217;s Greatest Journey\u201d. This opulent illustrated book, now also available in paperback, takes you on an emotional journey into the universe, focusing on the inseparable connection between humanity and Earth.<\/p>\n<p>Since their launch in 1977, the Voyager probes have explored the infinite expanses of space and fundamentally revolutionized our knowledge of the solar system. Particularly impressive are the photographs of the planets Saturn, Jupiter, Uranus and Neptune, which are among the outstanding achievements of this iconic space mission.<\/p>\n<p>\u201cVoyager\u201d is not only a visual celebration of science, but also an invitation to explore the big questions of life. This remarkable collection is complemented by contributions from Dr. Garry Hunt, one of the leading minds behind the Voyager missions, and offers valuable insights into astrophotography and the challenges of space travel. Experience unforgettable photo moments such as the famous \u201cPale Blue Dot\u201d, which shows the Earth from the depths of space. Be inspired by the fascinating history of the missions, from the Golden Record to the search for extraterrestrial life and the entry into interstellar space.<\/p>\n<p>\u201cVoyager\u201d combines scientific information, high-quality photography and captivating stories in a unique illustrated book. This book is a must for anyone who is passionate about space travel, science and the wonders of the universe. Let yourself be captivated by the magic of NASA&#8217;s missions and discover the secrets of the cosmos with the Voyager probes!<\/p>\n<p>The new edition of this illustrated book is part of the tN4t series, in which selected particularly popular and successful teNeues titles from the past are published in softcover or paperback at an affordable price. <\/p>\n","protected":false},"excerpt":{"rendered":"<p>Photographs from Humanity&#8217;s Greatest Journey &#8211; tN4t Experience an impressive collection of previously unpublished photographs from NASA&#8217;s legendary Voyager missions with \u201cVoyager: Photographs from Humanity&#8217;s Greatest Journey\u201d. This opulent illustrated book, now also available in paperback, takes you on an emotional journey into the universe, focusing on the inseparable connection between humanity and Earth. Since&#8230;<\/p>\n","protected":false},"featured_media":107584,"comment_status":"closed","ping_status":"closed","template":"","meta":[],"product_brand":[],"product_cat":[13533,4517],"product_tag":[1667,11529,6121],"class_list":{"0":"post-107583","1":"product","2":"type-product","3":"status-publish","4":"has-post-thumbnail","6":"product_cat-books","7":"product_cat-photography-en","8":"product_tag-cosmos","9":"product_tag-documentary-photography-en","10":"product_tag-photography","11":"pa_cover-softcover","12":"pa_format-22-x-282-cm","13":"pa_isbn-20680","14":"pa_language-eng","15":"pa_pages-304-2-en","16":"pa_published-2025-09-10","17":"pa_publisher-teneues-en","19":"first","20":"instock","21":"sold-individually","22":"shipping-taxable","23":"purchasable","24":"product-type-simple"},"yoast_head":"<!-- This site is optimized with the Yoast SEO plugin v27.4 - https:\/\/yoast.com\/product\/yoast-seo-wordpress\/ -->\n<title>Voyager. Photographs from Humanity&#039;s Greatest Journey () - book \/ album - Folio<\/title>\n<meta name=\"description\" content=\"Wejd\u017a i kup ksi\u0105\u017ck\u0119 Voyager. Photographs from Humanity&#039;s Greatest Journey autorstwa wydan\u0105 przez teNeues (2025-09-10) w formacie 22 x 28,2 cm (ISBN: 9783961717071). Zapraszamy!\" \/>\n<meta name=\"robots\" content=\"index, follow, max-snippet:-1, max-image-preview:large, max-video-preview:-1\" \/>\n<link rel=\"canonical\" href=\"https:\/\/foliobooks.pl\/en\/shop\/voyager-photographs-from-humanitys-greatest-journey\/\" \/>\n<meta property=\"og:locale\" content=\"en_US\" \/>\n<meta property=\"og:type\" content=\"article\" \/>\n<meta property=\"og:title\" content=\"Voyager. Photographs from Humanity&#039;s Greatest Journey () - book \/ album - Folio\" \/>\n<meta property=\"og:description\" content=\"Wejd\u017a i kup ksi\u0105\u017ck\u0119 Voyager. Photographs from Humanity&#039;s Greatest Journey autorstwa wydan\u0105 przez teNeues (2025-09-10) w formacie 22 x 28,2 cm (ISBN: 9783961717071). Zapraszamy!\" \/>\n<meta property=\"og:url\" content=\"https:\/\/foliobooks.pl\/en\/shop\/voyager-photographs-from-humanitys-greatest-journey\/\" \/>\n<meta property=\"og:site_name\" content=\"Folio\" \/>\n<meta property=\"article:modified_time\" content=\"2025-10-20T13:46:51+00:00\" \/>\n<meta property=\"og:image\" content=\"https:\/\/foliobooks.pl\/wp-content\/uploads\/2025\/10\/9783961717071.png\" \/>\n\t<meta property=\"og:image:width\" content=\"570\" \/>\n\t<meta property=\"og:image:height\" content=\"708\" \/>\n\t<meta property=\"og:image:type\" content=\"image\/png\" \/>\n<meta name=\"twitter:card\" content=\"summary_large_image\" \/>\n<meta name=\"twitter:label1\" content=\"Est. reading time\" \/>\n\t<meta name=\"twitter:data1\" content=\"2 minutes\" \/>\n<script type=\"application\/ld+json\" class=\"yoast-schema-graph\">{\"@context\":\"https:\\\/\\\/schema.org\",\"@graph\":[{\"@type\":\"WebPage\",\"@id\":\"https:\\\/\\\/foliobooks.pl\\\/en\\\/shop\\\/voyager-photographs-from-humanitys-greatest-journey\\\/\",\"url\":\"https:\\\/\\\/foliobooks.pl\\\/en\\\/shop\\\/voyager-photographs-from-humanitys-greatest-journey\\\/\",\"name\":\"Voyager. Photographs from Humanity's Greatest Journey () - book \\\/ album - Folio\",\"isPartOf\":{\"@id\":\"https:\\\/\\\/foliobooks.pl\\\/en\\\/#website\"},\"primaryImageOfPage\":{\"@id\":\"https:\\\/\\\/foliobooks.pl\\\/en\\\/shop\\\/voyager-photographs-from-humanitys-greatest-journey\\\/#primaryimage\"},\"image\":{\"@id\":\"https:\\\/\\\/foliobooks.pl\\\/en\\\/shop\\\/voyager-photographs-from-humanitys-greatest-journey\\\/#primaryimage\"},\"thumbnailUrl\":\"https:\\\/\\\/foliobooks.pl\\\/wp-content\\\/uploads\\\/2025\\\/10\\\/9783961717071.png\",\"datePublished\":\"2025-10-20T13:03:48+00:00\",\"dateModified\":\"2025-10-20T13:46:51+00:00\",\"description\":\"Wejd\u017a i kup ksi\u0105\u017ck\u0119 Voyager. Photographs from Humanity's Greatest Journey autorstwa wydan\u0105 przez teNeues (2025-09-10) w formacie 22 x 28,2 cm (ISBN: 9783961717071). Zapraszamy!\",\"breadcrumb\":{\"@id\":\"https:\\\/\\\/foliobooks.pl\\\/en\\\/shop\\\/voyager-photographs-from-humanitys-greatest-journey\\\/#breadcrumb\"},\"inLanguage\":\"en-US\",\"potentialAction\":[{\"@type\":\"ReadAction\",\"target\":[\"https:\\\/\\\/foliobooks.pl\\\/en\\\/shop\\\/voyager-photographs-from-humanitys-greatest-journey\\\/\"]}]},{\"@type\":\"ImageObject\",\"inLanguage\":\"en-US\",\"@id\":\"https:\\\/\\\/foliobooks.pl\\\/en\\\/shop\\\/voyager-photographs-from-humanitys-greatest-journey\\\/#primaryimage\",\"url\":\"https:\\\/\\\/foliobooks.pl\\\/wp-content\\\/uploads\\\/2025\\\/10\\\/9783961717071.png\",\"contentUrl\":\"https:\\\/\\\/foliobooks.pl\\\/wp-content\\\/uploads\\\/2025\\\/10\\\/9783961717071.png\",\"width\":570,\"height\":708},{\"@type\":\"BreadcrumbList\",\"@id\":\"https:\\\/\\\/foliobooks.pl\\\/en\\\/shop\\\/voyager-photographs-from-humanitys-greatest-journey\\\/#breadcrumb\",\"itemListElement\":[{\"@type\":\"ListItem\",\"position\":1,\"name\":\"Strona g\u0142\u00f3wna\",\"item\":\"https:\\\/\\\/foliobooks.pl\\\/en\\\/\"},{\"@type\":\"ListItem\",\"position\":2,\"name\":\"Shop\",\"item\":\"https:\\\/\\\/foliobooks.pl\\\/en\\\/shop\\\/\"},{\"@type\":\"ListItem\",\"position\":3,\"name\":\"Voyager. Photographs from Humanity&#8217;s Greatest Journey\"}]},{\"@type\":\"WebSite\",\"@id\":\"https:\\\/\\\/foliobooks.pl\\\/en\\\/#website\",\"url\":\"https:\\\/\\\/foliobooks.pl\\\/en\\\/\",\"name\":\"Folio\",\"description\":\"Ksi\u0119garnia internetowa\",\"potentialAction\":[{\"@type\":\"SearchAction\",\"target\":{\"@type\":\"EntryPoint\",\"urlTemplate\":\"https:\\\/\\\/foliobooks.pl\\\/en\\\/?s={search_term_string}\"},\"query-input\":{\"@type\":\"PropertyValueSpecification\",\"valueRequired\":true,\"valueName\":\"search_term_string\"}}],\"inLanguage\":\"en-US\"}]}<\/script>\n<!-- \/ Yoast SEO plugin. -->","yoast_head_json":{"title":"Voyager. Photographs from Humanity's Greatest Journey () - book \/ album - Folio","description":"Wejd\u017a i kup ksi\u0105\u017ck\u0119 Voyager. Photographs from Humanity's Greatest Journey autorstwa wydan\u0105 przez teNeues (2025-09-10) w formacie 22 x 28,2 cm (ISBN: 9783961717071). Zapraszamy!","robots":{"index":"index","follow":"follow","max-snippet":"max-snippet:-1","max-image-preview":"max-image-preview:large","max-video-preview":"max-video-preview:-1"},"canonical":"https:\/\/foliobooks.pl\/en\/shop\/voyager-photographs-from-humanitys-greatest-journey\/","og_locale":"en_US","og_type":"article","og_title":"Voyager. Photographs from Humanity's Greatest Journey () - book \/ album - Folio","og_description":"Wejd\u017a i kup ksi\u0105\u017ck\u0119 Voyager. Photographs from Humanity's Greatest Journey autorstwa wydan\u0105 przez teNeues (2025-09-10) w formacie 22 x 28,2 cm (ISBN: 9783961717071). Zapraszamy!","og_url":"https:\/\/foliobooks.pl\/en\/shop\/voyager-photographs-from-humanitys-greatest-journey\/","og_site_name":"Folio","article_modified_time":"2025-10-20T13:46:51+00:00","og_image":[{"width":570,"height":708,"url":"https:\/\/foliobooks.pl\/wp-content\/uploads\/2025\/10\/9783961717071.png","type":"image\/png"}],"twitter_card":"summary_large_image","twitter_misc":{"Est. reading time":"2 minutes"},"schema":{"@context":"https:\/\/schema.org","@graph":[{"@type":"WebPage","@id":"https:\/\/foliobooks.pl\/en\/shop\/voyager-photographs-from-humanitys-greatest-journey\/","url":"https:\/\/foliobooks.pl\/en\/shop\/voyager-photographs-from-humanitys-greatest-journey\/","name":"Voyager. Photographs from Humanity's Greatest Journey () - book \/ album - Folio","isPartOf":{"@id":"https:\/\/foliobooks.pl\/en\/#website"},"primaryImageOfPage":{"@id":"https:\/\/foliobooks.pl\/en\/shop\/voyager-photographs-from-humanitys-greatest-journey\/#primaryimage"},"image":{"@id":"https:\/\/foliobooks.pl\/en\/shop\/voyager-photographs-from-humanitys-greatest-journey\/#primaryimage"},"thumbnailUrl":"https:\/\/foliobooks.pl\/wp-content\/uploads\/2025\/10\/9783961717071.png","datePublished":"2025-10-20T13:03:48+00:00","dateModified":"2025-10-20T13:46:51+00:00","description":"Wejd\u017a i kup ksi\u0105\u017ck\u0119 Voyager. Photographs from Humanity's Greatest Journey autorstwa wydan\u0105 przez teNeues (2025-09-10) w formacie 22 x 28,2 cm (ISBN: 9783961717071). Zapraszamy!","breadcrumb":{"@id":"https:\/\/foliobooks.pl\/en\/shop\/voyager-photographs-from-humanitys-greatest-journey\/#breadcrumb"},"inLanguage":"en-US","potentialAction":[{"@type":"ReadAction","target":["https:\/\/foliobooks.pl\/en\/shop\/voyager-photographs-from-humanitys-greatest-journey\/"]}]},{"@type":"ImageObject","inLanguage":"en-US","@id":"https:\/\/foliobooks.pl\/en\/shop\/voyager-photographs-from-humanitys-greatest-journey\/#primaryimage","url":"https:\/\/foliobooks.pl\/wp-content\/uploads\/2025\/10\/9783961717071.png","contentUrl":"https:\/\/foliobooks.pl\/wp-content\/uploads\/2025\/10\/9783961717071.png","width":570,"height":708},{"@type":"BreadcrumbList","@id":"https:\/\/foliobooks.pl\/en\/shop\/voyager-photographs-from-humanitys-greatest-journey\/#breadcrumb","itemListElement":[{"@type":"ListItem","position":1,"name":"Strona g\u0142\u00f3wna","item":"https:\/\/foliobooks.pl\/en\/"},{"@type":"ListItem","position":2,"name":"Shop","item":"https:\/\/foliobooks.pl\/en\/shop\/"},{"@type":"ListItem","position":3,"name":"Voyager. Photographs from Humanity&#8217;s Greatest Journey"}]},{"@type":"WebSite","@id":"https:\/\/foliobooks.pl\/en\/#website","url":"https:\/\/foliobooks.pl\/en\/","name":"Folio","description":"Ksi\u0119garnia internetowa","potentialAction":[{"@type":"SearchAction","target":{"@type":"EntryPoint","urlTemplate":"https:\/\/foliobooks.pl\/en\/?s={search_term_string}"},"query-input":{"@type":"PropertyValueSpecification","valueRequired":true,"valueName":"search_term_string"}}],"inLanguage":"en-US"}]}},"_links":{"self":[{"href":"https:\/\/foliobooks.pl\/en\/wp-json\/wp\/v2\/product\/107583","targetHints":{"allow":["GET"]}}],"collection":[{"href":"https:\/\/foliobooks.pl\/en\/wp-json\/wp\/v2\/product"}],"about":[{"href":"https:\/\/foliobooks.pl\/en\/wp-json\/wp\/v2\/types\/product"}],"replies":[{"embeddable":true,"href":"https:\/\/foliobooks.pl\/en\/wp-json\/wp\/v2\/comments?post=107583"}],"wp:featuredmedia":[{"embeddable":true,"href":"https:\/\/foliobooks.pl\/en\/wp-json\/wp\/v2\/media\/107584"}],"wp:attachment":[{"href":"https:\/\/foliobooks.pl\/en\/wp-json\/wp\/v2\/media?parent=107583"}],"wp:term":[{"taxonomy":"product_brand","embeddable":true,"href":"https:\/\/foliobooks.pl\/en\/wp-json\/wp\/v2\/product_brand?post=107583"},{"taxonomy":"product_cat","embeddable":true,"href":"https:\/\/foliobooks.pl\/en\/wp-json\/wp\/v2\/product_cat?post=107583"},{"taxonomy":"product_tag","embeddable":true,"href":"https:\/\/foliobooks.pl\/en\/wp-json\/wp\/v2\/product_tag?post=107583"}],"curies":[{"name":"wp","href":"https:\/\/api.w.org\/{rel}","templated":true}]}}