{"id":107485,"date":"2025-09-25T09:32:12","date_gmt":"2025-09-25T07:32:12","guid":{"rendered":"https:\/\/foliobooks.pl\/sklep\/korean-feminist-artists-confront-and-deconstruct\/"},"modified":"2025-09-25T09:32:12","modified_gmt":"2025-09-25T07:32:12","slug":"korean-feminist-artists-confront-and-deconstruct","status":"publish","type":"product","link":"https:\/\/foliobooks.pl\/en\/shop\/korean-feminist-artists-confront-and-deconstruct\/","title":{"rendered":"Korean Feminist Artists. Confront and Deconstruct"},"content":{"rendered":"<p>As featured in Artsy, Hyperallergic, and Artnet<\/p>\n<p>Explore the vibrant history and profound cultural resonance of feminist art from Korea and the diaspora<\/p>\n<p>Renowned curator and scholar Dr. Kim Hong-hee&#8217;s book is the first to delve into Korean feminist artists&#8217; impact on the East Asian cultural landscape.<\/p>\n<p>This unprecedented visual survey celebrates the work of 42 contemporary artists, from rising stars to globally recognized names, including Theresa Hak Kyung Cha, Kyungah Ham, Kimsooja, Lee Bul, Mire Lee, Minouk Lim, Haegue Yang, and Yun Suknam. Organized by themes including queer politics, ecofeminism, the diaspora, and abstraction, Korean Feminist Artists features artworks across painting, sculpture, photography, film, video, installation, handicrafts, and performance. Through rich imagery and insightful writing, the book explores the quest of these pioneering artists for social, cultural, and sexual equality, from their confrontations with the mainstream art establishment to the significance of their aesthetic and political interventions.<\/p>\n","protected":false},"excerpt":{"rendered":"<p>As featured in Artsy, Hyperallergic, and Artnet Explore the vibrant history and profound cultural resonance of feminist art from Korea and the diaspora Renowned curator and scholar Dr. Kim Hong-hee&#8217;s book is the first to delve into Korean feminist artists&#8217; impact on the East Asian cultural landscape. This unprecedented visual survey celebrates the work of&#8230;<\/p>\n","protected":false},"featured_media":107486,"comment_status":"closed","ping_status":"closed","template":"","meta":[],"product_brand":[],"product_cat":[4522,13533],"product_tag":[9083,2767],"class_list":{"0":"post-107485","1":"product","2":"type-product","3":"status-publish","4":"has-post-thumbnail","6":"product_cat-art-en","7":"product_cat-books","8":"product_tag-art-en","9":"product_tag-art-history","10":"pa_author_att-kim-hong-hee","11":"pa_cover-hardcover","12":"pa_format-29-x-214-cm-en","13":"pa_isbn-20668","14":"pa_language-eng","15":"pa_pages-360-en","16":"pa_published-2024-10-29-en","17":"pa_publisher-phaidon-en","19":"first","20":"instock","21":"sold-individually","22":"shipping-taxable","23":"purchasable","24":"product-type-simple"},"yoast_head":"<!-- This site is optimized with the Yoast SEO plugin v27.4 - https:\/\/yoast.com\/product\/yoast-seo-wordpress\/ -->\n<title>Korean Feminist Artists. Confront and Deconstruct (Kim Hong-Hee) - book \/ album - Folio<\/title>\n<meta name=\"description\" content=\"Wejd\u017a i kup ksi\u0105\u017ck\u0119 Korean Feminist Artists. Confront and Deconstruct autorstwa Kim Hong-Hee wydan\u0105 przez PHAIDON (2024-10-29) w formacie 29 x 21,4 cm (ISBN: 9781838667054). Zapraszamy!\" \/>\n<meta name=\"robots\" content=\"index, follow, max-snippet:-1, max-image-preview:large, max-video-preview:-1\" \/>\n<link rel=\"canonical\" href=\"https:\/\/foliobooks.pl\/en\/shop\/korean-feminist-artists-confront-and-deconstruct\/\" \/>\n<meta property=\"og:locale\" content=\"en_US\" \/>\n<meta property=\"og:type\" content=\"article\" \/>\n<meta property=\"og:title\" content=\"Korean Feminist Artists. Confront and Deconstruct (Kim Hong-Hee) - book \/ album - Folio\" \/>\n<meta property=\"og:description\" content=\"Wejd\u017a i kup ksi\u0105\u017ck\u0119 Korean Feminist Artists. Confront and Deconstruct autorstwa Kim Hong-Hee wydan\u0105 przez PHAIDON (2024-10-29) w formacie 29 x 21,4 cm (ISBN: 9781838667054). Zapraszamy!\" \/>\n<meta property=\"og:url\" content=\"https:\/\/foliobooks.pl\/en\/shop\/korean-feminist-artists-confront-and-deconstruct\/\" \/>\n<meta property=\"og:site_name\" content=\"Folio\" \/>\n<meta property=\"og:image\" content=\"https:\/\/foliobooks.pl\/wp-content\/uploads\/2025\/09\/9781838667054.png\" \/>\n\t<meta property=\"og:image:width\" content=\"570\" \/>\n\t<meta property=\"og:image:height\" content=\"708\" \/>\n\t<meta property=\"og:image:type\" content=\"image\/png\" \/>\n<meta name=\"twitter:card\" content=\"summary_large_image\" \/>\n<meta name=\"twitter:label1\" content=\"Est. reading time\" \/>\n\t<meta name=\"twitter:data1\" content=\"2 minutes\" \/>\n<script type=\"application\/ld+json\" class=\"yoast-schema-graph\">{\"@context\":\"https:\\\/\\\/schema.org\",\"@graph\":[{\"@type\":\"WebPage\",\"@id\":\"https:\\\/\\\/foliobooks.pl\\\/en\\\/shop\\\/korean-feminist-artists-confront-and-deconstruct\\\/\",\"url\":\"https:\\\/\\\/foliobooks.pl\\\/en\\\/shop\\\/korean-feminist-artists-confront-and-deconstruct\\\/\",\"name\":\"Korean Feminist Artists. Confront and Deconstruct (Kim Hong-Hee) - book \\\/ album - Folio\",\"isPartOf\":{\"@id\":\"https:\\\/\\\/foliobooks.pl\\\/en\\\/#website\"},\"primaryImageOfPage\":{\"@id\":\"https:\\\/\\\/foliobooks.pl\\\/en\\\/shop\\\/korean-feminist-artists-confront-and-deconstruct\\\/#primaryimage\"},\"image\":{\"@id\":\"https:\\\/\\\/foliobooks.pl\\\/en\\\/shop\\\/korean-feminist-artists-confront-and-deconstruct\\\/#primaryimage\"},\"thumbnailUrl\":\"https:\\\/\\\/foliobooks.pl\\\/wp-content\\\/uploads\\\/2025\\\/09\\\/9781838667054.png\",\"datePublished\":\"2025-09-25T07:32:12+00:00\",\"description\":\"Wejd\u017a i kup ksi\u0105\u017ck\u0119 Korean Feminist Artists. Confront and Deconstruct autorstwa Kim Hong-Hee wydan\u0105 przez PHAIDON (2024-10-29) w formacie 29 x 21,4 cm (ISBN: 9781838667054). Zapraszamy!\",\"breadcrumb\":{\"@id\":\"https:\\\/\\\/foliobooks.pl\\\/en\\\/shop\\\/korean-feminist-artists-confront-and-deconstruct\\\/#breadcrumb\"},\"inLanguage\":\"en-US\",\"potentialAction\":[{\"@type\":\"ReadAction\",\"target\":[\"https:\\\/\\\/foliobooks.pl\\\/en\\\/shop\\\/korean-feminist-artists-confront-and-deconstruct\\\/\"]}]},{\"@type\":\"ImageObject\",\"inLanguage\":\"en-US\",\"@id\":\"https:\\\/\\\/foliobooks.pl\\\/en\\\/shop\\\/korean-feminist-artists-confront-and-deconstruct\\\/#primaryimage\",\"url\":\"https:\\\/\\\/foliobooks.pl\\\/wp-content\\\/uploads\\\/2025\\\/09\\\/9781838667054.png\",\"contentUrl\":\"https:\\\/\\\/foliobooks.pl\\\/wp-content\\\/uploads\\\/2025\\\/09\\\/9781838667054.png\",\"width\":570,\"height\":708},{\"@type\":\"BreadcrumbList\",\"@id\":\"https:\\\/\\\/foliobooks.pl\\\/en\\\/shop\\\/korean-feminist-artists-confront-and-deconstruct\\\/#breadcrumb\",\"itemListElement\":[{\"@type\":\"ListItem\",\"position\":1,\"name\":\"Strona g\u0142\u00f3wna\",\"item\":\"https:\\\/\\\/foliobooks.pl\\\/en\\\/\"},{\"@type\":\"ListItem\",\"position\":2,\"name\":\"Shop\",\"item\":\"https:\\\/\\\/foliobooks.pl\\\/en\\\/shop\\\/\"},{\"@type\":\"ListItem\",\"position\":3,\"name\":\"Korean Feminist Artists. Confront and Deconstruct\"}]},{\"@type\":\"WebSite\",\"@id\":\"https:\\\/\\\/foliobooks.pl\\\/en\\\/#website\",\"url\":\"https:\\\/\\\/foliobooks.pl\\\/en\\\/\",\"name\":\"Folio\",\"description\":\"Ksi\u0119garnia internetowa\",\"potentialAction\":[{\"@type\":\"SearchAction\",\"target\":{\"@type\":\"EntryPoint\",\"urlTemplate\":\"https:\\\/\\\/foliobooks.pl\\\/en\\\/?s={search_term_string}\"},\"query-input\":{\"@type\":\"PropertyValueSpecification\",\"valueRequired\":true,\"valueName\":\"search_term_string\"}}],\"inLanguage\":\"en-US\"}]}<\/script>\n<!-- \/ Yoast SEO plugin. -->","yoast_head_json":{"title":"Korean Feminist Artists. Confront and Deconstruct (Kim Hong-Hee) - book \/ album - Folio","description":"Wejd\u017a i kup ksi\u0105\u017ck\u0119 Korean Feminist Artists. Confront and Deconstruct autorstwa Kim Hong-Hee wydan\u0105 przez PHAIDON (2024-10-29) w formacie 29 x 21,4 cm (ISBN: 9781838667054). Zapraszamy!","robots":{"index":"index","follow":"follow","max-snippet":"max-snippet:-1","max-image-preview":"max-image-preview:large","max-video-preview":"max-video-preview:-1"},"canonical":"https:\/\/foliobooks.pl\/en\/shop\/korean-feminist-artists-confront-and-deconstruct\/","og_locale":"en_US","og_type":"article","og_title":"Korean Feminist Artists. Confront and Deconstruct (Kim Hong-Hee) - book \/ album - Folio","og_description":"Wejd\u017a i kup ksi\u0105\u017ck\u0119 Korean Feminist Artists. Confront and Deconstruct autorstwa Kim Hong-Hee wydan\u0105 przez PHAIDON (2024-10-29) w formacie 29 x 21,4 cm (ISBN: 9781838667054). Zapraszamy!","og_url":"https:\/\/foliobooks.pl\/en\/shop\/korean-feminist-artists-confront-and-deconstruct\/","og_site_name":"Folio","og_image":[{"width":570,"height":708,"url":"https:\/\/foliobooks.pl\/wp-content\/uploads\/2025\/09\/9781838667054.png","type":"image\/png"}],"twitter_card":"summary_large_image","twitter_misc":{"Est. reading time":"2 minutes"},"schema":{"@context":"https:\/\/schema.org","@graph":[{"@type":"WebPage","@id":"https:\/\/foliobooks.pl\/en\/shop\/korean-feminist-artists-confront-and-deconstruct\/","url":"https:\/\/foliobooks.pl\/en\/shop\/korean-feminist-artists-confront-and-deconstruct\/","name":"Korean Feminist Artists. Confront and Deconstruct (Kim Hong-Hee) - book \/ album - Folio","isPartOf":{"@id":"https:\/\/foliobooks.pl\/en\/#website"},"primaryImageOfPage":{"@id":"https:\/\/foliobooks.pl\/en\/shop\/korean-feminist-artists-confront-and-deconstruct\/#primaryimage"},"image":{"@id":"https:\/\/foliobooks.pl\/en\/shop\/korean-feminist-artists-confront-and-deconstruct\/#primaryimage"},"thumbnailUrl":"https:\/\/foliobooks.pl\/wp-content\/uploads\/2025\/09\/9781838667054.png","datePublished":"2025-09-25T07:32:12+00:00","description":"Wejd\u017a i kup ksi\u0105\u017ck\u0119 Korean Feminist Artists. Confront and Deconstruct autorstwa Kim Hong-Hee wydan\u0105 przez PHAIDON (2024-10-29) w formacie 29 x 21,4 cm (ISBN: 9781838667054). Zapraszamy!","breadcrumb":{"@id":"https:\/\/foliobooks.pl\/en\/shop\/korean-feminist-artists-confront-and-deconstruct\/#breadcrumb"},"inLanguage":"en-US","potentialAction":[{"@type":"ReadAction","target":["https:\/\/foliobooks.pl\/en\/shop\/korean-feminist-artists-confront-and-deconstruct\/"]}]},{"@type":"ImageObject","inLanguage":"en-US","@id":"https:\/\/foliobooks.pl\/en\/shop\/korean-feminist-artists-confront-and-deconstruct\/#primaryimage","url":"https:\/\/foliobooks.pl\/wp-content\/uploads\/2025\/09\/9781838667054.png","contentUrl":"https:\/\/foliobooks.pl\/wp-content\/uploads\/2025\/09\/9781838667054.png","width":570,"height":708},{"@type":"BreadcrumbList","@id":"https:\/\/foliobooks.pl\/en\/shop\/korean-feminist-artists-confront-and-deconstruct\/#breadcrumb","itemListElement":[{"@type":"ListItem","position":1,"name":"Strona g\u0142\u00f3wna","item":"https:\/\/foliobooks.pl\/en\/"},{"@type":"ListItem","position":2,"name":"Shop","item":"https:\/\/foliobooks.pl\/en\/shop\/"},{"@type":"ListItem","position":3,"name":"Korean Feminist Artists. Confront and Deconstruct"}]},{"@type":"WebSite","@id":"https:\/\/foliobooks.pl\/en\/#website","url":"https:\/\/foliobooks.pl\/en\/","name":"Folio","description":"Ksi\u0119garnia internetowa","potentialAction":[{"@type":"SearchAction","target":{"@type":"EntryPoint","urlTemplate":"https:\/\/foliobooks.pl\/en\/?s={search_term_string}"},"query-input":{"@type":"PropertyValueSpecification","valueRequired":true,"valueName":"search_term_string"}}],"inLanguage":"en-US"}]}},"_links":{"self":[{"href":"https:\/\/foliobooks.pl\/en\/wp-json\/wp\/v2\/product\/107485","targetHints":{"allow":["GET"]}}],"collection":[{"href":"https:\/\/foliobooks.pl\/en\/wp-json\/wp\/v2\/product"}],"about":[{"href":"https:\/\/foliobooks.pl\/en\/wp-json\/wp\/v2\/types\/product"}],"replies":[{"embeddable":true,"href":"https:\/\/foliobooks.pl\/en\/wp-json\/wp\/v2\/comments?post=107485"}],"wp:featuredmedia":[{"embeddable":true,"href":"https:\/\/foliobooks.pl\/en\/wp-json\/wp\/v2\/media\/107486"}],"wp:attachment":[{"href":"https:\/\/foliobooks.pl\/en\/wp-json\/wp\/v2\/media?parent=107485"}],"wp:term":[{"taxonomy":"product_brand","embeddable":true,"href":"https:\/\/foliobooks.pl\/en\/wp-json\/wp\/v2\/product_brand?post=107485"},{"taxonomy":"product_cat","embeddable":true,"href":"https:\/\/foliobooks.pl\/en\/wp-json\/wp\/v2\/product_cat?post=107485"},{"taxonomy":"product_tag","embeddable":true,"href":"https:\/\/foliobooks.pl\/en\/wp-json\/wp\/v2\/product_tag?post=107485"}],"curies":[{"name":"wp","href":"https:\/\/api.w.org\/{rel}","templated":true}]}}