{"id":107454,"date":"2025-09-25T09:17:08","date_gmt":"2025-09-25T07:17:08","guid":{"rendered":"https:\/\/foliobooks.pl\/sklep\/picasso-drawing-to-infinity\/"},"modified":"2025-09-25T09:17:08","modified_gmt":"2025-09-25T07:17:08","slug":"picasso-drawing-to-infinity","status":"publish","type":"product","link":"https:\/\/foliobooks.pl\/en\/shop\/picasso-drawing-to-infinity\/","title":{"rendered":"Picasso. Drawing to Infinity"},"content":{"rendered":"<p>Fifty years after Picasso\u2019s death, this magnificent collection of drawings offers a career-spanning tour of the artist\u2019s brilliant and dynamic use of line and a window into the heart and soul of the most prolific aspect of his \u0153uvre. From his early studies to his final works, drawing was, for Picasso, an ever-renewing exploration of the powers of the line. Comprising over three hundred reproductions from his massive oeuvre, this collection features both well-received and rarely seen works, as well as images from his extraordinary notebooks. It features fifty penetrating essays that examine the themes, symbols and techniques that echo throughout Picasso\u2019s career\u2014 from monsters, crucifixions, and self-portraits to crayon, cross- hatching, and ink. It includes book illustrations and plans for sculptures; color and figure studies; collage and journal entries. Stunning full-color reproductions allow readers to appreciate the enormous inventiveness and diversity of Picasso\u2019s work, from serpentine lines to hatched drawing, from the delicate nuances of pastel to the deep blacks of ink. Accompanying the largest-ever exhibition of Picasso\u2019s drawings and engravings, this gorgeous volume is a must-have for students and fans of one of the greatest artists of the modern era.<\/p>\n","protected":false},"excerpt":{"rendered":"<p>Fifty years after Picasso\u2019s death, this magnificent collection of drawings offers a career-spanning tour of the artist\u2019s brilliant and dynamic use of line and a window into the heart and soul of the most prolific aspect of his \u0153uvre. From his early studies to his final works, drawing was, for Picasso, an ever-renewing exploration of&#8230;<\/p>\n","protected":false},"featured_media":107455,"comment_status":"closed","ping_status":"closed","template":"","meta":[],"product_brand":[],"product_cat":[4522,13533],"product_tag":[1702,524],"class_list":{"0":"post-107454","1":"product","2":"type-product","3":"status-publish","4":"has-post-thumbnail","6":"product_cat-art-en","7":"product_cat-books","8":"product_tag-artists","9":"product_tag-painting-en","10":"pa_author_att-anne-lemonnier","11":"pa_cover-hardcover","12":"pa_format-21-x-29-cm-en","13":"pa_isbn-20656","14":"pa_language-eng","15":"pa_pages-304-en-2","16":"pa_published-2024-09-03-en","17":"pa_publisher-prestel-en","19":"first","20":"instock","21":"sold-individually","22":"shipping-taxable","23":"purchasable","24":"product-type-simple"},"yoast_head":"<!-- This site is optimized with the Yoast SEO plugin v27.4 - https:\/\/yoast.com\/product\/yoast-seo-wordpress\/ -->\n<title>Picasso. Drawing to Infinity (Anne Lemonnier) - book \/ album - Folio<\/title>\n<meta name=\"description\" content=\"Wejd\u017a i kup ksi\u0105\u017ck\u0119 Picasso. Drawing to Infinity autorstwa Anne Lemonnier wydan\u0105 przez PRESTEL (2024-09-03) w formacie 21 x 29 cm (ISBN: 9783791377254). Zapraszamy!\" \/>\n<meta name=\"robots\" content=\"index, follow, max-snippet:-1, max-image-preview:large, max-video-preview:-1\" \/>\n<link rel=\"canonical\" href=\"https:\/\/foliobooks.pl\/en\/shop\/picasso-drawing-to-infinity\/\" \/>\n<meta property=\"og:locale\" content=\"en_US\" \/>\n<meta property=\"og:type\" content=\"article\" \/>\n<meta property=\"og:title\" content=\"Picasso. Drawing to Infinity (Anne Lemonnier) - book \/ album - Folio\" \/>\n<meta property=\"og:description\" content=\"Wejd\u017a i kup ksi\u0105\u017ck\u0119 Picasso. Drawing to Infinity autorstwa Anne Lemonnier wydan\u0105 przez PRESTEL (2024-09-03) w formacie 21 x 29 cm (ISBN: 9783791377254). Zapraszamy!\" \/>\n<meta property=\"og:url\" content=\"https:\/\/foliobooks.pl\/en\/shop\/picasso-drawing-to-infinity\/\" \/>\n<meta property=\"og:site_name\" content=\"Folio\" \/>\n<meta property=\"og:image\" content=\"https:\/\/foliobooks.pl\/wp-content\/uploads\/2025\/09\/9783791377254.png\" \/>\n\t<meta property=\"og:image:width\" content=\"570\" \/>\n\t<meta property=\"og:image:height\" content=\"708\" \/>\n\t<meta property=\"og:image:type\" content=\"image\/png\" \/>\n<meta name=\"twitter:card\" content=\"summary_large_image\" \/>\n<meta name=\"twitter:label1\" content=\"Est. reading time\" \/>\n\t<meta name=\"twitter:data1\" content=\"2 minutes\" \/>\n<script type=\"application\/ld+json\" class=\"yoast-schema-graph\">{\"@context\":\"https:\\\/\\\/schema.org\",\"@graph\":[{\"@type\":\"WebPage\",\"@id\":\"https:\\\/\\\/foliobooks.pl\\\/en\\\/shop\\\/picasso-drawing-to-infinity\\\/\",\"url\":\"https:\\\/\\\/foliobooks.pl\\\/en\\\/shop\\\/picasso-drawing-to-infinity\\\/\",\"name\":\"Picasso. Drawing to Infinity (Anne Lemonnier) - book \\\/ album - Folio\",\"isPartOf\":{\"@id\":\"https:\\\/\\\/foliobooks.pl\\\/en\\\/#website\"},\"primaryImageOfPage\":{\"@id\":\"https:\\\/\\\/foliobooks.pl\\\/en\\\/shop\\\/picasso-drawing-to-infinity\\\/#primaryimage\"},\"image\":{\"@id\":\"https:\\\/\\\/foliobooks.pl\\\/en\\\/shop\\\/picasso-drawing-to-infinity\\\/#primaryimage\"},\"thumbnailUrl\":\"https:\\\/\\\/foliobooks.pl\\\/wp-content\\\/uploads\\\/2025\\\/09\\\/9783791377254.png\",\"datePublished\":\"2025-09-25T07:17:08+00:00\",\"description\":\"Wejd\u017a i kup ksi\u0105\u017ck\u0119 Picasso. Drawing to Infinity autorstwa Anne Lemonnier wydan\u0105 przez PRESTEL (2024-09-03) w formacie 21 x 29 cm (ISBN: 9783791377254). Zapraszamy!\",\"breadcrumb\":{\"@id\":\"https:\\\/\\\/foliobooks.pl\\\/en\\\/shop\\\/picasso-drawing-to-infinity\\\/#breadcrumb\"},\"inLanguage\":\"en-US\",\"potentialAction\":[{\"@type\":\"ReadAction\",\"target\":[\"https:\\\/\\\/foliobooks.pl\\\/en\\\/shop\\\/picasso-drawing-to-infinity\\\/\"]}]},{\"@type\":\"ImageObject\",\"inLanguage\":\"en-US\",\"@id\":\"https:\\\/\\\/foliobooks.pl\\\/en\\\/shop\\\/picasso-drawing-to-infinity\\\/#primaryimage\",\"url\":\"https:\\\/\\\/foliobooks.pl\\\/wp-content\\\/uploads\\\/2025\\\/09\\\/9783791377254.png\",\"contentUrl\":\"https:\\\/\\\/foliobooks.pl\\\/wp-content\\\/uploads\\\/2025\\\/09\\\/9783791377254.png\",\"width\":570,\"height\":708},{\"@type\":\"BreadcrumbList\",\"@id\":\"https:\\\/\\\/foliobooks.pl\\\/en\\\/shop\\\/picasso-drawing-to-infinity\\\/#breadcrumb\",\"itemListElement\":[{\"@type\":\"ListItem\",\"position\":1,\"name\":\"Strona g\u0142\u00f3wna\",\"item\":\"https:\\\/\\\/foliobooks.pl\\\/en\\\/\"},{\"@type\":\"ListItem\",\"position\":2,\"name\":\"Shop\",\"item\":\"https:\\\/\\\/foliobooks.pl\\\/en\\\/shop\\\/\"},{\"@type\":\"ListItem\",\"position\":3,\"name\":\"Picasso. Drawing to Infinity\"}]},{\"@type\":\"WebSite\",\"@id\":\"https:\\\/\\\/foliobooks.pl\\\/en\\\/#website\",\"url\":\"https:\\\/\\\/foliobooks.pl\\\/en\\\/\",\"name\":\"Folio\",\"description\":\"Ksi\u0119garnia internetowa\",\"potentialAction\":[{\"@type\":\"SearchAction\",\"target\":{\"@type\":\"EntryPoint\",\"urlTemplate\":\"https:\\\/\\\/foliobooks.pl\\\/en\\\/?s={search_term_string}\"},\"query-input\":{\"@type\":\"PropertyValueSpecification\",\"valueRequired\":true,\"valueName\":\"search_term_string\"}}],\"inLanguage\":\"en-US\"}]}<\/script>\n<!-- \/ Yoast SEO plugin. -->","yoast_head_json":{"title":"Picasso. Drawing to Infinity (Anne Lemonnier) - book \/ album - Folio","description":"Wejd\u017a i kup ksi\u0105\u017ck\u0119 Picasso. Drawing to Infinity autorstwa Anne Lemonnier wydan\u0105 przez PRESTEL (2024-09-03) w formacie 21 x 29 cm (ISBN: 9783791377254). Zapraszamy!","robots":{"index":"index","follow":"follow","max-snippet":"max-snippet:-1","max-image-preview":"max-image-preview:large","max-video-preview":"max-video-preview:-1"},"canonical":"https:\/\/foliobooks.pl\/en\/shop\/picasso-drawing-to-infinity\/","og_locale":"en_US","og_type":"article","og_title":"Picasso. Drawing to Infinity (Anne Lemonnier) - book \/ album - Folio","og_description":"Wejd\u017a i kup ksi\u0105\u017ck\u0119 Picasso. Drawing to Infinity autorstwa Anne Lemonnier wydan\u0105 przez PRESTEL (2024-09-03) w formacie 21 x 29 cm (ISBN: 9783791377254). Zapraszamy!","og_url":"https:\/\/foliobooks.pl\/en\/shop\/picasso-drawing-to-infinity\/","og_site_name":"Folio","og_image":[{"width":570,"height":708,"url":"https:\/\/foliobooks.pl\/wp-content\/uploads\/2025\/09\/9783791377254.png","type":"image\/png"}],"twitter_card":"summary_large_image","twitter_misc":{"Est. reading time":"2 minutes"},"schema":{"@context":"https:\/\/schema.org","@graph":[{"@type":"WebPage","@id":"https:\/\/foliobooks.pl\/en\/shop\/picasso-drawing-to-infinity\/","url":"https:\/\/foliobooks.pl\/en\/shop\/picasso-drawing-to-infinity\/","name":"Picasso. Drawing to Infinity (Anne Lemonnier) - book \/ album - Folio","isPartOf":{"@id":"https:\/\/foliobooks.pl\/en\/#website"},"primaryImageOfPage":{"@id":"https:\/\/foliobooks.pl\/en\/shop\/picasso-drawing-to-infinity\/#primaryimage"},"image":{"@id":"https:\/\/foliobooks.pl\/en\/shop\/picasso-drawing-to-infinity\/#primaryimage"},"thumbnailUrl":"https:\/\/foliobooks.pl\/wp-content\/uploads\/2025\/09\/9783791377254.png","datePublished":"2025-09-25T07:17:08+00:00","description":"Wejd\u017a i kup ksi\u0105\u017ck\u0119 Picasso. Drawing to Infinity autorstwa Anne Lemonnier wydan\u0105 przez PRESTEL (2024-09-03) w formacie 21 x 29 cm (ISBN: 9783791377254). Zapraszamy!","breadcrumb":{"@id":"https:\/\/foliobooks.pl\/en\/shop\/picasso-drawing-to-infinity\/#breadcrumb"},"inLanguage":"en-US","potentialAction":[{"@type":"ReadAction","target":["https:\/\/foliobooks.pl\/en\/shop\/picasso-drawing-to-infinity\/"]}]},{"@type":"ImageObject","inLanguage":"en-US","@id":"https:\/\/foliobooks.pl\/en\/shop\/picasso-drawing-to-infinity\/#primaryimage","url":"https:\/\/foliobooks.pl\/wp-content\/uploads\/2025\/09\/9783791377254.png","contentUrl":"https:\/\/foliobooks.pl\/wp-content\/uploads\/2025\/09\/9783791377254.png","width":570,"height":708},{"@type":"BreadcrumbList","@id":"https:\/\/foliobooks.pl\/en\/shop\/picasso-drawing-to-infinity\/#breadcrumb","itemListElement":[{"@type":"ListItem","position":1,"name":"Strona g\u0142\u00f3wna","item":"https:\/\/foliobooks.pl\/en\/"},{"@type":"ListItem","position":2,"name":"Shop","item":"https:\/\/foliobooks.pl\/en\/shop\/"},{"@type":"ListItem","position":3,"name":"Picasso. Drawing to Infinity"}]},{"@type":"WebSite","@id":"https:\/\/foliobooks.pl\/en\/#website","url":"https:\/\/foliobooks.pl\/en\/","name":"Folio","description":"Ksi\u0119garnia internetowa","potentialAction":[{"@type":"SearchAction","target":{"@type":"EntryPoint","urlTemplate":"https:\/\/foliobooks.pl\/en\/?s={search_term_string}"},"query-input":{"@type":"PropertyValueSpecification","valueRequired":true,"valueName":"search_term_string"}}],"inLanguage":"en-US"}]}},"_links":{"self":[{"href":"https:\/\/foliobooks.pl\/en\/wp-json\/wp\/v2\/product\/107454","targetHints":{"allow":["GET"]}}],"collection":[{"href":"https:\/\/foliobooks.pl\/en\/wp-json\/wp\/v2\/product"}],"about":[{"href":"https:\/\/foliobooks.pl\/en\/wp-json\/wp\/v2\/types\/product"}],"replies":[{"embeddable":true,"href":"https:\/\/foliobooks.pl\/en\/wp-json\/wp\/v2\/comments?post=107454"}],"wp:featuredmedia":[{"embeddable":true,"href":"https:\/\/foliobooks.pl\/en\/wp-json\/wp\/v2\/media\/107455"}],"wp:attachment":[{"href":"https:\/\/foliobooks.pl\/en\/wp-json\/wp\/v2\/media?parent=107454"}],"wp:term":[{"taxonomy":"product_brand","embeddable":true,"href":"https:\/\/foliobooks.pl\/en\/wp-json\/wp\/v2\/product_brand?post=107454"},{"taxonomy":"product_cat","embeddable":true,"href":"https:\/\/foliobooks.pl\/en\/wp-json\/wp\/v2\/product_cat?post=107454"},{"taxonomy":"product_tag","embeddable":true,"href":"https:\/\/foliobooks.pl\/en\/wp-json\/wp\/v2\/product_tag?post=107454"}],"curies":[{"name":"wp","href":"https:\/\/api.w.org\/{rel}","templated":true}]}}