{"id":107396,"date":"2025-09-23T12:12:06","date_gmt":"2025-09-23T10:12:06","guid":{"rendered":"https:\/\/foliobooks.pl\/sklep\/audubons-birds-of-america-the-tiny-folio\/"},"modified":"2025-09-23T12:12:06","modified_gmt":"2025-09-23T10:12:06","slug":"audubons-birds-of-america-the-tiny-folio","status":"publish","type":"product","link":"https:\/\/foliobooks.pl\/en\/shop\/audubons-birds-of-america-the-tiny-folio\/","title":{"rendered":"Audubon&#8217;s Birds of America. The Tiny Folio"},"content":{"rendered":"<p>John James Audubon&#8217;s Birds of America (originally published 1827-1838) is one of the landmarks of American art, and of natural history illustration. This miniature book presents exquisite reproductions of all 435 hand-colored engravings from the original Birds of America. The renowned ornithologist Roger Tory Peterson and his wife, the scientist Virginia Marie Peterson, have arranged the birds in modern taxonomic order and contributed an introduction about Audubon&#8217;s life and career. The Tiny Folio edition of The Birds of America will be the perfect little gift for any bird lover.<\/p>\n","protected":false},"excerpt":{"rendered":"<p>John James Audubon&#8217;s Birds of America (originally published 1827-1838) is one of the landmarks of American art, and of natural history illustration. This miniature book presents exquisite reproductions of all 435 hand-colored engravings from the original Birds of America. The renowned ornithologist Roger Tory Peterson and his wife, the scientist Virginia Marie Peterson, have arranged&#8230;<\/p>\n","protected":false},"featured_media":107397,"comment_status":"closed","ping_status":"closed","template":"","meta":[],"product_brand":[],"product_cat":[4523,4525],"product_tag":[13072,1649],"class_list":{"0":"post-107396","1":"product","2":"type-product","3":"status-publish","4":"has-post-thumbnail","6":"product_cat-design-en-en","7":"product_cat-graphic-design","8":"product_tag-birds-en","9":"product_tag-illustration","10":"pa_cover-hardcover","11":"pa_format-11-x-11-cm","12":"pa_isbn-20634","13":"pa_language-eng","14":"pa_published-2025-03-25-en","15":"pa_publisher-abbeville-press-en","17":"first","18":"instock","19":"sold-individually","20":"shipping-taxable","21":"purchasable","22":"product-type-simple"},"yoast_head":"<!-- This site is optimized with the Yoast SEO plugin v27.4 - https:\/\/yoast.com\/product\/yoast-seo-wordpress\/ -->\n<title>Audubon&#039;s Birds of America. The Tiny Folio () - book \/ album - Folio<\/title>\n<meta name=\"description\" content=\"Wejd\u017a i kup ksi\u0105\u017ck\u0119 Audubon&#039;s Birds of America. The Tiny Folio autorstwa wydan\u0105 przez Abbeville Press (2025-03-25) w formacie 11 x 11 cm (ISBN: 9780789215093). Zapraszamy!\" \/>\n<meta name=\"robots\" content=\"index, follow, max-snippet:-1, max-image-preview:large, max-video-preview:-1\" \/>\n<link rel=\"canonical\" href=\"https:\/\/foliobooks.pl\/en\/shop\/audubons-birds-of-america-the-tiny-folio\/\" \/>\n<meta property=\"og:locale\" content=\"en_US\" \/>\n<meta property=\"og:type\" content=\"article\" \/>\n<meta property=\"og:title\" content=\"Audubon&#039;s Birds of America. The Tiny Folio () - book \/ album - Folio\" \/>\n<meta property=\"og:description\" content=\"Wejd\u017a i kup ksi\u0105\u017ck\u0119 Audubon&#039;s Birds of America. The Tiny Folio autorstwa wydan\u0105 przez Abbeville Press (2025-03-25) w formacie 11 x 11 cm (ISBN: 9780789215093). Zapraszamy!\" \/>\n<meta property=\"og:url\" content=\"https:\/\/foliobooks.pl\/en\/shop\/audubons-birds-of-america-the-tiny-folio\/\" \/>\n<meta property=\"og:site_name\" content=\"Folio\" \/>\n<meta property=\"og:image\" content=\"https:\/\/foliobooks.pl\/wp-content\/uploads\/2025\/09\/9780789215093.png\" \/>\n\t<meta property=\"og:image:width\" content=\"570\" \/>\n\t<meta property=\"og:image:height\" content=\"708\" \/>\n\t<meta property=\"og:image:type\" content=\"image\/png\" \/>\n<meta name=\"twitter:card\" content=\"summary_large_image\" \/>\n<meta name=\"twitter:label1\" content=\"Est. reading time\" \/>\n\t<meta name=\"twitter:data1\" content=\"1 minute\" \/>\n<script type=\"application\/ld+json\" class=\"yoast-schema-graph\">{\"@context\":\"https:\\\/\\\/schema.org\",\"@graph\":[{\"@type\":\"WebPage\",\"@id\":\"https:\\\/\\\/foliobooks.pl\\\/en\\\/shop\\\/audubons-birds-of-america-the-tiny-folio\\\/\",\"url\":\"https:\\\/\\\/foliobooks.pl\\\/en\\\/shop\\\/audubons-birds-of-america-the-tiny-folio\\\/\",\"name\":\"Audubon's Birds of America. The Tiny Folio () - book \\\/ album - Folio\",\"isPartOf\":{\"@id\":\"https:\\\/\\\/foliobooks.pl\\\/en\\\/#website\"},\"primaryImageOfPage\":{\"@id\":\"https:\\\/\\\/foliobooks.pl\\\/en\\\/shop\\\/audubons-birds-of-america-the-tiny-folio\\\/#primaryimage\"},\"image\":{\"@id\":\"https:\\\/\\\/foliobooks.pl\\\/en\\\/shop\\\/audubons-birds-of-america-the-tiny-folio\\\/#primaryimage\"},\"thumbnailUrl\":\"https:\\\/\\\/foliobooks.pl\\\/wp-content\\\/uploads\\\/2025\\\/09\\\/9780789215093.png\",\"datePublished\":\"2025-09-23T10:12:06+00:00\",\"description\":\"Wejd\u017a i kup ksi\u0105\u017ck\u0119 Audubon's Birds of America. The Tiny Folio autorstwa wydan\u0105 przez Abbeville Press (2025-03-25) w formacie 11 x 11 cm (ISBN: 9780789215093). Zapraszamy!\",\"breadcrumb\":{\"@id\":\"https:\\\/\\\/foliobooks.pl\\\/en\\\/shop\\\/audubons-birds-of-america-the-tiny-folio\\\/#breadcrumb\"},\"inLanguage\":\"en-US\",\"potentialAction\":[{\"@type\":\"ReadAction\",\"target\":[\"https:\\\/\\\/foliobooks.pl\\\/en\\\/shop\\\/audubons-birds-of-america-the-tiny-folio\\\/\"]}]},{\"@type\":\"ImageObject\",\"inLanguage\":\"en-US\",\"@id\":\"https:\\\/\\\/foliobooks.pl\\\/en\\\/shop\\\/audubons-birds-of-america-the-tiny-folio\\\/#primaryimage\",\"url\":\"https:\\\/\\\/foliobooks.pl\\\/wp-content\\\/uploads\\\/2025\\\/09\\\/9780789215093.png\",\"contentUrl\":\"https:\\\/\\\/foliobooks.pl\\\/wp-content\\\/uploads\\\/2025\\\/09\\\/9780789215093.png\",\"width\":570,\"height\":708},{\"@type\":\"BreadcrumbList\",\"@id\":\"https:\\\/\\\/foliobooks.pl\\\/en\\\/shop\\\/audubons-birds-of-america-the-tiny-folio\\\/#breadcrumb\",\"itemListElement\":[{\"@type\":\"ListItem\",\"position\":1,\"name\":\"Strona g\u0142\u00f3wna\",\"item\":\"https:\\\/\\\/foliobooks.pl\\\/en\\\/\"},{\"@type\":\"ListItem\",\"position\":2,\"name\":\"Shop\",\"item\":\"https:\\\/\\\/foliobooks.pl\\\/en\\\/shop\\\/\"},{\"@type\":\"ListItem\",\"position\":3,\"name\":\"Audubon&#8217;s Birds of America. The Tiny Folio\"}]},{\"@type\":\"WebSite\",\"@id\":\"https:\\\/\\\/foliobooks.pl\\\/en\\\/#website\",\"url\":\"https:\\\/\\\/foliobooks.pl\\\/en\\\/\",\"name\":\"Folio\",\"description\":\"Ksi\u0119garnia internetowa\",\"potentialAction\":[{\"@type\":\"SearchAction\",\"target\":{\"@type\":\"EntryPoint\",\"urlTemplate\":\"https:\\\/\\\/foliobooks.pl\\\/en\\\/?s={search_term_string}\"},\"query-input\":{\"@type\":\"PropertyValueSpecification\",\"valueRequired\":true,\"valueName\":\"search_term_string\"}}],\"inLanguage\":\"en-US\"}]}<\/script>\n<!-- \/ Yoast SEO plugin. -->","yoast_head_json":{"title":"Audubon's Birds of America. The Tiny Folio () - book \/ album - Folio","description":"Wejd\u017a i kup ksi\u0105\u017ck\u0119 Audubon's Birds of America. The Tiny Folio autorstwa wydan\u0105 przez Abbeville Press (2025-03-25) w formacie 11 x 11 cm (ISBN: 9780789215093). Zapraszamy!","robots":{"index":"index","follow":"follow","max-snippet":"max-snippet:-1","max-image-preview":"max-image-preview:large","max-video-preview":"max-video-preview:-1"},"canonical":"https:\/\/foliobooks.pl\/en\/shop\/audubons-birds-of-america-the-tiny-folio\/","og_locale":"en_US","og_type":"article","og_title":"Audubon's Birds of America. The Tiny Folio () - book \/ album - Folio","og_description":"Wejd\u017a i kup ksi\u0105\u017ck\u0119 Audubon's Birds of America. The Tiny Folio autorstwa wydan\u0105 przez Abbeville Press (2025-03-25) w formacie 11 x 11 cm (ISBN: 9780789215093). Zapraszamy!","og_url":"https:\/\/foliobooks.pl\/en\/shop\/audubons-birds-of-america-the-tiny-folio\/","og_site_name":"Folio","og_image":[{"width":570,"height":708,"url":"https:\/\/foliobooks.pl\/wp-content\/uploads\/2025\/09\/9780789215093.png","type":"image\/png"}],"twitter_card":"summary_large_image","twitter_misc":{"Est. reading time":"1 minute"},"schema":{"@context":"https:\/\/schema.org","@graph":[{"@type":"WebPage","@id":"https:\/\/foliobooks.pl\/en\/shop\/audubons-birds-of-america-the-tiny-folio\/","url":"https:\/\/foliobooks.pl\/en\/shop\/audubons-birds-of-america-the-tiny-folio\/","name":"Audubon's Birds of America. The Tiny Folio () - book \/ album - Folio","isPartOf":{"@id":"https:\/\/foliobooks.pl\/en\/#website"},"primaryImageOfPage":{"@id":"https:\/\/foliobooks.pl\/en\/shop\/audubons-birds-of-america-the-tiny-folio\/#primaryimage"},"image":{"@id":"https:\/\/foliobooks.pl\/en\/shop\/audubons-birds-of-america-the-tiny-folio\/#primaryimage"},"thumbnailUrl":"https:\/\/foliobooks.pl\/wp-content\/uploads\/2025\/09\/9780789215093.png","datePublished":"2025-09-23T10:12:06+00:00","description":"Wejd\u017a i kup ksi\u0105\u017ck\u0119 Audubon's Birds of America. The Tiny Folio autorstwa wydan\u0105 przez Abbeville Press (2025-03-25) w formacie 11 x 11 cm (ISBN: 9780789215093). Zapraszamy!","breadcrumb":{"@id":"https:\/\/foliobooks.pl\/en\/shop\/audubons-birds-of-america-the-tiny-folio\/#breadcrumb"},"inLanguage":"en-US","potentialAction":[{"@type":"ReadAction","target":["https:\/\/foliobooks.pl\/en\/shop\/audubons-birds-of-america-the-tiny-folio\/"]}]},{"@type":"ImageObject","inLanguage":"en-US","@id":"https:\/\/foliobooks.pl\/en\/shop\/audubons-birds-of-america-the-tiny-folio\/#primaryimage","url":"https:\/\/foliobooks.pl\/wp-content\/uploads\/2025\/09\/9780789215093.png","contentUrl":"https:\/\/foliobooks.pl\/wp-content\/uploads\/2025\/09\/9780789215093.png","width":570,"height":708},{"@type":"BreadcrumbList","@id":"https:\/\/foliobooks.pl\/en\/shop\/audubons-birds-of-america-the-tiny-folio\/#breadcrumb","itemListElement":[{"@type":"ListItem","position":1,"name":"Strona g\u0142\u00f3wna","item":"https:\/\/foliobooks.pl\/en\/"},{"@type":"ListItem","position":2,"name":"Shop","item":"https:\/\/foliobooks.pl\/en\/shop\/"},{"@type":"ListItem","position":3,"name":"Audubon&#8217;s Birds of America. The Tiny Folio"}]},{"@type":"WebSite","@id":"https:\/\/foliobooks.pl\/en\/#website","url":"https:\/\/foliobooks.pl\/en\/","name":"Folio","description":"Ksi\u0119garnia internetowa","potentialAction":[{"@type":"SearchAction","target":{"@type":"EntryPoint","urlTemplate":"https:\/\/foliobooks.pl\/en\/?s={search_term_string}"},"query-input":{"@type":"PropertyValueSpecification","valueRequired":true,"valueName":"search_term_string"}}],"inLanguage":"en-US"}]}},"_links":{"self":[{"href":"https:\/\/foliobooks.pl\/en\/wp-json\/wp\/v2\/product\/107396","targetHints":{"allow":["GET"]}}],"collection":[{"href":"https:\/\/foliobooks.pl\/en\/wp-json\/wp\/v2\/product"}],"about":[{"href":"https:\/\/foliobooks.pl\/en\/wp-json\/wp\/v2\/types\/product"}],"replies":[{"embeddable":true,"href":"https:\/\/foliobooks.pl\/en\/wp-json\/wp\/v2\/comments?post=107396"}],"wp:featuredmedia":[{"embeddable":true,"href":"https:\/\/foliobooks.pl\/en\/wp-json\/wp\/v2\/media\/107397"}],"wp:attachment":[{"href":"https:\/\/foliobooks.pl\/en\/wp-json\/wp\/v2\/media?parent=107396"}],"wp:term":[{"taxonomy":"product_brand","embeddable":true,"href":"https:\/\/foliobooks.pl\/en\/wp-json\/wp\/v2\/product_brand?post=107396"},{"taxonomy":"product_cat","embeddable":true,"href":"https:\/\/foliobooks.pl\/en\/wp-json\/wp\/v2\/product_cat?post=107396"},{"taxonomy":"product_tag","embeddable":true,"href":"https:\/\/foliobooks.pl\/en\/wp-json\/wp\/v2\/product_tag?post=107396"}],"curies":[{"name":"wp","href":"https:\/\/api.w.org\/{rel}","templated":true}]}}