{"id":107321,"date":"2025-08-22T11:13:59","date_gmt":"2025-08-22T09:13:59","guid":{"rendered":"https:\/\/foliobooks.pl\/sklep\/wristwatch-annual-2025\/"},"modified":"2025-08-22T11:13:59","modified_gmt":"2025-08-22T09:13:59","slug":"wristwatch-annual-2025","status":"publish","type":"product","link":"https:\/\/foliobooks.pl\/en\/shop\/wristwatch-annual-2025\/","title":{"rendered":"Wristwatch Annual 2025"},"content":{"rendered":"<p>The essential guide for the collector of mechanical wristwatches\u2015now with an improved design for easier browsing<\/p>\n<p>Wristwatch Annual provides an expertly curated overview of the global watch industry, with complete information on over 1,400 models from 130 international brands, from Swiss mainstays like Rolex and Patek Philippe to the independent producers emerging across the U.S., Europe, and Asia. The book is arranged alphabetically by brand, and the movement, functions, case, band, price, and variations of each pictured watch are fully described.<\/p>\n<p>This year\u2019s edition features an updated design with easier-to-read text, as well as QR codes that provide an instant connection to each brand. And, as always, it includes exclusive articles on the most important trends in watchmaking\u2015plus an illustrated glossary and a guide to watch care. Trusted by watch collectors for more than twenty-five years, Wristwatch Annual remains a unique resource and a true pleasure to browse.<\/p>\n","protected":false},"excerpt":{"rendered":"<p>The essential guide for the collector of mechanical wristwatches\u2015now with an improved design for easier browsing Wristwatch Annual provides an expertly curated overview of the global watch industry, with complete information on over 1,400 models from 130 international brands, from Swiss mainstays like Rolex and Patek Philippe to the independent producers emerging across the U.S.,&#8230;<\/p>\n","protected":false},"featured_media":107306,"comment_status":"closed","ping_status":"closed","template":"","meta":[],"product_brand":[],"product_cat":[13533,4519,4517],"product_tag":[12010],"class_list":{"0":"post-107321","1":"product","2":"type-product","3":"status-publish","4":"has-post-thumbnail","6":"product_cat-books","7":"product_cat-fashion-en-en","8":"product_cat-photography-en","9":"product_tag-watches-en","10":"pa_author_att-peter-braun-en","11":"pa_cover-softcover","12":"pa_format-214-x-297-cm-en","13":"pa_isbn-9780789215086-en","14":"pa_language-eng","15":"pa_pages-352-en","16":"pa_published-2025-07-04-en","17":"pa_publisher-abbeville-press-en","19":"first","20":"instock","21":"sold-individually","22":"shipping-taxable","23":"purchasable","24":"product-type-simple"},"yoast_head":"<!-- This site is optimized with the Yoast SEO plugin v27.4 - https:\/\/yoast.com\/product\/yoast-seo-wordpress\/ -->\n<title>Wristwatch Annual 2025 (Peter Braun) - book \/ album - Folio<\/title>\n<meta name=\"description\" content=\"Wejd\u017a i kup ksi\u0105\u017ck\u0119 Wristwatch Annual 2025 autorstwa Peter Braun wydan\u0105 przez Abbeville Press (2025-07-04) w formacie 21,4 x 29,7 cm (ISBN: 9780789215086). Zapraszamy!\" \/>\n<meta name=\"robots\" content=\"index, follow, max-snippet:-1, max-image-preview:large, max-video-preview:-1\" \/>\n<link rel=\"canonical\" href=\"https:\/\/foliobooks.pl\/en\/shop\/wristwatch-annual-2025\/\" \/>\n<meta property=\"og:locale\" content=\"en_US\" \/>\n<meta property=\"og:type\" content=\"article\" \/>\n<meta property=\"og:title\" content=\"Wristwatch Annual 2025 (Peter Braun) - book \/ album - Folio\" \/>\n<meta property=\"og:description\" content=\"Wejd\u017a i kup ksi\u0105\u017ck\u0119 Wristwatch Annual 2025 autorstwa Peter Braun wydan\u0105 przez Abbeville Press (2025-07-04) w formacie 21,4 x 29,7 cm (ISBN: 9780789215086). Zapraszamy!\" \/>\n<meta property=\"og:url\" content=\"https:\/\/foliobooks.pl\/en\/shop\/wristwatch-annual-2025\/\" \/>\n<meta property=\"og:site_name\" content=\"Folio\" \/>\n<meta property=\"og:image\" content=\"https:\/\/foliobooks.pl\/wp-content\/uploads\/2025\/08\/9780789215086.png\" \/>\n\t<meta property=\"og:image:width\" content=\"570\" \/>\n\t<meta property=\"og:image:height\" content=\"708\" \/>\n\t<meta property=\"og:image:type\" content=\"image\/png\" \/>\n<meta name=\"twitter:card\" content=\"summary_large_image\" \/>\n<meta name=\"twitter:label1\" content=\"Est. reading time\" \/>\n\t<meta name=\"twitter:data1\" content=\"2 minutes\" \/>\n<script type=\"application\/ld+json\" class=\"yoast-schema-graph\">{\"@context\":\"https:\\\/\\\/schema.org\",\"@graph\":[{\"@type\":\"WebPage\",\"@id\":\"https:\\\/\\\/foliobooks.pl\\\/en\\\/shop\\\/wristwatch-annual-2025\\\/\",\"url\":\"https:\\\/\\\/foliobooks.pl\\\/en\\\/shop\\\/wristwatch-annual-2025\\\/\",\"name\":\"Wristwatch Annual 2025 (Peter Braun) - book \\\/ album - Folio\",\"isPartOf\":{\"@id\":\"https:\\\/\\\/foliobooks.pl\\\/en\\\/#website\"},\"primaryImageOfPage\":{\"@id\":\"https:\\\/\\\/foliobooks.pl\\\/en\\\/shop\\\/wristwatch-annual-2025\\\/#primaryimage\"},\"image\":{\"@id\":\"https:\\\/\\\/foliobooks.pl\\\/en\\\/shop\\\/wristwatch-annual-2025\\\/#primaryimage\"},\"thumbnailUrl\":\"https:\\\/\\\/foliobooks.pl\\\/wp-content\\\/uploads\\\/2025\\\/08\\\/9780789215086.png\",\"datePublished\":\"2025-08-22T09:13:59+00:00\",\"description\":\"Wejd\u017a i kup ksi\u0105\u017ck\u0119 Wristwatch Annual 2025 autorstwa Peter Braun wydan\u0105 przez Abbeville Press (2025-07-04) w formacie 21,4 x 29,7 cm (ISBN: 9780789215086). Zapraszamy!\",\"breadcrumb\":{\"@id\":\"https:\\\/\\\/foliobooks.pl\\\/en\\\/shop\\\/wristwatch-annual-2025\\\/#breadcrumb\"},\"inLanguage\":\"en-US\",\"potentialAction\":[{\"@type\":\"ReadAction\",\"target\":[\"https:\\\/\\\/foliobooks.pl\\\/en\\\/shop\\\/wristwatch-annual-2025\\\/\"]}]},{\"@type\":\"ImageObject\",\"inLanguage\":\"en-US\",\"@id\":\"https:\\\/\\\/foliobooks.pl\\\/en\\\/shop\\\/wristwatch-annual-2025\\\/#primaryimage\",\"url\":\"https:\\\/\\\/foliobooks.pl\\\/wp-content\\\/uploads\\\/2025\\\/08\\\/9780789215086.png\",\"contentUrl\":\"https:\\\/\\\/foliobooks.pl\\\/wp-content\\\/uploads\\\/2025\\\/08\\\/9780789215086.png\",\"width\":570,\"height\":708},{\"@type\":\"BreadcrumbList\",\"@id\":\"https:\\\/\\\/foliobooks.pl\\\/en\\\/shop\\\/wristwatch-annual-2025\\\/#breadcrumb\",\"itemListElement\":[{\"@type\":\"ListItem\",\"position\":1,\"name\":\"Strona g\u0142\u00f3wna\",\"item\":\"https:\\\/\\\/foliobooks.pl\\\/en\\\/\"},{\"@type\":\"ListItem\",\"position\":2,\"name\":\"Shop\",\"item\":\"https:\\\/\\\/foliobooks.pl\\\/en\\\/shop\\\/\"},{\"@type\":\"ListItem\",\"position\":3,\"name\":\"Wristwatch Annual 2025\"}]},{\"@type\":\"WebSite\",\"@id\":\"https:\\\/\\\/foliobooks.pl\\\/en\\\/#website\",\"url\":\"https:\\\/\\\/foliobooks.pl\\\/en\\\/\",\"name\":\"Folio\",\"description\":\"Ksi\u0119garnia internetowa\",\"potentialAction\":[{\"@type\":\"SearchAction\",\"target\":{\"@type\":\"EntryPoint\",\"urlTemplate\":\"https:\\\/\\\/foliobooks.pl\\\/en\\\/?s={search_term_string}\"},\"query-input\":{\"@type\":\"PropertyValueSpecification\",\"valueRequired\":true,\"valueName\":\"search_term_string\"}}],\"inLanguage\":\"en-US\"}]}<\/script>\n<!-- \/ Yoast SEO plugin. -->","yoast_head_json":{"title":"Wristwatch Annual 2025 (Peter Braun) - book \/ album - Folio","description":"Wejd\u017a i kup ksi\u0105\u017ck\u0119 Wristwatch Annual 2025 autorstwa Peter Braun wydan\u0105 przez Abbeville Press (2025-07-04) w formacie 21,4 x 29,7 cm (ISBN: 9780789215086). Zapraszamy!","robots":{"index":"index","follow":"follow","max-snippet":"max-snippet:-1","max-image-preview":"max-image-preview:large","max-video-preview":"max-video-preview:-1"},"canonical":"https:\/\/foliobooks.pl\/en\/shop\/wristwatch-annual-2025\/","og_locale":"en_US","og_type":"article","og_title":"Wristwatch Annual 2025 (Peter Braun) - book \/ album - Folio","og_description":"Wejd\u017a i kup ksi\u0105\u017ck\u0119 Wristwatch Annual 2025 autorstwa Peter Braun wydan\u0105 przez Abbeville Press (2025-07-04) w formacie 21,4 x 29,7 cm (ISBN: 9780789215086). Zapraszamy!","og_url":"https:\/\/foliobooks.pl\/en\/shop\/wristwatch-annual-2025\/","og_site_name":"Folio","og_image":[{"width":570,"height":708,"url":"https:\/\/foliobooks.pl\/wp-content\/uploads\/2025\/08\/9780789215086.png","type":"image\/png"}],"twitter_card":"summary_large_image","twitter_misc":{"Est. reading time":"2 minutes"},"schema":{"@context":"https:\/\/schema.org","@graph":[{"@type":"WebPage","@id":"https:\/\/foliobooks.pl\/en\/shop\/wristwatch-annual-2025\/","url":"https:\/\/foliobooks.pl\/en\/shop\/wristwatch-annual-2025\/","name":"Wristwatch Annual 2025 (Peter Braun) - book \/ album - Folio","isPartOf":{"@id":"https:\/\/foliobooks.pl\/en\/#website"},"primaryImageOfPage":{"@id":"https:\/\/foliobooks.pl\/en\/shop\/wristwatch-annual-2025\/#primaryimage"},"image":{"@id":"https:\/\/foliobooks.pl\/en\/shop\/wristwatch-annual-2025\/#primaryimage"},"thumbnailUrl":"https:\/\/foliobooks.pl\/wp-content\/uploads\/2025\/08\/9780789215086.png","datePublished":"2025-08-22T09:13:59+00:00","description":"Wejd\u017a i kup ksi\u0105\u017ck\u0119 Wristwatch Annual 2025 autorstwa Peter Braun wydan\u0105 przez Abbeville Press (2025-07-04) w formacie 21,4 x 29,7 cm (ISBN: 9780789215086). Zapraszamy!","breadcrumb":{"@id":"https:\/\/foliobooks.pl\/en\/shop\/wristwatch-annual-2025\/#breadcrumb"},"inLanguage":"en-US","potentialAction":[{"@type":"ReadAction","target":["https:\/\/foliobooks.pl\/en\/shop\/wristwatch-annual-2025\/"]}]},{"@type":"ImageObject","inLanguage":"en-US","@id":"https:\/\/foliobooks.pl\/en\/shop\/wristwatch-annual-2025\/#primaryimage","url":"https:\/\/foliobooks.pl\/wp-content\/uploads\/2025\/08\/9780789215086.png","contentUrl":"https:\/\/foliobooks.pl\/wp-content\/uploads\/2025\/08\/9780789215086.png","width":570,"height":708},{"@type":"BreadcrumbList","@id":"https:\/\/foliobooks.pl\/en\/shop\/wristwatch-annual-2025\/#breadcrumb","itemListElement":[{"@type":"ListItem","position":1,"name":"Strona g\u0142\u00f3wna","item":"https:\/\/foliobooks.pl\/en\/"},{"@type":"ListItem","position":2,"name":"Shop","item":"https:\/\/foliobooks.pl\/en\/shop\/"},{"@type":"ListItem","position":3,"name":"Wristwatch Annual 2025"}]},{"@type":"WebSite","@id":"https:\/\/foliobooks.pl\/en\/#website","url":"https:\/\/foliobooks.pl\/en\/","name":"Folio","description":"Ksi\u0119garnia internetowa","potentialAction":[{"@type":"SearchAction","target":{"@type":"EntryPoint","urlTemplate":"https:\/\/foliobooks.pl\/en\/?s={search_term_string}"},"query-input":{"@type":"PropertyValueSpecification","valueRequired":true,"valueName":"search_term_string"}}],"inLanguage":"en-US"}]}},"_links":{"self":[{"href":"https:\/\/foliobooks.pl\/en\/wp-json\/wp\/v2\/product\/107321","targetHints":{"allow":["GET"]}}],"collection":[{"href":"https:\/\/foliobooks.pl\/en\/wp-json\/wp\/v2\/product"}],"about":[{"href":"https:\/\/foliobooks.pl\/en\/wp-json\/wp\/v2\/types\/product"}],"replies":[{"embeddable":true,"href":"https:\/\/foliobooks.pl\/en\/wp-json\/wp\/v2\/comments?post=107321"}],"wp:featuredmedia":[{"embeddable":true,"href":"https:\/\/foliobooks.pl\/en\/wp-json\/wp\/v2\/media\/107306"}],"wp:attachment":[{"href":"https:\/\/foliobooks.pl\/en\/wp-json\/wp\/v2\/media?parent=107321"}],"wp:term":[{"taxonomy":"product_brand","embeddable":true,"href":"https:\/\/foliobooks.pl\/en\/wp-json\/wp\/v2\/product_brand?post=107321"},{"taxonomy":"product_cat","embeddable":true,"href":"https:\/\/foliobooks.pl\/en\/wp-json\/wp\/v2\/product_cat?post=107321"},{"taxonomy":"product_tag","embeddable":true,"href":"https:\/\/foliobooks.pl\/en\/wp-json\/wp\/v2\/product_tag?post=107321"}],"curies":[{"name":"wp","href":"https:\/\/api.w.org\/{rel}","templated":true}]}}