{"id":107283,"date":"2025-08-21T16:18:50","date_gmt":"2025-08-21T14:18:50","guid":{"rendered":"https:\/\/foliobooks.pl\/sklep\/wine-travel-mediterranean-islands\/"},"modified":"2026-02-18T14:54:46","modified_gmt":"2026-02-18T13:54:46","slug":"wine-travel-mediterranean-islands","status":"publish","type":"product","link":"https:\/\/foliobooks.pl\/en\/shop\/wine-travel-mediterranean-islands\/","title":{"rendered":"Wine &#038; Travel Mediterranean Islands"},"content":{"rendered":"<p>The wine culture of the Mediterranean islands is a story of sun, salt, and centuries-old craft.\u00a0From the volcanic soils of Sicily to the windswept vineyards of Corsica, from the quartzite\u00a0and schist rock of Porquerolles to the sun-drenched hills of Majorca, each island offers its\u00a0own distinct terroir\u2014shaped by rugged terrain, maritime breezes, and a particular climate\u00a0that cultivates grapes that produce complex blends. Wines here are bold yet nuanced:\u00a0minerally Assyrtiko from Greece, floral Malvasia from the Aeolian Islands, spicy reds from\u00a0Sardinia\u2019s Cannonau vines, and the elegant Vermentinos of the northern coastlines. But\u00a0beyond the bottle, the experience is equally inspiring: tastings held at seaside estates,\u00a0in olive groves, or in the cool atmosphere of time-worn cellars carved from stone. Here,\u00a0wine isn\u2019t just a product of the land\u2014it\u2019s an expression of heritage, hospitality, and the\u00a0sunlit soul of island life.<\/p>\n<p>Join world-renowned sommelier Enrico Bernardo on the ultimate tour through the\u00a0Mediterranean Islands, where wine, culture, and adventure intertwine. Wine &amp; Travel\u00a0Mediterranean Islands is an essential guide to a region of the finest vineyards and hidden\u00a0beauties. Bernardo uncovers the soul of Mediterranean winemaking, sharing not only the\u00a0wines worth seeking but the breathtaking landscapes, the most traditional sites, and the\u00a0secret escapes that define island life\u2014a new kind of guide, featuring the best wines of\u00a0each of the Mediterranean Islands as well as the people, places, and vistas.<\/p>\n<p>The most recent addition to Assouline\u2019s latest series, Wine &amp; Travel, which explores\u00a0emblematic destinations through the lens of wine tourism, this edition features an\u00a0exhaustive list of the best vineyards to discover on the Mediterranean Islands.<\/p>\n","protected":false},"excerpt":{"rendered":"<p>The wine culture of the Mediterranean islands is a story of sun, salt, and centuries-old craft.\u00a0From the volcanic soils of Sicily to the windswept vineyards of Corsica, from the quartzite\u00a0and schist rock of Porquerolles to the sun-drenched hills of Majorca, each island offers its\u00a0own distinct terroir\u2014shaped by rugged terrain, maritime breezes, and a particular climate\u00a0that&#8230;<\/p>\n","protected":false},"featured_media":107268,"comment_status":"closed","ping_status":"closed","template":"","meta":[],"product_brand":[],"product_cat":[13533,4517],"product_tag":[156],"class_list":{"0":"post-107283","1":"product","2":"type-product","3":"status-publish","4":"has-post-thumbnail","6":"product_cat-books","7":"product_cat-photography-en","8":"product_tag-travel","9":"pa_author_att-enrico-bernardo-en","10":"pa_format-254-x-33-cm-en","11":"pa_isbn-9781649804983-en","12":"pa_language-eng","13":"pa_pages-296-en","14":"pa_published-2025-06-28-en","15":"pa_publisher-assouline-en","17":"first","18":"instock","19":"sale","20":"sold-individually","21":"shipping-taxable","22":"purchasable","23":"product-type-simple"},"yoast_head":"<!-- This site is optimized with the Yoast SEO plugin v27.4 - https:\/\/yoast.com\/product\/yoast-seo-wordpress\/ -->\n<title>Wine &amp; Travel Mediterranean Islands (Enrico Bernardo) - book \/ album - Folio<\/title>\n<meta name=\"description\" content=\"Wejd\u017a i kup ksi\u0105\u017ck\u0119 Wine &amp; Travel Mediterranean Islands autorstwa Enrico Bernardo wydan\u0105 przez Assouline (2025-06-28) w formacie 25,4 x 33 cm (ISBN: 9781649804983). Zapraszamy!\" \/>\n<meta name=\"robots\" content=\"index, follow, max-snippet:-1, max-image-preview:large, max-video-preview:-1\" \/>\n<link rel=\"canonical\" href=\"https:\/\/foliobooks.pl\/en\/shop\/wine-travel-mediterranean-islands\/\" \/>\n<meta property=\"og:locale\" content=\"en_US\" \/>\n<meta property=\"og:type\" content=\"article\" \/>\n<meta property=\"og:title\" content=\"Wine &amp; Travel Mediterranean Islands (Enrico Bernardo) - book \/ album - Folio\" \/>\n<meta property=\"og:description\" content=\"Wejd\u017a i kup ksi\u0105\u017ck\u0119 Wine &amp; Travel Mediterranean Islands autorstwa Enrico Bernardo wydan\u0105 przez Assouline (2025-06-28) w formacie 25,4 x 33 cm (ISBN: 9781649804983). Zapraszamy!\" \/>\n<meta property=\"og:url\" content=\"https:\/\/foliobooks.pl\/en\/shop\/wine-travel-mediterranean-islands\/\" \/>\n<meta property=\"og:site_name\" content=\"Folio\" \/>\n<meta property=\"article:modified_time\" content=\"2026-02-18T13:54:46+00:00\" \/>\n<meta property=\"og:image\" content=\"https:\/\/foliobooks.pl\/wp-content\/uploads\/2025\/08\/9781649804983.png\" \/>\n\t<meta property=\"og:image:width\" content=\"570\" \/>\n\t<meta property=\"og:image:height\" content=\"708\" \/>\n\t<meta property=\"og:image:type\" content=\"image\/png\" \/>\n<meta name=\"twitter:card\" content=\"summary_large_image\" \/>\n<meta name=\"twitter:label1\" content=\"Est. reading time\" \/>\n\t<meta name=\"twitter:data1\" content=\"2 minutes\" \/>\n<script type=\"application\/ld+json\" class=\"yoast-schema-graph\">{\"@context\":\"https:\\\/\\\/schema.org\",\"@graph\":[{\"@type\":\"WebPage\",\"@id\":\"https:\\\/\\\/foliobooks.pl\\\/en\\\/shop\\\/wine-travel-mediterranean-islands\\\/\",\"url\":\"https:\\\/\\\/foliobooks.pl\\\/en\\\/shop\\\/wine-travel-mediterranean-islands\\\/\",\"name\":\"Wine & Travel Mediterranean Islands (Enrico Bernardo) - book \\\/ album - Folio\",\"isPartOf\":{\"@id\":\"https:\\\/\\\/foliobooks.pl\\\/en\\\/#website\"},\"primaryImageOfPage\":{\"@id\":\"https:\\\/\\\/foliobooks.pl\\\/en\\\/shop\\\/wine-travel-mediterranean-islands\\\/#primaryimage\"},\"image\":{\"@id\":\"https:\\\/\\\/foliobooks.pl\\\/en\\\/shop\\\/wine-travel-mediterranean-islands\\\/#primaryimage\"},\"thumbnailUrl\":\"https:\\\/\\\/foliobooks.pl\\\/wp-content\\\/uploads\\\/2025\\\/08\\\/9781649804983.png\",\"datePublished\":\"2025-08-21T14:18:50+00:00\",\"dateModified\":\"2026-02-18T13:54:46+00:00\",\"description\":\"Wejd\u017a i kup ksi\u0105\u017ck\u0119 Wine & Travel Mediterranean Islands autorstwa Enrico Bernardo wydan\u0105 przez Assouline (2025-06-28) w formacie 25,4 x 33 cm (ISBN: 9781649804983). Zapraszamy!\",\"breadcrumb\":{\"@id\":\"https:\\\/\\\/foliobooks.pl\\\/en\\\/shop\\\/wine-travel-mediterranean-islands\\\/#breadcrumb\"},\"inLanguage\":\"en-US\",\"potentialAction\":[{\"@type\":\"ReadAction\",\"target\":[\"https:\\\/\\\/foliobooks.pl\\\/en\\\/shop\\\/wine-travel-mediterranean-islands\\\/\"]}]},{\"@type\":\"ImageObject\",\"inLanguage\":\"en-US\",\"@id\":\"https:\\\/\\\/foliobooks.pl\\\/en\\\/shop\\\/wine-travel-mediterranean-islands\\\/#primaryimage\",\"url\":\"https:\\\/\\\/foliobooks.pl\\\/wp-content\\\/uploads\\\/2025\\\/08\\\/9781649804983.png\",\"contentUrl\":\"https:\\\/\\\/foliobooks.pl\\\/wp-content\\\/uploads\\\/2025\\\/08\\\/9781649804983.png\",\"width\":570,\"height\":708},{\"@type\":\"BreadcrumbList\",\"@id\":\"https:\\\/\\\/foliobooks.pl\\\/en\\\/shop\\\/wine-travel-mediterranean-islands\\\/#breadcrumb\",\"itemListElement\":[{\"@type\":\"ListItem\",\"position\":1,\"name\":\"Strona g\u0142\u00f3wna\",\"item\":\"https:\\\/\\\/foliobooks.pl\\\/en\\\/\"},{\"@type\":\"ListItem\",\"position\":2,\"name\":\"Shop\",\"item\":\"https:\\\/\\\/foliobooks.pl\\\/en\\\/shop\\\/\"},{\"@type\":\"ListItem\",\"position\":3,\"name\":\"Wine &#038; Travel Mediterranean Islands\"}]},{\"@type\":\"WebSite\",\"@id\":\"https:\\\/\\\/foliobooks.pl\\\/en\\\/#website\",\"url\":\"https:\\\/\\\/foliobooks.pl\\\/en\\\/\",\"name\":\"Folio\",\"description\":\"Ksi\u0119garnia internetowa\",\"potentialAction\":[{\"@type\":\"SearchAction\",\"target\":{\"@type\":\"EntryPoint\",\"urlTemplate\":\"https:\\\/\\\/foliobooks.pl\\\/en\\\/?s={search_term_string}\"},\"query-input\":{\"@type\":\"PropertyValueSpecification\",\"valueRequired\":true,\"valueName\":\"search_term_string\"}}],\"inLanguage\":\"en-US\"}]}<\/script>\n<!-- \/ Yoast SEO plugin. -->","yoast_head_json":{"title":"Wine & Travel Mediterranean Islands (Enrico Bernardo) - book \/ album - Folio","description":"Wejd\u017a i kup ksi\u0105\u017ck\u0119 Wine & Travel Mediterranean Islands autorstwa Enrico Bernardo wydan\u0105 przez Assouline (2025-06-28) w formacie 25,4 x 33 cm (ISBN: 9781649804983). Zapraszamy!","robots":{"index":"index","follow":"follow","max-snippet":"max-snippet:-1","max-image-preview":"max-image-preview:large","max-video-preview":"max-video-preview:-1"},"canonical":"https:\/\/foliobooks.pl\/en\/shop\/wine-travel-mediterranean-islands\/","og_locale":"en_US","og_type":"article","og_title":"Wine & Travel Mediterranean Islands (Enrico Bernardo) - book \/ album - Folio","og_description":"Wejd\u017a i kup ksi\u0105\u017ck\u0119 Wine & Travel Mediterranean Islands autorstwa Enrico Bernardo wydan\u0105 przez Assouline (2025-06-28) w formacie 25,4 x 33 cm (ISBN: 9781649804983). Zapraszamy!","og_url":"https:\/\/foliobooks.pl\/en\/shop\/wine-travel-mediterranean-islands\/","og_site_name":"Folio","article_modified_time":"2026-02-18T13:54:46+00:00","og_image":[{"width":570,"height":708,"url":"https:\/\/foliobooks.pl\/wp-content\/uploads\/2025\/08\/9781649804983.png","type":"image\/png"}],"twitter_card":"summary_large_image","twitter_misc":{"Est. reading time":"2 minutes"},"schema":{"@context":"https:\/\/schema.org","@graph":[{"@type":"WebPage","@id":"https:\/\/foliobooks.pl\/en\/shop\/wine-travel-mediterranean-islands\/","url":"https:\/\/foliobooks.pl\/en\/shop\/wine-travel-mediterranean-islands\/","name":"Wine & Travel Mediterranean Islands (Enrico Bernardo) - book \/ album - Folio","isPartOf":{"@id":"https:\/\/foliobooks.pl\/en\/#website"},"primaryImageOfPage":{"@id":"https:\/\/foliobooks.pl\/en\/shop\/wine-travel-mediterranean-islands\/#primaryimage"},"image":{"@id":"https:\/\/foliobooks.pl\/en\/shop\/wine-travel-mediterranean-islands\/#primaryimage"},"thumbnailUrl":"https:\/\/foliobooks.pl\/wp-content\/uploads\/2025\/08\/9781649804983.png","datePublished":"2025-08-21T14:18:50+00:00","dateModified":"2026-02-18T13:54:46+00:00","description":"Wejd\u017a i kup ksi\u0105\u017ck\u0119 Wine & Travel Mediterranean Islands autorstwa Enrico Bernardo wydan\u0105 przez Assouline (2025-06-28) w formacie 25,4 x 33 cm (ISBN: 9781649804983). Zapraszamy!","breadcrumb":{"@id":"https:\/\/foliobooks.pl\/en\/shop\/wine-travel-mediterranean-islands\/#breadcrumb"},"inLanguage":"en-US","potentialAction":[{"@type":"ReadAction","target":["https:\/\/foliobooks.pl\/en\/shop\/wine-travel-mediterranean-islands\/"]}]},{"@type":"ImageObject","inLanguage":"en-US","@id":"https:\/\/foliobooks.pl\/en\/shop\/wine-travel-mediterranean-islands\/#primaryimage","url":"https:\/\/foliobooks.pl\/wp-content\/uploads\/2025\/08\/9781649804983.png","contentUrl":"https:\/\/foliobooks.pl\/wp-content\/uploads\/2025\/08\/9781649804983.png","width":570,"height":708},{"@type":"BreadcrumbList","@id":"https:\/\/foliobooks.pl\/en\/shop\/wine-travel-mediterranean-islands\/#breadcrumb","itemListElement":[{"@type":"ListItem","position":1,"name":"Strona g\u0142\u00f3wna","item":"https:\/\/foliobooks.pl\/en\/"},{"@type":"ListItem","position":2,"name":"Shop","item":"https:\/\/foliobooks.pl\/en\/shop\/"},{"@type":"ListItem","position":3,"name":"Wine &#038; Travel Mediterranean Islands"}]},{"@type":"WebSite","@id":"https:\/\/foliobooks.pl\/en\/#website","url":"https:\/\/foliobooks.pl\/en\/","name":"Folio","description":"Ksi\u0119garnia internetowa","potentialAction":[{"@type":"SearchAction","target":{"@type":"EntryPoint","urlTemplate":"https:\/\/foliobooks.pl\/en\/?s={search_term_string}"},"query-input":{"@type":"PropertyValueSpecification","valueRequired":true,"valueName":"search_term_string"}}],"inLanguage":"en-US"}]}},"_links":{"self":[{"href":"https:\/\/foliobooks.pl\/en\/wp-json\/wp\/v2\/product\/107283","targetHints":{"allow":["GET"]}}],"collection":[{"href":"https:\/\/foliobooks.pl\/en\/wp-json\/wp\/v2\/product"}],"about":[{"href":"https:\/\/foliobooks.pl\/en\/wp-json\/wp\/v2\/types\/product"}],"replies":[{"embeddable":true,"href":"https:\/\/foliobooks.pl\/en\/wp-json\/wp\/v2\/comments?post=107283"}],"wp:featuredmedia":[{"embeddable":true,"href":"https:\/\/foliobooks.pl\/en\/wp-json\/wp\/v2\/media\/107268"}],"wp:attachment":[{"href":"https:\/\/foliobooks.pl\/en\/wp-json\/wp\/v2\/media?parent=107283"}],"wp:term":[{"taxonomy":"product_brand","embeddable":true,"href":"https:\/\/foliobooks.pl\/en\/wp-json\/wp\/v2\/product_brand?post=107283"},{"taxonomy":"product_cat","embeddable":true,"href":"https:\/\/foliobooks.pl\/en\/wp-json\/wp\/v2\/product_cat?post=107283"},{"taxonomy":"product_tag","embeddable":true,"href":"https:\/\/foliobooks.pl\/en\/wp-json\/wp\/v2\/product_tag?post=107283"}],"curies":[{"name":"wp","href":"https:\/\/api.w.org\/{rel}","templated":true}]}}