{"id":107160,"date":"2025-07-24T17:22:24","date_gmt":"2025-07-24T15:22:24","guid":{"rendered":"https:\/\/foliobooks.pl\/sklep\/wonderful-world-of-womens-watches\/"},"modified":"2025-08-26T14:52:46","modified_gmt":"2025-08-26T12:52:46","slug":"wonderful-world-of-womens-watches","status":"publish","type":"product","link":"https:\/\/foliobooks.pl\/en\/shop\/wonderful-world-of-womens-watches\/","title":{"rendered":"Wonderful World of Women&#8217;s Watches"},"content":{"rendered":"<p>Timepiece, jewelry and investment in one. In times of increasing digitalization, when anyone can tell the time with a glance at their phone, analogue timepieces have become a real treasure. They look good and are an incredibly versatile accessory. There is a suitable model for every style.<br \/>\nThis book is a tribute to the ladies&#8217; watch, which can be a symbol of craftsmanship and status, as well as an irresistible piece of jewelry and a valuable everyday companion. The Wonderful World of Women&#8217;s Watches sheds light on the history of women&#8217;s watches, shows iconic models and the women who wear them and introduces influential women in the world of watchmaking. Of course, there is also a style guide.<\/p>\n","protected":false},"excerpt":{"rendered":"<p>Timepiece, jewelry and investment in one. In times of increasing digitalization, when anyone can tell the time with a glance at their phone, analogue timepieces have become a real treasure. They look good and are an incredibly versatile accessory. There is a suitable model for every style. This book is a tribute to the ladies&#8217;&#8230;<\/p>\n","protected":false},"featured_media":107145,"comment_status":"closed","ping_status":"closed","template":"","meta":[],"product_brand":[],"product_cat":[13533,4519],"product_tag":[12010],"class_list":{"0":"post-107160","1":"product","2":"type-product","3":"status-publish","4":"has-post-thumbnail","6":"product_cat-books","7":"product_cat-fashion-en-en","8":"product_tag-watches-en","9":"pa_author_att-rhonda-riche-en","10":"pa_cover-hardcover","11":"pa_format-244-x-314-cm-en","12":"pa_isbn-9783961716050-en","13":"pa_language-eng","14":"pa_pages-256-en-2","15":"pa_published-2025-05-05-en","16":"pa_publisher-teneues-en","18":"first","19":"instock","20":"sale","21":"sold-individually","22":"shipping-taxable","23":"purchasable","24":"product-type-simple"},"yoast_head":"<!-- This site is optimized with the Yoast SEO plugin v27.4 - https:\/\/yoast.com\/product\/yoast-seo-wordpress\/ -->\n<title>Wonderful World of Women&#039;s Watches (Rhonda Riche) - book \/ album - Folio<\/title>\n<meta name=\"description\" content=\"Wejd\u017a i kup ksi\u0105\u017ck\u0119 Wonderful World of Women&#039;s Watches autorstwa Rhonda Riche wydan\u0105 przez teNeues (2025-05-05) w formacie 24,4 x 31,4 cm (ISBN: 9783961716050). Zapraszamy!\" \/>\n<meta name=\"robots\" content=\"index, follow, max-snippet:-1, max-image-preview:large, max-video-preview:-1\" \/>\n<link rel=\"canonical\" href=\"https:\/\/foliobooks.pl\/en\/shop\/wonderful-world-of-womens-watches\/\" \/>\n<meta property=\"og:locale\" content=\"en_US\" \/>\n<meta property=\"og:type\" content=\"article\" \/>\n<meta property=\"og:title\" content=\"Wonderful World of Women&#039;s Watches (Rhonda Riche) - book \/ album - Folio\" \/>\n<meta property=\"og:description\" content=\"Wejd\u017a i kup ksi\u0105\u017ck\u0119 Wonderful World of Women&#039;s Watches autorstwa Rhonda Riche wydan\u0105 przez teNeues (2025-05-05) w formacie 24,4 x 31,4 cm (ISBN: 9783961716050). Zapraszamy!\" \/>\n<meta property=\"og:url\" content=\"https:\/\/foliobooks.pl\/en\/shop\/wonderful-world-of-womens-watches\/\" \/>\n<meta property=\"og:site_name\" content=\"Folio\" \/>\n<meta property=\"article:modified_time\" content=\"2025-08-26T12:52:46+00:00\" \/>\n<meta property=\"og:image\" content=\"https:\/\/foliobooks.pl\/wp-content\/uploads\/2025\/07\/9783961716050.png\" \/>\n\t<meta property=\"og:image:width\" content=\"570\" \/>\n\t<meta property=\"og:image:height\" content=\"708\" \/>\n\t<meta property=\"og:image:type\" content=\"image\/png\" \/>\n<meta name=\"twitter:card\" content=\"summary_large_image\" \/>\n<meta name=\"twitter:label1\" content=\"Est. reading time\" \/>\n\t<meta name=\"twitter:data1\" content=\"1 minute\" \/>\n<script type=\"application\/ld+json\" class=\"yoast-schema-graph\">{\"@context\":\"https:\\\/\\\/schema.org\",\"@graph\":[{\"@type\":\"WebPage\",\"@id\":\"https:\\\/\\\/foliobooks.pl\\\/en\\\/shop\\\/wonderful-world-of-womens-watches\\\/\",\"url\":\"https:\\\/\\\/foliobooks.pl\\\/en\\\/shop\\\/wonderful-world-of-womens-watches\\\/\",\"name\":\"Wonderful World of Women's Watches (Rhonda Riche) - book \\\/ album - Folio\",\"isPartOf\":{\"@id\":\"https:\\\/\\\/foliobooks.pl\\\/en\\\/#website\"},\"primaryImageOfPage\":{\"@id\":\"https:\\\/\\\/foliobooks.pl\\\/en\\\/shop\\\/wonderful-world-of-womens-watches\\\/#primaryimage\"},\"image\":{\"@id\":\"https:\\\/\\\/foliobooks.pl\\\/en\\\/shop\\\/wonderful-world-of-womens-watches\\\/#primaryimage\"},\"thumbnailUrl\":\"https:\\\/\\\/foliobooks.pl\\\/wp-content\\\/uploads\\\/2025\\\/07\\\/9783961716050.png\",\"datePublished\":\"2025-07-24T15:22:24+00:00\",\"dateModified\":\"2025-08-26T12:52:46+00:00\",\"description\":\"Wejd\u017a i kup ksi\u0105\u017ck\u0119 Wonderful World of Women's Watches autorstwa Rhonda Riche wydan\u0105 przez teNeues (2025-05-05) w formacie 24,4 x 31,4 cm (ISBN: 9783961716050). Zapraszamy!\",\"breadcrumb\":{\"@id\":\"https:\\\/\\\/foliobooks.pl\\\/en\\\/shop\\\/wonderful-world-of-womens-watches\\\/#breadcrumb\"},\"inLanguage\":\"en-US\",\"potentialAction\":[{\"@type\":\"ReadAction\",\"target\":[\"https:\\\/\\\/foliobooks.pl\\\/en\\\/shop\\\/wonderful-world-of-womens-watches\\\/\"]}]},{\"@type\":\"ImageObject\",\"inLanguage\":\"en-US\",\"@id\":\"https:\\\/\\\/foliobooks.pl\\\/en\\\/shop\\\/wonderful-world-of-womens-watches\\\/#primaryimage\",\"url\":\"https:\\\/\\\/foliobooks.pl\\\/wp-content\\\/uploads\\\/2025\\\/07\\\/9783961716050.png\",\"contentUrl\":\"https:\\\/\\\/foliobooks.pl\\\/wp-content\\\/uploads\\\/2025\\\/07\\\/9783961716050.png\",\"width\":570,\"height\":708},{\"@type\":\"BreadcrumbList\",\"@id\":\"https:\\\/\\\/foliobooks.pl\\\/en\\\/shop\\\/wonderful-world-of-womens-watches\\\/#breadcrumb\",\"itemListElement\":[{\"@type\":\"ListItem\",\"position\":1,\"name\":\"Strona g\u0142\u00f3wna\",\"item\":\"https:\\\/\\\/foliobooks.pl\\\/en\\\/\"},{\"@type\":\"ListItem\",\"position\":2,\"name\":\"Shop\",\"item\":\"https:\\\/\\\/foliobooks.pl\\\/en\\\/shop\\\/\"},{\"@type\":\"ListItem\",\"position\":3,\"name\":\"Wonderful World of Women&#8217;s Watches\"}]},{\"@type\":\"WebSite\",\"@id\":\"https:\\\/\\\/foliobooks.pl\\\/en\\\/#website\",\"url\":\"https:\\\/\\\/foliobooks.pl\\\/en\\\/\",\"name\":\"Folio\",\"description\":\"Ksi\u0119garnia internetowa\",\"potentialAction\":[{\"@type\":\"SearchAction\",\"target\":{\"@type\":\"EntryPoint\",\"urlTemplate\":\"https:\\\/\\\/foliobooks.pl\\\/en\\\/?s={search_term_string}\"},\"query-input\":{\"@type\":\"PropertyValueSpecification\",\"valueRequired\":true,\"valueName\":\"search_term_string\"}}],\"inLanguage\":\"en-US\"}]}<\/script>\n<!-- \/ Yoast SEO plugin. -->","yoast_head_json":{"title":"Wonderful World of Women's Watches (Rhonda Riche) - book \/ album - Folio","description":"Wejd\u017a i kup ksi\u0105\u017ck\u0119 Wonderful World of Women's Watches autorstwa Rhonda Riche wydan\u0105 przez teNeues (2025-05-05) w formacie 24,4 x 31,4 cm (ISBN: 9783961716050). Zapraszamy!","robots":{"index":"index","follow":"follow","max-snippet":"max-snippet:-1","max-image-preview":"max-image-preview:large","max-video-preview":"max-video-preview:-1"},"canonical":"https:\/\/foliobooks.pl\/en\/shop\/wonderful-world-of-womens-watches\/","og_locale":"en_US","og_type":"article","og_title":"Wonderful World of Women's Watches (Rhonda Riche) - book \/ album - Folio","og_description":"Wejd\u017a i kup ksi\u0105\u017ck\u0119 Wonderful World of Women's Watches autorstwa Rhonda Riche wydan\u0105 przez teNeues (2025-05-05) w formacie 24,4 x 31,4 cm (ISBN: 9783961716050). Zapraszamy!","og_url":"https:\/\/foliobooks.pl\/en\/shop\/wonderful-world-of-womens-watches\/","og_site_name":"Folio","article_modified_time":"2025-08-26T12:52:46+00:00","og_image":[{"width":570,"height":708,"url":"https:\/\/foliobooks.pl\/wp-content\/uploads\/2025\/07\/9783961716050.png","type":"image\/png"}],"twitter_card":"summary_large_image","twitter_misc":{"Est. reading time":"1 minute"},"schema":{"@context":"https:\/\/schema.org","@graph":[{"@type":"WebPage","@id":"https:\/\/foliobooks.pl\/en\/shop\/wonderful-world-of-womens-watches\/","url":"https:\/\/foliobooks.pl\/en\/shop\/wonderful-world-of-womens-watches\/","name":"Wonderful World of Women's Watches (Rhonda Riche) - book \/ album - Folio","isPartOf":{"@id":"https:\/\/foliobooks.pl\/en\/#website"},"primaryImageOfPage":{"@id":"https:\/\/foliobooks.pl\/en\/shop\/wonderful-world-of-womens-watches\/#primaryimage"},"image":{"@id":"https:\/\/foliobooks.pl\/en\/shop\/wonderful-world-of-womens-watches\/#primaryimage"},"thumbnailUrl":"https:\/\/foliobooks.pl\/wp-content\/uploads\/2025\/07\/9783961716050.png","datePublished":"2025-07-24T15:22:24+00:00","dateModified":"2025-08-26T12:52:46+00:00","description":"Wejd\u017a i kup ksi\u0105\u017ck\u0119 Wonderful World of Women's Watches autorstwa Rhonda Riche wydan\u0105 przez teNeues (2025-05-05) w formacie 24,4 x 31,4 cm (ISBN: 9783961716050). Zapraszamy!","breadcrumb":{"@id":"https:\/\/foliobooks.pl\/en\/shop\/wonderful-world-of-womens-watches\/#breadcrumb"},"inLanguage":"en-US","potentialAction":[{"@type":"ReadAction","target":["https:\/\/foliobooks.pl\/en\/shop\/wonderful-world-of-womens-watches\/"]}]},{"@type":"ImageObject","inLanguage":"en-US","@id":"https:\/\/foliobooks.pl\/en\/shop\/wonderful-world-of-womens-watches\/#primaryimage","url":"https:\/\/foliobooks.pl\/wp-content\/uploads\/2025\/07\/9783961716050.png","contentUrl":"https:\/\/foliobooks.pl\/wp-content\/uploads\/2025\/07\/9783961716050.png","width":570,"height":708},{"@type":"BreadcrumbList","@id":"https:\/\/foliobooks.pl\/en\/shop\/wonderful-world-of-womens-watches\/#breadcrumb","itemListElement":[{"@type":"ListItem","position":1,"name":"Strona g\u0142\u00f3wna","item":"https:\/\/foliobooks.pl\/en\/"},{"@type":"ListItem","position":2,"name":"Shop","item":"https:\/\/foliobooks.pl\/en\/shop\/"},{"@type":"ListItem","position":3,"name":"Wonderful World of Women&#8217;s Watches"}]},{"@type":"WebSite","@id":"https:\/\/foliobooks.pl\/en\/#website","url":"https:\/\/foliobooks.pl\/en\/","name":"Folio","description":"Ksi\u0119garnia internetowa","potentialAction":[{"@type":"SearchAction","target":{"@type":"EntryPoint","urlTemplate":"https:\/\/foliobooks.pl\/en\/?s={search_term_string}"},"query-input":{"@type":"PropertyValueSpecification","valueRequired":true,"valueName":"search_term_string"}}],"inLanguage":"en-US"}]}},"_links":{"self":[{"href":"https:\/\/foliobooks.pl\/en\/wp-json\/wp\/v2\/product\/107160","targetHints":{"allow":["GET"]}}],"collection":[{"href":"https:\/\/foliobooks.pl\/en\/wp-json\/wp\/v2\/product"}],"about":[{"href":"https:\/\/foliobooks.pl\/en\/wp-json\/wp\/v2\/types\/product"}],"replies":[{"embeddable":true,"href":"https:\/\/foliobooks.pl\/en\/wp-json\/wp\/v2\/comments?post=107160"}],"wp:featuredmedia":[{"embeddable":true,"href":"https:\/\/foliobooks.pl\/en\/wp-json\/wp\/v2\/media\/107145"}],"wp:attachment":[{"href":"https:\/\/foliobooks.pl\/en\/wp-json\/wp\/v2\/media?parent=107160"}],"wp:term":[{"taxonomy":"product_brand","embeddable":true,"href":"https:\/\/foliobooks.pl\/en\/wp-json\/wp\/v2\/product_brand?post=107160"},{"taxonomy":"product_cat","embeddable":true,"href":"https:\/\/foliobooks.pl\/en\/wp-json\/wp\/v2\/product_cat?post=107160"},{"taxonomy":"product_tag","embeddable":true,"href":"https:\/\/foliobooks.pl\/en\/wp-json\/wp\/v2\/product_tag?post=107160"}],"curies":[{"name":"wp","href":"https:\/\/api.w.org\/{rel}","templated":true}]}}