{"id":107142,"date":"2025-07-24T17:11:39","date_gmt":"2025-07-24T15:11:39","guid":{"rendered":"https:\/\/foliobooks.pl\/sklep\/classic-cars-from-the-early-1900s-to-the-late-1960s\/"},"modified":"2025-07-24T17:37:52","modified_gmt":"2025-07-24T15:37:52","slug":"classic-cars-from-the-early-1900s-to-the-late-1960s","status":"publish","type":"product","link":"https:\/\/foliobooks.pl\/en\/shop\/classic-cars-from-the-early-1900s-to-the-late-1960s\/","title":{"rendered":"Classic Cars. From the early 1900S to the late 1960S"},"content":{"rendered":"<p>There are automobiles that left no trace of their passing; they slipped into anonymity almost as though they had never existed, vanished like snow in the sun, swept away by the succession of models, version and generations. And then, instead, there are vehicles that made history, stirring the souls and thrilling the hearts not just of enthusiasts, but also the wider public. Milestones of automobiles; reference points for design, performance and fascination. Real icons of technology. Immortals.<\/p>\n<p>This book is dedicated to these jewels on four wheels, produced from the start of the 1900s up to the \u201960s \u2013 one of the greatest periods ever from the point of view of creativity and engineering advances. Like stroking the pearls that make up a necklace, thanks to its exciting images, anecdotes, curiosities and detailed technical analysis, Classic Cars accompanies the reader through time, looking at the 73 models that were most characteristic of the first half of the 20th century.<\/p>\n","protected":false},"excerpt":{"rendered":"<p>There are automobiles that left no trace of their passing; they slipped into anonymity almost as though they had never existed, vanished like snow in the sun, swept away by the succession of models, version and generations. And then, instead, there are vehicles that made history, stirring the souls and thrilling the hearts not just&#8230;<\/p>\n","protected":false},"featured_media":107135,"comment_status":"closed","ping_status":"closed","template":"","meta":[],"product_brand":[],"product_cat":[13533,4520],"product_tag":[216],"class_list":{"0":"post-107142","1":"product","2":"type-product","3":"status-publish","4":"has-post-thumbnail","6":"product_cat-books","7":"product_cat-motorsport-en","8":"product_tag-cars-en","9":"pa_author_att-sebastiano-salvetti-en","10":"pa_cover-hardcover","11":"pa_format-22-x-253-cm-en","12":"pa_isbn-9788854421271-en","13":"pa_language-eng","14":"pa_pages-272-en-en","15":"pa_published-2025-05-05-en","16":"pa_publisher-white-star-en","18":"first","19":"outofstock","20":"sold-individually","21":"shipping-taxable","22":"purchasable","23":"product-type-simple"},"yoast_head":"<!-- This site is optimized with the Yoast SEO plugin v27.4 - https:\/\/yoast.com\/product\/yoast-seo-wordpress\/ -->\n<title>Classic Cars. From the early 1900S to the late 1960S (Sebastiano Salvetti) - book \/ album - Folio<\/title>\n<meta name=\"description\" content=\"Wejd\u017a i kup ksi\u0105\u017ck\u0119 Classic Cars. From the early 1900S to the late 1960S autorstwa Sebastiano Salvetti wydan\u0105 przez White Star (2025-05-05) w formacie 22 x 25,3 cm (ISBN: 9788854421271). Zapraszamy!\" \/>\n<meta name=\"robots\" content=\"index, follow, max-snippet:-1, max-image-preview:large, max-video-preview:-1\" \/>\n<link rel=\"canonical\" href=\"https:\/\/foliobooks.pl\/en\/shop\/classic-cars-from-the-early-1900s-to-the-late-1960s\/\" \/>\n<meta property=\"og:locale\" content=\"en_US\" \/>\n<meta property=\"og:type\" content=\"article\" \/>\n<meta property=\"og:title\" content=\"Classic Cars. From the early 1900S to the late 1960S (Sebastiano Salvetti) - book \/ album - Folio\" \/>\n<meta property=\"og:description\" content=\"Wejd\u017a i kup ksi\u0105\u017ck\u0119 Classic Cars. From the early 1900S to the late 1960S autorstwa Sebastiano Salvetti wydan\u0105 przez White Star (2025-05-05) w formacie 22 x 25,3 cm (ISBN: 9788854421271). Zapraszamy!\" \/>\n<meta property=\"og:url\" content=\"https:\/\/foliobooks.pl\/en\/shop\/classic-cars-from-the-early-1900s-to-the-late-1960s\/\" \/>\n<meta property=\"og:site_name\" content=\"Folio\" \/>\n<meta property=\"article:modified_time\" content=\"2025-07-24T15:37:52+00:00\" \/>\n<meta property=\"og:image\" content=\"https:\/\/foliobooks.pl\/wp-content\/uploads\/2025\/07\/9788854421271.png\" \/>\n\t<meta property=\"og:image:width\" content=\"570\" \/>\n\t<meta property=\"og:image:height\" content=\"708\" \/>\n\t<meta property=\"og:image:type\" content=\"image\/png\" \/>\n<meta name=\"twitter:card\" content=\"summary_large_image\" \/>\n<meta name=\"twitter:label1\" content=\"Est. reading time\" \/>\n\t<meta name=\"twitter:data1\" content=\"2 minutes\" \/>\n<script type=\"application\/ld+json\" class=\"yoast-schema-graph\">{\"@context\":\"https:\\\/\\\/schema.org\",\"@graph\":[{\"@type\":\"WebPage\",\"@id\":\"https:\\\/\\\/foliobooks.pl\\\/en\\\/shop\\\/classic-cars-from-the-early-1900s-to-the-late-1960s\\\/\",\"url\":\"https:\\\/\\\/foliobooks.pl\\\/en\\\/shop\\\/classic-cars-from-the-early-1900s-to-the-late-1960s\\\/\",\"name\":\"Classic Cars. From the early 1900S to the late 1960S (Sebastiano Salvetti) - book \\\/ album - Folio\",\"isPartOf\":{\"@id\":\"https:\\\/\\\/foliobooks.pl\\\/en\\\/#website\"},\"primaryImageOfPage\":{\"@id\":\"https:\\\/\\\/foliobooks.pl\\\/en\\\/shop\\\/classic-cars-from-the-early-1900s-to-the-late-1960s\\\/#primaryimage\"},\"image\":{\"@id\":\"https:\\\/\\\/foliobooks.pl\\\/en\\\/shop\\\/classic-cars-from-the-early-1900s-to-the-late-1960s\\\/#primaryimage\"},\"thumbnailUrl\":\"https:\\\/\\\/foliobooks.pl\\\/wp-content\\\/uploads\\\/2025\\\/07\\\/9788854421271.png\",\"datePublished\":\"2025-07-24T15:11:39+00:00\",\"dateModified\":\"2025-07-24T15:37:52+00:00\",\"description\":\"Wejd\u017a i kup ksi\u0105\u017ck\u0119 Classic Cars. From the early 1900S to the late 1960S autorstwa Sebastiano Salvetti wydan\u0105 przez White Star (2025-05-05) w formacie 22 x 25,3 cm (ISBN: 9788854421271). Zapraszamy!\",\"breadcrumb\":{\"@id\":\"https:\\\/\\\/foliobooks.pl\\\/en\\\/shop\\\/classic-cars-from-the-early-1900s-to-the-late-1960s\\\/#breadcrumb\"},\"inLanguage\":\"en-US\",\"potentialAction\":[{\"@type\":\"ReadAction\",\"target\":[\"https:\\\/\\\/foliobooks.pl\\\/en\\\/shop\\\/classic-cars-from-the-early-1900s-to-the-late-1960s\\\/\"]}]},{\"@type\":\"ImageObject\",\"inLanguage\":\"en-US\",\"@id\":\"https:\\\/\\\/foliobooks.pl\\\/en\\\/shop\\\/classic-cars-from-the-early-1900s-to-the-late-1960s\\\/#primaryimage\",\"url\":\"https:\\\/\\\/foliobooks.pl\\\/wp-content\\\/uploads\\\/2025\\\/07\\\/9788854421271.png\",\"contentUrl\":\"https:\\\/\\\/foliobooks.pl\\\/wp-content\\\/uploads\\\/2025\\\/07\\\/9788854421271.png\",\"width\":570,\"height\":708},{\"@type\":\"BreadcrumbList\",\"@id\":\"https:\\\/\\\/foliobooks.pl\\\/en\\\/shop\\\/classic-cars-from-the-early-1900s-to-the-late-1960s\\\/#breadcrumb\",\"itemListElement\":[{\"@type\":\"ListItem\",\"position\":1,\"name\":\"Strona g\u0142\u00f3wna\",\"item\":\"https:\\\/\\\/foliobooks.pl\\\/en\\\/\"},{\"@type\":\"ListItem\",\"position\":2,\"name\":\"Shop\",\"item\":\"https:\\\/\\\/foliobooks.pl\\\/en\\\/shop\\\/\"},{\"@type\":\"ListItem\",\"position\":3,\"name\":\"Classic Cars. From the early 1900S to the late 1960S\"}]},{\"@type\":\"WebSite\",\"@id\":\"https:\\\/\\\/foliobooks.pl\\\/en\\\/#website\",\"url\":\"https:\\\/\\\/foliobooks.pl\\\/en\\\/\",\"name\":\"Folio\",\"description\":\"Ksi\u0119garnia internetowa\",\"potentialAction\":[{\"@type\":\"SearchAction\",\"target\":{\"@type\":\"EntryPoint\",\"urlTemplate\":\"https:\\\/\\\/foliobooks.pl\\\/en\\\/?s={search_term_string}\"},\"query-input\":{\"@type\":\"PropertyValueSpecification\",\"valueRequired\":true,\"valueName\":\"search_term_string\"}}],\"inLanguage\":\"en-US\"}]}<\/script>\n<!-- \/ Yoast SEO plugin. -->","yoast_head_json":{"title":"Classic Cars. From the early 1900S to the late 1960S (Sebastiano Salvetti) - book \/ album - Folio","description":"Wejd\u017a i kup ksi\u0105\u017ck\u0119 Classic Cars. From the early 1900S to the late 1960S autorstwa Sebastiano Salvetti wydan\u0105 przez White Star (2025-05-05) w formacie 22 x 25,3 cm (ISBN: 9788854421271). Zapraszamy!","robots":{"index":"index","follow":"follow","max-snippet":"max-snippet:-1","max-image-preview":"max-image-preview:large","max-video-preview":"max-video-preview:-1"},"canonical":"https:\/\/foliobooks.pl\/en\/shop\/classic-cars-from-the-early-1900s-to-the-late-1960s\/","og_locale":"en_US","og_type":"article","og_title":"Classic Cars. From the early 1900S to the late 1960S (Sebastiano Salvetti) - book \/ album - Folio","og_description":"Wejd\u017a i kup ksi\u0105\u017ck\u0119 Classic Cars. From the early 1900S to the late 1960S autorstwa Sebastiano Salvetti wydan\u0105 przez White Star (2025-05-05) w formacie 22 x 25,3 cm (ISBN: 9788854421271). Zapraszamy!","og_url":"https:\/\/foliobooks.pl\/en\/shop\/classic-cars-from-the-early-1900s-to-the-late-1960s\/","og_site_name":"Folio","article_modified_time":"2025-07-24T15:37:52+00:00","og_image":[{"width":570,"height":708,"url":"https:\/\/foliobooks.pl\/wp-content\/uploads\/2025\/07\/9788854421271.png","type":"image\/png"}],"twitter_card":"summary_large_image","twitter_misc":{"Est. reading time":"2 minutes"},"schema":{"@context":"https:\/\/schema.org","@graph":[{"@type":"WebPage","@id":"https:\/\/foliobooks.pl\/en\/shop\/classic-cars-from-the-early-1900s-to-the-late-1960s\/","url":"https:\/\/foliobooks.pl\/en\/shop\/classic-cars-from-the-early-1900s-to-the-late-1960s\/","name":"Classic Cars. From the early 1900S to the late 1960S (Sebastiano Salvetti) - book \/ album - Folio","isPartOf":{"@id":"https:\/\/foliobooks.pl\/en\/#website"},"primaryImageOfPage":{"@id":"https:\/\/foliobooks.pl\/en\/shop\/classic-cars-from-the-early-1900s-to-the-late-1960s\/#primaryimage"},"image":{"@id":"https:\/\/foliobooks.pl\/en\/shop\/classic-cars-from-the-early-1900s-to-the-late-1960s\/#primaryimage"},"thumbnailUrl":"https:\/\/foliobooks.pl\/wp-content\/uploads\/2025\/07\/9788854421271.png","datePublished":"2025-07-24T15:11:39+00:00","dateModified":"2025-07-24T15:37:52+00:00","description":"Wejd\u017a i kup ksi\u0105\u017ck\u0119 Classic Cars. From the early 1900S to the late 1960S autorstwa Sebastiano Salvetti wydan\u0105 przez White Star (2025-05-05) w formacie 22 x 25,3 cm (ISBN: 9788854421271). Zapraszamy!","breadcrumb":{"@id":"https:\/\/foliobooks.pl\/en\/shop\/classic-cars-from-the-early-1900s-to-the-late-1960s\/#breadcrumb"},"inLanguage":"en-US","potentialAction":[{"@type":"ReadAction","target":["https:\/\/foliobooks.pl\/en\/shop\/classic-cars-from-the-early-1900s-to-the-late-1960s\/"]}]},{"@type":"ImageObject","inLanguage":"en-US","@id":"https:\/\/foliobooks.pl\/en\/shop\/classic-cars-from-the-early-1900s-to-the-late-1960s\/#primaryimage","url":"https:\/\/foliobooks.pl\/wp-content\/uploads\/2025\/07\/9788854421271.png","contentUrl":"https:\/\/foliobooks.pl\/wp-content\/uploads\/2025\/07\/9788854421271.png","width":570,"height":708},{"@type":"BreadcrumbList","@id":"https:\/\/foliobooks.pl\/en\/shop\/classic-cars-from-the-early-1900s-to-the-late-1960s\/#breadcrumb","itemListElement":[{"@type":"ListItem","position":1,"name":"Strona g\u0142\u00f3wna","item":"https:\/\/foliobooks.pl\/en\/"},{"@type":"ListItem","position":2,"name":"Shop","item":"https:\/\/foliobooks.pl\/en\/shop\/"},{"@type":"ListItem","position":3,"name":"Classic Cars. From the early 1900S to the late 1960S"}]},{"@type":"WebSite","@id":"https:\/\/foliobooks.pl\/en\/#website","url":"https:\/\/foliobooks.pl\/en\/","name":"Folio","description":"Ksi\u0119garnia internetowa","potentialAction":[{"@type":"SearchAction","target":{"@type":"EntryPoint","urlTemplate":"https:\/\/foliobooks.pl\/en\/?s={search_term_string}"},"query-input":{"@type":"PropertyValueSpecification","valueRequired":true,"valueName":"search_term_string"}}],"inLanguage":"en-US"}]}},"_links":{"self":[{"href":"https:\/\/foliobooks.pl\/en\/wp-json\/wp\/v2\/product\/107142","targetHints":{"allow":["GET"]}}],"collection":[{"href":"https:\/\/foliobooks.pl\/en\/wp-json\/wp\/v2\/product"}],"about":[{"href":"https:\/\/foliobooks.pl\/en\/wp-json\/wp\/v2\/types\/product"}],"replies":[{"embeddable":true,"href":"https:\/\/foliobooks.pl\/en\/wp-json\/wp\/v2\/comments?post=107142"}],"wp:featuredmedia":[{"embeddable":true,"href":"https:\/\/foliobooks.pl\/en\/wp-json\/wp\/v2\/media\/107135"}],"wp:attachment":[{"href":"https:\/\/foliobooks.pl\/en\/wp-json\/wp\/v2\/media?parent=107142"}],"wp:term":[{"taxonomy":"product_brand","embeddable":true,"href":"https:\/\/foliobooks.pl\/en\/wp-json\/wp\/v2\/product_brand?post=107142"},{"taxonomy":"product_cat","embeddable":true,"href":"https:\/\/foliobooks.pl\/en\/wp-json\/wp\/v2\/product_cat?post=107142"},{"taxonomy":"product_tag","embeddable":true,"href":"https:\/\/foliobooks.pl\/en\/wp-json\/wp\/v2\/product_tag?post=107142"}],"curies":[{"name":"wp","href":"https:\/\/api.w.org\/{rel}","templated":true}]}}