{"id":107090,"date":"2025-07-24T14:11:26","date_gmt":"2025-07-24T12:11:26","guid":{"rendered":"https:\/\/foliobooks.pl\/sklep\/the-history-of-graphic-design-45th-ed\/"},"modified":"2026-04-16T16:25:35","modified_gmt":"2026-04-16T14:25:35","slug":"the-history-of-graphic-design-45th-ed","status":"publish","type":"product","link":"https:\/\/foliobooks.pl\/en\/shop\/the-history-of-graphic-design-45th-ed\/","title":{"rendered":"The History of Graphic Design. 45th Ed."},"content":{"rendered":"<p>A Visual History of Graphic Design<\/p>\n<p>A comprehensive look at hundreds of graphic works<\/p>\n<p>Through the turbulent passage of time, graphic design\u2014with its vivid, neat synthesis of image and idea\u2014has distilled the spirit of each age. Surrounding us every minute of every day, from minimalist packaging to colorful adverts, smart environmental graphics to sleek interfaces: graphic design is as much about transmitting information as it is about reflecting society\u2019s cultural aspirations and values.<\/p>\n<p>With his sweeping knowledge of the field, author Jens M\u00fcller curates the standout designs for each year, a running sequence of design milestones. This collection of important graphic works represents a long-overdue reflection on the development of a creative field constantly changing and challenging itself. These key pieces act as coordinates through contemporary history, helping us trace the sheer influence of graphic design on our daily lives.<\/p>\n","protected":false},"excerpt":{"rendered":"<p>A Visual History of Graphic Design A comprehensive look at hundreds of graphic works Through the turbulent passage of time, graphic design\u2014with its vivid, neat synthesis of image and idea\u2014has distilled the spirit of each age. Surrounding us every minute of every day, from minimalist packaging to colorful adverts, smart environmental graphics to sleek interfaces:&#8230;<\/p>\n","protected":false},"featured_media":107075,"comment_status":"closed","ping_status":"closed","template":"","meta":[],"product_brand":[],"product_cat":[13533,4523,4525],"product_tag":[4524,2253],"class_list":{"0":"post-107090","1":"product","2":"type-product","3":"status-publish","4":"has-post-thumbnail","6":"product_cat-books","7":"product_cat-design-en-en","8":"product_cat-graphic-design","9":"product_tag-design-en-en","10":"product_tag-graphics","11":"pa_author_att-jens-muller-julius-wiedemann-en","12":"pa_cover-hardcover","13":"pa_format-156-x-217-cm-en","14":"pa_isbn-9783836588065-en","15":"pa_language-eng-f-ger","16":"pa_pages-512-en","17":"pa_published-2022-02-28-en","18":"pa_publisher-taschen-en-en","20":"first","21":"outofstock","22":"sold-individually","23":"shipping-taxable","24":"purchasable","25":"product-type-simple"},"yoast_head":"<!-- This site is optimized with the Yoast SEO plugin v27.4 - https:\/\/yoast.com\/product\/yoast-seo-wordpress\/ -->\n<title>The History of Graphic Design. 45th Ed. (Jens M\u00fcller, Julius Wiedemann) - book \/ album - Folio<\/title>\n<meta name=\"description\" content=\"Wejd\u017a i kup ksi\u0105\u017ck\u0119 The History of Graphic Design. 45th Ed. autorstwa Jens M\u00fcller, Julius Wiedemann wydan\u0105 przez TASCHEN (2022-02-28) w formacie 15,6 x 21,7 cm (ISBN: 9783836588065). Zapraszamy!\" \/>\n<meta name=\"robots\" content=\"index, follow, max-snippet:-1, max-image-preview:large, max-video-preview:-1\" \/>\n<link rel=\"canonical\" href=\"https:\/\/foliobooks.pl\/en\/shop\/the-history-of-graphic-design-45th-ed\/\" \/>\n<meta property=\"og:locale\" content=\"en_US\" \/>\n<meta property=\"og:type\" content=\"article\" \/>\n<meta property=\"og:title\" content=\"The History of Graphic Design. 45th Ed. (Jens M\u00fcller, Julius Wiedemann) - book \/ album - Folio\" \/>\n<meta property=\"og:description\" content=\"Wejd\u017a i kup ksi\u0105\u017ck\u0119 The History of Graphic Design. 45th Ed. autorstwa Jens M\u00fcller, Julius Wiedemann wydan\u0105 przez TASCHEN (2022-02-28) w formacie 15,6 x 21,7 cm (ISBN: 9783836588065). Zapraszamy!\" \/>\n<meta property=\"og:url\" content=\"https:\/\/foliobooks.pl\/en\/shop\/the-history-of-graphic-design-45th-ed\/\" \/>\n<meta property=\"og:site_name\" content=\"Folio\" \/>\n<meta property=\"article:modified_time\" content=\"2026-04-16T14:25:35+00:00\" \/>\n<meta property=\"og:image\" content=\"https:\/\/foliobooks.pl\/wp-content\/uploads\/2025\/07\/9783836588065.png\" \/>\n\t<meta property=\"og:image:width\" content=\"570\" \/>\n\t<meta property=\"og:image:height\" content=\"708\" \/>\n\t<meta property=\"og:image:type\" content=\"image\/png\" \/>\n<meta name=\"twitter:card\" content=\"summary_large_image\" \/>\n<meta name=\"twitter:label1\" content=\"Est. reading time\" \/>\n\t<meta name=\"twitter:data1\" content=\"2 minutes\" \/>\n<script type=\"application\/ld+json\" class=\"yoast-schema-graph\">{\"@context\":\"https:\\\/\\\/schema.org\",\"@graph\":[{\"@type\":\"WebPage\",\"@id\":\"https:\\\/\\\/foliobooks.pl\\\/en\\\/shop\\\/the-history-of-graphic-design-45th-ed\\\/\",\"url\":\"https:\\\/\\\/foliobooks.pl\\\/en\\\/shop\\\/the-history-of-graphic-design-45th-ed\\\/\",\"name\":\"The History of Graphic Design. 45th Ed. (Jens M\u00fcller, Julius Wiedemann) - book \\\/ album - Folio\",\"isPartOf\":{\"@id\":\"https:\\\/\\\/foliobooks.pl\\\/en\\\/#website\"},\"primaryImageOfPage\":{\"@id\":\"https:\\\/\\\/foliobooks.pl\\\/en\\\/shop\\\/the-history-of-graphic-design-45th-ed\\\/#primaryimage\"},\"image\":{\"@id\":\"https:\\\/\\\/foliobooks.pl\\\/en\\\/shop\\\/the-history-of-graphic-design-45th-ed\\\/#primaryimage\"},\"thumbnailUrl\":\"https:\\\/\\\/foliobooks.pl\\\/wp-content\\\/uploads\\\/2025\\\/07\\\/9783836588065.png\",\"datePublished\":\"2025-07-24T12:11:26+00:00\",\"dateModified\":\"2026-04-16T14:25:35+00:00\",\"description\":\"Wejd\u017a i kup ksi\u0105\u017ck\u0119 The History of Graphic Design. 45th Ed. autorstwa Jens M\u00fcller, Julius Wiedemann wydan\u0105 przez TASCHEN (2022-02-28) w formacie 15,6 x 21,7 cm (ISBN: 9783836588065). Zapraszamy!\",\"breadcrumb\":{\"@id\":\"https:\\\/\\\/foliobooks.pl\\\/en\\\/shop\\\/the-history-of-graphic-design-45th-ed\\\/#breadcrumb\"},\"inLanguage\":\"en-US\",\"potentialAction\":[{\"@type\":\"ReadAction\",\"target\":[\"https:\\\/\\\/foliobooks.pl\\\/en\\\/shop\\\/the-history-of-graphic-design-45th-ed\\\/\"]}]},{\"@type\":\"ImageObject\",\"inLanguage\":\"en-US\",\"@id\":\"https:\\\/\\\/foliobooks.pl\\\/en\\\/shop\\\/the-history-of-graphic-design-45th-ed\\\/#primaryimage\",\"url\":\"https:\\\/\\\/foliobooks.pl\\\/wp-content\\\/uploads\\\/2025\\\/07\\\/9783836588065.png\",\"contentUrl\":\"https:\\\/\\\/foliobooks.pl\\\/wp-content\\\/uploads\\\/2025\\\/07\\\/9783836588065.png\",\"width\":570,\"height\":708},{\"@type\":\"BreadcrumbList\",\"@id\":\"https:\\\/\\\/foliobooks.pl\\\/en\\\/shop\\\/the-history-of-graphic-design-45th-ed\\\/#breadcrumb\",\"itemListElement\":[{\"@type\":\"ListItem\",\"position\":1,\"name\":\"Strona g\u0142\u00f3wna\",\"item\":\"https:\\\/\\\/foliobooks.pl\\\/en\\\/\"},{\"@type\":\"ListItem\",\"position\":2,\"name\":\"Shop\",\"item\":\"https:\\\/\\\/foliobooks.pl\\\/en\\\/shop\\\/\"},{\"@type\":\"ListItem\",\"position\":3,\"name\":\"The History of Graphic Design. 45th Ed.\"}]},{\"@type\":\"WebSite\",\"@id\":\"https:\\\/\\\/foliobooks.pl\\\/en\\\/#website\",\"url\":\"https:\\\/\\\/foliobooks.pl\\\/en\\\/\",\"name\":\"Folio\",\"description\":\"Ksi\u0119garnia internetowa\",\"potentialAction\":[{\"@type\":\"SearchAction\",\"target\":{\"@type\":\"EntryPoint\",\"urlTemplate\":\"https:\\\/\\\/foliobooks.pl\\\/en\\\/?s={search_term_string}\"},\"query-input\":{\"@type\":\"PropertyValueSpecification\",\"valueRequired\":true,\"valueName\":\"search_term_string\"}}],\"inLanguage\":\"en-US\"}]}<\/script>\n<!-- \/ Yoast SEO plugin. -->","yoast_head_json":{"title":"The History of Graphic Design. 45th Ed. (Jens M\u00fcller, Julius Wiedemann) - book \/ album - Folio","description":"Wejd\u017a i kup ksi\u0105\u017ck\u0119 The History of Graphic Design. 45th Ed. autorstwa Jens M\u00fcller, Julius Wiedemann wydan\u0105 przez TASCHEN (2022-02-28) w formacie 15,6 x 21,7 cm (ISBN: 9783836588065). Zapraszamy!","robots":{"index":"index","follow":"follow","max-snippet":"max-snippet:-1","max-image-preview":"max-image-preview:large","max-video-preview":"max-video-preview:-1"},"canonical":"https:\/\/foliobooks.pl\/en\/shop\/the-history-of-graphic-design-45th-ed\/","og_locale":"en_US","og_type":"article","og_title":"The History of Graphic Design. 45th Ed. (Jens M\u00fcller, Julius Wiedemann) - book \/ album - Folio","og_description":"Wejd\u017a i kup ksi\u0105\u017ck\u0119 The History of Graphic Design. 45th Ed. autorstwa Jens M\u00fcller, Julius Wiedemann wydan\u0105 przez TASCHEN (2022-02-28) w formacie 15,6 x 21,7 cm (ISBN: 9783836588065). Zapraszamy!","og_url":"https:\/\/foliobooks.pl\/en\/shop\/the-history-of-graphic-design-45th-ed\/","og_site_name":"Folio","article_modified_time":"2026-04-16T14:25:35+00:00","og_image":[{"width":570,"height":708,"url":"https:\/\/foliobooks.pl\/wp-content\/uploads\/2025\/07\/9783836588065.png","type":"image\/png"}],"twitter_card":"summary_large_image","twitter_misc":{"Est. reading time":"2 minutes"},"schema":{"@context":"https:\/\/schema.org","@graph":[{"@type":"WebPage","@id":"https:\/\/foliobooks.pl\/en\/shop\/the-history-of-graphic-design-45th-ed\/","url":"https:\/\/foliobooks.pl\/en\/shop\/the-history-of-graphic-design-45th-ed\/","name":"The History of Graphic Design. 45th Ed. (Jens M\u00fcller, Julius Wiedemann) - book \/ album - Folio","isPartOf":{"@id":"https:\/\/foliobooks.pl\/en\/#website"},"primaryImageOfPage":{"@id":"https:\/\/foliobooks.pl\/en\/shop\/the-history-of-graphic-design-45th-ed\/#primaryimage"},"image":{"@id":"https:\/\/foliobooks.pl\/en\/shop\/the-history-of-graphic-design-45th-ed\/#primaryimage"},"thumbnailUrl":"https:\/\/foliobooks.pl\/wp-content\/uploads\/2025\/07\/9783836588065.png","datePublished":"2025-07-24T12:11:26+00:00","dateModified":"2026-04-16T14:25:35+00:00","description":"Wejd\u017a i kup ksi\u0105\u017ck\u0119 The History of Graphic Design. 45th Ed. autorstwa Jens M\u00fcller, Julius Wiedemann wydan\u0105 przez TASCHEN (2022-02-28) w formacie 15,6 x 21,7 cm (ISBN: 9783836588065). Zapraszamy!","breadcrumb":{"@id":"https:\/\/foliobooks.pl\/en\/shop\/the-history-of-graphic-design-45th-ed\/#breadcrumb"},"inLanguage":"en-US","potentialAction":[{"@type":"ReadAction","target":["https:\/\/foliobooks.pl\/en\/shop\/the-history-of-graphic-design-45th-ed\/"]}]},{"@type":"ImageObject","inLanguage":"en-US","@id":"https:\/\/foliobooks.pl\/en\/shop\/the-history-of-graphic-design-45th-ed\/#primaryimage","url":"https:\/\/foliobooks.pl\/wp-content\/uploads\/2025\/07\/9783836588065.png","contentUrl":"https:\/\/foliobooks.pl\/wp-content\/uploads\/2025\/07\/9783836588065.png","width":570,"height":708},{"@type":"BreadcrumbList","@id":"https:\/\/foliobooks.pl\/en\/shop\/the-history-of-graphic-design-45th-ed\/#breadcrumb","itemListElement":[{"@type":"ListItem","position":1,"name":"Strona g\u0142\u00f3wna","item":"https:\/\/foliobooks.pl\/en\/"},{"@type":"ListItem","position":2,"name":"Shop","item":"https:\/\/foliobooks.pl\/en\/shop\/"},{"@type":"ListItem","position":3,"name":"The History of Graphic Design. 45th Ed."}]},{"@type":"WebSite","@id":"https:\/\/foliobooks.pl\/en\/#website","url":"https:\/\/foliobooks.pl\/en\/","name":"Folio","description":"Ksi\u0119garnia internetowa","potentialAction":[{"@type":"SearchAction","target":{"@type":"EntryPoint","urlTemplate":"https:\/\/foliobooks.pl\/en\/?s={search_term_string}"},"query-input":{"@type":"PropertyValueSpecification","valueRequired":true,"valueName":"search_term_string"}}],"inLanguage":"en-US"}]}},"_links":{"self":[{"href":"https:\/\/foliobooks.pl\/en\/wp-json\/wp\/v2\/product\/107090","targetHints":{"allow":["GET"]}}],"collection":[{"href":"https:\/\/foliobooks.pl\/en\/wp-json\/wp\/v2\/product"}],"about":[{"href":"https:\/\/foliobooks.pl\/en\/wp-json\/wp\/v2\/types\/product"}],"replies":[{"embeddable":true,"href":"https:\/\/foliobooks.pl\/en\/wp-json\/wp\/v2\/comments?post=107090"}],"wp:featuredmedia":[{"embeddable":true,"href":"https:\/\/foliobooks.pl\/en\/wp-json\/wp\/v2\/media\/107075"}],"wp:attachment":[{"href":"https:\/\/foliobooks.pl\/en\/wp-json\/wp\/v2\/media?parent=107090"}],"wp:term":[{"taxonomy":"product_brand","embeddable":true,"href":"https:\/\/foliobooks.pl\/en\/wp-json\/wp\/v2\/product_brand?post=107090"},{"taxonomy":"product_cat","embeddable":true,"href":"https:\/\/foliobooks.pl\/en\/wp-json\/wp\/v2\/product_cat?post=107090"},{"taxonomy":"product_tag","embeddable":true,"href":"https:\/\/foliobooks.pl\/en\/wp-json\/wp\/v2\/product_tag?post=107090"}],"curies":[{"name":"wp","href":"https:\/\/api.w.org\/{rel}","templated":true}]}}