{"id":107037,"date":"2025-07-24T12:57:59","date_gmt":"2025-07-24T10:57:59","guid":{"rendered":"https:\/\/foliobooks.pl\/sklep\/75-years-of-atlantic-records\/"},"modified":"2025-07-24T12:57:59","modified_gmt":"2025-07-24T10:57:59","slug":"75-years-of-atlantic-records","status":"publish","type":"product","link":"https:\/\/foliobooks.pl\/en\/shop\/75-years-of-atlantic-records\/","title":{"rendered":"75 Years of Atlantic Records"},"content":{"rendered":"<p>Dive into Atlantic<\/p>\n<p>Rock, pop and soul icons play to the camera<\/p>\n<p>In 1947, when Ahmet Ertegun and two fellow music fans started Atlantic Records in New York City, they never could have known that their passion for discovering artists and making records would shape 75 years of popular culture. The reason for such tremendous global success is simple: Atlantic is a groundbreaking industry model that embraced and championed a wide range of genres: Black music like R&amp;B, soul, jazz, and hip-hop, as well as rock, pop, dance, and more.<\/p>\n<p>75 Years of Atlantic Records is the official and definitive photographic history of this legendary record label; four years in the making, and featuring images from Atlantic\u2019s extensive archives, many of them published here for the first time. Check out soul pioneers like Aretha Franklin and Ray Charles; jazz innovators like John Coltrane and Charles Mingus; era-defining pop acts like the Bee Gees and ABBA; rock legends like Led Zeppelin and the Rolling Stones; trailblazing singers like Roberta Flack, and Stevie Nicks, and today\u2019s stars like Ed Sheeran and Charli xcx. Presented in formal portraits, live performance shots, decisive moments in the studio, and intimate glimpses behind the scenes are captured by some of the world\u2019s greatest photographers, including Annie Leibovitz, Jim Marshall, Lee Friedlander, Walter Iooss Jr., Anton Corbijn, Chuck Stewart, Albert Watson and David LaChapelle.<\/p>\n<p>Fascinating captions by Richie Unterberger and Herb Powell provide context while award-winning writers David Ritz, Ben Ratliff, Elizabeth Nelson, Barney Hoskyns and others examine the label\u2019s various genres, alongside a timeline and profiles of the label\u2019s pioneers. A foreword by Bruno Mars declares that Atlantic revolutionized how records were made and heard. Now this story has been fully and beautifully documented\u2014a must-have for music lovers.<\/p>\n","protected":false},"excerpt":{"rendered":"<p>Dive into Atlantic Rock, pop and soul icons play to the camera In 1947, when Ahmet Ertegun and two fellow music fans started Atlantic Records in New York City, they never could have known that their passion for discovering artists and making records would shape 75 years of popular culture. The reason for such tremendous&#8230;<\/p>\n","protected":false},"featured_media":107022,"comment_status":"closed","ping_status":"closed","template":"","meta":[],"product_brand":[],"product_cat":[13533,4517],"product_tag":[6121],"class_list":{"0":"post-107037","1":"product","2":"type-product","3":"status-publish","4":"has-post-thumbnail","6":"product_cat-books","7":"product_cat-photography-en","8":"product_tag-photography","9":"pa_cover-hardcover-slipcase","10":"pa_format-33-x-33-cm-en","11":"pa_isbn-9783836592055-en","12":"pa_language-eng","13":"pa_pages-462-en","14":"pa_published-2025-04-30-en","15":"pa_publisher-taschen-en-en","17":"first","18":"instock","19":"sold-individually","20":"shipping-taxable","21":"purchasable","22":"product-type-simple"},"yoast_head":"<!-- This site is optimized with the Yoast SEO plugin v27.4 - https:\/\/yoast.com\/product\/yoast-seo-wordpress\/ -->\n<title>75 Years of Atlantic Records () - book \/ album - Folio<\/title>\n<meta name=\"description\" content=\"Wejd\u017a i kup ksi\u0105\u017ck\u0119 75 Years of Atlantic Records autorstwa wydan\u0105 przez TASCHEN (2025-04-30) w formacie 33 x 33 cm (ISBN: 9783836592055). Zapraszamy!\" \/>\n<meta name=\"robots\" content=\"index, follow, max-snippet:-1, max-image-preview:large, max-video-preview:-1\" \/>\n<link rel=\"canonical\" href=\"https:\/\/foliobooks.pl\/en\/shop\/75-years-of-atlantic-records\/\" \/>\n<meta property=\"og:locale\" content=\"en_US\" \/>\n<meta property=\"og:type\" content=\"article\" \/>\n<meta property=\"og:title\" content=\"75 Years of Atlantic Records () - book \/ album - Folio\" \/>\n<meta property=\"og:description\" content=\"Wejd\u017a i kup ksi\u0105\u017ck\u0119 75 Years of Atlantic Records autorstwa wydan\u0105 przez TASCHEN (2025-04-30) w formacie 33 x 33 cm (ISBN: 9783836592055). Zapraszamy!\" \/>\n<meta property=\"og:url\" content=\"https:\/\/foliobooks.pl\/en\/shop\/75-years-of-atlantic-records\/\" \/>\n<meta property=\"og:site_name\" content=\"Folio\" \/>\n<meta property=\"og:image\" content=\"https:\/\/foliobooks.pl\/wp-content\/uploads\/2025\/07\/9783836592055.png\" \/>\n\t<meta property=\"og:image:width\" content=\"570\" \/>\n\t<meta property=\"og:image:height\" content=\"708\" \/>\n\t<meta property=\"og:image:type\" content=\"image\/png\" \/>\n<meta name=\"twitter:card\" content=\"summary_large_image\" \/>\n<meta name=\"twitter:label1\" content=\"Est. reading time\" \/>\n\t<meta name=\"twitter:data1\" content=\"2 minutes\" \/>\n<script type=\"application\/ld+json\" class=\"yoast-schema-graph\">{\"@context\":\"https:\\\/\\\/schema.org\",\"@graph\":[{\"@type\":\"WebPage\",\"@id\":\"https:\\\/\\\/foliobooks.pl\\\/en\\\/shop\\\/75-years-of-atlantic-records\\\/\",\"url\":\"https:\\\/\\\/foliobooks.pl\\\/en\\\/shop\\\/75-years-of-atlantic-records\\\/\",\"name\":\"75 Years of Atlantic Records () - book \\\/ album - Folio\",\"isPartOf\":{\"@id\":\"https:\\\/\\\/foliobooks.pl\\\/en\\\/#website\"},\"primaryImageOfPage\":{\"@id\":\"https:\\\/\\\/foliobooks.pl\\\/en\\\/shop\\\/75-years-of-atlantic-records\\\/#primaryimage\"},\"image\":{\"@id\":\"https:\\\/\\\/foliobooks.pl\\\/en\\\/shop\\\/75-years-of-atlantic-records\\\/#primaryimage\"},\"thumbnailUrl\":\"https:\\\/\\\/foliobooks.pl\\\/wp-content\\\/uploads\\\/2025\\\/07\\\/9783836592055.png\",\"datePublished\":\"2025-07-24T10:57:59+00:00\",\"description\":\"Wejd\u017a i kup ksi\u0105\u017ck\u0119 75 Years of Atlantic Records autorstwa wydan\u0105 przez TASCHEN (2025-04-30) w formacie 33 x 33 cm (ISBN: 9783836592055). Zapraszamy!\",\"breadcrumb\":{\"@id\":\"https:\\\/\\\/foliobooks.pl\\\/en\\\/shop\\\/75-years-of-atlantic-records\\\/#breadcrumb\"},\"inLanguage\":\"en-US\",\"potentialAction\":[{\"@type\":\"ReadAction\",\"target\":[\"https:\\\/\\\/foliobooks.pl\\\/en\\\/shop\\\/75-years-of-atlantic-records\\\/\"]}]},{\"@type\":\"ImageObject\",\"inLanguage\":\"en-US\",\"@id\":\"https:\\\/\\\/foliobooks.pl\\\/en\\\/shop\\\/75-years-of-atlantic-records\\\/#primaryimage\",\"url\":\"https:\\\/\\\/foliobooks.pl\\\/wp-content\\\/uploads\\\/2025\\\/07\\\/9783836592055.png\",\"contentUrl\":\"https:\\\/\\\/foliobooks.pl\\\/wp-content\\\/uploads\\\/2025\\\/07\\\/9783836592055.png\",\"width\":570,\"height\":708},{\"@type\":\"BreadcrumbList\",\"@id\":\"https:\\\/\\\/foliobooks.pl\\\/en\\\/shop\\\/75-years-of-atlantic-records\\\/#breadcrumb\",\"itemListElement\":[{\"@type\":\"ListItem\",\"position\":1,\"name\":\"Strona g\u0142\u00f3wna\",\"item\":\"https:\\\/\\\/foliobooks.pl\\\/en\\\/\"},{\"@type\":\"ListItem\",\"position\":2,\"name\":\"Shop\",\"item\":\"https:\\\/\\\/foliobooks.pl\\\/en\\\/shop\\\/\"},{\"@type\":\"ListItem\",\"position\":3,\"name\":\"75 Years of Atlantic Records\"}]},{\"@type\":\"WebSite\",\"@id\":\"https:\\\/\\\/foliobooks.pl\\\/en\\\/#website\",\"url\":\"https:\\\/\\\/foliobooks.pl\\\/en\\\/\",\"name\":\"Folio\",\"description\":\"Ksi\u0119garnia internetowa\",\"potentialAction\":[{\"@type\":\"SearchAction\",\"target\":{\"@type\":\"EntryPoint\",\"urlTemplate\":\"https:\\\/\\\/foliobooks.pl\\\/en\\\/?s={search_term_string}\"},\"query-input\":{\"@type\":\"PropertyValueSpecification\",\"valueRequired\":true,\"valueName\":\"search_term_string\"}}],\"inLanguage\":\"en-US\"}]}<\/script>\n<!-- \/ Yoast SEO plugin. -->","yoast_head_json":{"title":"75 Years of Atlantic Records () - book \/ album - Folio","description":"Wejd\u017a i kup ksi\u0105\u017ck\u0119 75 Years of Atlantic Records autorstwa wydan\u0105 przez TASCHEN (2025-04-30) w formacie 33 x 33 cm (ISBN: 9783836592055). Zapraszamy!","robots":{"index":"index","follow":"follow","max-snippet":"max-snippet:-1","max-image-preview":"max-image-preview:large","max-video-preview":"max-video-preview:-1"},"canonical":"https:\/\/foliobooks.pl\/en\/shop\/75-years-of-atlantic-records\/","og_locale":"en_US","og_type":"article","og_title":"75 Years of Atlantic Records () - book \/ album - Folio","og_description":"Wejd\u017a i kup ksi\u0105\u017ck\u0119 75 Years of Atlantic Records autorstwa wydan\u0105 przez TASCHEN (2025-04-30) w formacie 33 x 33 cm (ISBN: 9783836592055). Zapraszamy!","og_url":"https:\/\/foliobooks.pl\/en\/shop\/75-years-of-atlantic-records\/","og_site_name":"Folio","og_image":[{"width":570,"height":708,"url":"https:\/\/foliobooks.pl\/wp-content\/uploads\/2025\/07\/9783836592055.png","type":"image\/png"}],"twitter_card":"summary_large_image","twitter_misc":{"Est. reading time":"2 minutes"},"schema":{"@context":"https:\/\/schema.org","@graph":[{"@type":"WebPage","@id":"https:\/\/foliobooks.pl\/en\/shop\/75-years-of-atlantic-records\/","url":"https:\/\/foliobooks.pl\/en\/shop\/75-years-of-atlantic-records\/","name":"75 Years of Atlantic Records () - book \/ album - Folio","isPartOf":{"@id":"https:\/\/foliobooks.pl\/en\/#website"},"primaryImageOfPage":{"@id":"https:\/\/foliobooks.pl\/en\/shop\/75-years-of-atlantic-records\/#primaryimage"},"image":{"@id":"https:\/\/foliobooks.pl\/en\/shop\/75-years-of-atlantic-records\/#primaryimage"},"thumbnailUrl":"https:\/\/foliobooks.pl\/wp-content\/uploads\/2025\/07\/9783836592055.png","datePublished":"2025-07-24T10:57:59+00:00","description":"Wejd\u017a i kup ksi\u0105\u017ck\u0119 75 Years of Atlantic Records autorstwa wydan\u0105 przez TASCHEN (2025-04-30) w formacie 33 x 33 cm (ISBN: 9783836592055). Zapraszamy!","breadcrumb":{"@id":"https:\/\/foliobooks.pl\/en\/shop\/75-years-of-atlantic-records\/#breadcrumb"},"inLanguage":"en-US","potentialAction":[{"@type":"ReadAction","target":["https:\/\/foliobooks.pl\/en\/shop\/75-years-of-atlantic-records\/"]}]},{"@type":"ImageObject","inLanguage":"en-US","@id":"https:\/\/foliobooks.pl\/en\/shop\/75-years-of-atlantic-records\/#primaryimage","url":"https:\/\/foliobooks.pl\/wp-content\/uploads\/2025\/07\/9783836592055.png","contentUrl":"https:\/\/foliobooks.pl\/wp-content\/uploads\/2025\/07\/9783836592055.png","width":570,"height":708},{"@type":"BreadcrumbList","@id":"https:\/\/foliobooks.pl\/en\/shop\/75-years-of-atlantic-records\/#breadcrumb","itemListElement":[{"@type":"ListItem","position":1,"name":"Strona g\u0142\u00f3wna","item":"https:\/\/foliobooks.pl\/en\/"},{"@type":"ListItem","position":2,"name":"Shop","item":"https:\/\/foliobooks.pl\/en\/shop\/"},{"@type":"ListItem","position":3,"name":"75 Years of Atlantic Records"}]},{"@type":"WebSite","@id":"https:\/\/foliobooks.pl\/en\/#website","url":"https:\/\/foliobooks.pl\/en\/","name":"Folio","description":"Ksi\u0119garnia internetowa","potentialAction":[{"@type":"SearchAction","target":{"@type":"EntryPoint","urlTemplate":"https:\/\/foliobooks.pl\/en\/?s={search_term_string}"},"query-input":{"@type":"PropertyValueSpecification","valueRequired":true,"valueName":"search_term_string"}}],"inLanguage":"en-US"}]}},"_links":{"self":[{"href":"https:\/\/foliobooks.pl\/en\/wp-json\/wp\/v2\/product\/107037","targetHints":{"allow":["GET"]}}],"collection":[{"href":"https:\/\/foliobooks.pl\/en\/wp-json\/wp\/v2\/product"}],"about":[{"href":"https:\/\/foliobooks.pl\/en\/wp-json\/wp\/v2\/types\/product"}],"replies":[{"embeddable":true,"href":"https:\/\/foliobooks.pl\/en\/wp-json\/wp\/v2\/comments?post=107037"}],"wp:featuredmedia":[{"embeddable":true,"href":"https:\/\/foliobooks.pl\/en\/wp-json\/wp\/v2\/media\/107022"}],"wp:attachment":[{"href":"https:\/\/foliobooks.pl\/en\/wp-json\/wp\/v2\/media?parent=107037"}],"wp:term":[{"taxonomy":"product_brand","embeddable":true,"href":"https:\/\/foliobooks.pl\/en\/wp-json\/wp\/v2\/product_brand?post=107037"},{"taxonomy":"product_cat","embeddable":true,"href":"https:\/\/foliobooks.pl\/en\/wp-json\/wp\/v2\/product_cat?post=107037"},{"taxonomy":"product_tag","embeddable":true,"href":"https:\/\/foliobooks.pl\/en\/wp-json\/wp\/v2\/product_tag?post=107037"}],"curies":[{"name":"wp","href":"https:\/\/api.w.org\/{rel}","templated":true}]}}