{"id":107019,"date":"2025-07-24T12:49:10","date_gmt":"2025-07-24T10:49:10","guid":{"rendered":"https:\/\/foliobooks.pl\/sklep\/all-american-ads-of-the-2000s\/"},"modified":"2025-12-03T12:49:28","modified_gmt":"2025-12-03T11:49:28","slug":"all-american-ads-of-the-2000s","status":"publish","type":"product","link":"https:\/\/foliobooks.pl\/en\/shop\/all-american-ads-of-the-2000s\/","title":{"rendered":"All-American Ads of the 2000s"},"content":{"rendered":"<p>That\u2019s Hot<\/p>\n<div class=\"read-more__description\">\n<p>Ads from the decade that got down with digital<\/p>\n<div class=\"read-more__description--content\">\n<p>Post-9\/11, America\u2019s sense of invincibility was shaken. The dotcom bubble had burst, there was war with Iraq, and\u00a0eco-angst was becoming mainstream, as evidenced by impressive sales of the Toyota Prius.<\/p>\n<p>For escapism, self-expression, and even romantic connection,\u00a0America turned to tech. Geeks were the new superheroes, and the iPod and iPhone reigned supreme, both commercially and creatively. Social media began its unstoppable rise, with MySpace and Facebook pushing brands to get more interactive with consumers.\u00a0Prestige dramas\u2014The Sopranos,\u00a0Mad Men, and\u00a0Breaking Bad\u2014populated the small screen, while Netflix swapped mailing DVDs for streaming content,\u00a0the reality TV star was born, and Paris Hilton decreed, \u201cThat\u2019s hot!\u201d.<\/p>\n<p>Amazon and eBay threatened the cultural centrality of the shopping mall, and every famous name from Michael Jordan to Madonna could be found on scotch, sneakers, and scents. Health and wellness fueled the growth of brands like Whole Foods and Lululemon, and\u00a0consumers increasingly valued experiences, ethics, and personalization.<\/p>\n<p>Featuring 10 chapters covering the\u00a0full range of advertising, from food and fashion to entertainment, business, travel, and automobiles\u2014with special mentions for the worst as well as the best\u2014All-American Ads of the 2000s\u00a0captures a time when ads still had the power to sell products and dreams in the millions, but mirrored a nation in the midst of profound transition.<\/p>\n<\/div>\n<\/div>\n","protected":false},"excerpt":{"rendered":"<p>That\u2019s Hot Ads from the decade that got down with digital Post-9\/11, America\u2019s sense of invincibility was shaken. The dotcom bubble had burst, there was war with Iraq, and\u00a0eco-angst was becoming mainstream, as evidenced by impressive sales of the Toyota Prius. For escapism, self-expression, and even romantic connection,\u00a0America turned to tech. Geeks were the new&#8230;<\/p>\n","protected":false},"featured_media":107006,"comment_status":"closed","ping_status":"closed","template":"","meta":[],"product_brand":[],"product_cat":[13533,4523,4525,4517],"product_tag":[1651],"class_list":{"0":"post-107019","1":"product","2":"type-product","3":"status-publish","4":"has-post-thumbnail","6":"product_cat-books","7":"product_cat-design-en-en","8":"product_cat-graphic-design","9":"product_cat-photography-en","10":"product_tag-advertising","11":"pa_author_att-jim-heimann-en","12":"pa_cover-hardcover","13":"pa_format-196-x-255-cm-en","14":"pa_isbn-9783836568029-en","15":"pa_language-eng-f-ger","16":"pa_pages-640-en","17":"pa_published-2025-06-15-en","18":"pa_publisher-taschen-en-en","20":"first","21":"instock","22":"shipping-taxable","23":"purchasable","24":"product-type-simple"},"yoast_head":"<!-- This site is optimized with the Yoast SEO plugin v27.4 - https:\/\/yoast.com\/product\/yoast-seo-wordpress\/ -->\n<title>All-American Ads of the 2000s (Jim Heimann) - book \/ album - Folio<\/title>\n<meta name=\"description\" content=\"Wejd\u017a i kup ksi\u0105\u017ck\u0119 All-American Ads of the 2000s autorstwa Jim Heimann wydan\u0105 przez TASCHEN (2025-06-15) w formacie 19,6 x 25,5 cm (ISBN: 9783836568029). Zapraszamy!\" \/>\n<meta name=\"robots\" content=\"index, follow, max-snippet:-1, max-image-preview:large, max-video-preview:-1\" \/>\n<link rel=\"canonical\" href=\"https:\/\/foliobooks.pl\/en\/shop\/all-american-ads-of-the-2000s\/\" \/>\n<meta property=\"og:locale\" content=\"en_US\" \/>\n<meta property=\"og:type\" content=\"article\" \/>\n<meta property=\"og:title\" content=\"All-American Ads of the 2000s (Jim Heimann) - book \/ album - Folio\" \/>\n<meta property=\"og:description\" content=\"Wejd\u017a i kup ksi\u0105\u017ck\u0119 All-American Ads of the 2000s autorstwa Jim Heimann wydan\u0105 przez TASCHEN (2025-06-15) w formacie 19,6 x 25,5 cm (ISBN: 9783836568029). Zapraszamy!\" \/>\n<meta property=\"og:url\" content=\"https:\/\/foliobooks.pl\/en\/shop\/all-american-ads-of-the-2000s\/\" \/>\n<meta property=\"og:site_name\" content=\"Folio\" \/>\n<meta property=\"article:modified_time\" content=\"2025-12-03T11:49:28+00:00\" \/>\n<meta property=\"og:image\" content=\"https:\/\/foliobooks.pl\/wp-content\/uploads\/2025\/07\/9783836568029.png\" \/>\n\t<meta property=\"og:image:width\" content=\"570\" \/>\n\t<meta property=\"og:image:height\" content=\"708\" \/>\n\t<meta property=\"og:image:type\" content=\"image\/png\" \/>\n<meta name=\"twitter:card\" content=\"summary_large_image\" \/>\n<meta name=\"twitter:label1\" content=\"Est. reading time\" \/>\n\t<meta name=\"twitter:data1\" content=\"2 minutes\" \/>\n<script type=\"application\/ld+json\" class=\"yoast-schema-graph\">{\"@context\":\"https:\\\/\\\/schema.org\",\"@graph\":[{\"@type\":\"WebPage\",\"@id\":\"https:\\\/\\\/foliobooks.pl\\\/en\\\/shop\\\/all-american-ads-of-the-2000s\\\/\",\"url\":\"https:\\\/\\\/foliobooks.pl\\\/en\\\/shop\\\/all-american-ads-of-the-2000s\\\/\",\"name\":\"All-American Ads of the 2000s (Jim Heimann) - book \\\/ album - Folio\",\"isPartOf\":{\"@id\":\"https:\\\/\\\/foliobooks.pl\\\/en\\\/#website\"},\"primaryImageOfPage\":{\"@id\":\"https:\\\/\\\/foliobooks.pl\\\/en\\\/shop\\\/all-american-ads-of-the-2000s\\\/#primaryimage\"},\"image\":{\"@id\":\"https:\\\/\\\/foliobooks.pl\\\/en\\\/shop\\\/all-american-ads-of-the-2000s\\\/#primaryimage\"},\"thumbnailUrl\":\"https:\\\/\\\/foliobooks.pl\\\/wp-content\\\/uploads\\\/2025\\\/07\\\/9783836568029.png\",\"datePublished\":\"2025-07-24T10:49:10+00:00\",\"dateModified\":\"2025-12-03T11:49:28+00:00\",\"description\":\"Wejd\u017a i kup ksi\u0105\u017ck\u0119 All-American Ads of the 2000s autorstwa Jim Heimann wydan\u0105 przez TASCHEN (2025-06-15) w formacie 19,6 x 25,5 cm (ISBN: 9783836568029). Zapraszamy!\",\"breadcrumb\":{\"@id\":\"https:\\\/\\\/foliobooks.pl\\\/en\\\/shop\\\/all-american-ads-of-the-2000s\\\/#breadcrumb\"},\"inLanguage\":\"en-US\",\"potentialAction\":[{\"@type\":\"ReadAction\",\"target\":[\"https:\\\/\\\/foliobooks.pl\\\/en\\\/shop\\\/all-american-ads-of-the-2000s\\\/\"]}]},{\"@type\":\"ImageObject\",\"inLanguage\":\"en-US\",\"@id\":\"https:\\\/\\\/foliobooks.pl\\\/en\\\/shop\\\/all-american-ads-of-the-2000s\\\/#primaryimage\",\"url\":\"https:\\\/\\\/foliobooks.pl\\\/wp-content\\\/uploads\\\/2025\\\/07\\\/9783836568029.png\",\"contentUrl\":\"https:\\\/\\\/foliobooks.pl\\\/wp-content\\\/uploads\\\/2025\\\/07\\\/9783836568029.png\",\"width\":570,\"height\":708},{\"@type\":\"BreadcrumbList\",\"@id\":\"https:\\\/\\\/foliobooks.pl\\\/en\\\/shop\\\/all-american-ads-of-the-2000s\\\/#breadcrumb\",\"itemListElement\":[{\"@type\":\"ListItem\",\"position\":1,\"name\":\"Strona g\u0142\u00f3wna\",\"item\":\"https:\\\/\\\/foliobooks.pl\\\/en\\\/\"},{\"@type\":\"ListItem\",\"position\":2,\"name\":\"Shop\",\"item\":\"https:\\\/\\\/foliobooks.pl\\\/en\\\/shop\\\/\"},{\"@type\":\"ListItem\",\"position\":3,\"name\":\"All-American Ads of the 2000s\"}]},{\"@type\":\"WebSite\",\"@id\":\"https:\\\/\\\/foliobooks.pl\\\/en\\\/#website\",\"url\":\"https:\\\/\\\/foliobooks.pl\\\/en\\\/\",\"name\":\"Folio\",\"description\":\"Ksi\u0119garnia internetowa\",\"potentialAction\":[{\"@type\":\"SearchAction\",\"target\":{\"@type\":\"EntryPoint\",\"urlTemplate\":\"https:\\\/\\\/foliobooks.pl\\\/en\\\/?s={search_term_string}\"},\"query-input\":{\"@type\":\"PropertyValueSpecification\",\"valueRequired\":true,\"valueName\":\"search_term_string\"}}],\"inLanguage\":\"en-US\"}]}<\/script>\n<!-- \/ Yoast SEO plugin. -->","yoast_head_json":{"title":"All-American Ads of the 2000s (Jim Heimann) - book \/ album - Folio","description":"Wejd\u017a i kup ksi\u0105\u017ck\u0119 All-American Ads of the 2000s autorstwa Jim Heimann wydan\u0105 przez TASCHEN (2025-06-15) w formacie 19,6 x 25,5 cm (ISBN: 9783836568029). Zapraszamy!","robots":{"index":"index","follow":"follow","max-snippet":"max-snippet:-1","max-image-preview":"max-image-preview:large","max-video-preview":"max-video-preview:-1"},"canonical":"https:\/\/foliobooks.pl\/en\/shop\/all-american-ads-of-the-2000s\/","og_locale":"en_US","og_type":"article","og_title":"All-American Ads of the 2000s (Jim Heimann) - book \/ album - Folio","og_description":"Wejd\u017a i kup ksi\u0105\u017ck\u0119 All-American Ads of the 2000s autorstwa Jim Heimann wydan\u0105 przez TASCHEN (2025-06-15) w formacie 19,6 x 25,5 cm (ISBN: 9783836568029). Zapraszamy!","og_url":"https:\/\/foliobooks.pl\/en\/shop\/all-american-ads-of-the-2000s\/","og_site_name":"Folio","article_modified_time":"2025-12-03T11:49:28+00:00","og_image":[{"width":570,"height":708,"url":"https:\/\/foliobooks.pl\/wp-content\/uploads\/2025\/07\/9783836568029.png","type":"image\/png"}],"twitter_card":"summary_large_image","twitter_misc":{"Est. reading time":"2 minutes"},"schema":{"@context":"https:\/\/schema.org","@graph":[{"@type":"WebPage","@id":"https:\/\/foliobooks.pl\/en\/shop\/all-american-ads-of-the-2000s\/","url":"https:\/\/foliobooks.pl\/en\/shop\/all-american-ads-of-the-2000s\/","name":"All-American Ads of the 2000s (Jim Heimann) - book \/ album - Folio","isPartOf":{"@id":"https:\/\/foliobooks.pl\/en\/#website"},"primaryImageOfPage":{"@id":"https:\/\/foliobooks.pl\/en\/shop\/all-american-ads-of-the-2000s\/#primaryimage"},"image":{"@id":"https:\/\/foliobooks.pl\/en\/shop\/all-american-ads-of-the-2000s\/#primaryimage"},"thumbnailUrl":"https:\/\/foliobooks.pl\/wp-content\/uploads\/2025\/07\/9783836568029.png","datePublished":"2025-07-24T10:49:10+00:00","dateModified":"2025-12-03T11:49:28+00:00","description":"Wejd\u017a i kup ksi\u0105\u017ck\u0119 All-American Ads of the 2000s autorstwa Jim Heimann wydan\u0105 przez TASCHEN (2025-06-15) w formacie 19,6 x 25,5 cm (ISBN: 9783836568029). Zapraszamy!","breadcrumb":{"@id":"https:\/\/foliobooks.pl\/en\/shop\/all-american-ads-of-the-2000s\/#breadcrumb"},"inLanguage":"en-US","potentialAction":[{"@type":"ReadAction","target":["https:\/\/foliobooks.pl\/en\/shop\/all-american-ads-of-the-2000s\/"]}]},{"@type":"ImageObject","inLanguage":"en-US","@id":"https:\/\/foliobooks.pl\/en\/shop\/all-american-ads-of-the-2000s\/#primaryimage","url":"https:\/\/foliobooks.pl\/wp-content\/uploads\/2025\/07\/9783836568029.png","contentUrl":"https:\/\/foliobooks.pl\/wp-content\/uploads\/2025\/07\/9783836568029.png","width":570,"height":708},{"@type":"BreadcrumbList","@id":"https:\/\/foliobooks.pl\/en\/shop\/all-american-ads-of-the-2000s\/#breadcrumb","itemListElement":[{"@type":"ListItem","position":1,"name":"Strona g\u0142\u00f3wna","item":"https:\/\/foliobooks.pl\/en\/"},{"@type":"ListItem","position":2,"name":"Shop","item":"https:\/\/foliobooks.pl\/en\/shop\/"},{"@type":"ListItem","position":3,"name":"All-American Ads of the 2000s"}]},{"@type":"WebSite","@id":"https:\/\/foliobooks.pl\/en\/#website","url":"https:\/\/foliobooks.pl\/en\/","name":"Folio","description":"Ksi\u0119garnia internetowa","potentialAction":[{"@type":"SearchAction","target":{"@type":"EntryPoint","urlTemplate":"https:\/\/foliobooks.pl\/en\/?s={search_term_string}"},"query-input":{"@type":"PropertyValueSpecification","valueRequired":true,"valueName":"search_term_string"}}],"inLanguage":"en-US"}]}},"_links":{"self":[{"href":"https:\/\/foliobooks.pl\/en\/wp-json\/wp\/v2\/product\/107019","targetHints":{"allow":["GET"]}}],"collection":[{"href":"https:\/\/foliobooks.pl\/en\/wp-json\/wp\/v2\/product"}],"about":[{"href":"https:\/\/foliobooks.pl\/en\/wp-json\/wp\/v2\/types\/product"}],"replies":[{"embeddable":true,"href":"https:\/\/foliobooks.pl\/en\/wp-json\/wp\/v2\/comments?post=107019"}],"wp:featuredmedia":[{"embeddable":true,"href":"https:\/\/foliobooks.pl\/en\/wp-json\/wp\/v2\/media\/107006"}],"wp:attachment":[{"href":"https:\/\/foliobooks.pl\/en\/wp-json\/wp\/v2\/media?parent=107019"}],"wp:term":[{"taxonomy":"product_brand","embeddable":true,"href":"https:\/\/foliobooks.pl\/en\/wp-json\/wp\/v2\/product_brand?post=107019"},{"taxonomy":"product_cat","embeddable":true,"href":"https:\/\/foliobooks.pl\/en\/wp-json\/wp\/v2\/product_cat?post=107019"},{"taxonomy":"product_tag","embeddable":true,"href":"https:\/\/foliobooks.pl\/en\/wp-json\/wp\/v2\/product_tag?post=107019"}],"curies":[{"name":"wp","href":"https:\/\/api.w.org\/{rel}","templated":true}]}}