{"id":106987,"date":"2025-07-24T11:36:32","date_gmt":"2025-07-24T09:36:32","guid":{"rendered":"https:\/\/foliobooks.pl\/sklep\/rembrandt-the-complete-paintings-xl\/"},"modified":"2025-12-03T15:04:12","modified_gmt":"2025-12-03T14:04:12","slug":"rembrandt-the-complete-paintings-xl","status":"publish","type":"product","link":"https:\/\/foliobooks.pl\/en\/shop\/rembrandt-the-complete-paintings-xl\/","title":{"rendered":"Rembrandt. The Complete Paintings XL"},"content":{"rendered":"<p>Rembrandt&#8217;s complete painted oeuvre<\/p>\n<p>The Dutch Golden Age&#8217;s genius in XL resolution<\/p>\n<p>The Dutch Golden Age of painting spawned some of history\u2019s greatest artists and artisans, but few can boast the genius and legacy of Rembrandt Harmensz. van Rijn (1606\u20131669). Despite never leaving his native Netherlands, Rembrandt projected his oeuvre past the boundaries of his own experience, producing some of art\u2019s most diverse and impactful works across portraiture, biblical, allegorical, landscape, and genre scenes. In all their forms, Rembrandt\u2019s paintings are built of intricacies\u2014the totality of each subtle facial wrinkle, gaze, or figure amounting to an emotional force that stands unmatched among his contemporaries and artistic progeny alike.<\/p>\n<p>Each work is imbued with feeling. Biblical scenes, like Bathsheba at her Bath, become vehicles for meditations on human longing, probing depths beyond that which is canonized in scripture or depicted in other representations. His portraits, be them of wealthy patrons or tradesmen, communicate the essence of an individual through fine demarcations, their faces bathed in an ethereal light against darkened earthtones. Perhaps most striking, his series of self-portraits is a triumph of the medium; beginning in his youth and spanning until a year prior to his death, Rembrandt\u2019s self portraiture is an intimate glimpse into his lifelong process of self-reflection.<\/p>\n<p>This XL monograph compiles all 330 of Rembrandt\u2019s paintings in stunning reproductions. From Belshazzar\u2019s Feast to The Anatomy Lesson of Dr. Nicolaes Tulp, we discover Rembrandt\u2019s painted oeuvre like never before.<\/p>\n","protected":false},"excerpt":{"rendered":"<p>Rembrandt&#8217;s complete painted oeuvre The Dutch Golden Age&#8217;s genius in XL resolution The Dutch Golden Age of painting spawned some of history\u2019s greatest artists and artisans, but few can boast the genius and legacy of Rembrandt Harmensz. van Rijn (1606\u20131669). Despite never leaving his native Netherlands, Rembrandt projected his oeuvre past the boundaries of his&#8230;<\/p>\n","protected":false},"featured_media":106976,"comment_status":"closed","ping_status":"closed","template":"","meta":[],"product_brand":[],"product_cat":[4522,13533],"product_tag":[524],"class_list":{"0":"post-106987","1":"product","2":"type-product","3":"status-publish","4":"has-post-thumbnail","6":"product_cat-art-en","7":"product_cat-books","8":"product_tag-painting-en","9":"pa_author_att-marieke-de-winkel-en","10":"pa_cover-hardcover","11":"pa_isbn-9783836599085-en","12":"pa_language-eng","13":"pa_pages-744-en","14":"pa_published-2025-06-21-en","15":"pa_publisher-taschen-en-en","17":"first","18":"instock","19":"sold-individually","20":"shipping-taxable","21":"purchasable","22":"product-type-simple"},"yoast_head":"<!-- This site is optimized with the Yoast SEO plugin v27.4 - https:\/\/yoast.com\/product\/yoast-seo-wordpress\/ -->\n<title>Rembrandt. The Complete Paintings XL (Marieke de Winkel) - book \/ album - Folio<\/title>\n<meta name=\"description\" content=\"Wejd\u017a i kup ksi\u0105\u017ck\u0119 Rembrandt. The Complete Paintings XL autorstwa Marieke de Winkel wydan\u0105 przez TASCHEN (2025-06-21) w formacie (ISBN: 9783836599085). Zapraszamy!\" \/>\n<meta name=\"robots\" content=\"index, follow, max-snippet:-1, max-image-preview:large, max-video-preview:-1\" \/>\n<link rel=\"canonical\" href=\"https:\/\/foliobooks.pl\/en\/shop\/rembrandt-the-complete-paintings-xl\/\" \/>\n<meta property=\"og:locale\" content=\"en_US\" \/>\n<meta property=\"og:type\" content=\"article\" \/>\n<meta property=\"og:title\" content=\"Rembrandt. The Complete Paintings XL (Marieke de Winkel) - book \/ album - Folio\" \/>\n<meta property=\"og:description\" content=\"Wejd\u017a i kup ksi\u0105\u017ck\u0119 Rembrandt. The Complete Paintings XL autorstwa Marieke de Winkel wydan\u0105 przez TASCHEN (2025-06-21) w formacie (ISBN: 9783836599085). Zapraszamy!\" \/>\n<meta property=\"og:url\" content=\"https:\/\/foliobooks.pl\/en\/shop\/rembrandt-the-complete-paintings-xl\/\" \/>\n<meta property=\"og:site_name\" content=\"Folio\" \/>\n<meta property=\"article:modified_time\" content=\"2025-12-03T14:04:12+00:00\" \/>\n<meta property=\"og:image\" content=\"https:\/\/foliobooks.pl\/wp-content\/uploads\/2025\/07\/9783836599085.png\" \/>\n\t<meta property=\"og:image:width\" content=\"570\" \/>\n\t<meta property=\"og:image:height\" content=\"708\" \/>\n\t<meta property=\"og:image:type\" content=\"image\/png\" \/>\n<meta name=\"twitter:card\" content=\"summary_large_image\" \/>\n<meta name=\"twitter:label1\" content=\"Est. reading time\" \/>\n\t<meta name=\"twitter:data1\" content=\"2 minutes\" \/>\n<script type=\"application\/ld+json\" class=\"yoast-schema-graph\">{\"@context\":\"https:\\\/\\\/schema.org\",\"@graph\":[{\"@type\":\"WebPage\",\"@id\":\"https:\\\/\\\/foliobooks.pl\\\/en\\\/shop\\\/rembrandt-the-complete-paintings-xl\\\/\",\"url\":\"https:\\\/\\\/foliobooks.pl\\\/en\\\/shop\\\/rembrandt-the-complete-paintings-xl\\\/\",\"name\":\"Rembrandt. The Complete Paintings XL (Marieke de Winkel) - book \\\/ album - Folio\",\"isPartOf\":{\"@id\":\"https:\\\/\\\/foliobooks.pl\\\/en\\\/#website\"},\"primaryImageOfPage\":{\"@id\":\"https:\\\/\\\/foliobooks.pl\\\/en\\\/shop\\\/rembrandt-the-complete-paintings-xl\\\/#primaryimage\"},\"image\":{\"@id\":\"https:\\\/\\\/foliobooks.pl\\\/en\\\/shop\\\/rembrandt-the-complete-paintings-xl\\\/#primaryimage\"},\"thumbnailUrl\":\"https:\\\/\\\/foliobooks.pl\\\/wp-content\\\/uploads\\\/2025\\\/07\\\/9783836599085.png\",\"datePublished\":\"2025-07-24T09:36:32+00:00\",\"dateModified\":\"2025-12-03T14:04:12+00:00\",\"description\":\"Wejd\u017a i kup ksi\u0105\u017ck\u0119 Rembrandt. The Complete Paintings XL autorstwa Marieke de Winkel wydan\u0105 przez TASCHEN (2025-06-21) w formacie (ISBN: 9783836599085). Zapraszamy!\",\"breadcrumb\":{\"@id\":\"https:\\\/\\\/foliobooks.pl\\\/en\\\/shop\\\/rembrandt-the-complete-paintings-xl\\\/#breadcrumb\"},\"inLanguage\":\"en-US\",\"potentialAction\":[{\"@type\":\"ReadAction\",\"target\":[\"https:\\\/\\\/foliobooks.pl\\\/en\\\/shop\\\/rembrandt-the-complete-paintings-xl\\\/\"]}]},{\"@type\":\"ImageObject\",\"inLanguage\":\"en-US\",\"@id\":\"https:\\\/\\\/foliobooks.pl\\\/en\\\/shop\\\/rembrandt-the-complete-paintings-xl\\\/#primaryimage\",\"url\":\"https:\\\/\\\/foliobooks.pl\\\/wp-content\\\/uploads\\\/2025\\\/07\\\/9783836599085.png\",\"contentUrl\":\"https:\\\/\\\/foliobooks.pl\\\/wp-content\\\/uploads\\\/2025\\\/07\\\/9783836599085.png\",\"width\":570,\"height\":708},{\"@type\":\"BreadcrumbList\",\"@id\":\"https:\\\/\\\/foliobooks.pl\\\/en\\\/shop\\\/rembrandt-the-complete-paintings-xl\\\/#breadcrumb\",\"itemListElement\":[{\"@type\":\"ListItem\",\"position\":1,\"name\":\"Strona g\u0142\u00f3wna\",\"item\":\"https:\\\/\\\/foliobooks.pl\\\/en\\\/\"},{\"@type\":\"ListItem\",\"position\":2,\"name\":\"Shop\",\"item\":\"https:\\\/\\\/foliobooks.pl\\\/en\\\/shop\\\/\"},{\"@type\":\"ListItem\",\"position\":3,\"name\":\"Rembrandt. The Complete Paintings XL\"}]},{\"@type\":\"WebSite\",\"@id\":\"https:\\\/\\\/foliobooks.pl\\\/en\\\/#website\",\"url\":\"https:\\\/\\\/foliobooks.pl\\\/en\\\/\",\"name\":\"Folio\",\"description\":\"Ksi\u0119garnia internetowa\",\"potentialAction\":[{\"@type\":\"SearchAction\",\"target\":{\"@type\":\"EntryPoint\",\"urlTemplate\":\"https:\\\/\\\/foliobooks.pl\\\/en\\\/?s={search_term_string}\"},\"query-input\":{\"@type\":\"PropertyValueSpecification\",\"valueRequired\":true,\"valueName\":\"search_term_string\"}}],\"inLanguage\":\"en-US\"}]}<\/script>\n<!-- \/ Yoast SEO plugin. -->","yoast_head_json":{"title":"Rembrandt. The Complete Paintings XL (Marieke de Winkel) - book \/ album - Folio","description":"Wejd\u017a i kup ksi\u0105\u017ck\u0119 Rembrandt. The Complete Paintings XL autorstwa Marieke de Winkel wydan\u0105 przez TASCHEN (2025-06-21) w formacie (ISBN: 9783836599085). Zapraszamy!","robots":{"index":"index","follow":"follow","max-snippet":"max-snippet:-1","max-image-preview":"max-image-preview:large","max-video-preview":"max-video-preview:-1"},"canonical":"https:\/\/foliobooks.pl\/en\/shop\/rembrandt-the-complete-paintings-xl\/","og_locale":"en_US","og_type":"article","og_title":"Rembrandt. The Complete Paintings XL (Marieke de Winkel) - book \/ album - Folio","og_description":"Wejd\u017a i kup ksi\u0105\u017ck\u0119 Rembrandt. The Complete Paintings XL autorstwa Marieke de Winkel wydan\u0105 przez TASCHEN (2025-06-21) w formacie (ISBN: 9783836599085). Zapraszamy!","og_url":"https:\/\/foliobooks.pl\/en\/shop\/rembrandt-the-complete-paintings-xl\/","og_site_name":"Folio","article_modified_time":"2025-12-03T14:04:12+00:00","og_image":[{"width":570,"height":708,"url":"https:\/\/foliobooks.pl\/wp-content\/uploads\/2025\/07\/9783836599085.png","type":"image\/png"}],"twitter_card":"summary_large_image","twitter_misc":{"Est. reading time":"2 minutes"},"schema":{"@context":"https:\/\/schema.org","@graph":[{"@type":"WebPage","@id":"https:\/\/foliobooks.pl\/en\/shop\/rembrandt-the-complete-paintings-xl\/","url":"https:\/\/foliobooks.pl\/en\/shop\/rembrandt-the-complete-paintings-xl\/","name":"Rembrandt. The Complete Paintings XL (Marieke de Winkel) - book \/ album - Folio","isPartOf":{"@id":"https:\/\/foliobooks.pl\/en\/#website"},"primaryImageOfPage":{"@id":"https:\/\/foliobooks.pl\/en\/shop\/rembrandt-the-complete-paintings-xl\/#primaryimage"},"image":{"@id":"https:\/\/foliobooks.pl\/en\/shop\/rembrandt-the-complete-paintings-xl\/#primaryimage"},"thumbnailUrl":"https:\/\/foliobooks.pl\/wp-content\/uploads\/2025\/07\/9783836599085.png","datePublished":"2025-07-24T09:36:32+00:00","dateModified":"2025-12-03T14:04:12+00:00","description":"Wejd\u017a i kup ksi\u0105\u017ck\u0119 Rembrandt. The Complete Paintings XL autorstwa Marieke de Winkel wydan\u0105 przez TASCHEN (2025-06-21) w formacie (ISBN: 9783836599085). Zapraszamy!","breadcrumb":{"@id":"https:\/\/foliobooks.pl\/en\/shop\/rembrandt-the-complete-paintings-xl\/#breadcrumb"},"inLanguage":"en-US","potentialAction":[{"@type":"ReadAction","target":["https:\/\/foliobooks.pl\/en\/shop\/rembrandt-the-complete-paintings-xl\/"]}]},{"@type":"ImageObject","inLanguage":"en-US","@id":"https:\/\/foliobooks.pl\/en\/shop\/rembrandt-the-complete-paintings-xl\/#primaryimage","url":"https:\/\/foliobooks.pl\/wp-content\/uploads\/2025\/07\/9783836599085.png","contentUrl":"https:\/\/foliobooks.pl\/wp-content\/uploads\/2025\/07\/9783836599085.png","width":570,"height":708},{"@type":"BreadcrumbList","@id":"https:\/\/foliobooks.pl\/en\/shop\/rembrandt-the-complete-paintings-xl\/#breadcrumb","itemListElement":[{"@type":"ListItem","position":1,"name":"Strona g\u0142\u00f3wna","item":"https:\/\/foliobooks.pl\/en\/"},{"@type":"ListItem","position":2,"name":"Shop","item":"https:\/\/foliobooks.pl\/en\/shop\/"},{"@type":"ListItem","position":3,"name":"Rembrandt. The Complete Paintings XL"}]},{"@type":"WebSite","@id":"https:\/\/foliobooks.pl\/en\/#website","url":"https:\/\/foliobooks.pl\/en\/","name":"Folio","description":"Ksi\u0119garnia internetowa","potentialAction":[{"@type":"SearchAction","target":{"@type":"EntryPoint","urlTemplate":"https:\/\/foliobooks.pl\/en\/?s={search_term_string}"},"query-input":{"@type":"PropertyValueSpecification","valueRequired":true,"valueName":"search_term_string"}}],"inLanguage":"en-US"}]}},"_links":{"self":[{"href":"https:\/\/foliobooks.pl\/en\/wp-json\/wp\/v2\/product\/106987","targetHints":{"allow":["GET"]}}],"collection":[{"href":"https:\/\/foliobooks.pl\/en\/wp-json\/wp\/v2\/product"}],"about":[{"href":"https:\/\/foliobooks.pl\/en\/wp-json\/wp\/v2\/types\/product"}],"replies":[{"embeddable":true,"href":"https:\/\/foliobooks.pl\/en\/wp-json\/wp\/v2\/comments?post=106987"}],"wp:featuredmedia":[{"embeddable":true,"href":"https:\/\/foliobooks.pl\/en\/wp-json\/wp\/v2\/media\/106976"}],"wp:attachment":[{"href":"https:\/\/foliobooks.pl\/en\/wp-json\/wp\/v2\/media?parent=106987"}],"wp:term":[{"taxonomy":"product_brand","embeddable":true,"href":"https:\/\/foliobooks.pl\/en\/wp-json\/wp\/v2\/product_brand?post=106987"},{"taxonomy":"product_cat","embeddable":true,"href":"https:\/\/foliobooks.pl\/en\/wp-json\/wp\/v2\/product_cat?post=106987"},{"taxonomy":"product_tag","embeddable":true,"href":"https:\/\/foliobooks.pl\/en\/wp-json\/wp\/v2\/product_tag?post=106987"}],"curies":[{"name":"wp","href":"https:\/\/api.w.org\/{rel}","templated":true}]}}