{"id":106955,"date":"2025-06-06T16:51:23","date_gmt":"2025-06-06T14:51:23","guid":{"rendered":"https:\/\/foliobooks.pl\/sklep\/women-pioneers-of-the-arts-crafts-movement-victoria-and-albert-museum\/"},"modified":"2025-06-06T16:51:23","modified_gmt":"2025-06-06T14:51:23","slug":"women-pioneers-of-the-arts-crafts-movement-victoria-and-albert-museum","status":"publish","type":"product","link":"https:\/\/foliobooks.pl\/en\/shop\/women-pioneers-of-the-arts-crafts-movement-victoria-and-albert-museum\/","title":{"rendered":"Women Pioneers of the Arts &#038; Crafts Movement. Victoria and Albert Museum"},"content":{"rendered":"<p>Women Pioneers of the Arts &amp; Crafts Movement is a celebration of the work and ambition of the women who were at the heart of the most influential art and design movement of the late nineteenth and early twentieth centuries. It shines a light on the vital contribution of figures such as May Morris, Gertrude Jekyll, Annie Garnett, and many others, and describes the Arts and Crafts Movement from the perspective of these women who worked against the odds as artists, makers, teachers, authors, and entrepreneurs.<\/p>\n<p>Women of the era took part in, and often led, the founding of exhibitions, societies, art schools, and small craft industries. Some were activists and social disruptors while using their skills and talents to make a living. This book highlights the versatility and range of these talented women, who worked across a host of disciplines, including textile design, embroidery, bookbinding, illustration, painting, enameling, stained glass, metalwork, furniture design, and architecture. It is richly illustrated with a wide array of their work, much of it previously unpublished. Featuring objects from the V&amp;A&#8217;s renowned Arts and Crafts collection, the book also includes key pieces from other museums and private collections across the UK.<\/p>\n","protected":false},"excerpt":{"rendered":"<p>Women Pioneers of the Arts &amp; Crafts Movement is a celebration of the work and ambition of the women who were at the heart of the most influential art and design movement of the late nineteenth and early twentieth centuries. It shines a light on the vital contribution of figures such as May Morris, Gertrude&#8230;<\/p>\n","protected":false},"featured_media":106766,"comment_status":"closed","ping_status":"closed","template":"","meta":[],"product_brand":[],"product_cat":[13533,4517],"product_tag":[151],"class_list":{"0":"post-106955","1":"product","2":"type-product","3":"status-publish","4":"has-post-thumbnail","6":"product_cat-books","7":"product_cat-photography-en","8":"product_tag-women","9":"pa_author_att-karen-livingstone-en","10":"pa_cover-hardcover","11":"pa_format-213-x-279-cm-en","12":"pa_isbn-9780500480731-en","13":"pa_language-eng","14":"pa_pages-288-en-2","15":"pa_published-2024-11-19-en","16":"pa_publisher-thames-hudson-en","18":"first","19":"instock","20":"sold-individually","21":"shipping-taxable","22":"purchasable","23":"product-type-simple"},"yoast_head":"<!-- This site is optimized with the Yoast SEO plugin v27.4 - https:\/\/yoast.com\/product\/yoast-seo-wordpress\/ -->\n<title>Women Pioneers of the Arts &amp; Crafts Movement. Victoria and Albert Museum (Karen Livingstone) - book \/ album - Folio<\/title>\n<meta name=\"description\" content=\"Wejd\u017a i kup ksi\u0105\u017ck\u0119 Women Pioneers of the Arts &amp; Crafts Movement. Victoria and Albert Museum autorstwa Karen Livingstone wydan\u0105 przez Thames &amp; Hudson (2024-11-19) w formacie 21,3 x 27,9 cm (ISBN: 9780500480731). Zapraszamy!\" \/>\n<meta name=\"robots\" content=\"index, follow, max-snippet:-1, max-image-preview:large, max-video-preview:-1\" \/>\n<link rel=\"canonical\" href=\"https:\/\/foliobooks.pl\/en\/shop\/women-pioneers-of-the-arts-crafts-movement-victoria-and-albert-museum\/\" \/>\n<meta property=\"og:locale\" content=\"en_US\" \/>\n<meta property=\"og:type\" content=\"article\" \/>\n<meta property=\"og:title\" content=\"Women Pioneers of the Arts &amp; Crafts Movement. Victoria and Albert Museum (Karen Livingstone) - book \/ album - Folio\" \/>\n<meta property=\"og:description\" content=\"Wejd\u017a i kup ksi\u0105\u017ck\u0119 Women Pioneers of the Arts &amp; Crafts Movement. Victoria and Albert Museum autorstwa Karen Livingstone wydan\u0105 przez Thames &amp; Hudson (2024-11-19) w formacie 21,3 x 27,9 cm (ISBN: 9780500480731). Zapraszamy!\" \/>\n<meta property=\"og:url\" content=\"https:\/\/foliobooks.pl\/en\/shop\/women-pioneers-of-the-arts-crafts-movement-victoria-and-albert-museum\/\" \/>\n<meta property=\"og:site_name\" content=\"Folio\" \/>\n<meta property=\"og:image\" content=\"https:\/\/foliobooks.pl\/wp-content\/uploads\/2025\/06\/9780500480731.png\" \/>\n\t<meta property=\"og:image:width\" content=\"570\" \/>\n\t<meta property=\"og:image:height\" content=\"708\" \/>\n\t<meta property=\"og:image:type\" content=\"image\/png\" \/>\n<meta name=\"twitter:card\" content=\"summary_large_image\" \/>\n<meta name=\"twitter:label1\" content=\"Est. reading time\" \/>\n\t<meta name=\"twitter:data1\" content=\"2 minutes\" \/>\n<script type=\"application\/ld+json\" class=\"yoast-schema-graph\">{\"@context\":\"https:\\\/\\\/schema.org\",\"@graph\":[{\"@type\":\"WebPage\",\"@id\":\"https:\\\/\\\/foliobooks.pl\\\/en\\\/shop\\\/women-pioneers-of-the-arts-crafts-movement-victoria-and-albert-museum\\\/\",\"url\":\"https:\\\/\\\/foliobooks.pl\\\/en\\\/shop\\\/women-pioneers-of-the-arts-crafts-movement-victoria-and-albert-museum\\\/\",\"name\":\"Women Pioneers of the Arts & Crafts Movement. Victoria and Albert Museum (Karen Livingstone) - book \\\/ album - Folio\",\"isPartOf\":{\"@id\":\"https:\\\/\\\/foliobooks.pl\\\/en\\\/#website\"},\"primaryImageOfPage\":{\"@id\":\"https:\\\/\\\/foliobooks.pl\\\/en\\\/shop\\\/women-pioneers-of-the-arts-crafts-movement-victoria-and-albert-museum\\\/#primaryimage\"},\"image\":{\"@id\":\"https:\\\/\\\/foliobooks.pl\\\/en\\\/shop\\\/women-pioneers-of-the-arts-crafts-movement-victoria-and-albert-museum\\\/#primaryimage\"},\"thumbnailUrl\":\"https:\\\/\\\/foliobooks.pl\\\/wp-content\\\/uploads\\\/2025\\\/06\\\/9780500480731.png\",\"datePublished\":\"2025-06-06T14:51:23+00:00\",\"description\":\"Wejd\u017a i kup ksi\u0105\u017ck\u0119 Women Pioneers of the Arts & Crafts Movement. Victoria and Albert Museum autorstwa Karen Livingstone wydan\u0105 przez Thames &amp; Hudson (2024-11-19) w formacie 21,3 x 27,9 cm (ISBN: 9780500480731). Zapraszamy!\",\"breadcrumb\":{\"@id\":\"https:\\\/\\\/foliobooks.pl\\\/en\\\/shop\\\/women-pioneers-of-the-arts-crafts-movement-victoria-and-albert-museum\\\/#breadcrumb\"},\"inLanguage\":\"en-US\",\"potentialAction\":[{\"@type\":\"ReadAction\",\"target\":[\"https:\\\/\\\/foliobooks.pl\\\/en\\\/shop\\\/women-pioneers-of-the-arts-crafts-movement-victoria-and-albert-museum\\\/\"]}]},{\"@type\":\"ImageObject\",\"inLanguage\":\"en-US\",\"@id\":\"https:\\\/\\\/foliobooks.pl\\\/en\\\/shop\\\/women-pioneers-of-the-arts-crafts-movement-victoria-and-albert-museum\\\/#primaryimage\",\"url\":\"https:\\\/\\\/foliobooks.pl\\\/wp-content\\\/uploads\\\/2025\\\/06\\\/9780500480731.png\",\"contentUrl\":\"https:\\\/\\\/foliobooks.pl\\\/wp-content\\\/uploads\\\/2025\\\/06\\\/9780500480731.png\",\"width\":570,\"height\":708},{\"@type\":\"BreadcrumbList\",\"@id\":\"https:\\\/\\\/foliobooks.pl\\\/en\\\/shop\\\/women-pioneers-of-the-arts-crafts-movement-victoria-and-albert-museum\\\/#breadcrumb\",\"itemListElement\":[{\"@type\":\"ListItem\",\"position\":1,\"name\":\"Strona g\u0142\u00f3wna\",\"item\":\"https:\\\/\\\/foliobooks.pl\\\/en\\\/\"},{\"@type\":\"ListItem\",\"position\":2,\"name\":\"Shop\",\"item\":\"https:\\\/\\\/foliobooks.pl\\\/en\\\/shop\\\/\"},{\"@type\":\"ListItem\",\"position\":3,\"name\":\"Women Pioneers of the Arts &#038; Crafts Movement. Victoria and Albert Museum\"}]},{\"@type\":\"WebSite\",\"@id\":\"https:\\\/\\\/foliobooks.pl\\\/en\\\/#website\",\"url\":\"https:\\\/\\\/foliobooks.pl\\\/en\\\/\",\"name\":\"Folio\",\"description\":\"Ksi\u0119garnia internetowa\",\"potentialAction\":[{\"@type\":\"SearchAction\",\"target\":{\"@type\":\"EntryPoint\",\"urlTemplate\":\"https:\\\/\\\/foliobooks.pl\\\/en\\\/?s={search_term_string}\"},\"query-input\":{\"@type\":\"PropertyValueSpecification\",\"valueRequired\":true,\"valueName\":\"search_term_string\"}}],\"inLanguage\":\"en-US\"}]}<\/script>\n<!-- \/ Yoast SEO plugin. -->","yoast_head_json":{"title":"Women Pioneers of the Arts & Crafts Movement. Victoria and Albert Museum (Karen Livingstone) - book \/ album - Folio","description":"Wejd\u017a i kup ksi\u0105\u017ck\u0119 Women Pioneers of the Arts & Crafts Movement. Victoria and Albert Museum autorstwa Karen Livingstone wydan\u0105 przez Thames &amp; Hudson (2024-11-19) w formacie 21,3 x 27,9 cm (ISBN: 9780500480731). Zapraszamy!","robots":{"index":"index","follow":"follow","max-snippet":"max-snippet:-1","max-image-preview":"max-image-preview:large","max-video-preview":"max-video-preview:-1"},"canonical":"https:\/\/foliobooks.pl\/en\/shop\/women-pioneers-of-the-arts-crafts-movement-victoria-and-albert-museum\/","og_locale":"en_US","og_type":"article","og_title":"Women Pioneers of the Arts & Crafts Movement. Victoria and Albert Museum (Karen Livingstone) - book \/ album - Folio","og_description":"Wejd\u017a i kup ksi\u0105\u017ck\u0119 Women Pioneers of the Arts & Crafts Movement. Victoria and Albert Museum autorstwa Karen Livingstone wydan\u0105 przez Thames &amp; Hudson (2024-11-19) w formacie 21,3 x 27,9 cm (ISBN: 9780500480731). Zapraszamy!","og_url":"https:\/\/foliobooks.pl\/en\/shop\/women-pioneers-of-the-arts-crafts-movement-victoria-and-albert-museum\/","og_site_name":"Folio","og_image":[{"width":570,"height":708,"url":"https:\/\/foliobooks.pl\/wp-content\/uploads\/2025\/06\/9780500480731.png","type":"image\/png"}],"twitter_card":"summary_large_image","twitter_misc":{"Est. reading time":"2 minutes"},"schema":{"@context":"https:\/\/schema.org","@graph":[{"@type":"WebPage","@id":"https:\/\/foliobooks.pl\/en\/shop\/women-pioneers-of-the-arts-crafts-movement-victoria-and-albert-museum\/","url":"https:\/\/foliobooks.pl\/en\/shop\/women-pioneers-of-the-arts-crafts-movement-victoria-and-albert-museum\/","name":"Women Pioneers of the Arts & Crafts Movement. Victoria and Albert Museum (Karen Livingstone) - book \/ album - Folio","isPartOf":{"@id":"https:\/\/foliobooks.pl\/en\/#website"},"primaryImageOfPage":{"@id":"https:\/\/foliobooks.pl\/en\/shop\/women-pioneers-of-the-arts-crafts-movement-victoria-and-albert-museum\/#primaryimage"},"image":{"@id":"https:\/\/foliobooks.pl\/en\/shop\/women-pioneers-of-the-arts-crafts-movement-victoria-and-albert-museum\/#primaryimage"},"thumbnailUrl":"https:\/\/foliobooks.pl\/wp-content\/uploads\/2025\/06\/9780500480731.png","datePublished":"2025-06-06T14:51:23+00:00","description":"Wejd\u017a i kup ksi\u0105\u017ck\u0119 Women Pioneers of the Arts & Crafts Movement. Victoria and Albert Museum autorstwa Karen Livingstone wydan\u0105 przez Thames &amp; Hudson (2024-11-19) w formacie 21,3 x 27,9 cm (ISBN: 9780500480731). Zapraszamy!","breadcrumb":{"@id":"https:\/\/foliobooks.pl\/en\/shop\/women-pioneers-of-the-arts-crafts-movement-victoria-and-albert-museum\/#breadcrumb"},"inLanguage":"en-US","potentialAction":[{"@type":"ReadAction","target":["https:\/\/foliobooks.pl\/en\/shop\/women-pioneers-of-the-arts-crafts-movement-victoria-and-albert-museum\/"]}]},{"@type":"ImageObject","inLanguage":"en-US","@id":"https:\/\/foliobooks.pl\/en\/shop\/women-pioneers-of-the-arts-crafts-movement-victoria-and-albert-museum\/#primaryimage","url":"https:\/\/foliobooks.pl\/wp-content\/uploads\/2025\/06\/9780500480731.png","contentUrl":"https:\/\/foliobooks.pl\/wp-content\/uploads\/2025\/06\/9780500480731.png","width":570,"height":708},{"@type":"BreadcrumbList","@id":"https:\/\/foliobooks.pl\/en\/shop\/women-pioneers-of-the-arts-crafts-movement-victoria-and-albert-museum\/#breadcrumb","itemListElement":[{"@type":"ListItem","position":1,"name":"Strona g\u0142\u00f3wna","item":"https:\/\/foliobooks.pl\/en\/"},{"@type":"ListItem","position":2,"name":"Shop","item":"https:\/\/foliobooks.pl\/en\/shop\/"},{"@type":"ListItem","position":3,"name":"Women Pioneers of the Arts &#038; Crafts Movement. Victoria and Albert Museum"}]},{"@type":"WebSite","@id":"https:\/\/foliobooks.pl\/en\/#website","url":"https:\/\/foliobooks.pl\/en\/","name":"Folio","description":"Ksi\u0119garnia internetowa","potentialAction":[{"@type":"SearchAction","target":{"@type":"EntryPoint","urlTemplate":"https:\/\/foliobooks.pl\/en\/?s={search_term_string}"},"query-input":{"@type":"PropertyValueSpecification","valueRequired":true,"valueName":"search_term_string"}}],"inLanguage":"en-US"}]}},"_links":{"self":[{"href":"https:\/\/foliobooks.pl\/en\/wp-json\/wp\/v2\/product\/106955","targetHints":{"allow":["GET"]}}],"collection":[{"href":"https:\/\/foliobooks.pl\/en\/wp-json\/wp\/v2\/product"}],"about":[{"href":"https:\/\/foliobooks.pl\/en\/wp-json\/wp\/v2\/types\/product"}],"replies":[{"embeddable":true,"href":"https:\/\/foliobooks.pl\/en\/wp-json\/wp\/v2\/comments?post=106955"}],"wp:featuredmedia":[{"embeddable":true,"href":"https:\/\/foliobooks.pl\/en\/wp-json\/wp\/v2\/media\/106766"}],"wp:attachment":[{"href":"https:\/\/foliobooks.pl\/en\/wp-json\/wp\/v2\/media?parent=106955"}],"wp:term":[{"taxonomy":"product_brand","embeddable":true,"href":"https:\/\/foliobooks.pl\/en\/wp-json\/wp\/v2\/product_brand?post=106955"},{"taxonomy":"product_cat","embeddable":true,"href":"https:\/\/foliobooks.pl\/en\/wp-json\/wp\/v2\/product_cat?post=106955"},{"taxonomy":"product_tag","embeddable":true,"href":"https:\/\/foliobooks.pl\/en\/wp-json\/wp\/v2\/product_tag?post=106955"}],"curies":[{"name":"wp","href":"https:\/\/api.w.org\/{rel}","templated":true}]}}