{"id":106895,"date":"2025-07-23T13:04:59","date_gmt":"2025-07-23T11:04:59","guid":{"rendered":"https:\/\/foliobooks.pl\/sklep\/tom-of-finland-the-complete-kake-comics-45th-ed\/"},"modified":"2025-07-23T13:04:59","modified_gmt":"2025-07-23T11:04:59","slug":"tom-of-finland-the-complete-kake-comics-45th-ed","status":"publish","type":"product","link":"https:\/\/foliobooks.pl\/en\/shop\/tom-of-finland-the-complete-kake-comics-45th-ed\/","title":{"rendered":"Tom of Finland. The Complete Kake Comics. 45th Ed."},"content":{"rendered":"<p>Back to the days when men were men and sex was carefree<\/p>\n<p>In 1965, Tom of Finland began flirting with the idea of an ongoing character for his panel stories, the ultimate Tom\u2019s Man. He tried out a blond named Vicky\u2014a common male name in Finland\u2014followed by a Tarzan-inspired Jack. Then in 1968 Tom settled on Kake, a dark-haired, mustached leatherman who often wore a tight white T-shirt bearing the motto \u201cFucker.\u201d Kake lived up to this moniker, a sort of post-Stonewall, hyper-masculine Johnny Appleseed traveling the world on his motorcycle to spread the seeds of liberated, mutually satisfying, ecstatically explicit gay sex. Tom lived out many of his most personal fantasies through Kake, and Kake\u2019s international fans made him the template for what came to be known as the gay clone look of the 1970s. Between 1968 and 1986, Tom published 26 episodes of Kake adventures, most as 20-page booklets.<\/p>\n<p>Tom of Finland \u2013 The Complete Kake Comics collects all of these stories in one volume. Return with Kake to the days when men were men, sex was carefree, and everyone wore a big thick mustache.<\/p>\n","protected":false},"excerpt":{"rendered":"<p>Back to the days when men were men and sex was carefree In 1965, Tom of Finland began flirting with the idea of an ongoing character for his panel stories, the ultimate Tom\u2019s Man. He tried out a blond named Vicky\u2014a common male name in Finland\u2014followed by a Tarzan-inspired Jack. Then in 1968 Tom settled&#8230;<\/p>\n","protected":false},"featured_media":106880,"comment_status":"closed","ping_status":"closed","template":"","meta":[],"product_brand":[],"product_cat":[13533,4517],"product_tag":[1647],"class_list":{"0":"post-106895","1":"product","2":"type-product","3":"status-publish","4":"has-post-thumbnail","6":"product_cat-books","7":"product_cat-photography-en","8":"product_tag-erotica","9":"pa_author_att-dian-hanson-en","10":"pa_cover-hardcover","11":"pa_format-156-x-217-cm-en","12":"pa_isbn-9783754403297-en","13":"pa_language-eng-f-ger","14":"pa_pages-512-en","15":"pa_published-2025-07-04-en","16":"pa_publisher-taschen-en-en","18":"first","19":"instock","20":"sold-individually","21":"shipping-taxable","22":"purchasable","23":"product-type-simple"},"yoast_head":"<!-- This site is optimized with the Yoast SEO plugin v27.5 - https:\/\/yoast.com\/product\/yoast-seo-wordpress\/ -->\n<title>Tom of Finland. The Complete Kake Comics. 45th Ed. (Dian Hanson) - book \/ album - Folio<\/title>\n<meta name=\"description\" content=\"Wejd\u017a i kup ksi\u0105\u017ck\u0119 Tom of Finland. The Complete Kake Comics. 45th Ed. autorstwa Dian Hanson wydan\u0105 przez TASCHEN (2025-07-04) w formacie 15,6 x 21,7 cm (ISBN: 9783754403297). Zapraszamy!\" \/>\n<meta name=\"robots\" content=\"index, follow, max-snippet:-1, max-image-preview:large, max-video-preview:-1\" \/>\n<link rel=\"canonical\" href=\"https:\/\/foliobooks.pl\/en\/shop\/tom-of-finland-the-complete-kake-comics-45th-ed\/\" \/>\n<meta property=\"og:locale\" content=\"en_US\" \/>\n<meta property=\"og:type\" content=\"article\" \/>\n<meta property=\"og:title\" content=\"Tom of Finland. The Complete Kake Comics. 45th Ed. (Dian Hanson) - book \/ album - Folio\" \/>\n<meta property=\"og:description\" content=\"Wejd\u017a i kup ksi\u0105\u017ck\u0119 Tom of Finland. The Complete Kake Comics. 45th Ed. autorstwa Dian Hanson wydan\u0105 przez TASCHEN (2025-07-04) w formacie 15,6 x 21,7 cm (ISBN: 9783754403297). Zapraszamy!\" \/>\n<meta property=\"og:url\" content=\"https:\/\/foliobooks.pl\/en\/shop\/tom-of-finland-the-complete-kake-comics-45th-ed\/\" \/>\n<meta property=\"og:site_name\" content=\"Folio\" \/>\n<meta property=\"og:image\" content=\"https:\/\/foliobooks.pl\/wp-content\/uploads\/2025\/07\/9783754403297.png\" \/>\n\t<meta property=\"og:image:width\" content=\"570\" \/>\n\t<meta property=\"og:image:height\" content=\"708\" \/>\n\t<meta property=\"og:image:type\" content=\"image\/png\" \/>\n<meta name=\"twitter:card\" content=\"summary_large_image\" \/>\n<meta name=\"twitter:label1\" content=\"Est. reading time\" \/>\n\t<meta name=\"twitter:data1\" content=\"2 minutes\" \/>\n<script type=\"application\/ld+json\" class=\"yoast-schema-graph\">{\"@context\":\"https:\\\/\\\/schema.org\",\"@graph\":[{\"@type\":\"WebPage\",\"@id\":\"https:\\\/\\\/foliobooks.pl\\\/en\\\/shop\\\/tom-of-finland-the-complete-kake-comics-45th-ed\\\/\",\"url\":\"https:\\\/\\\/foliobooks.pl\\\/en\\\/shop\\\/tom-of-finland-the-complete-kake-comics-45th-ed\\\/\",\"name\":\"Tom of Finland. The Complete Kake Comics. 45th Ed. (Dian Hanson) - book \\\/ album - Folio\",\"isPartOf\":{\"@id\":\"https:\\\/\\\/foliobooks.pl\\\/en\\\/#website\"},\"primaryImageOfPage\":{\"@id\":\"https:\\\/\\\/foliobooks.pl\\\/en\\\/shop\\\/tom-of-finland-the-complete-kake-comics-45th-ed\\\/#primaryimage\"},\"image\":{\"@id\":\"https:\\\/\\\/foliobooks.pl\\\/en\\\/shop\\\/tom-of-finland-the-complete-kake-comics-45th-ed\\\/#primaryimage\"},\"thumbnailUrl\":\"https:\\\/\\\/foliobooks.pl\\\/wp-content\\\/uploads\\\/2025\\\/07\\\/9783754403297.png\",\"datePublished\":\"2025-07-23T11:04:59+00:00\",\"description\":\"Wejd\u017a i kup ksi\u0105\u017ck\u0119 Tom of Finland. The Complete Kake Comics. 45th Ed. autorstwa Dian Hanson wydan\u0105 przez TASCHEN (2025-07-04) w formacie 15,6 x 21,7 cm (ISBN: 9783754403297). Zapraszamy!\",\"breadcrumb\":{\"@id\":\"https:\\\/\\\/foliobooks.pl\\\/en\\\/shop\\\/tom-of-finland-the-complete-kake-comics-45th-ed\\\/#breadcrumb\"},\"inLanguage\":\"en-US\",\"potentialAction\":[{\"@type\":\"ReadAction\",\"target\":[\"https:\\\/\\\/foliobooks.pl\\\/en\\\/shop\\\/tom-of-finland-the-complete-kake-comics-45th-ed\\\/\"]}]},{\"@type\":\"ImageObject\",\"inLanguage\":\"en-US\",\"@id\":\"https:\\\/\\\/foliobooks.pl\\\/en\\\/shop\\\/tom-of-finland-the-complete-kake-comics-45th-ed\\\/#primaryimage\",\"url\":\"https:\\\/\\\/foliobooks.pl\\\/wp-content\\\/uploads\\\/2025\\\/07\\\/9783754403297.png\",\"contentUrl\":\"https:\\\/\\\/foliobooks.pl\\\/wp-content\\\/uploads\\\/2025\\\/07\\\/9783754403297.png\",\"width\":570,\"height\":708},{\"@type\":\"BreadcrumbList\",\"@id\":\"https:\\\/\\\/foliobooks.pl\\\/en\\\/shop\\\/tom-of-finland-the-complete-kake-comics-45th-ed\\\/#breadcrumb\",\"itemListElement\":[{\"@type\":\"ListItem\",\"position\":1,\"name\":\"Strona g\u0142\u00f3wna\",\"item\":\"https:\\\/\\\/foliobooks.pl\\\/en\\\/\"},{\"@type\":\"ListItem\",\"position\":2,\"name\":\"Shop\",\"item\":\"https:\\\/\\\/foliobooks.pl\\\/en\\\/shop\\\/\"},{\"@type\":\"ListItem\",\"position\":3,\"name\":\"Tom of Finland. The Complete Kake Comics. 45th Ed.\"}]},{\"@type\":\"WebSite\",\"@id\":\"https:\\\/\\\/foliobooks.pl\\\/en\\\/#website\",\"url\":\"https:\\\/\\\/foliobooks.pl\\\/en\\\/\",\"name\":\"Folio\",\"description\":\"Ksi\u0119garnia internetowa\",\"potentialAction\":[{\"@type\":\"SearchAction\",\"target\":{\"@type\":\"EntryPoint\",\"urlTemplate\":\"https:\\\/\\\/foliobooks.pl\\\/en\\\/?s={search_term_string}\"},\"query-input\":{\"@type\":\"PropertyValueSpecification\",\"valueRequired\":true,\"valueName\":\"search_term_string\"}}],\"inLanguage\":\"en-US\"}]}<\/script>\n<!-- \/ Yoast SEO plugin. -->","yoast_head_json":{"title":"Tom of Finland. The Complete Kake Comics. 45th Ed. (Dian Hanson) - book \/ album - Folio","description":"Wejd\u017a i kup ksi\u0105\u017ck\u0119 Tom of Finland. The Complete Kake Comics. 45th Ed. autorstwa Dian Hanson wydan\u0105 przez TASCHEN (2025-07-04) w formacie 15,6 x 21,7 cm (ISBN: 9783754403297). Zapraszamy!","robots":{"index":"index","follow":"follow","max-snippet":"max-snippet:-1","max-image-preview":"max-image-preview:large","max-video-preview":"max-video-preview:-1"},"canonical":"https:\/\/foliobooks.pl\/en\/shop\/tom-of-finland-the-complete-kake-comics-45th-ed\/","og_locale":"en_US","og_type":"article","og_title":"Tom of Finland. The Complete Kake Comics. 45th Ed. (Dian Hanson) - book \/ album - Folio","og_description":"Wejd\u017a i kup ksi\u0105\u017ck\u0119 Tom of Finland. The Complete Kake Comics. 45th Ed. autorstwa Dian Hanson wydan\u0105 przez TASCHEN (2025-07-04) w formacie 15,6 x 21,7 cm (ISBN: 9783754403297). Zapraszamy!","og_url":"https:\/\/foliobooks.pl\/en\/shop\/tom-of-finland-the-complete-kake-comics-45th-ed\/","og_site_name":"Folio","og_image":[{"width":570,"height":708,"url":"https:\/\/foliobooks.pl\/wp-content\/uploads\/2025\/07\/9783754403297.png","type":"image\/png"}],"twitter_card":"summary_large_image","twitter_misc":{"Est. reading time":"2 minutes"},"schema":{"@context":"https:\/\/schema.org","@graph":[{"@type":"WebPage","@id":"https:\/\/foliobooks.pl\/en\/shop\/tom-of-finland-the-complete-kake-comics-45th-ed\/","url":"https:\/\/foliobooks.pl\/en\/shop\/tom-of-finland-the-complete-kake-comics-45th-ed\/","name":"Tom of Finland. The Complete Kake Comics. 45th Ed. (Dian Hanson) - book \/ album - Folio","isPartOf":{"@id":"https:\/\/foliobooks.pl\/en\/#website"},"primaryImageOfPage":{"@id":"https:\/\/foliobooks.pl\/en\/shop\/tom-of-finland-the-complete-kake-comics-45th-ed\/#primaryimage"},"image":{"@id":"https:\/\/foliobooks.pl\/en\/shop\/tom-of-finland-the-complete-kake-comics-45th-ed\/#primaryimage"},"thumbnailUrl":"https:\/\/foliobooks.pl\/wp-content\/uploads\/2025\/07\/9783754403297.png","datePublished":"2025-07-23T11:04:59+00:00","description":"Wejd\u017a i kup ksi\u0105\u017ck\u0119 Tom of Finland. The Complete Kake Comics. 45th Ed. autorstwa Dian Hanson wydan\u0105 przez TASCHEN (2025-07-04) w formacie 15,6 x 21,7 cm (ISBN: 9783754403297). Zapraszamy!","breadcrumb":{"@id":"https:\/\/foliobooks.pl\/en\/shop\/tom-of-finland-the-complete-kake-comics-45th-ed\/#breadcrumb"},"inLanguage":"en-US","potentialAction":[{"@type":"ReadAction","target":["https:\/\/foliobooks.pl\/en\/shop\/tom-of-finland-the-complete-kake-comics-45th-ed\/"]}]},{"@type":"ImageObject","inLanguage":"en-US","@id":"https:\/\/foliobooks.pl\/en\/shop\/tom-of-finland-the-complete-kake-comics-45th-ed\/#primaryimage","url":"https:\/\/foliobooks.pl\/wp-content\/uploads\/2025\/07\/9783754403297.png","contentUrl":"https:\/\/foliobooks.pl\/wp-content\/uploads\/2025\/07\/9783754403297.png","width":570,"height":708},{"@type":"BreadcrumbList","@id":"https:\/\/foliobooks.pl\/en\/shop\/tom-of-finland-the-complete-kake-comics-45th-ed\/#breadcrumb","itemListElement":[{"@type":"ListItem","position":1,"name":"Strona g\u0142\u00f3wna","item":"https:\/\/foliobooks.pl\/en\/"},{"@type":"ListItem","position":2,"name":"Shop","item":"https:\/\/foliobooks.pl\/en\/shop\/"},{"@type":"ListItem","position":3,"name":"Tom of Finland. The Complete Kake Comics. 45th Ed."}]},{"@type":"WebSite","@id":"https:\/\/foliobooks.pl\/en\/#website","url":"https:\/\/foliobooks.pl\/en\/","name":"Folio","description":"Ksi\u0119garnia internetowa","potentialAction":[{"@type":"SearchAction","target":{"@type":"EntryPoint","urlTemplate":"https:\/\/foliobooks.pl\/en\/?s={search_term_string}"},"query-input":{"@type":"PropertyValueSpecification","valueRequired":true,"valueName":"search_term_string"}}],"inLanguage":"en-US"}]}},"_links":{"self":[{"href":"https:\/\/foliobooks.pl\/en\/wp-json\/wp\/v2\/product\/106895","targetHints":{"allow":["GET"]}}],"collection":[{"href":"https:\/\/foliobooks.pl\/en\/wp-json\/wp\/v2\/product"}],"about":[{"href":"https:\/\/foliobooks.pl\/en\/wp-json\/wp\/v2\/types\/product"}],"replies":[{"embeddable":true,"href":"https:\/\/foliobooks.pl\/en\/wp-json\/wp\/v2\/comments?post=106895"}],"wp:featuredmedia":[{"embeddable":true,"href":"https:\/\/foliobooks.pl\/en\/wp-json\/wp\/v2\/media\/106880"}],"wp:attachment":[{"href":"https:\/\/foliobooks.pl\/en\/wp-json\/wp\/v2\/media?parent=106895"}],"wp:term":[{"taxonomy":"product_brand","embeddable":true,"href":"https:\/\/foliobooks.pl\/en\/wp-json\/wp\/v2\/product_brand?post=106895"},{"taxonomy":"product_cat","embeddable":true,"href":"https:\/\/foliobooks.pl\/en\/wp-json\/wp\/v2\/product_cat?post=106895"},{"taxonomy":"product_tag","embeddable":true,"href":"https:\/\/foliobooks.pl\/en\/wp-json\/wp\/v2\/product_tag?post=106895"}],"curies":[{"name":"wp","href":"https:\/\/api.w.org\/{rel}","templated":true}]}}