{"id":106710,"date":"2025-06-06T16:12:31","date_gmt":"2025-06-06T14:12:31","guid":{"rendered":"https:\/\/foliobooks.pl\/sklep\/roma-eterna\/"},"modified":"2026-04-24T14:47:36","modified_gmt":"2026-04-24T12:47:36","slug":"roma-eterna","status":"publish","type":"product","link":"https:\/\/foliobooks.pl\/en\/shop\/roma-eterna\/","title":{"rendered":"Roma Eterna"},"content":{"rendered":"<p>Rome\u2019s founding is linked to a long-held myth involving a god, a she-wolf, and a fraternal rift, and its history continued with even more intrigue\u2014a record on display throughout the city, in all its grandeur. Rome is aptly named the Eternal City, with a never-ending list of must-see landmarks: the Vatican, the Colosseum, the Trevi Fountain, the Spanish Steps, the Pantheon. But Rome is not just a museum showcasing its past greatness; there is also a modern Rome waiting to be discovered in its cocktail bars, art galleries, and nightlife. While Milan may get all the sartorial glory, Rome is a fashion capital in its own right, home to the headquarters of Fendi, Valentino, Brioni, and Bulgari, to name a few.<\/p>\n<p>With a foreword by Assouline\u2019s resident Italy expert, Cesare Cunaccia, and photos from Martine and Prosper Assouline\u2019s own travels to Rome, this book brings the personal facets of the city to life, highlighting the quieter moments found in the quaint alleyways and family-owned osterias. From the heart of a gladiator to the masterpieces of Cinecitt\u00e0, from the roar of the crowds at Stadio Olimpico to the mouthwatering taste of handmade pasta, the endless wonders of Rome are not only experienced but felt through the pages of Roma Eterna. Hop aboard a cherry-red Vespa and ride into the sunset \u00e0 la Roman Holiday and fall in love with this marvelous metropolis.<\/p>\n","protected":false},"excerpt":{"rendered":"<p>Rome\u2019s founding is linked to a long-held myth involving a god, a she-wolf, and a fraternal rift, and its history continued with even more intrigue\u2014a record on display throughout the city, in all its grandeur. Rome is aptly named the Eternal City, with a never-ending list of must-see landmarks: the Vatican, the Colosseum, the Trevi&#8230;<\/p>\n","protected":false},"featured_media":106695,"comment_status":"closed","ping_status":"closed","template":"","meta":[],"product_brand":[],"product_cat":[13533,4517],"product_tag":[11484,1681,11524],"class_list":{"0":"post-106710","1":"product","2":"type-product","3":"status-publish","4":"has-post-thumbnail","6":"product_cat-books","7":"product_cat-photography-en","8":"product_tag-europe-en","9":"product_tag-history","10":"product_tag-italy-en","11":"pa_author_att-james-horncastle-en","12":"pa_cover-hardcover","13":"pa_format-25-x-33-cm-en","14":"pa_isbn-9781649804525-en","15":"pa_language-eng","16":"pa_pages-320-en","17":"pa_published-2025-05-08-en","18":"pa_publisher-assouline-en","20":"first","21":"instock","22":"sale","23":"sold-individually","24":"shipping-taxable","25":"purchasable","26":"product-type-simple"},"yoast_head":"<!-- This site is optimized with the Yoast SEO plugin v27.4 - https:\/\/yoast.com\/product\/yoast-seo-wordpress\/ -->\n<title>Roma Eterna (James Horncastle) - book \/ album - Folio<\/title>\n<meta name=\"description\" content=\"Wejd\u017a i kup ksi\u0105\u017ck\u0119 Roma Eterna autorstwa James Horncastle wydan\u0105 przez Assouline (2025-05-08) w formacie 25 x 33 cm (ISBN: 9781649804525). Zapraszamy!\" \/>\n<meta name=\"robots\" content=\"index, follow, max-snippet:-1, max-image-preview:large, max-video-preview:-1\" \/>\n<link rel=\"canonical\" href=\"https:\/\/foliobooks.pl\/en\/shop\/roma-eterna\/\" \/>\n<meta property=\"og:locale\" content=\"en_US\" \/>\n<meta property=\"og:type\" content=\"article\" \/>\n<meta property=\"og:title\" content=\"Roma Eterna (James Horncastle) - book \/ album - Folio\" \/>\n<meta property=\"og:description\" content=\"Wejd\u017a i kup ksi\u0105\u017ck\u0119 Roma Eterna autorstwa James Horncastle wydan\u0105 przez Assouline (2025-05-08) w formacie 25 x 33 cm (ISBN: 9781649804525). Zapraszamy!\" \/>\n<meta property=\"og:url\" content=\"https:\/\/foliobooks.pl\/en\/shop\/roma-eterna\/\" \/>\n<meta property=\"og:site_name\" content=\"Folio\" \/>\n<meta property=\"article:modified_time\" content=\"2026-04-24T12:47:36+00:00\" \/>\n<meta property=\"og:image\" content=\"https:\/\/foliobooks.pl\/wp-content\/uploads\/2025\/06\/9781649804525.png\" \/>\n\t<meta property=\"og:image:width\" content=\"570\" \/>\n\t<meta property=\"og:image:height\" content=\"708\" \/>\n\t<meta property=\"og:image:type\" content=\"image\/png\" \/>\n<meta name=\"twitter:card\" content=\"summary_large_image\" \/>\n<meta name=\"twitter:label1\" content=\"Est. reading time\" \/>\n\t<meta name=\"twitter:data1\" content=\"2 minutes\" \/>\n<script type=\"application\/ld+json\" class=\"yoast-schema-graph\">{\"@context\":\"https:\\\/\\\/schema.org\",\"@graph\":[{\"@type\":\"WebPage\",\"@id\":\"https:\\\/\\\/foliobooks.pl\\\/en\\\/shop\\\/roma-eterna\\\/\",\"url\":\"https:\\\/\\\/foliobooks.pl\\\/en\\\/shop\\\/roma-eterna\\\/\",\"name\":\"Roma Eterna (James Horncastle) - book \\\/ album - Folio\",\"isPartOf\":{\"@id\":\"https:\\\/\\\/foliobooks.pl\\\/en\\\/#website\"},\"primaryImageOfPage\":{\"@id\":\"https:\\\/\\\/foliobooks.pl\\\/en\\\/shop\\\/roma-eterna\\\/#primaryimage\"},\"image\":{\"@id\":\"https:\\\/\\\/foliobooks.pl\\\/en\\\/shop\\\/roma-eterna\\\/#primaryimage\"},\"thumbnailUrl\":\"https:\\\/\\\/foliobooks.pl\\\/wp-content\\\/uploads\\\/2025\\\/06\\\/9781649804525.png\",\"datePublished\":\"2025-06-06T14:12:31+00:00\",\"dateModified\":\"2026-04-24T12:47:36+00:00\",\"description\":\"Wejd\u017a i kup ksi\u0105\u017ck\u0119 Roma Eterna autorstwa James Horncastle wydan\u0105 przez Assouline (2025-05-08) w formacie 25 x 33 cm (ISBN: 9781649804525). Zapraszamy!\",\"breadcrumb\":{\"@id\":\"https:\\\/\\\/foliobooks.pl\\\/en\\\/shop\\\/roma-eterna\\\/#breadcrumb\"},\"inLanguage\":\"en-US\",\"potentialAction\":[{\"@type\":\"ReadAction\",\"target\":[\"https:\\\/\\\/foliobooks.pl\\\/en\\\/shop\\\/roma-eterna\\\/\"]}]},{\"@type\":\"ImageObject\",\"inLanguage\":\"en-US\",\"@id\":\"https:\\\/\\\/foliobooks.pl\\\/en\\\/shop\\\/roma-eterna\\\/#primaryimage\",\"url\":\"https:\\\/\\\/foliobooks.pl\\\/wp-content\\\/uploads\\\/2025\\\/06\\\/9781649804525.png\",\"contentUrl\":\"https:\\\/\\\/foliobooks.pl\\\/wp-content\\\/uploads\\\/2025\\\/06\\\/9781649804525.png\",\"width\":570,\"height\":708},{\"@type\":\"BreadcrumbList\",\"@id\":\"https:\\\/\\\/foliobooks.pl\\\/en\\\/shop\\\/roma-eterna\\\/#breadcrumb\",\"itemListElement\":[{\"@type\":\"ListItem\",\"position\":1,\"name\":\"Strona g\u0142\u00f3wna\",\"item\":\"https:\\\/\\\/foliobooks.pl\\\/en\\\/\"},{\"@type\":\"ListItem\",\"position\":2,\"name\":\"Shop\",\"item\":\"https:\\\/\\\/foliobooks.pl\\\/en\\\/shop\\\/\"},{\"@type\":\"ListItem\",\"position\":3,\"name\":\"Roma Eterna\"}]},{\"@type\":\"WebSite\",\"@id\":\"https:\\\/\\\/foliobooks.pl\\\/en\\\/#website\",\"url\":\"https:\\\/\\\/foliobooks.pl\\\/en\\\/\",\"name\":\"Folio\",\"description\":\"Ksi\u0119garnia internetowa\",\"potentialAction\":[{\"@type\":\"SearchAction\",\"target\":{\"@type\":\"EntryPoint\",\"urlTemplate\":\"https:\\\/\\\/foliobooks.pl\\\/en\\\/?s={search_term_string}\"},\"query-input\":{\"@type\":\"PropertyValueSpecification\",\"valueRequired\":true,\"valueName\":\"search_term_string\"}}],\"inLanguage\":\"en-US\"}]}<\/script>\n<!-- \/ Yoast SEO plugin. -->","yoast_head_json":{"title":"Roma Eterna (James Horncastle) - book \/ album - Folio","description":"Wejd\u017a i kup ksi\u0105\u017ck\u0119 Roma Eterna autorstwa James Horncastle wydan\u0105 przez Assouline (2025-05-08) w formacie 25 x 33 cm (ISBN: 9781649804525). Zapraszamy!","robots":{"index":"index","follow":"follow","max-snippet":"max-snippet:-1","max-image-preview":"max-image-preview:large","max-video-preview":"max-video-preview:-1"},"canonical":"https:\/\/foliobooks.pl\/en\/shop\/roma-eterna\/","og_locale":"en_US","og_type":"article","og_title":"Roma Eterna (James Horncastle) - book \/ album - Folio","og_description":"Wejd\u017a i kup ksi\u0105\u017ck\u0119 Roma Eterna autorstwa James Horncastle wydan\u0105 przez Assouline (2025-05-08) w formacie 25 x 33 cm (ISBN: 9781649804525). Zapraszamy!","og_url":"https:\/\/foliobooks.pl\/en\/shop\/roma-eterna\/","og_site_name":"Folio","article_modified_time":"2026-04-24T12:47:36+00:00","og_image":[{"width":570,"height":708,"url":"https:\/\/foliobooks.pl\/wp-content\/uploads\/2025\/06\/9781649804525.png","type":"image\/png"}],"twitter_card":"summary_large_image","twitter_misc":{"Est. reading time":"2 minutes"},"schema":{"@context":"https:\/\/schema.org","@graph":[{"@type":"WebPage","@id":"https:\/\/foliobooks.pl\/en\/shop\/roma-eterna\/","url":"https:\/\/foliobooks.pl\/en\/shop\/roma-eterna\/","name":"Roma Eterna (James Horncastle) - book \/ album - Folio","isPartOf":{"@id":"https:\/\/foliobooks.pl\/en\/#website"},"primaryImageOfPage":{"@id":"https:\/\/foliobooks.pl\/en\/shop\/roma-eterna\/#primaryimage"},"image":{"@id":"https:\/\/foliobooks.pl\/en\/shop\/roma-eterna\/#primaryimage"},"thumbnailUrl":"https:\/\/foliobooks.pl\/wp-content\/uploads\/2025\/06\/9781649804525.png","datePublished":"2025-06-06T14:12:31+00:00","dateModified":"2026-04-24T12:47:36+00:00","description":"Wejd\u017a i kup ksi\u0105\u017ck\u0119 Roma Eterna autorstwa James Horncastle wydan\u0105 przez Assouline (2025-05-08) w formacie 25 x 33 cm (ISBN: 9781649804525). Zapraszamy!","breadcrumb":{"@id":"https:\/\/foliobooks.pl\/en\/shop\/roma-eterna\/#breadcrumb"},"inLanguage":"en-US","potentialAction":[{"@type":"ReadAction","target":["https:\/\/foliobooks.pl\/en\/shop\/roma-eterna\/"]}]},{"@type":"ImageObject","inLanguage":"en-US","@id":"https:\/\/foliobooks.pl\/en\/shop\/roma-eterna\/#primaryimage","url":"https:\/\/foliobooks.pl\/wp-content\/uploads\/2025\/06\/9781649804525.png","contentUrl":"https:\/\/foliobooks.pl\/wp-content\/uploads\/2025\/06\/9781649804525.png","width":570,"height":708},{"@type":"BreadcrumbList","@id":"https:\/\/foliobooks.pl\/en\/shop\/roma-eterna\/#breadcrumb","itemListElement":[{"@type":"ListItem","position":1,"name":"Strona g\u0142\u00f3wna","item":"https:\/\/foliobooks.pl\/en\/"},{"@type":"ListItem","position":2,"name":"Shop","item":"https:\/\/foliobooks.pl\/en\/shop\/"},{"@type":"ListItem","position":3,"name":"Roma Eterna"}]},{"@type":"WebSite","@id":"https:\/\/foliobooks.pl\/en\/#website","url":"https:\/\/foliobooks.pl\/en\/","name":"Folio","description":"Ksi\u0119garnia internetowa","potentialAction":[{"@type":"SearchAction","target":{"@type":"EntryPoint","urlTemplate":"https:\/\/foliobooks.pl\/en\/?s={search_term_string}"},"query-input":{"@type":"PropertyValueSpecification","valueRequired":true,"valueName":"search_term_string"}}],"inLanguage":"en-US"}]}},"_links":{"self":[{"href":"https:\/\/foliobooks.pl\/en\/wp-json\/wp\/v2\/product\/106710","targetHints":{"allow":["GET"]}}],"collection":[{"href":"https:\/\/foliobooks.pl\/en\/wp-json\/wp\/v2\/product"}],"about":[{"href":"https:\/\/foliobooks.pl\/en\/wp-json\/wp\/v2\/types\/product"}],"replies":[{"embeddable":true,"href":"https:\/\/foliobooks.pl\/en\/wp-json\/wp\/v2\/comments?post=106710"}],"wp:featuredmedia":[{"embeddable":true,"href":"https:\/\/foliobooks.pl\/en\/wp-json\/wp\/v2\/media\/106695"}],"wp:attachment":[{"href":"https:\/\/foliobooks.pl\/en\/wp-json\/wp\/v2\/media?parent=106710"}],"wp:term":[{"taxonomy":"product_brand","embeddable":true,"href":"https:\/\/foliobooks.pl\/en\/wp-json\/wp\/v2\/product_brand?post=106710"},{"taxonomy":"product_cat","embeddable":true,"href":"https:\/\/foliobooks.pl\/en\/wp-json\/wp\/v2\/product_cat?post=106710"},{"taxonomy":"product_tag","embeddable":true,"href":"https:\/\/foliobooks.pl\/en\/wp-json\/wp\/v2\/product_tag?post=106710"}],"curies":[{"name":"wp","href":"https:\/\/api.w.org\/{rel}","templated":true}]}}