{"id":106656,"date":"2025-06-06T11:15:42","date_gmt":"2025-06-06T09:15:42","guid":{"rendered":"https:\/\/foliobooks.pl\/sklep\/orientalism-style\/"},"modified":"2026-02-18T14:55:39","modified_gmt":"2026-02-18T13:55:39","slug":"orientalism-style","status":"publish","type":"product","link":"https:\/\/foliobooks.pl\/en\/shop\/orientalism-style\/","title":{"rendered":"Orientalism Style"},"content":{"rendered":"<p>For centuries, the West has been fascinated by the mysterious allure of the Middle East and Asia, captivated by the curious customs, the exotic spices and colors of the bazaars, the romantic atmosphere of the graceful architecture and flowing garments. In the popular imagination, thoughts of the East evoke stories of travel, literature, paintings, decorative arts, fashion and films that have enchanted us for decades. As if viewing the world from a magic flying carpet, through the perspective of Orientalism the nostalgia for vanished civilizations developed into an idealized fantasy.<br \/>\nMore than a style, Orientalism is a way of seeing, of perceiving, of sharing emotions and palettes of colors,<br \/>\nsensations. Historically, the wealth of the East\u2019s exuberant kaleidoscope of mysteries and perfumes was an<br \/>\nantidote to the conservative establishment and ordered rational thinking. Orientalist painters were collectors of<br \/>\ndreams, in the way lovers of objects transform their study into a cabinet of curiosities. From Marco Polo\u2019s Book of the Marvels of the World to Byron\u2019s Turkish Tales , from Paul Poiret to Yves Saint Laurent and John Galliano, from Delacroix to the British explorer Richard Burton, from Cleopatra to Lawrence of Arabia, Orientalism offers a vision filled with dreams, secrets and poetry, a sensuous tableau perfumed with incense, interweaving past and present.<br \/>\nFollowing our successful Travel series, Assouline introduces the Style series, spotlighting some of the most iconic art movements and design styles, revealing their historical impact and continuing influence on our culture today.<\/p>\n","protected":false},"excerpt":{"rendered":"<p>For centuries, the West has been fascinated by the mysterious allure of the Middle East and Asia, captivated by the curious customs, the exotic spices and colors of the bazaars, the romantic atmosphere of the graceful architecture and flowing garments. In the popular imagination, thoughts of the East evoke stories of travel, literature, paintings, decorative&#8230;<\/p>\n","protected":false},"featured_media":106641,"comment_status":"closed","ping_status":"closed","template":"","meta":[],"product_brand":[],"product_cat":[4522,13533],"product_tag":[9083],"class_list":{"0":"post-106656","1":"product","2":"type-product","3":"status-publish","4":"has-post-thumbnail","6":"product_cat-art-en","7":"product_cat-books","8":"product_tag-art-en","9":"pa_author_att-laurence-benaim-en","10":"pa_cover-hardcover","11":"pa_format-245-x-33-cm-en","12":"pa_isbn-9781649800381-en","13":"pa_language-eng","14":"pa_pages-240-en","15":"pa_published-2022-03-22-en","16":"pa_publisher-assouline-en","18":"first","19":"instock","20":"sale","21":"sold-individually","22":"shipping-taxable","23":"purchasable","24":"product-type-simple"},"yoast_head":"<!-- This site is optimized with the Yoast SEO plugin v27.4 - https:\/\/yoast.com\/product\/yoast-seo-wordpress\/ -->\n<title>Orientalism Style (Laurence Benaim) - book \/ album - Folio<\/title>\n<meta name=\"description\" content=\"Wejd\u017a i kup ksi\u0105\u017ck\u0119 Orientalism Style autorstwa Laurence Benaim wydan\u0105 przez Assouline (2022-03-22) w formacie 24,5 x 33 cm (ISBN: 9781649800381). Zapraszamy!\" \/>\n<meta name=\"robots\" content=\"index, follow, max-snippet:-1, max-image-preview:large, max-video-preview:-1\" \/>\n<link rel=\"canonical\" href=\"https:\/\/foliobooks.pl\/en\/shop\/orientalism-style\/\" \/>\n<meta property=\"og:locale\" content=\"en_US\" \/>\n<meta property=\"og:type\" content=\"article\" \/>\n<meta property=\"og:title\" content=\"Orientalism Style (Laurence Benaim) - book \/ album - Folio\" \/>\n<meta property=\"og:description\" content=\"Wejd\u017a i kup ksi\u0105\u017ck\u0119 Orientalism Style autorstwa Laurence Benaim wydan\u0105 przez Assouline (2022-03-22) w formacie 24,5 x 33 cm (ISBN: 9781649800381). Zapraszamy!\" \/>\n<meta property=\"og:url\" content=\"https:\/\/foliobooks.pl\/en\/shop\/orientalism-style\/\" \/>\n<meta property=\"og:site_name\" content=\"Folio\" \/>\n<meta property=\"article:modified_time\" content=\"2026-02-18T13:55:39+00:00\" \/>\n<meta property=\"og:image\" content=\"https:\/\/foliobooks.pl\/wp-content\/uploads\/2025\/06\/9781649800381.png\" \/>\n\t<meta property=\"og:image:width\" content=\"570\" \/>\n\t<meta property=\"og:image:height\" content=\"708\" \/>\n\t<meta property=\"og:image:type\" content=\"image\/png\" \/>\n<meta name=\"twitter:card\" content=\"summary_large_image\" \/>\n<meta name=\"twitter:label1\" content=\"Est. reading time\" \/>\n\t<meta name=\"twitter:data1\" content=\"2 minutes\" \/>\n<script type=\"application\/ld+json\" class=\"yoast-schema-graph\">{\"@context\":\"https:\\\/\\\/schema.org\",\"@graph\":[{\"@type\":\"WebPage\",\"@id\":\"https:\\\/\\\/foliobooks.pl\\\/en\\\/shop\\\/orientalism-style\\\/\",\"url\":\"https:\\\/\\\/foliobooks.pl\\\/en\\\/shop\\\/orientalism-style\\\/\",\"name\":\"Orientalism Style (Laurence Benaim) - book \\\/ album - Folio\",\"isPartOf\":{\"@id\":\"https:\\\/\\\/foliobooks.pl\\\/en\\\/#website\"},\"primaryImageOfPage\":{\"@id\":\"https:\\\/\\\/foliobooks.pl\\\/en\\\/shop\\\/orientalism-style\\\/#primaryimage\"},\"image\":{\"@id\":\"https:\\\/\\\/foliobooks.pl\\\/en\\\/shop\\\/orientalism-style\\\/#primaryimage\"},\"thumbnailUrl\":\"https:\\\/\\\/foliobooks.pl\\\/wp-content\\\/uploads\\\/2025\\\/06\\\/9781649800381.png\",\"datePublished\":\"2025-06-06T09:15:42+00:00\",\"dateModified\":\"2026-02-18T13:55:39+00:00\",\"description\":\"Wejd\u017a i kup ksi\u0105\u017ck\u0119 Orientalism Style autorstwa Laurence Benaim wydan\u0105 przez Assouline (2022-03-22) w formacie 24,5 x 33 cm (ISBN: 9781649800381). Zapraszamy!\",\"breadcrumb\":{\"@id\":\"https:\\\/\\\/foliobooks.pl\\\/en\\\/shop\\\/orientalism-style\\\/#breadcrumb\"},\"inLanguage\":\"en-US\",\"potentialAction\":[{\"@type\":\"ReadAction\",\"target\":[\"https:\\\/\\\/foliobooks.pl\\\/en\\\/shop\\\/orientalism-style\\\/\"]}]},{\"@type\":\"ImageObject\",\"inLanguage\":\"en-US\",\"@id\":\"https:\\\/\\\/foliobooks.pl\\\/en\\\/shop\\\/orientalism-style\\\/#primaryimage\",\"url\":\"https:\\\/\\\/foliobooks.pl\\\/wp-content\\\/uploads\\\/2025\\\/06\\\/9781649800381.png\",\"contentUrl\":\"https:\\\/\\\/foliobooks.pl\\\/wp-content\\\/uploads\\\/2025\\\/06\\\/9781649800381.png\",\"width\":570,\"height\":708},{\"@type\":\"BreadcrumbList\",\"@id\":\"https:\\\/\\\/foliobooks.pl\\\/en\\\/shop\\\/orientalism-style\\\/#breadcrumb\",\"itemListElement\":[{\"@type\":\"ListItem\",\"position\":1,\"name\":\"Strona g\u0142\u00f3wna\",\"item\":\"https:\\\/\\\/foliobooks.pl\\\/en\\\/\"},{\"@type\":\"ListItem\",\"position\":2,\"name\":\"Shop\",\"item\":\"https:\\\/\\\/foliobooks.pl\\\/en\\\/shop\\\/\"},{\"@type\":\"ListItem\",\"position\":3,\"name\":\"Orientalism Style\"}]},{\"@type\":\"WebSite\",\"@id\":\"https:\\\/\\\/foliobooks.pl\\\/en\\\/#website\",\"url\":\"https:\\\/\\\/foliobooks.pl\\\/en\\\/\",\"name\":\"Folio\",\"description\":\"Ksi\u0119garnia internetowa\",\"potentialAction\":[{\"@type\":\"SearchAction\",\"target\":{\"@type\":\"EntryPoint\",\"urlTemplate\":\"https:\\\/\\\/foliobooks.pl\\\/en\\\/?s={search_term_string}\"},\"query-input\":{\"@type\":\"PropertyValueSpecification\",\"valueRequired\":true,\"valueName\":\"search_term_string\"}}],\"inLanguage\":\"en-US\"}]}<\/script>\n<!-- \/ Yoast SEO plugin. -->","yoast_head_json":{"title":"Orientalism Style (Laurence Benaim) - book \/ album - Folio","description":"Wejd\u017a i kup ksi\u0105\u017ck\u0119 Orientalism Style autorstwa Laurence Benaim wydan\u0105 przez Assouline (2022-03-22) w formacie 24,5 x 33 cm (ISBN: 9781649800381). Zapraszamy!","robots":{"index":"index","follow":"follow","max-snippet":"max-snippet:-1","max-image-preview":"max-image-preview:large","max-video-preview":"max-video-preview:-1"},"canonical":"https:\/\/foliobooks.pl\/en\/shop\/orientalism-style\/","og_locale":"en_US","og_type":"article","og_title":"Orientalism Style (Laurence Benaim) - book \/ album - Folio","og_description":"Wejd\u017a i kup ksi\u0105\u017ck\u0119 Orientalism Style autorstwa Laurence Benaim wydan\u0105 przez Assouline (2022-03-22) w formacie 24,5 x 33 cm (ISBN: 9781649800381). Zapraszamy!","og_url":"https:\/\/foliobooks.pl\/en\/shop\/orientalism-style\/","og_site_name":"Folio","article_modified_time":"2026-02-18T13:55:39+00:00","og_image":[{"width":570,"height":708,"url":"https:\/\/foliobooks.pl\/wp-content\/uploads\/2025\/06\/9781649800381.png","type":"image\/png"}],"twitter_card":"summary_large_image","twitter_misc":{"Est. reading time":"2 minutes"},"schema":{"@context":"https:\/\/schema.org","@graph":[{"@type":"WebPage","@id":"https:\/\/foliobooks.pl\/en\/shop\/orientalism-style\/","url":"https:\/\/foliobooks.pl\/en\/shop\/orientalism-style\/","name":"Orientalism Style (Laurence Benaim) - book \/ album - Folio","isPartOf":{"@id":"https:\/\/foliobooks.pl\/en\/#website"},"primaryImageOfPage":{"@id":"https:\/\/foliobooks.pl\/en\/shop\/orientalism-style\/#primaryimage"},"image":{"@id":"https:\/\/foliobooks.pl\/en\/shop\/orientalism-style\/#primaryimage"},"thumbnailUrl":"https:\/\/foliobooks.pl\/wp-content\/uploads\/2025\/06\/9781649800381.png","datePublished":"2025-06-06T09:15:42+00:00","dateModified":"2026-02-18T13:55:39+00:00","description":"Wejd\u017a i kup ksi\u0105\u017ck\u0119 Orientalism Style autorstwa Laurence Benaim wydan\u0105 przez Assouline (2022-03-22) w formacie 24,5 x 33 cm (ISBN: 9781649800381). Zapraszamy!","breadcrumb":{"@id":"https:\/\/foliobooks.pl\/en\/shop\/orientalism-style\/#breadcrumb"},"inLanguage":"en-US","potentialAction":[{"@type":"ReadAction","target":["https:\/\/foliobooks.pl\/en\/shop\/orientalism-style\/"]}]},{"@type":"ImageObject","inLanguage":"en-US","@id":"https:\/\/foliobooks.pl\/en\/shop\/orientalism-style\/#primaryimage","url":"https:\/\/foliobooks.pl\/wp-content\/uploads\/2025\/06\/9781649800381.png","contentUrl":"https:\/\/foliobooks.pl\/wp-content\/uploads\/2025\/06\/9781649800381.png","width":570,"height":708},{"@type":"BreadcrumbList","@id":"https:\/\/foliobooks.pl\/en\/shop\/orientalism-style\/#breadcrumb","itemListElement":[{"@type":"ListItem","position":1,"name":"Strona g\u0142\u00f3wna","item":"https:\/\/foliobooks.pl\/en\/"},{"@type":"ListItem","position":2,"name":"Shop","item":"https:\/\/foliobooks.pl\/en\/shop\/"},{"@type":"ListItem","position":3,"name":"Orientalism Style"}]},{"@type":"WebSite","@id":"https:\/\/foliobooks.pl\/en\/#website","url":"https:\/\/foliobooks.pl\/en\/","name":"Folio","description":"Ksi\u0119garnia internetowa","potentialAction":[{"@type":"SearchAction","target":{"@type":"EntryPoint","urlTemplate":"https:\/\/foliobooks.pl\/en\/?s={search_term_string}"},"query-input":{"@type":"PropertyValueSpecification","valueRequired":true,"valueName":"search_term_string"}}],"inLanguage":"en-US"}]}},"_links":{"self":[{"href":"https:\/\/foliobooks.pl\/en\/wp-json\/wp\/v2\/product\/106656","targetHints":{"allow":["GET"]}}],"collection":[{"href":"https:\/\/foliobooks.pl\/en\/wp-json\/wp\/v2\/product"}],"about":[{"href":"https:\/\/foliobooks.pl\/en\/wp-json\/wp\/v2\/types\/product"}],"replies":[{"embeddable":true,"href":"https:\/\/foliobooks.pl\/en\/wp-json\/wp\/v2\/comments?post=106656"}],"wp:featuredmedia":[{"embeddable":true,"href":"https:\/\/foliobooks.pl\/en\/wp-json\/wp\/v2\/media\/106641"}],"wp:attachment":[{"href":"https:\/\/foliobooks.pl\/en\/wp-json\/wp\/v2\/media?parent=106656"}],"wp:term":[{"taxonomy":"product_brand","embeddable":true,"href":"https:\/\/foliobooks.pl\/en\/wp-json\/wp\/v2\/product_brand?post=106656"},{"taxonomy":"product_cat","embeddable":true,"href":"https:\/\/foliobooks.pl\/en\/wp-json\/wp\/v2\/product_cat?post=106656"},{"taxonomy":"product_tag","embeddable":true,"href":"https:\/\/foliobooks.pl\/en\/wp-json\/wp\/v2\/product_tag?post=106656"}],"curies":[{"name":"wp","href":"https:\/\/api.w.org\/{rel}","templated":true}]}}