{"id":106637,"date":"2025-06-05T13:06:17","date_gmt":"2025-06-05T11:06:17","guid":{"rendered":"https:\/\/foliobooks.pl\/sklep\/national-gallery-of-art-selected-works\/"},"modified":"2025-06-05T13:06:17","modified_gmt":"2025-06-05T11:06:17","slug":"national-gallery-of-art-selected-works","status":"publish","type":"product","link":"https:\/\/foliobooks.pl\/en\/shop\/national-gallery-of-art-selected-works\/","title":{"rendered":"National Gallery of Art. Selected Works"},"content":{"rendered":"<p>An ideal introduction to the National Gallery of Art, this book highlights fifty paintings, sculptures, works on paper, photographs, and more from the museum\u2019s collection.<\/p>\n<p>This book showcases fifty paintings, sculptures, works on paper, photographs, and more from the National Gallery of Art. Selected from more than 150,000 works in the museum\u2019s vast collection, these remarkable examples of European and American art span centuries of human creativity.<\/p>\n<p>The National Gallery, its history, and the three parts of its 29-acre campus\u2014the West Building (opened 1941), East Building (1978), and Sculpture Garden (1999)\u2014are explored alongside works by Leonardo da Vinci, Rembrandt, Vermeer, Degas, van Gogh, Matisse, Picasso, Rothko, and Calder. Contemporary artists featured include Faith Ringgold, Carrie Mae Weems, Daniel Lind-Ramos, and Jaune Quick-to-See Smith.<\/p>\n<p>While many works represent self-exploration and identity, emotion and spirituality, others are quiet memorials to the everyday that connect us in our common understanding of the world. Presenting scenes painted in the Middle Ages to mixed-media works created this century, this book is perfect for lovers of art and art history and anyone visiting the museum\u2019s extraordinary collection.<\/p>\n","protected":false},"excerpt":{"rendered":"<p>An ideal introduction to the National Gallery of Art, this book highlights fifty paintings, sculptures, works on paper, photographs, and more from the museum\u2019s collection. This book showcases fifty paintings, sculptures, works on paper, photographs, and more from the National Gallery of Art. Selected from more than 150,000 works in the museum\u2019s vast collection, these&#8230;<\/p>\n","protected":false},"featured_media":106636,"comment_status":"closed","ping_status":"closed","template":"","meta":[],"product_brand":[],"product_cat":[4522,13533],"product_tag":[9083,334],"class_list":{"0":"post-106637","1":"product","2":"type-product","3":"status-publish","4":"has-post-thumbnail","6":"product_cat-art-en","7":"product_cat-books","8":"product_tag-art-en","9":"product_tag-collections-en","10":"pa_cover-hardcover","11":"pa_format-188-x-185-cm-en","12":"pa_isbn-9780847839940-en","13":"pa_language-eng","14":"pa_pages-96-en","15":"pa_published-2024-09-03-en","16":"pa_publisher-rizzoli-en","18":"first","19":"instock","20":"sold-individually","21":"shipping-taxable","22":"purchasable","23":"product-type-simple"},"yoast_head":"<!-- This site is optimized with the Yoast SEO plugin v27.4 - https:\/\/yoast.com\/product\/yoast-seo-wordpress\/ -->\n<title>National Gallery of Art. Selected Works () - book \/ album - Folio<\/title>\n<meta name=\"description\" content=\"Wejd\u017a i kup ksi\u0105\u017ck\u0119 National Gallery of Art. Selected Works autorstwa wydan\u0105 przez Rizzoli (2024-09-03) w formacie 18,8 x 18,5 cm (ISBN: 9780847839940). Zapraszamy!\" \/>\n<meta name=\"robots\" content=\"index, follow, max-snippet:-1, max-image-preview:large, max-video-preview:-1\" \/>\n<link rel=\"canonical\" href=\"https:\/\/foliobooks.pl\/en\/shop\/national-gallery-of-art-selected-works\/\" \/>\n<meta property=\"og:locale\" content=\"en_US\" \/>\n<meta property=\"og:type\" content=\"article\" \/>\n<meta property=\"og:title\" content=\"National Gallery of Art. Selected Works () - book \/ album - Folio\" \/>\n<meta property=\"og:description\" content=\"Wejd\u017a i kup ksi\u0105\u017ck\u0119 National Gallery of Art. Selected Works autorstwa wydan\u0105 przez Rizzoli (2024-09-03) w formacie 18,8 x 18,5 cm (ISBN: 9780847839940). Zapraszamy!\" \/>\n<meta property=\"og:url\" content=\"https:\/\/foliobooks.pl\/en\/shop\/national-gallery-of-art-selected-works\/\" \/>\n<meta property=\"og:site_name\" content=\"Folio\" \/>\n<meta property=\"og:image\" content=\"https:\/\/foliobooks.pl\/wp-content\/uploads\/2025\/06\/9780847839940.png\" \/>\n\t<meta property=\"og:image:width\" content=\"570\" \/>\n\t<meta property=\"og:image:height\" content=\"708\" \/>\n\t<meta property=\"og:image:type\" content=\"image\/png\" \/>\n<meta name=\"twitter:card\" content=\"summary_large_image\" \/>\n<meta name=\"twitter:label1\" content=\"Est. reading time\" \/>\n\t<meta name=\"twitter:data1\" content=\"2 minutes\" \/>\n<script type=\"application\/ld+json\" class=\"yoast-schema-graph\">{\"@context\":\"https:\\\/\\\/schema.org\",\"@graph\":[{\"@type\":\"WebPage\",\"@id\":\"https:\\\/\\\/foliobooks.pl\\\/en\\\/shop\\\/national-gallery-of-art-selected-works\\\/\",\"url\":\"https:\\\/\\\/foliobooks.pl\\\/en\\\/shop\\\/national-gallery-of-art-selected-works\\\/\",\"name\":\"National Gallery of Art. Selected Works () - book \\\/ album - Folio\",\"isPartOf\":{\"@id\":\"https:\\\/\\\/foliobooks.pl\\\/en\\\/#website\"},\"primaryImageOfPage\":{\"@id\":\"https:\\\/\\\/foliobooks.pl\\\/en\\\/shop\\\/national-gallery-of-art-selected-works\\\/#primaryimage\"},\"image\":{\"@id\":\"https:\\\/\\\/foliobooks.pl\\\/en\\\/shop\\\/national-gallery-of-art-selected-works\\\/#primaryimage\"},\"thumbnailUrl\":\"https:\\\/\\\/foliobooks.pl\\\/wp-content\\\/uploads\\\/2025\\\/06\\\/9780847839940.png\",\"datePublished\":\"2025-06-05T11:06:17+00:00\",\"description\":\"Wejd\u017a i kup ksi\u0105\u017ck\u0119 National Gallery of Art. Selected Works autorstwa wydan\u0105 przez Rizzoli (2024-09-03) w formacie 18,8 x 18,5 cm (ISBN: 9780847839940). Zapraszamy!\",\"breadcrumb\":{\"@id\":\"https:\\\/\\\/foliobooks.pl\\\/en\\\/shop\\\/national-gallery-of-art-selected-works\\\/#breadcrumb\"},\"inLanguage\":\"en-US\",\"potentialAction\":[{\"@type\":\"ReadAction\",\"target\":[\"https:\\\/\\\/foliobooks.pl\\\/en\\\/shop\\\/national-gallery-of-art-selected-works\\\/\"]}]},{\"@type\":\"ImageObject\",\"inLanguage\":\"en-US\",\"@id\":\"https:\\\/\\\/foliobooks.pl\\\/en\\\/shop\\\/national-gallery-of-art-selected-works\\\/#primaryimage\",\"url\":\"https:\\\/\\\/foliobooks.pl\\\/wp-content\\\/uploads\\\/2025\\\/06\\\/9780847839940.png\",\"contentUrl\":\"https:\\\/\\\/foliobooks.pl\\\/wp-content\\\/uploads\\\/2025\\\/06\\\/9780847839940.png\",\"width\":570,\"height\":708},{\"@type\":\"BreadcrumbList\",\"@id\":\"https:\\\/\\\/foliobooks.pl\\\/en\\\/shop\\\/national-gallery-of-art-selected-works\\\/#breadcrumb\",\"itemListElement\":[{\"@type\":\"ListItem\",\"position\":1,\"name\":\"Strona g\u0142\u00f3wna\",\"item\":\"https:\\\/\\\/foliobooks.pl\\\/en\\\/\"},{\"@type\":\"ListItem\",\"position\":2,\"name\":\"Shop\",\"item\":\"https:\\\/\\\/foliobooks.pl\\\/en\\\/shop\\\/\"},{\"@type\":\"ListItem\",\"position\":3,\"name\":\"National Gallery of Art. Selected Works\"}]},{\"@type\":\"WebSite\",\"@id\":\"https:\\\/\\\/foliobooks.pl\\\/en\\\/#website\",\"url\":\"https:\\\/\\\/foliobooks.pl\\\/en\\\/\",\"name\":\"Folio\",\"description\":\"Ksi\u0119garnia internetowa\",\"potentialAction\":[{\"@type\":\"SearchAction\",\"target\":{\"@type\":\"EntryPoint\",\"urlTemplate\":\"https:\\\/\\\/foliobooks.pl\\\/en\\\/?s={search_term_string}\"},\"query-input\":{\"@type\":\"PropertyValueSpecification\",\"valueRequired\":true,\"valueName\":\"search_term_string\"}}],\"inLanguage\":\"en-US\"}]}<\/script>\n<!-- \/ Yoast SEO plugin. -->","yoast_head_json":{"title":"National Gallery of Art. Selected Works () - book \/ album - Folio","description":"Wejd\u017a i kup ksi\u0105\u017ck\u0119 National Gallery of Art. Selected Works autorstwa wydan\u0105 przez Rizzoli (2024-09-03) w formacie 18,8 x 18,5 cm (ISBN: 9780847839940). Zapraszamy!","robots":{"index":"index","follow":"follow","max-snippet":"max-snippet:-1","max-image-preview":"max-image-preview:large","max-video-preview":"max-video-preview:-1"},"canonical":"https:\/\/foliobooks.pl\/en\/shop\/national-gallery-of-art-selected-works\/","og_locale":"en_US","og_type":"article","og_title":"National Gallery of Art. Selected Works () - book \/ album - Folio","og_description":"Wejd\u017a i kup ksi\u0105\u017ck\u0119 National Gallery of Art. Selected Works autorstwa wydan\u0105 przez Rizzoli (2024-09-03) w formacie 18,8 x 18,5 cm (ISBN: 9780847839940). Zapraszamy!","og_url":"https:\/\/foliobooks.pl\/en\/shop\/national-gallery-of-art-selected-works\/","og_site_name":"Folio","og_image":[{"width":570,"height":708,"url":"https:\/\/foliobooks.pl\/wp-content\/uploads\/2025\/06\/9780847839940.png","type":"image\/png"}],"twitter_card":"summary_large_image","twitter_misc":{"Est. reading time":"2 minutes"},"schema":{"@context":"https:\/\/schema.org","@graph":[{"@type":"WebPage","@id":"https:\/\/foliobooks.pl\/en\/shop\/national-gallery-of-art-selected-works\/","url":"https:\/\/foliobooks.pl\/en\/shop\/national-gallery-of-art-selected-works\/","name":"National Gallery of Art. Selected Works () - book \/ album - Folio","isPartOf":{"@id":"https:\/\/foliobooks.pl\/en\/#website"},"primaryImageOfPage":{"@id":"https:\/\/foliobooks.pl\/en\/shop\/national-gallery-of-art-selected-works\/#primaryimage"},"image":{"@id":"https:\/\/foliobooks.pl\/en\/shop\/national-gallery-of-art-selected-works\/#primaryimage"},"thumbnailUrl":"https:\/\/foliobooks.pl\/wp-content\/uploads\/2025\/06\/9780847839940.png","datePublished":"2025-06-05T11:06:17+00:00","description":"Wejd\u017a i kup ksi\u0105\u017ck\u0119 National Gallery of Art. Selected Works autorstwa wydan\u0105 przez Rizzoli (2024-09-03) w formacie 18,8 x 18,5 cm (ISBN: 9780847839940). Zapraszamy!","breadcrumb":{"@id":"https:\/\/foliobooks.pl\/en\/shop\/national-gallery-of-art-selected-works\/#breadcrumb"},"inLanguage":"en-US","potentialAction":[{"@type":"ReadAction","target":["https:\/\/foliobooks.pl\/en\/shop\/national-gallery-of-art-selected-works\/"]}]},{"@type":"ImageObject","inLanguage":"en-US","@id":"https:\/\/foliobooks.pl\/en\/shop\/national-gallery-of-art-selected-works\/#primaryimage","url":"https:\/\/foliobooks.pl\/wp-content\/uploads\/2025\/06\/9780847839940.png","contentUrl":"https:\/\/foliobooks.pl\/wp-content\/uploads\/2025\/06\/9780847839940.png","width":570,"height":708},{"@type":"BreadcrumbList","@id":"https:\/\/foliobooks.pl\/en\/shop\/national-gallery-of-art-selected-works\/#breadcrumb","itemListElement":[{"@type":"ListItem","position":1,"name":"Strona g\u0142\u00f3wna","item":"https:\/\/foliobooks.pl\/en\/"},{"@type":"ListItem","position":2,"name":"Shop","item":"https:\/\/foliobooks.pl\/en\/shop\/"},{"@type":"ListItem","position":3,"name":"National Gallery of Art. Selected Works"}]},{"@type":"WebSite","@id":"https:\/\/foliobooks.pl\/en\/#website","url":"https:\/\/foliobooks.pl\/en\/","name":"Folio","description":"Ksi\u0119garnia internetowa","potentialAction":[{"@type":"SearchAction","target":{"@type":"EntryPoint","urlTemplate":"https:\/\/foliobooks.pl\/en\/?s={search_term_string}"},"query-input":{"@type":"PropertyValueSpecification","valueRequired":true,"valueName":"search_term_string"}}],"inLanguage":"en-US"}]}},"_links":{"self":[{"href":"https:\/\/foliobooks.pl\/en\/wp-json\/wp\/v2\/product\/106637","targetHints":{"allow":["GET"]}}],"collection":[{"href":"https:\/\/foliobooks.pl\/en\/wp-json\/wp\/v2\/product"}],"about":[{"href":"https:\/\/foliobooks.pl\/en\/wp-json\/wp\/v2\/types\/product"}],"replies":[{"embeddable":true,"href":"https:\/\/foliobooks.pl\/en\/wp-json\/wp\/v2\/comments?post=106637"}],"wp:featuredmedia":[{"embeddable":true,"href":"https:\/\/foliobooks.pl\/en\/wp-json\/wp\/v2\/media\/106636"}],"wp:attachment":[{"href":"https:\/\/foliobooks.pl\/en\/wp-json\/wp\/v2\/media?parent=106637"}],"wp:term":[{"taxonomy":"product_brand","embeddable":true,"href":"https:\/\/foliobooks.pl\/en\/wp-json\/wp\/v2\/product_brand?post=106637"},{"taxonomy":"product_cat","embeddable":true,"href":"https:\/\/foliobooks.pl\/en\/wp-json\/wp\/v2\/product_cat?post=106637"},{"taxonomy":"product_tag","embeddable":true,"href":"https:\/\/foliobooks.pl\/en\/wp-json\/wp\/v2\/product_tag?post=106637"}],"curies":[{"name":"wp","href":"https:\/\/api.w.org\/{rel}","templated":true}]}}