{"id":106632,"date":"2025-06-05T12:55:10","date_gmt":"2025-06-05T10:55:10","guid":{"rendered":"https:\/\/foliobooks.pl\/sklep\/mies\/"},"modified":"2025-06-05T12:55:10","modified_gmt":"2025-06-05T10:55:10","slug":"mies","status":"publish","type":"product","link":"https:\/\/foliobooks.pl\/en\/shop\/mies\/","title":{"rendered":"Mies"},"content":{"rendered":"<p>The classic and definitive monograph on iconic architect Mies van der Rohe<\/p>\n<p>This is the most readable, comprehensive, and beautiful book ever published on one of the twentieth century&#8217;s most influential architects, now available with a stunning new cover. Known for the beauty and purity of his work, Ludwig Mies van der Rohe built remarkable houses, skyscrapers, museums, and multibuilding campuses. Accompanied by more than 700 drawings, photographs, plans, and diagrams,<\/p>\n<p>Mertins&#8217; rich and highly readable text traces the aesthetic and intellectual context for all of Mies van der Rohe&#8217;s work, with in-depth discussions of his most important buildings and projects. The clarity of Mies&#8217;s architecture belies the diversity of his interests, which included philosophy and science as well as design, and Mertin&#8217;s rigorous and accessible text gives the reader a clear description of all the most important of Mies&#8217;s buildings as well as the intellectual contexts for their design.<\/p>\n<p>Includes such buildings as: the Barcelona Pavilion in Spain; the Tugendhat House in Brno, Czech Republic; S. R. Crown Hall at the Illinois Institute of Technology in Chicago, USA; and the New National Gallery in Berlin, Germany.<\/p>\n","protected":false},"excerpt":{"rendered":"<p>The classic and definitive monograph on iconic architect Mies van der Rohe This is the most readable, comprehensive, and beautiful book ever published on one of the twentieth century&#8217;s most influential architects, now available with a stunning new cover. Known for the beauty and purity of his work, Ludwig Mies van der Rohe built remarkable&#8230;<\/p>\n","protected":false},"featured_media":106621,"comment_status":"closed","ping_status":"closed","template":"","meta":[],"product_brand":[],"product_cat":[4516,13533],"product_tag":[6124],"class_list":{"0":"post-106632","1":"product","2":"type-product","3":"status-publish","4":"has-post-thumbnail","6":"product_cat-architecture-en","7":"product_cat-books","8":"product_tag-architecture-en","9":"pa_author_att-detlef-mertins-en","10":"pa_cover-hardcover","11":"pa_format-247-x-327-cm-en","12":"pa_isbn-9781838668174-en","13":"pa_pages-544-en","14":"pa_published-2024-06-27-en","15":"pa_publisher-phaidon-en","17":"first","18":"outofstock","19":"sold-individually","20":"shipping-taxable","21":"purchasable","22":"product-type-simple"},"yoast_head":"<!-- This site is optimized with the Yoast SEO plugin v27.4 - https:\/\/yoast.com\/product\/yoast-seo-wordpress\/ -->\n<title>Mies (Detlef Mertins) - book \/ album - Folio<\/title>\n<meta name=\"description\" content=\"Wejd\u017a i kup ksi\u0105\u017ck\u0119 Mies autorstwa Detlef Mertins wydan\u0105 przez PHAIDON (2024-06-27) w formacie 24,7 x 32,7 cm (ISBN: 9781838668174). Zapraszamy!\" \/>\n<meta name=\"robots\" content=\"index, follow, max-snippet:-1, max-image-preview:large, max-video-preview:-1\" \/>\n<link rel=\"canonical\" href=\"https:\/\/foliobooks.pl\/en\/shop\/mies\/\" \/>\n<meta property=\"og:locale\" content=\"en_US\" \/>\n<meta property=\"og:type\" content=\"article\" \/>\n<meta property=\"og:title\" content=\"Mies (Detlef Mertins) - book \/ album - Folio\" \/>\n<meta property=\"og:description\" content=\"Wejd\u017a i kup ksi\u0105\u017ck\u0119 Mies autorstwa Detlef Mertins wydan\u0105 przez PHAIDON (2024-06-27) w formacie 24,7 x 32,7 cm (ISBN: 9781838668174). Zapraszamy!\" \/>\n<meta property=\"og:url\" content=\"https:\/\/foliobooks.pl\/en\/shop\/mies\/\" \/>\n<meta property=\"og:site_name\" content=\"Folio\" \/>\n<meta property=\"og:image\" content=\"https:\/\/foliobooks.pl\/wp-content\/uploads\/2025\/06\/9781838668174.png\" \/>\n\t<meta property=\"og:image:width\" content=\"570\" \/>\n\t<meta property=\"og:image:height\" content=\"708\" \/>\n\t<meta property=\"og:image:type\" content=\"image\/png\" \/>\n<meta name=\"twitter:card\" content=\"summary_large_image\" \/>\n<meta name=\"twitter:label1\" content=\"Est. reading time\" \/>\n\t<meta name=\"twitter:data1\" content=\"2 minutes\" \/>\n<script type=\"application\/ld+json\" class=\"yoast-schema-graph\">{\"@context\":\"https:\\\/\\\/schema.org\",\"@graph\":[{\"@type\":\"WebPage\",\"@id\":\"https:\\\/\\\/foliobooks.pl\\\/en\\\/shop\\\/mies\\\/\",\"url\":\"https:\\\/\\\/foliobooks.pl\\\/en\\\/shop\\\/mies\\\/\",\"name\":\"Mies (Detlef Mertins) - book \\\/ album - Folio\",\"isPartOf\":{\"@id\":\"https:\\\/\\\/foliobooks.pl\\\/en\\\/#website\"},\"primaryImageOfPage\":{\"@id\":\"https:\\\/\\\/foliobooks.pl\\\/en\\\/shop\\\/mies\\\/#primaryimage\"},\"image\":{\"@id\":\"https:\\\/\\\/foliobooks.pl\\\/en\\\/shop\\\/mies\\\/#primaryimage\"},\"thumbnailUrl\":\"https:\\\/\\\/foliobooks.pl\\\/wp-content\\\/uploads\\\/2025\\\/06\\\/9781838668174.png\",\"datePublished\":\"2025-06-05T10:55:10+00:00\",\"description\":\"Wejd\u017a i kup ksi\u0105\u017ck\u0119 Mies autorstwa Detlef Mertins wydan\u0105 przez PHAIDON (2024-06-27) w formacie 24,7 x 32,7 cm (ISBN: 9781838668174). Zapraszamy!\",\"breadcrumb\":{\"@id\":\"https:\\\/\\\/foliobooks.pl\\\/en\\\/shop\\\/mies\\\/#breadcrumb\"},\"inLanguage\":\"en-US\",\"potentialAction\":[{\"@type\":\"ReadAction\",\"target\":[\"https:\\\/\\\/foliobooks.pl\\\/en\\\/shop\\\/mies\\\/\"]}]},{\"@type\":\"ImageObject\",\"inLanguage\":\"en-US\",\"@id\":\"https:\\\/\\\/foliobooks.pl\\\/en\\\/shop\\\/mies\\\/#primaryimage\",\"url\":\"https:\\\/\\\/foliobooks.pl\\\/wp-content\\\/uploads\\\/2025\\\/06\\\/9781838668174.png\",\"contentUrl\":\"https:\\\/\\\/foliobooks.pl\\\/wp-content\\\/uploads\\\/2025\\\/06\\\/9781838668174.png\",\"width\":570,\"height\":708},{\"@type\":\"BreadcrumbList\",\"@id\":\"https:\\\/\\\/foliobooks.pl\\\/en\\\/shop\\\/mies\\\/#breadcrumb\",\"itemListElement\":[{\"@type\":\"ListItem\",\"position\":1,\"name\":\"Strona g\u0142\u00f3wna\",\"item\":\"https:\\\/\\\/foliobooks.pl\\\/en\\\/\"},{\"@type\":\"ListItem\",\"position\":2,\"name\":\"Shop\",\"item\":\"https:\\\/\\\/foliobooks.pl\\\/en\\\/shop\\\/\"},{\"@type\":\"ListItem\",\"position\":3,\"name\":\"Mies\"}]},{\"@type\":\"WebSite\",\"@id\":\"https:\\\/\\\/foliobooks.pl\\\/en\\\/#website\",\"url\":\"https:\\\/\\\/foliobooks.pl\\\/en\\\/\",\"name\":\"Folio\",\"description\":\"Ksi\u0119garnia internetowa\",\"potentialAction\":[{\"@type\":\"SearchAction\",\"target\":{\"@type\":\"EntryPoint\",\"urlTemplate\":\"https:\\\/\\\/foliobooks.pl\\\/en\\\/?s={search_term_string}\"},\"query-input\":{\"@type\":\"PropertyValueSpecification\",\"valueRequired\":true,\"valueName\":\"search_term_string\"}}],\"inLanguage\":\"en-US\"}]}<\/script>\n<!-- \/ Yoast SEO plugin. -->","yoast_head_json":{"title":"Mies (Detlef Mertins) - book \/ album - Folio","description":"Wejd\u017a i kup ksi\u0105\u017ck\u0119 Mies autorstwa Detlef Mertins wydan\u0105 przez PHAIDON (2024-06-27) w formacie 24,7 x 32,7 cm (ISBN: 9781838668174). Zapraszamy!","robots":{"index":"index","follow":"follow","max-snippet":"max-snippet:-1","max-image-preview":"max-image-preview:large","max-video-preview":"max-video-preview:-1"},"canonical":"https:\/\/foliobooks.pl\/en\/shop\/mies\/","og_locale":"en_US","og_type":"article","og_title":"Mies (Detlef Mertins) - book \/ album - Folio","og_description":"Wejd\u017a i kup ksi\u0105\u017ck\u0119 Mies autorstwa Detlef Mertins wydan\u0105 przez PHAIDON (2024-06-27) w formacie 24,7 x 32,7 cm (ISBN: 9781838668174). Zapraszamy!","og_url":"https:\/\/foliobooks.pl\/en\/shop\/mies\/","og_site_name":"Folio","og_image":[{"width":570,"height":708,"url":"https:\/\/foliobooks.pl\/wp-content\/uploads\/2025\/06\/9781838668174.png","type":"image\/png"}],"twitter_card":"summary_large_image","twitter_misc":{"Est. reading time":"2 minutes"},"schema":{"@context":"https:\/\/schema.org","@graph":[{"@type":"WebPage","@id":"https:\/\/foliobooks.pl\/en\/shop\/mies\/","url":"https:\/\/foliobooks.pl\/en\/shop\/mies\/","name":"Mies (Detlef Mertins) - book \/ album - Folio","isPartOf":{"@id":"https:\/\/foliobooks.pl\/en\/#website"},"primaryImageOfPage":{"@id":"https:\/\/foliobooks.pl\/en\/shop\/mies\/#primaryimage"},"image":{"@id":"https:\/\/foliobooks.pl\/en\/shop\/mies\/#primaryimage"},"thumbnailUrl":"https:\/\/foliobooks.pl\/wp-content\/uploads\/2025\/06\/9781838668174.png","datePublished":"2025-06-05T10:55:10+00:00","description":"Wejd\u017a i kup ksi\u0105\u017ck\u0119 Mies autorstwa Detlef Mertins wydan\u0105 przez PHAIDON (2024-06-27) w formacie 24,7 x 32,7 cm (ISBN: 9781838668174). Zapraszamy!","breadcrumb":{"@id":"https:\/\/foliobooks.pl\/en\/shop\/mies\/#breadcrumb"},"inLanguage":"en-US","potentialAction":[{"@type":"ReadAction","target":["https:\/\/foliobooks.pl\/en\/shop\/mies\/"]}]},{"@type":"ImageObject","inLanguage":"en-US","@id":"https:\/\/foliobooks.pl\/en\/shop\/mies\/#primaryimage","url":"https:\/\/foliobooks.pl\/wp-content\/uploads\/2025\/06\/9781838668174.png","contentUrl":"https:\/\/foliobooks.pl\/wp-content\/uploads\/2025\/06\/9781838668174.png","width":570,"height":708},{"@type":"BreadcrumbList","@id":"https:\/\/foliobooks.pl\/en\/shop\/mies\/#breadcrumb","itemListElement":[{"@type":"ListItem","position":1,"name":"Strona g\u0142\u00f3wna","item":"https:\/\/foliobooks.pl\/en\/"},{"@type":"ListItem","position":2,"name":"Shop","item":"https:\/\/foliobooks.pl\/en\/shop\/"},{"@type":"ListItem","position":3,"name":"Mies"}]},{"@type":"WebSite","@id":"https:\/\/foliobooks.pl\/en\/#website","url":"https:\/\/foliobooks.pl\/en\/","name":"Folio","description":"Ksi\u0119garnia internetowa","potentialAction":[{"@type":"SearchAction","target":{"@type":"EntryPoint","urlTemplate":"https:\/\/foliobooks.pl\/en\/?s={search_term_string}"},"query-input":{"@type":"PropertyValueSpecification","valueRequired":true,"valueName":"search_term_string"}}],"inLanguage":"en-US"}]}},"_links":{"self":[{"href":"https:\/\/foliobooks.pl\/en\/wp-json\/wp\/v2\/product\/106632","targetHints":{"allow":["GET"]}}],"collection":[{"href":"https:\/\/foliobooks.pl\/en\/wp-json\/wp\/v2\/product"}],"about":[{"href":"https:\/\/foliobooks.pl\/en\/wp-json\/wp\/v2\/types\/product"}],"replies":[{"embeddable":true,"href":"https:\/\/foliobooks.pl\/en\/wp-json\/wp\/v2\/comments?post=106632"}],"wp:featuredmedia":[{"embeddable":true,"href":"https:\/\/foliobooks.pl\/en\/wp-json\/wp\/v2\/media\/106621"}],"wp:attachment":[{"href":"https:\/\/foliobooks.pl\/en\/wp-json\/wp\/v2\/media?parent=106632"}],"wp:term":[{"taxonomy":"product_brand","embeddable":true,"href":"https:\/\/foliobooks.pl\/en\/wp-json\/wp\/v2\/product_brand?post=106632"},{"taxonomy":"product_cat","embeddable":true,"href":"https:\/\/foliobooks.pl\/en\/wp-json\/wp\/v2\/product_cat?post=106632"},{"taxonomy":"product_tag","embeddable":true,"href":"https:\/\/foliobooks.pl\/en\/wp-json\/wp\/v2\/product_tag?post=106632"}],"curies":[{"name":"wp","href":"https:\/\/api.w.org\/{rel}","templated":true}]}}