{"id":106617,"date":"2025-06-05T12:45:52","date_gmt":"2025-06-05T10:45:52","guid":{"rendered":"https:\/\/foliobooks.pl\/sklep\/maria-by-callas-100th-anniversary-edition\/"},"modified":"2026-02-18T15:37:11","modified_gmt":"2026-02-18T14:37:11","slug":"maria-by-callas-100th-anniversary-edition","status":"publish","type":"product","link":"https:\/\/foliobooks.pl\/en\/shop\/maria-by-callas-100th-anniversary-edition\/","title":{"rendered":"Maria by Callas. 100th Anniversary Edition"},"content":{"rendered":"<p>Discover lost archives and previously unknown photos of legendary soprano, Maria Callas, in &#8220;Maria by Callas&#8221; by Tom Volf. With the help of Callas&#8217;s closest friends and colleagues, Volf presents a personal album that captures the diva&#8217;s life and work in a unique way. This updated edition, printed for Callas&#8217;s 100th birth anniversary, is the result of countless hours of research and collaboration, offering a new perspective on the influential opera singer.<\/p>\n","protected":false},"excerpt":{"rendered":"<p>Discover lost archives and previously unknown photos of legendary soprano, Maria Callas, in &#8220;Maria by Callas&#8221; by Tom Volf. With the help of Callas&#8217;s closest friends and colleagues, Volf presents a personal album that captures the diva&#8217;s life and work in a unique way. This updated edition, printed for Callas&#8217;s 100th birth anniversary, is the&#8230;<\/p>\n","protected":false},"featured_media":106602,"comment_status":"closed","ping_status":"closed","template":"","meta":[],"product_brand":[],"product_cat":[4522,13533,4517],"product_tag":[1702],"class_list":{"0":"post-106617","1":"product","2":"type-product","3":"status-publish","4":"has-post-thumbnail","6":"product_cat-art-en","7":"product_cat-books","8":"product_cat-photography-en","9":"product_tag-artists","10":"pa_author_att-tom-volf-en","11":"pa_format-36-x-28-cm-en","12":"pa_isbn-9781649802767-en","13":"pa_language-eng","14":"pa_pages-230-en","15":"pa_published-2023-06-01-en","16":"pa_publisher-assouline-en","18":"first","19":"instock","20":"sale","21":"sold-individually","22":"shipping-taxable","23":"purchasable","24":"product-type-simple"},"yoast_head":"<!-- This site is optimized with the Yoast SEO plugin v27.4 - https:\/\/yoast.com\/product\/yoast-seo-wordpress\/ -->\n<title>Maria by Callas. 100th Anniversary Edition (Tom Volf) - book \/ album - Folio<\/title>\n<meta name=\"description\" content=\"Wejd\u017a i kup ksi\u0105\u017ck\u0119 Maria by Callas. 100th Anniversary Edition autorstwa Tom Volf wydan\u0105 przez Assouline (2023-06-01) w formacie 36 x 28 cm (ISBN: 9781649802767). Zapraszamy!\" \/>\n<meta name=\"robots\" content=\"index, follow, max-snippet:-1, max-image-preview:large, max-video-preview:-1\" \/>\n<link rel=\"canonical\" href=\"https:\/\/foliobooks.pl\/en\/shop\/maria-by-callas-100th-anniversary-edition\/\" \/>\n<meta property=\"og:locale\" content=\"en_US\" \/>\n<meta property=\"og:type\" content=\"article\" \/>\n<meta property=\"og:title\" content=\"Maria by Callas. 100th Anniversary Edition (Tom Volf) - book \/ album - Folio\" \/>\n<meta property=\"og:description\" content=\"Wejd\u017a i kup ksi\u0105\u017ck\u0119 Maria by Callas. 100th Anniversary Edition autorstwa Tom Volf wydan\u0105 przez Assouline (2023-06-01) w formacie 36 x 28 cm (ISBN: 9781649802767). Zapraszamy!\" \/>\n<meta property=\"og:url\" content=\"https:\/\/foliobooks.pl\/en\/shop\/maria-by-callas-100th-anniversary-edition\/\" \/>\n<meta property=\"og:site_name\" content=\"Folio\" \/>\n<meta property=\"article:modified_time\" content=\"2026-02-18T14:37:11+00:00\" \/>\n<meta property=\"og:image\" content=\"https:\/\/foliobooks.pl\/wp-content\/uploads\/2025\/06\/9781649802767.png\" \/>\n\t<meta property=\"og:image:width\" content=\"570\" \/>\n\t<meta property=\"og:image:height\" content=\"708\" \/>\n\t<meta property=\"og:image:type\" content=\"image\/png\" \/>\n<meta name=\"twitter:card\" content=\"summary_large_image\" \/>\n<meta name=\"twitter:label1\" content=\"Est. reading time\" \/>\n\t<meta name=\"twitter:data1\" content=\"1 minute\" \/>\n<script type=\"application\/ld+json\" class=\"yoast-schema-graph\">{\"@context\":\"https:\\\/\\\/schema.org\",\"@graph\":[{\"@type\":\"WebPage\",\"@id\":\"https:\\\/\\\/foliobooks.pl\\\/en\\\/shop\\\/maria-by-callas-100th-anniversary-edition\\\/\",\"url\":\"https:\\\/\\\/foliobooks.pl\\\/en\\\/shop\\\/maria-by-callas-100th-anniversary-edition\\\/\",\"name\":\"Maria by Callas. 100th Anniversary Edition (Tom Volf) - book \\\/ album - Folio\",\"isPartOf\":{\"@id\":\"https:\\\/\\\/foliobooks.pl\\\/en\\\/#website\"},\"primaryImageOfPage\":{\"@id\":\"https:\\\/\\\/foliobooks.pl\\\/en\\\/shop\\\/maria-by-callas-100th-anniversary-edition\\\/#primaryimage\"},\"image\":{\"@id\":\"https:\\\/\\\/foliobooks.pl\\\/en\\\/shop\\\/maria-by-callas-100th-anniversary-edition\\\/#primaryimage\"},\"thumbnailUrl\":\"https:\\\/\\\/foliobooks.pl\\\/wp-content\\\/uploads\\\/2025\\\/06\\\/9781649802767.png\",\"datePublished\":\"2025-06-05T10:45:52+00:00\",\"dateModified\":\"2026-02-18T14:37:11+00:00\",\"description\":\"Wejd\u017a i kup ksi\u0105\u017ck\u0119 Maria by Callas. 100th Anniversary Edition autorstwa Tom Volf wydan\u0105 przez Assouline (2023-06-01) w formacie 36 x 28 cm (ISBN: 9781649802767). Zapraszamy!\",\"breadcrumb\":{\"@id\":\"https:\\\/\\\/foliobooks.pl\\\/en\\\/shop\\\/maria-by-callas-100th-anniversary-edition\\\/#breadcrumb\"},\"inLanguage\":\"en-US\",\"potentialAction\":[{\"@type\":\"ReadAction\",\"target\":[\"https:\\\/\\\/foliobooks.pl\\\/en\\\/shop\\\/maria-by-callas-100th-anniversary-edition\\\/\"]}]},{\"@type\":\"ImageObject\",\"inLanguage\":\"en-US\",\"@id\":\"https:\\\/\\\/foliobooks.pl\\\/en\\\/shop\\\/maria-by-callas-100th-anniversary-edition\\\/#primaryimage\",\"url\":\"https:\\\/\\\/foliobooks.pl\\\/wp-content\\\/uploads\\\/2025\\\/06\\\/9781649802767.png\",\"contentUrl\":\"https:\\\/\\\/foliobooks.pl\\\/wp-content\\\/uploads\\\/2025\\\/06\\\/9781649802767.png\",\"width\":570,\"height\":708},{\"@type\":\"BreadcrumbList\",\"@id\":\"https:\\\/\\\/foliobooks.pl\\\/en\\\/shop\\\/maria-by-callas-100th-anniversary-edition\\\/#breadcrumb\",\"itemListElement\":[{\"@type\":\"ListItem\",\"position\":1,\"name\":\"Strona g\u0142\u00f3wna\",\"item\":\"https:\\\/\\\/foliobooks.pl\\\/en\\\/\"},{\"@type\":\"ListItem\",\"position\":2,\"name\":\"Shop\",\"item\":\"https:\\\/\\\/foliobooks.pl\\\/en\\\/shop\\\/\"},{\"@type\":\"ListItem\",\"position\":3,\"name\":\"Maria by Callas. 100th Anniversary Edition\"}]},{\"@type\":\"WebSite\",\"@id\":\"https:\\\/\\\/foliobooks.pl\\\/en\\\/#website\",\"url\":\"https:\\\/\\\/foliobooks.pl\\\/en\\\/\",\"name\":\"Folio\",\"description\":\"Ksi\u0119garnia internetowa\",\"potentialAction\":[{\"@type\":\"SearchAction\",\"target\":{\"@type\":\"EntryPoint\",\"urlTemplate\":\"https:\\\/\\\/foliobooks.pl\\\/en\\\/?s={search_term_string}\"},\"query-input\":{\"@type\":\"PropertyValueSpecification\",\"valueRequired\":true,\"valueName\":\"search_term_string\"}}],\"inLanguage\":\"en-US\"}]}<\/script>\n<!-- \/ Yoast SEO plugin. -->","yoast_head_json":{"title":"Maria by Callas. 100th Anniversary Edition (Tom Volf) - book \/ album - Folio","description":"Wejd\u017a i kup ksi\u0105\u017ck\u0119 Maria by Callas. 100th Anniversary Edition autorstwa Tom Volf wydan\u0105 przez Assouline (2023-06-01) w formacie 36 x 28 cm (ISBN: 9781649802767). Zapraszamy!","robots":{"index":"index","follow":"follow","max-snippet":"max-snippet:-1","max-image-preview":"max-image-preview:large","max-video-preview":"max-video-preview:-1"},"canonical":"https:\/\/foliobooks.pl\/en\/shop\/maria-by-callas-100th-anniversary-edition\/","og_locale":"en_US","og_type":"article","og_title":"Maria by Callas. 100th Anniversary Edition (Tom Volf) - book \/ album - Folio","og_description":"Wejd\u017a i kup ksi\u0105\u017ck\u0119 Maria by Callas. 100th Anniversary Edition autorstwa Tom Volf wydan\u0105 przez Assouline (2023-06-01) w formacie 36 x 28 cm (ISBN: 9781649802767). Zapraszamy!","og_url":"https:\/\/foliobooks.pl\/en\/shop\/maria-by-callas-100th-anniversary-edition\/","og_site_name":"Folio","article_modified_time":"2026-02-18T14:37:11+00:00","og_image":[{"width":570,"height":708,"url":"https:\/\/foliobooks.pl\/wp-content\/uploads\/2025\/06\/9781649802767.png","type":"image\/png"}],"twitter_card":"summary_large_image","twitter_misc":{"Est. reading time":"1 minute"},"schema":{"@context":"https:\/\/schema.org","@graph":[{"@type":"WebPage","@id":"https:\/\/foliobooks.pl\/en\/shop\/maria-by-callas-100th-anniversary-edition\/","url":"https:\/\/foliobooks.pl\/en\/shop\/maria-by-callas-100th-anniversary-edition\/","name":"Maria by Callas. 100th Anniversary Edition (Tom Volf) - book \/ album - Folio","isPartOf":{"@id":"https:\/\/foliobooks.pl\/en\/#website"},"primaryImageOfPage":{"@id":"https:\/\/foliobooks.pl\/en\/shop\/maria-by-callas-100th-anniversary-edition\/#primaryimage"},"image":{"@id":"https:\/\/foliobooks.pl\/en\/shop\/maria-by-callas-100th-anniversary-edition\/#primaryimage"},"thumbnailUrl":"https:\/\/foliobooks.pl\/wp-content\/uploads\/2025\/06\/9781649802767.png","datePublished":"2025-06-05T10:45:52+00:00","dateModified":"2026-02-18T14:37:11+00:00","description":"Wejd\u017a i kup ksi\u0105\u017ck\u0119 Maria by Callas. 100th Anniversary Edition autorstwa Tom Volf wydan\u0105 przez Assouline (2023-06-01) w formacie 36 x 28 cm (ISBN: 9781649802767). Zapraszamy!","breadcrumb":{"@id":"https:\/\/foliobooks.pl\/en\/shop\/maria-by-callas-100th-anniversary-edition\/#breadcrumb"},"inLanguage":"en-US","potentialAction":[{"@type":"ReadAction","target":["https:\/\/foliobooks.pl\/en\/shop\/maria-by-callas-100th-anniversary-edition\/"]}]},{"@type":"ImageObject","inLanguage":"en-US","@id":"https:\/\/foliobooks.pl\/en\/shop\/maria-by-callas-100th-anniversary-edition\/#primaryimage","url":"https:\/\/foliobooks.pl\/wp-content\/uploads\/2025\/06\/9781649802767.png","contentUrl":"https:\/\/foliobooks.pl\/wp-content\/uploads\/2025\/06\/9781649802767.png","width":570,"height":708},{"@type":"BreadcrumbList","@id":"https:\/\/foliobooks.pl\/en\/shop\/maria-by-callas-100th-anniversary-edition\/#breadcrumb","itemListElement":[{"@type":"ListItem","position":1,"name":"Strona g\u0142\u00f3wna","item":"https:\/\/foliobooks.pl\/en\/"},{"@type":"ListItem","position":2,"name":"Shop","item":"https:\/\/foliobooks.pl\/en\/shop\/"},{"@type":"ListItem","position":3,"name":"Maria by Callas. 100th Anniversary Edition"}]},{"@type":"WebSite","@id":"https:\/\/foliobooks.pl\/en\/#website","url":"https:\/\/foliobooks.pl\/en\/","name":"Folio","description":"Ksi\u0119garnia internetowa","potentialAction":[{"@type":"SearchAction","target":{"@type":"EntryPoint","urlTemplate":"https:\/\/foliobooks.pl\/en\/?s={search_term_string}"},"query-input":{"@type":"PropertyValueSpecification","valueRequired":true,"valueName":"search_term_string"}}],"inLanguage":"en-US"}]}},"_links":{"self":[{"href":"https:\/\/foliobooks.pl\/en\/wp-json\/wp\/v2\/product\/106617","targetHints":{"allow":["GET"]}}],"collection":[{"href":"https:\/\/foliobooks.pl\/en\/wp-json\/wp\/v2\/product"}],"about":[{"href":"https:\/\/foliobooks.pl\/en\/wp-json\/wp\/v2\/types\/product"}],"replies":[{"embeddable":true,"href":"https:\/\/foliobooks.pl\/en\/wp-json\/wp\/v2\/comments?post=106617"}],"wp:featuredmedia":[{"embeddable":true,"href":"https:\/\/foliobooks.pl\/en\/wp-json\/wp\/v2\/media\/106602"}],"wp:attachment":[{"href":"https:\/\/foliobooks.pl\/en\/wp-json\/wp\/v2\/media?parent=106617"}],"wp:term":[{"taxonomy":"product_brand","embeddable":true,"href":"https:\/\/foliobooks.pl\/en\/wp-json\/wp\/v2\/product_brand?post=106617"},{"taxonomy":"product_cat","embeddable":true,"href":"https:\/\/foliobooks.pl\/en\/wp-json\/wp\/v2\/product_cat?post=106617"},{"taxonomy":"product_tag","embeddable":true,"href":"https:\/\/foliobooks.pl\/en\/wp-json\/wp\/v2\/product_tag?post=106617"}],"curies":[{"name":"wp","href":"https:\/\/api.w.org\/{rel}","templated":true}]}}