{"id":106583,"date":"2025-06-05T12:25:07","date_gmt":"2025-06-05T10:25:07","guid":{"rendered":"https:\/\/foliobooks.pl\/sklep\/japan-style\/"},"modified":"2025-06-05T12:25:07","modified_gmt":"2025-06-05T10:25:07","slug":"japan-style","status":"publish","type":"product","link":"https:\/\/foliobooks.pl\/en\/shop\/japan-style\/","title":{"rendered":"Japan Style"},"content":{"rendered":"<p>The authoritative and wide-ranging visual essay on the aesthetics of Japan, a classic volume now back in print with a stunning new cover design<\/p>\n<p>&#8216;Japan style&#8217; is an aesthetic recognizable to everyone: a beautifully displayed flower, an elegant piece of calligraphy, or a simple rock garden, yet it is also difficult to define.<\/p>\n<p>Written by one of the world&#8217;s most respected scholars of Japanese art and culture, this book does just that. Illustrated with over 150 stunning images that unlock the essence of Japanese art and culture, alongside Gian Carlo Calza&#8217;s groundbreaking and insightful text, Japan Style explores specific achievements in Japanese art and architecture and offers an in-depth analysis of the whole of Japanese culture, its vision of the world and of humankind.<\/p>\n","protected":false},"excerpt":{"rendered":"<p>The authoritative and wide-ranging visual essay on the aesthetics of Japan, a classic volume now back in print with a stunning new cover design &#8216;Japan style&#8217; is an aesthetic recognizable to everyone: a beautifully displayed flower, an elegant piece of calligraphy, or a simple rock garden, yet it is also difficult to define. Written by&#8230;<\/p>\n","protected":false},"featured_media":106570,"comment_status":"closed","ping_status":"closed","template":"","meta":[],"product_brand":[],"product_cat":[4522,13533,4523,4525,4517],"product_tag":[6929,4900],"class_list":{"0":"post-106583","1":"product","2":"type-product","3":"status-publish","4":"has-post-thumbnail","6":"product_cat-art-en","7":"product_cat-books","8":"product_cat-design-en-en","9":"product_cat-graphic-design","10":"product_cat-photography-en","11":"product_tag-japan","12":"product_tag-style-en-en","13":"pa_author_att-gian-carlo-calza-en","14":"pa_cover-hardcover","15":"pa_format-214-x-281-cm-en","16":"pa_isbn-9781837290017-en","17":"pa_language-eng","18":"pa_pages-304-en-2","19":"pa_published-2025-03-13-en","20":"pa_publisher-phaidon-en","22":"first","23":"instock","24":"sold-individually","25":"shipping-taxable","26":"purchasable","27":"product-type-simple"},"yoast_head":"<!-- This site is optimized with the Yoast SEO plugin v27.5 - https:\/\/yoast.com\/product\/yoast-seo-wordpress\/ -->\n<title>Japan Style (Gian Carlo Calza) - book \/ album - Folio<\/title>\n<meta name=\"description\" content=\"Wejd\u017a i kup ksi\u0105\u017ck\u0119 Japan Style autorstwa Gian Carlo Calza wydan\u0105 przez PHAIDON (2025-03-13) w formacie 21,4 x 28,1 cm (ISBN: 9781837290017). Zapraszamy!\" \/>\n<meta name=\"robots\" content=\"index, follow, max-snippet:-1, max-image-preview:large, max-video-preview:-1\" \/>\n<link rel=\"canonical\" href=\"https:\/\/foliobooks.pl\/en\/shop\/japan-style\/\" \/>\n<meta property=\"og:locale\" content=\"en_US\" \/>\n<meta property=\"og:type\" content=\"article\" \/>\n<meta property=\"og:title\" content=\"Japan Style (Gian Carlo Calza) - book \/ album - Folio\" \/>\n<meta property=\"og:description\" content=\"Wejd\u017a i kup ksi\u0105\u017ck\u0119 Japan Style autorstwa Gian Carlo Calza wydan\u0105 przez PHAIDON (2025-03-13) w formacie 21,4 x 28,1 cm (ISBN: 9781837290017). Zapraszamy!\" \/>\n<meta property=\"og:url\" content=\"https:\/\/foliobooks.pl\/en\/shop\/japan-style\/\" \/>\n<meta property=\"og:site_name\" content=\"Folio\" \/>\n<meta property=\"og:image\" content=\"https:\/\/foliobooks.pl\/wp-content\/uploads\/2025\/06\/9781837290017.png\" \/>\n\t<meta property=\"og:image:width\" content=\"570\" \/>\n\t<meta property=\"og:image:height\" content=\"708\" \/>\n\t<meta property=\"og:image:type\" content=\"image\/png\" \/>\n<meta name=\"twitter:card\" content=\"summary_large_image\" \/>\n<meta name=\"twitter:label1\" content=\"Est. reading time\" \/>\n\t<meta name=\"twitter:data1\" content=\"1 minute\" \/>\n<script type=\"application\/ld+json\" class=\"yoast-schema-graph\">{\"@context\":\"https:\\\/\\\/schema.org\",\"@graph\":[{\"@type\":\"WebPage\",\"@id\":\"https:\\\/\\\/foliobooks.pl\\\/en\\\/shop\\\/japan-style\\\/\",\"url\":\"https:\\\/\\\/foliobooks.pl\\\/en\\\/shop\\\/japan-style\\\/\",\"name\":\"Japan Style (Gian Carlo Calza) - book \\\/ album - Folio\",\"isPartOf\":{\"@id\":\"https:\\\/\\\/foliobooks.pl\\\/en\\\/#website\"},\"primaryImageOfPage\":{\"@id\":\"https:\\\/\\\/foliobooks.pl\\\/en\\\/shop\\\/japan-style\\\/#primaryimage\"},\"image\":{\"@id\":\"https:\\\/\\\/foliobooks.pl\\\/en\\\/shop\\\/japan-style\\\/#primaryimage\"},\"thumbnailUrl\":\"https:\\\/\\\/foliobooks.pl\\\/wp-content\\\/uploads\\\/2025\\\/06\\\/9781837290017.png\",\"datePublished\":\"2025-06-05T10:25:07+00:00\",\"description\":\"Wejd\u017a i kup ksi\u0105\u017ck\u0119 Japan Style autorstwa Gian Carlo Calza wydan\u0105 przez PHAIDON (2025-03-13) w formacie 21,4 x 28,1 cm (ISBN: 9781837290017). Zapraszamy!\",\"breadcrumb\":{\"@id\":\"https:\\\/\\\/foliobooks.pl\\\/en\\\/shop\\\/japan-style\\\/#breadcrumb\"},\"inLanguage\":\"en-US\",\"potentialAction\":[{\"@type\":\"ReadAction\",\"target\":[\"https:\\\/\\\/foliobooks.pl\\\/en\\\/shop\\\/japan-style\\\/\"]}]},{\"@type\":\"ImageObject\",\"inLanguage\":\"en-US\",\"@id\":\"https:\\\/\\\/foliobooks.pl\\\/en\\\/shop\\\/japan-style\\\/#primaryimage\",\"url\":\"https:\\\/\\\/foliobooks.pl\\\/wp-content\\\/uploads\\\/2025\\\/06\\\/9781837290017.png\",\"contentUrl\":\"https:\\\/\\\/foliobooks.pl\\\/wp-content\\\/uploads\\\/2025\\\/06\\\/9781837290017.png\",\"width\":570,\"height\":708},{\"@type\":\"BreadcrumbList\",\"@id\":\"https:\\\/\\\/foliobooks.pl\\\/en\\\/shop\\\/japan-style\\\/#breadcrumb\",\"itemListElement\":[{\"@type\":\"ListItem\",\"position\":1,\"name\":\"Strona g\u0142\u00f3wna\",\"item\":\"https:\\\/\\\/foliobooks.pl\\\/en\\\/\"},{\"@type\":\"ListItem\",\"position\":2,\"name\":\"Shop\",\"item\":\"https:\\\/\\\/foliobooks.pl\\\/en\\\/shop\\\/\"},{\"@type\":\"ListItem\",\"position\":3,\"name\":\"Japan Style\"}]},{\"@type\":\"WebSite\",\"@id\":\"https:\\\/\\\/foliobooks.pl\\\/en\\\/#website\",\"url\":\"https:\\\/\\\/foliobooks.pl\\\/en\\\/\",\"name\":\"Folio\",\"description\":\"Ksi\u0119garnia internetowa\",\"potentialAction\":[{\"@type\":\"SearchAction\",\"target\":{\"@type\":\"EntryPoint\",\"urlTemplate\":\"https:\\\/\\\/foliobooks.pl\\\/en\\\/?s={search_term_string}\"},\"query-input\":{\"@type\":\"PropertyValueSpecification\",\"valueRequired\":true,\"valueName\":\"search_term_string\"}}],\"inLanguage\":\"en-US\"}]}<\/script>\n<!-- \/ Yoast SEO plugin. -->","yoast_head_json":{"title":"Japan Style (Gian Carlo Calza) - book \/ album - Folio","description":"Wejd\u017a i kup ksi\u0105\u017ck\u0119 Japan Style autorstwa Gian Carlo Calza wydan\u0105 przez PHAIDON (2025-03-13) w formacie 21,4 x 28,1 cm (ISBN: 9781837290017). Zapraszamy!","robots":{"index":"index","follow":"follow","max-snippet":"max-snippet:-1","max-image-preview":"max-image-preview:large","max-video-preview":"max-video-preview:-1"},"canonical":"https:\/\/foliobooks.pl\/en\/shop\/japan-style\/","og_locale":"en_US","og_type":"article","og_title":"Japan Style (Gian Carlo Calza) - book \/ album - Folio","og_description":"Wejd\u017a i kup ksi\u0105\u017ck\u0119 Japan Style autorstwa Gian Carlo Calza wydan\u0105 przez PHAIDON (2025-03-13) w formacie 21,4 x 28,1 cm (ISBN: 9781837290017). Zapraszamy!","og_url":"https:\/\/foliobooks.pl\/en\/shop\/japan-style\/","og_site_name":"Folio","og_image":[{"width":570,"height":708,"url":"https:\/\/foliobooks.pl\/wp-content\/uploads\/2025\/06\/9781837290017.png","type":"image\/png"}],"twitter_card":"summary_large_image","twitter_misc":{"Est. reading time":"1 minute"},"schema":{"@context":"https:\/\/schema.org","@graph":[{"@type":"WebPage","@id":"https:\/\/foliobooks.pl\/en\/shop\/japan-style\/","url":"https:\/\/foliobooks.pl\/en\/shop\/japan-style\/","name":"Japan Style (Gian Carlo Calza) - book \/ album - Folio","isPartOf":{"@id":"https:\/\/foliobooks.pl\/en\/#website"},"primaryImageOfPage":{"@id":"https:\/\/foliobooks.pl\/en\/shop\/japan-style\/#primaryimage"},"image":{"@id":"https:\/\/foliobooks.pl\/en\/shop\/japan-style\/#primaryimage"},"thumbnailUrl":"https:\/\/foliobooks.pl\/wp-content\/uploads\/2025\/06\/9781837290017.png","datePublished":"2025-06-05T10:25:07+00:00","description":"Wejd\u017a i kup ksi\u0105\u017ck\u0119 Japan Style autorstwa Gian Carlo Calza wydan\u0105 przez PHAIDON (2025-03-13) w formacie 21,4 x 28,1 cm (ISBN: 9781837290017). Zapraszamy!","breadcrumb":{"@id":"https:\/\/foliobooks.pl\/en\/shop\/japan-style\/#breadcrumb"},"inLanguage":"en-US","potentialAction":[{"@type":"ReadAction","target":["https:\/\/foliobooks.pl\/en\/shop\/japan-style\/"]}]},{"@type":"ImageObject","inLanguage":"en-US","@id":"https:\/\/foliobooks.pl\/en\/shop\/japan-style\/#primaryimage","url":"https:\/\/foliobooks.pl\/wp-content\/uploads\/2025\/06\/9781837290017.png","contentUrl":"https:\/\/foliobooks.pl\/wp-content\/uploads\/2025\/06\/9781837290017.png","width":570,"height":708},{"@type":"BreadcrumbList","@id":"https:\/\/foliobooks.pl\/en\/shop\/japan-style\/#breadcrumb","itemListElement":[{"@type":"ListItem","position":1,"name":"Strona g\u0142\u00f3wna","item":"https:\/\/foliobooks.pl\/en\/"},{"@type":"ListItem","position":2,"name":"Shop","item":"https:\/\/foliobooks.pl\/en\/shop\/"},{"@type":"ListItem","position":3,"name":"Japan Style"}]},{"@type":"WebSite","@id":"https:\/\/foliobooks.pl\/en\/#website","url":"https:\/\/foliobooks.pl\/en\/","name":"Folio","description":"Ksi\u0119garnia internetowa","potentialAction":[{"@type":"SearchAction","target":{"@type":"EntryPoint","urlTemplate":"https:\/\/foliobooks.pl\/en\/?s={search_term_string}"},"query-input":{"@type":"PropertyValueSpecification","valueRequired":true,"valueName":"search_term_string"}}],"inLanguage":"en-US"}]}},"_links":{"self":[{"href":"https:\/\/foliobooks.pl\/en\/wp-json\/wp\/v2\/product\/106583","targetHints":{"allow":["GET"]}}],"collection":[{"href":"https:\/\/foliobooks.pl\/en\/wp-json\/wp\/v2\/product"}],"about":[{"href":"https:\/\/foliobooks.pl\/en\/wp-json\/wp\/v2\/types\/product"}],"replies":[{"embeddable":true,"href":"https:\/\/foliobooks.pl\/en\/wp-json\/wp\/v2\/comments?post=106583"}],"wp:featuredmedia":[{"embeddable":true,"href":"https:\/\/foliobooks.pl\/en\/wp-json\/wp\/v2\/media\/106570"}],"wp:attachment":[{"href":"https:\/\/foliobooks.pl\/en\/wp-json\/wp\/v2\/media?parent=106583"}],"wp:term":[{"taxonomy":"product_brand","embeddable":true,"href":"https:\/\/foliobooks.pl\/en\/wp-json\/wp\/v2\/product_brand?post=106583"},{"taxonomy":"product_cat","embeddable":true,"href":"https:\/\/foliobooks.pl\/en\/wp-json\/wp\/v2\/product_cat?post=106583"},{"taxonomy":"product_tag","embeddable":true,"href":"https:\/\/foliobooks.pl\/en\/wp-json\/wp\/v2\/product_tag?post=106583"}],"curies":[{"name":"wp","href":"https:\/\/api.w.org\/{rel}","templated":true}]}}