{"id":106566,"date":"2025-06-05T12:17:15","date_gmt":"2025-06-05T10:17:15","guid":{"rendered":"https:\/\/foliobooks.pl\/sklep\/hokusai-a-life-in-drawing\/"},"modified":"2025-06-05T12:17:15","modified_gmt":"2025-06-05T10:17:15","slug":"hokusai-a-life-in-drawing","status":"publish","type":"product","link":"https:\/\/foliobooks.pl\/en\/shop\/hokusai-a-life-in-drawing\/","title":{"rendered":"Hokusai. A Life in Drawing"},"content":{"rendered":"<p>Katsushika Hokusai (1760-1849) was the most prolific and diverse artist of Japan&#8217;s Edo period, with a body of work reputed to include more than 30,000 drawings, paintings, and prints. Hokusai traces the career of this child from a working-class district of old Tokyo, then known as Edo, evoking the special atmosphere of this great city and of Japanese life at a time when Japan was closed to foreigners. Its urban centers enjoyed increasing wealth and stability, leading to a flourishing culture of art and pleasure-seeking. Woodblock prints of the genre known as ukiyo-e&#8211;&#8220;images of the floating world&#8221;&#8211;became defining images of the age.<\/p>\n<p>Hokusai became one of the great masters of the woodcut. His works range from portraits of popular actors and courtesans to landscapes and seascapes, including his celebrated &#8220;Thirty-Six Views of Mount Fuji,&#8221; and from cleverly observed scenes of everyday life to the erotic prints known as shunga. This &#8220;brush gone wild,&#8221; as he called himself, was rediscovered by the Impressionists and aesthetes at the end of the nineteenth century. While his prints had a huge influence on the course of Western art, it is equally true that he himself was influenced by European painting, embracing techniques such as perspective and adapting them to suit Japanese tastes. He remains one of the greatest figures of world art.<\/p>\n","protected":false},"excerpt":{"rendered":"<p>Katsushika Hokusai (1760-1849) was the most prolific and diverse artist of Japan&#8217;s Edo period, with a body of work reputed to include more than 30,000 drawings, paintings, and prints. Hokusai traces the career of this child from a working-class district of old Tokyo, then known as Edo, evoking the special atmosphere of this great city&#8230;<\/p>\n","protected":false},"featured_media":106555,"comment_status":"closed","ping_status":"closed","template":"","meta":[],"product_brand":[],"product_cat":[4522,13533],"product_tag":[9083,6929],"class_list":{"0":"post-106566","1":"product","2":"type-product","3":"status-publish","4":"has-post-thumbnail","6":"product_cat-art-en","7":"product_cat-books","8":"product_tag-art-en","9":"product_tag-japan","10":"pa_author_att-henri-alexis-baatsch-en","11":"pa_cover-hardcover","12":"pa_format-292-x-37-cm-en","13":"pa_isbn-9780500028711-en","14":"pa_language-eng","15":"pa_pages-224-2-en","16":"pa_published-2024-11-19-en","17":"pa_publisher-thames-hudson-en","19":"first","20":"instock","21":"sold-individually","22":"shipping-taxable","23":"purchasable","24":"product-type-simple"},"yoast_head":"<!-- This site is optimized with the Yoast SEO plugin v27.4 - https:\/\/yoast.com\/product\/yoast-seo-wordpress\/ -->\n<title>Hokusai. A Life in Drawing (Henri-Alexis Baatsch) - book \/ album - Folio<\/title>\n<meta name=\"description\" content=\"Wejd\u017a i kup ksi\u0105\u017ck\u0119 Hokusai. A Life in Drawing autorstwa Henri-Alexis Baatsch wydan\u0105 przez Thames &amp; Hudson (2024-11-19) w formacie 29,2 x 37 cm (ISBN: 9780500028711). Zapraszamy!\" \/>\n<meta name=\"robots\" content=\"index, follow, max-snippet:-1, max-image-preview:large, max-video-preview:-1\" \/>\n<link rel=\"canonical\" href=\"https:\/\/foliobooks.pl\/en\/shop\/hokusai-a-life-in-drawing\/\" \/>\n<meta property=\"og:locale\" content=\"en_US\" \/>\n<meta property=\"og:type\" content=\"article\" \/>\n<meta property=\"og:title\" content=\"Hokusai. A Life in Drawing (Henri-Alexis Baatsch) - book \/ album - Folio\" \/>\n<meta property=\"og:description\" content=\"Wejd\u017a i kup ksi\u0105\u017ck\u0119 Hokusai. A Life in Drawing autorstwa Henri-Alexis Baatsch wydan\u0105 przez Thames &amp; Hudson (2024-11-19) w formacie 29,2 x 37 cm (ISBN: 9780500028711). Zapraszamy!\" \/>\n<meta property=\"og:url\" content=\"https:\/\/foliobooks.pl\/en\/shop\/hokusai-a-life-in-drawing\/\" \/>\n<meta property=\"og:site_name\" content=\"Folio\" \/>\n<meta property=\"og:image\" content=\"https:\/\/foliobooks.pl\/wp-content\/uploads\/2025\/06\/9780500028711.png\" \/>\n\t<meta property=\"og:image:width\" content=\"570\" \/>\n\t<meta property=\"og:image:height\" content=\"708\" \/>\n\t<meta property=\"og:image:type\" content=\"image\/png\" \/>\n<meta name=\"twitter:card\" content=\"summary_large_image\" \/>\n<meta name=\"twitter:label1\" content=\"Est. reading time\" \/>\n\t<meta name=\"twitter:data1\" content=\"2 minutes\" \/>\n<script type=\"application\/ld+json\" class=\"yoast-schema-graph\">{\"@context\":\"https:\\\/\\\/schema.org\",\"@graph\":[{\"@type\":\"WebPage\",\"@id\":\"https:\\\/\\\/foliobooks.pl\\\/en\\\/shop\\\/hokusai-a-life-in-drawing\\\/\",\"url\":\"https:\\\/\\\/foliobooks.pl\\\/en\\\/shop\\\/hokusai-a-life-in-drawing\\\/\",\"name\":\"Hokusai. A Life in Drawing (Henri-Alexis Baatsch) - book \\\/ album - Folio\",\"isPartOf\":{\"@id\":\"https:\\\/\\\/foliobooks.pl\\\/en\\\/#website\"},\"primaryImageOfPage\":{\"@id\":\"https:\\\/\\\/foliobooks.pl\\\/en\\\/shop\\\/hokusai-a-life-in-drawing\\\/#primaryimage\"},\"image\":{\"@id\":\"https:\\\/\\\/foliobooks.pl\\\/en\\\/shop\\\/hokusai-a-life-in-drawing\\\/#primaryimage\"},\"thumbnailUrl\":\"https:\\\/\\\/foliobooks.pl\\\/wp-content\\\/uploads\\\/2025\\\/06\\\/9780500028711.png\",\"datePublished\":\"2025-06-05T10:17:15+00:00\",\"description\":\"Wejd\u017a i kup ksi\u0105\u017ck\u0119 Hokusai. A Life in Drawing autorstwa Henri-Alexis Baatsch wydan\u0105 przez Thames &amp; Hudson (2024-11-19) w formacie 29,2 x 37 cm (ISBN: 9780500028711). Zapraszamy!\",\"breadcrumb\":{\"@id\":\"https:\\\/\\\/foliobooks.pl\\\/en\\\/shop\\\/hokusai-a-life-in-drawing\\\/#breadcrumb\"},\"inLanguage\":\"en-US\",\"potentialAction\":[{\"@type\":\"ReadAction\",\"target\":[\"https:\\\/\\\/foliobooks.pl\\\/en\\\/shop\\\/hokusai-a-life-in-drawing\\\/\"]}]},{\"@type\":\"ImageObject\",\"inLanguage\":\"en-US\",\"@id\":\"https:\\\/\\\/foliobooks.pl\\\/en\\\/shop\\\/hokusai-a-life-in-drawing\\\/#primaryimage\",\"url\":\"https:\\\/\\\/foliobooks.pl\\\/wp-content\\\/uploads\\\/2025\\\/06\\\/9780500028711.png\",\"contentUrl\":\"https:\\\/\\\/foliobooks.pl\\\/wp-content\\\/uploads\\\/2025\\\/06\\\/9780500028711.png\",\"width\":570,\"height\":708},{\"@type\":\"BreadcrumbList\",\"@id\":\"https:\\\/\\\/foliobooks.pl\\\/en\\\/shop\\\/hokusai-a-life-in-drawing\\\/#breadcrumb\",\"itemListElement\":[{\"@type\":\"ListItem\",\"position\":1,\"name\":\"Strona g\u0142\u00f3wna\",\"item\":\"https:\\\/\\\/foliobooks.pl\\\/en\\\/\"},{\"@type\":\"ListItem\",\"position\":2,\"name\":\"Shop\",\"item\":\"https:\\\/\\\/foliobooks.pl\\\/en\\\/shop\\\/\"},{\"@type\":\"ListItem\",\"position\":3,\"name\":\"Hokusai. A Life in Drawing\"}]},{\"@type\":\"WebSite\",\"@id\":\"https:\\\/\\\/foliobooks.pl\\\/en\\\/#website\",\"url\":\"https:\\\/\\\/foliobooks.pl\\\/en\\\/\",\"name\":\"Folio\",\"description\":\"Ksi\u0119garnia internetowa\",\"potentialAction\":[{\"@type\":\"SearchAction\",\"target\":{\"@type\":\"EntryPoint\",\"urlTemplate\":\"https:\\\/\\\/foliobooks.pl\\\/en\\\/?s={search_term_string}\"},\"query-input\":{\"@type\":\"PropertyValueSpecification\",\"valueRequired\":true,\"valueName\":\"search_term_string\"}}],\"inLanguage\":\"en-US\"}]}<\/script>\n<!-- \/ Yoast SEO plugin. -->","yoast_head_json":{"title":"Hokusai. A Life in Drawing (Henri-Alexis Baatsch) - book \/ album - Folio","description":"Wejd\u017a i kup ksi\u0105\u017ck\u0119 Hokusai. A Life in Drawing autorstwa Henri-Alexis Baatsch wydan\u0105 przez Thames &amp; Hudson (2024-11-19) w formacie 29,2 x 37 cm (ISBN: 9780500028711). Zapraszamy!","robots":{"index":"index","follow":"follow","max-snippet":"max-snippet:-1","max-image-preview":"max-image-preview:large","max-video-preview":"max-video-preview:-1"},"canonical":"https:\/\/foliobooks.pl\/en\/shop\/hokusai-a-life-in-drawing\/","og_locale":"en_US","og_type":"article","og_title":"Hokusai. A Life in Drawing (Henri-Alexis Baatsch) - book \/ album - Folio","og_description":"Wejd\u017a i kup ksi\u0105\u017ck\u0119 Hokusai. A Life in Drawing autorstwa Henri-Alexis Baatsch wydan\u0105 przez Thames &amp; Hudson (2024-11-19) w formacie 29,2 x 37 cm (ISBN: 9780500028711). Zapraszamy!","og_url":"https:\/\/foliobooks.pl\/en\/shop\/hokusai-a-life-in-drawing\/","og_site_name":"Folio","og_image":[{"width":570,"height":708,"url":"https:\/\/foliobooks.pl\/wp-content\/uploads\/2025\/06\/9780500028711.png","type":"image\/png"}],"twitter_card":"summary_large_image","twitter_misc":{"Est. reading time":"2 minutes"},"schema":{"@context":"https:\/\/schema.org","@graph":[{"@type":"WebPage","@id":"https:\/\/foliobooks.pl\/en\/shop\/hokusai-a-life-in-drawing\/","url":"https:\/\/foliobooks.pl\/en\/shop\/hokusai-a-life-in-drawing\/","name":"Hokusai. A Life in Drawing (Henri-Alexis Baatsch) - book \/ album - Folio","isPartOf":{"@id":"https:\/\/foliobooks.pl\/en\/#website"},"primaryImageOfPage":{"@id":"https:\/\/foliobooks.pl\/en\/shop\/hokusai-a-life-in-drawing\/#primaryimage"},"image":{"@id":"https:\/\/foliobooks.pl\/en\/shop\/hokusai-a-life-in-drawing\/#primaryimage"},"thumbnailUrl":"https:\/\/foliobooks.pl\/wp-content\/uploads\/2025\/06\/9780500028711.png","datePublished":"2025-06-05T10:17:15+00:00","description":"Wejd\u017a i kup ksi\u0105\u017ck\u0119 Hokusai. A Life in Drawing autorstwa Henri-Alexis Baatsch wydan\u0105 przez Thames &amp; Hudson (2024-11-19) w formacie 29,2 x 37 cm (ISBN: 9780500028711). Zapraszamy!","breadcrumb":{"@id":"https:\/\/foliobooks.pl\/en\/shop\/hokusai-a-life-in-drawing\/#breadcrumb"},"inLanguage":"en-US","potentialAction":[{"@type":"ReadAction","target":["https:\/\/foliobooks.pl\/en\/shop\/hokusai-a-life-in-drawing\/"]}]},{"@type":"ImageObject","inLanguage":"en-US","@id":"https:\/\/foliobooks.pl\/en\/shop\/hokusai-a-life-in-drawing\/#primaryimage","url":"https:\/\/foliobooks.pl\/wp-content\/uploads\/2025\/06\/9780500028711.png","contentUrl":"https:\/\/foliobooks.pl\/wp-content\/uploads\/2025\/06\/9780500028711.png","width":570,"height":708},{"@type":"BreadcrumbList","@id":"https:\/\/foliobooks.pl\/en\/shop\/hokusai-a-life-in-drawing\/#breadcrumb","itemListElement":[{"@type":"ListItem","position":1,"name":"Strona g\u0142\u00f3wna","item":"https:\/\/foliobooks.pl\/en\/"},{"@type":"ListItem","position":2,"name":"Shop","item":"https:\/\/foliobooks.pl\/en\/shop\/"},{"@type":"ListItem","position":3,"name":"Hokusai. A Life in Drawing"}]},{"@type":"WebSite","@id":"https:\/\/foliobooks.pl\/en\/#website","url":"https:\/\/foliobooks.pl\/en\/","name":"Folio","description":"Ksi\u0119garnia internetowa","potentialAction":[{"@type":"SearchAction","target":{"@type":"EntryPoint","urlTemplate":"https:\/\/foliobooks.pl\/en\/?s={search_term_string}"},"query-input":{"@type":"PropertyValueSpecification","valueRequired":true,"valueName":"search_term_string"}}],"inLanguage":"en-US"}]}},"_links":{"self":[{"href":"https:\/\/foliobooks.pl\/en\/wp-json\/wp\/v2\/product\/106566","targetHints":{"allow":["GET"]}}],"collection":[{"href":"https:\/\/foliobooks.pl\/en\/wp-json\/wp\/v2\/product"}],"about":[{"href":"https:\/\/foliobooks.pl\/en\/wp-json\/wp\/v2\/types\/product"}],"replies":[{"embeddable":true,"href":"https:\/\/foliobooks.pl\/en\/wp-json\/wp\/v2\/comments?post=106566"}],"wp:featuredmedia":[{"embeddable":true,"href":"https:\/\/foliobooks.pl\/en\/wp-json\/wp\/v2\/media\/106555"}],"wp:attachment":[{"href":"https:\/\/foliobooks.pl\/en\/wp-json\/wp\/v2\/media?parent=106566"}],"wp:term":[{"taxonomy":"product_brand","embeddable":true,"href":"https:\/\/foliobooks.pl\/en\/wp-json\/wp\/v2\/product_brand?post=106566"},{"taxonomy":"product_cat","embeddable":true,"href":"https:\/\/foliobooks.pl\/en\/wp-json\/wp\/v2\/product_cat?post=106566"},{"taxonomy":"product_tag","embeddable":true,"href":"https:\/\/foliobooks.pl\/en\/wp-json\/wp\/v2\/product_tag?post=106566"}],"curies":[{"name":"wp","href":"https:\/\/api.w.org\/{rel}","templated":true}]}}