{"id":106517,"date":"2025-06-04T14:04:08","date_gmt":"2025-06-04T12:04:08","guid":{"rendered":"https:\/\/foliobooks.pl\/sklep\/defining-style-the-book-of-interior-design\/"},"modified":"2025-06-04T14:04:08","modified_gmt":"2025-06-04T12:04:08","slug":"defining-style-the-book-of-interior-design","status":"publish","type":"product","link":"https:\/\/foliobooks.pl\/en\/shop\/defining-style-the-book-of-interior-design\/","title":{"rendered":"Defining Style. The Book of Interior Design"},"content":{"rendered":"<p>Discover 25 of the most recognizable design styles through 150 residential interiors from the world&#8217;s leading designers<\/p>\n<p>From Coastal to Contemporary, Maximal to Mediterranean, Tailored to Textured, this inspirational lookbook guides beginners and enthusiasts alike through the most timeless interior design styles of the last century.<\/p>\n<p>Learn to identify and understand each style like an expert through introductory texts describing key tenets and featured real-world examples by today&#8217;s best contemporary designers, such as Studio Shamshiri, Laura Gonzalez, and Vincenzo De Cotiis. Whether in a Manhattan skyscraper, along the coasts of Italy, or in the tropics of Bali, the rooms in this curated global collection offer a masterclass in how to navigate interior decor today.<\/p>\n<p>An insightful introduction by design editor Asad Syrkett explores the meaning and recent history of interior style, and a visual directory in the back of the book allows readers to see and make connections between different styles.<\/p>\n","protected":false},"excerpt":{"rendered":"<p>Discover 25 of the most recognizable design styles through 150 residential interiors from the world&#8217;s leading designers From Coastal to Contemporary, Maximal to Mediterranean, Tailored to Textured, this inspirational lookbook guides beginners and enthusiasts alike through the most timeless interior design styles of the last century. Learn to identify and understand each style like an&#8230;<\/p>\n","protected":false},"featured_media":106504,"comment_status":"closed","ping_status":"closed","template":"","meta":[],"product_brand":[],"product_cat":[4516,13533],"product_tag":[6124,290,18135],"class_list":{"0":"post-106517","1":"product","2":"type-product","3":"status-publish","4":"has-post-thumbnail","6":"product_cat-architecture-en","7":"product_cat-books","8":"product_tag-architecture-en","9":"product_tag-interiors-en","10":"product_tag-wystroj-wnetrz-en","11":"pa_author_att-joan-barzilay-freund-en","12":"pa_cover-hardcover","13":"pa_format-261-x-298-cm-en","14":"pa_isbn-9781838667818-en","15":"pa_language-eng","16":"pa_pages-296-en","17":"pa_published-2025-03-25-en","18":"pa_publisher-phaidon-en","20":"first","21":"instock","22":"sold-individually","23":"shipping-taxable","24":"purchasable","25":"product-type-simple"},"yoast_head":"<!-- This site is optimized with the Yoast SEO plugin v27.5 - https:\/\/yoast.com\/product\/yoast-seo-wordpress\/ -->\n<title>Defining Style. The Book of Interior Design (Joan Barzilay Freund) - book \/ album - Folio<\/title>\n<meta name=\"description\" content=\"Wejd\u017a i kup ksi\u0105\u017ck\u0119 Defining Style. The Book of Interior Design autorstwa Joan Barzilay Freund wydan\u0105 przez PHAIDON (2025-03-25) w formacie 26,1 x 29,8 cm (ISBN: 9781838667818). Zapraszamy!\" \/>\n<meta name=\"robots\" content=\"index, follow, max-snippet:-1, max-image-preview:large, max-video-preview:-1\" \/>\n<link rel=\"canonical\" href=\"https:\/\/foliobooks.pl\/en\/shop\/defining-style-the-book-of-interior-design\/\" \/>\n<meta property=\"og:locale\" content=\"en_US\" \/>\n<meta property=\"og:type\" content=\"article\" \/>\n<meta property=\"og:title\" content=\"Defining Style. The Book of Interior Design (Joan Barzilay Freund) - book \/ album - Folio\" \/>\n<meta property=\"og:description\" content=\"Wejd\u017a i kup ksi\u0105\u017ck\u0119 Defining Style. The Book of Interior Design autorstwa Joan Barzilay Freund wydan\u0105 przez PHAIDON (2025-03-25) w formacie 26,1 x 29,8 cm (ISBN: 9781838667818). Zapraszamy!\" \/>\n<meta property=\"og:url\" content=\"https:\/\/foliobooks.pl\/en\/shop\/defining-style-the-book-of-interior-design\/\" \/>\n<meta property=\"og:site_name\" content=\"Folio\" \/>\n<meta property=\"og:image\" content=\"https:\/\/foliobooks.pl\/wp-content\/uploads\/2025\/06\/9781838667818.png\" \/>\n\t<meta property=\"og:image:width\" content=\"570\" \/>\n\t<meta property=\"og:image:height\" content=\"708\" \/>\n\t<meta property=\"og:image:type\" content=\"image\/png\" \/>\n<meta name=\"twitter:card\" content=\"summary_large_image\" \/>\n<meta name=\"twitter:label1\" content=\"Est. reading time\" \/>\n\t<meta name=\"twitter:data1\" content=\"2 minutes\" \/>\n<script type=\"application\/ld+json\" class=\"yoast-schema-graph\">{\"@context\":\"https:\\\/\\\/schema.org\",\"@graph\":[{\"@type\":\"WebPage\",\"@id\":\"https:\\\/\\\/foliobooks.pl\\\/en\\\/shop\\\/defining-style-the-book-of-interior-design\\\/\",\"url\":\"https:\\\/\\\/foliobooks.pl\\\/en\\\/shop\\\/defining-style-the-book-of-interior-design\\\/\",\"name\":\"Defining Style. The Book of Interior Design (Joan Barzilay Freund) - book \\\/ album - Folio\",\"isPartOf\":{\"@id\":\"https:\\\/\\\/foliobooks.pl\\\/en\\\/#website\"},\"primaryImageOfPage\":{\"@id\":\"https:\\\/\\\/foliobooks.pl\\\/en\\\/shop\\\/defining-style-the-book-of-interior-design\\\/#primaryimage\"},\"image\":{\"@id\":\"https:\\\/\\\/foliobooks.pl\\\/en\\\/shop\\\/defining-style-the-book-of-interior-design\\\/#primaryimage\"},\"thumbnailUrl\":\"https:\\\/\\\/foliobooks.pl\\\/wp-content\\\/uploads\\\/2025\\\/06\\\/9781838667818.png\",\"datePublished\":\"2025-06-04T12:04:08+00:00\",\"description\":\"Wejd\u017a i kup ksi\u0105\u017ck\u0119 Defining Style. The Book of Interior Design autorstwa Joan Barzilay Freund wydan\u0105 przez PHAIDON (2025-03-25) w formacie 26,1 x 29,8 cm (ISBN: 9781838667818). Zapraszamy!\",\"breadcrumb\":{\"@id\":\"https:\\\/\\\/foliobooks.pl\\\/en\\\/shop\\\/defining-style-the-book-of-interior-design\\\/#breadcrumb\"},\"inLanguage\":\"en-US\",\"potentialAction\":[{\"@type\":\"ReadAction\",\"target\":[\"https:\\\/\\\/foliobooks.pl\\\/en\\\/shop\\\/defining-style-the-book-of-interior-design\\\/\"]}]},{\"@type\":\"ImageObject\",\"inLanguage\":\"en-US\",\"@id\":\"https:\\\/\\\/foliobooks.pl\\\/en\\\/shop\\\/defining-style-the-book-of-interior-design\\\/#primaryimage\",\"url\":\"https:\\\/\\\/foliobooks.pl\\\/wp-content\\\/uploads\\\/2025\\\/06\\\/9781838667818.png\",\"contentUrl\":\"https:\\\/\\\/foliobooks.pl\\\/wp-content\\\/uploads\\\/2025\\\/06\\\/9781838667818.png\",\"width\":570,\"height\":708},{\"@type\":\"BreadcrumbList\",\"@id\":\"https:\\\/\\\/foliobooks.pl\\\/en\\\/shop\\\/defining-style-the-book-of-interior-design\\\/#breadcrumb\",\"itemListElement\":[{\"@type\":\"ListItem\",\"position\":1,\"name\":\"Strona g\u0142\u00f3wna\",\"item\":\"https:\\\/\\\/foliobooks.pl\\\/en\\\/\"},{\"@type\":\"ListItem\",\"position\":2,\"name\":\"Shop\",\"item\":\"https:\\\/\\\/foliobooks.pl\\\/en\\\/shop\\\/\"},{\"@type\":\"ListItem\",\"position\":3,\"name\":\"Defining Style. The Book of Interior Design\"}]},{\"@type\":\"WebSite\",\"@id\":\"https:\\\/\\\/foliobooks.pl\\\/en\\\/#website\",\"url\":\"https:\\\/\\\/foliobooks.pl\\\/en\\\/\",\"name\":\"Folio\",\"description\":\"Ksi\u0119garnia internetowa\",\"potentialAction\":[{\"@type\":\"SearchAction\",\"target\":{\"@type\":\"EntryPoint\",\"urlTemplate\":\"https:\\\/\\\/foliobooks.pl\\\/en\\\/?s={search_term_string}\"},\"query-input\":{\"@type\":\"PropertyValueSpecification\",\"valueRequired\":true,\"valueName\":\"search_term_string\"}}],\"inLanguage\":\"en-US\"}]}<\/script>\n<!-- \/ Yoast SEO plugin. -->","yoast_head_json":{"title":"Defining Style. The Book of Interior Design (Joan Barzilay Freund) - book \/ album - Folio","description":"Wejd\u017a i kup ksi\u0105\u017ck\u0119 Defining Style. The Book of Interior Design autorstwa Joan Barzilay Freund wydan\u0105 przez PHAIDON (2025-03-25) w formacie 26,1 x 29,8 cm (ISBN: 9781838667818). Zapraszamy!","robots":{"index":"index","follow":"follow","max-snippet":"max-snippet:-1","max-image-preview":"max-image-preview:large","max-video-preview":"max-video-preview:-1"},"canonical":"https:\/\/foliobooks.pl\/en\/shop\/defining-style-the-book-of-interior-design\/","og_locale":"en_US","og_type":"article","og_title":"Defining Style. The Book of Interior Design (Joan Barzilay Freund) - book \/ album - Folio","og_description":"Wejd\u017a i kup ksi\u0105\u017ck\u0119 Defining Style. The Book of Interior Design autorstwa Joan Barzilay Freund wydan\u0105 przez PHAIDON (2025-03-25) w formacie 26,1 x 29,8 cm (ISBN: 9781838667818). Zapraszamy!","og_url":"https:\/\/foliobooks.pl\/en\/shop\/defining-style-the-book-of-interior-design\/","og_site_name":"Folio","og_image":[{"width":570,"height":708,"url":"https:\/\/foliobooks.pl\/wp-content\/uploads\/2025\/06\/9781838667818.png","type":"image\/png"}],"twitter_card":"summary_large_image","twitter_misc":{"Est. reading time":"2 minutes"},"schema":{"@context":"https:\/\/schema.org","@graph":[{"@type":"WebPage","@id":"https:\/\/foliobooks.pl\/en\/shop\/defining-style-the-book-of-interior-design\/","url":"https:\/\/foliobooks.pl\/en\/shop\/defining-style-the-book-of-interior-design\/","name":"Defining Style. The Book of Interior Design (Joan Barzilay Freund) - book \/ album - Folio","isPartOf":{"@id":"https:\/\/foliobooks.pl\/en\/#website"},"primaryImageOfPage":{"@id":"https:\/\/foliobooks.pl\/en\/shop\/defining-style-the-book-of-interior-design\/#primaryimage"},"image":{"@id":"https:\/\/foliobooks.pl\/en\/shop\/defining-style-the-book-of-interior-design\/#primaryimage"},"thumbnailUrl":"https:\/\/foliobooks.pl\/wp-content\/uploads\/2025\/06\/9781838667818.png","datePublished":"2025-06-04T12:04:08+00:00","description":"Wejd\u017a i kup ksi\u0105\u017ck\u0119 Defining Style. The Book of Interior Design autorstwa Joan Barzilay Freund wydan\u0105 przez PHAIDON (2025-03-25) w formacie 26,1 x 29,8 cm (ISBN: 9781838667818). Zapraszamy!","breadcrumb":{"@id":"https:\/\/foliobooks.pl\/en\/shop\/defining-style-the-book-of-interior-design\/#breadcrumb"},"inLanguage":"en-US","potentialAction":[{"@type":"ReadAction","target":["https:\/\/foliobooks.pl\/en\/shop\/defining-style-the-book-of-interior-design\/"]}]},{"@type":"ImageObject","inLanguage":"en-US","@id":"https:\/\/foliobooks.pl\/en\/shop\/defining-style-the-book-of-interior-design\/#primaryimage","url":"https:\/\/foliobooks.pl\/wp-content\/uploads\/2025\/06\/9781838667818.png","contentUrl":"https:\/\/foliobooks.pl\/wp-content\/uploads\/2025\/06\/9781838667818.png","width":570,"height":708},{"@type":"BreadcrumbList","@id":"https:\/\/foliobooks.pl\/en\/shop\/defining-style-the-book-of-interior-design\/#breadcrumb","itemListElement":[{"@type":"ListItem","position":1,"name":"Strona g\u0142\u00f3wna","item":"https:\/\/foliobooks.pl\/en\/"},{"@type":"ListItem","position":2,"name":"Shop","item":"https:\/\/foliobooks.pl\/en\/shop\/"},{"@type":"ListItem","position":3,"name":"Defining Style. The Book of Interior Design"}]},{"@type":"WebSite","@id":"https:\/\/foliobooks.pl\/en\/#website","url":"https:\/\/foliobooks.pl\/en\/","name":"Folio","description":"Ksi\u0119garnia internetowa","potentialAction":[{"@type":"SearchAction","target":{"@type":"EntryPoint","urlTemplate":"https:\/\/foliobooks.pl\/en\/?s={search_term_string}"},"query-input":{"@type":"PropertyValueSpecification","valueRequired":true,"valueName":"search_term_string"}}],"inLanguage":"en-US"}]}},"_links":{"self":[{"href":"https:\/\/foliobooks.pl\/en\/wp-json\/wp\/v2\/product\/106517","targetHints":{"allow":["GET"]}}],"collection":[{"href":"https:\/\/foliobooks.pl\/en\/wp-json\/wp\/v2\/product"}],"about":[{"href":"https:\/\/foliobooks.pl\/en\/wp-json\/wp\/v2\/types\/product"}],"replies":[{"embeddable":true,"href":"https:\/\/foliobooks.pl\/en\/wp-json\/wp\/v2\/comments?post=106517"}],"wp:featuredmedia":[{"embeddable":true,"href":"https:\/\/foliobooks.pl\/en\/wp-json\/wp\/v2\/media\/106504"}],"wp:attachment":[{"href":"https:\/\/foliobooks.pl\/en\/wp-json\/wp\/v2\/media?parent=106517"}],"wp:term":[{"taxonomy":"product_brand","embeddable":true,"href":"https:\/\/foliobooks.pl\/en\/wp-json\/wp\/v2\/product_brand?post=106517"},{"taxonomy":"product_cat","embeddable":true,"href":"https:\/\/foliobooks.pl\/en\/wp-json\/wp\/v2\/product_cat?post=106517"},{"taxonomy":"product_tag","embeddable":true,"href":"https:\/\/foliobooks.pl\/en\/wp-json\/wp\/v2\/product_tag?post=106517"}],"curies":[{"name":"wp","href":"https:\/\/api.w.org\/{rel}","templated":true}]}}