{"id":106500,"date":"2025-06-04T13:45:28","date_gmt":"2025-06-04T11:45:28","guid":{"rendered":"https:\/\/foliobooks.pl\/sklep\/david-kleinberg-interiors\/"},"modified":"2025-06-04T13:45:28","modified_gmt":"2025-06-04T11:45:28","slug":"david-kleinberg-interiors","status":"publish","type":"product","link":"https:\/\/foliobooks.pl\/en\/shop\/david-kleinberg-interiors\/","title":{"rendered":"David Kleinberg. Interiors"},"content":{"rendered":"<p>Revered interior designer David Kleinberg invites readers inside a selection of projects representing the height of sophistication, luxury, and refinement<\/p>\n<p>For over 35 years, David Kleinberg, whom Architectural Digest calls a designer of &#8216;singular rooms [that] adhere to the traditional values of elegance, beauty, practicality, [and] comfort, &#8216; has created a body of work that is wide-ranging in style yet always modern in sensibility. Kleinberg is revered for creating spaces that not only epitomize sophistication and luxury, but that also function effortlessly for his clients.<\/p>\n<p>In his newest monograph, Kleinberg shares eleven recent residential projects, some of which have never been photographed until now, in glamorous locales across the United States &#8211; in Manhattan, the Hamptons, Aspen, and Palm Beach &#8211; as well as on London&#8217;s Eaton Square. The book opens with Thom Brown and Andrew Bolton&#8217;s townhouse, which was immaculately restored and filled with exquisite furnishings and art from varying periods and closes with an intimate tour of Kleinberg&#8217;s own private garden in East Hampton.<\/p>\n<p>Featuring a foreword by Thom Brown and Andrew Bolton, and written with Architectural Digest&#8217;s West Coast editor, Mayer Rus, the text offers readers insights into the process of the celebrated interior designer. Wrapped in grey linen and featuring a tipped-in detail shot that shows Kleinberg&#8217;s signature mix of contemporary art with period details, the book&#8217;s luxe package reflects the elegant, upscale interiors within.<\/p>\n","protected":false},"excerpt":{"rendered":"<p>Revered interior designer David Kleinberg invites readers inside a selection of projects representing the height of sophistication, luxury, and refinement For over 35 years, David Kleinberg, whom Architectural Digest calls a designer of &#8216;singular rooms [that] adhere to the traditional values of elegance, beauty, practicality, [and] comfort, &#8216; has created a body of work that&#8230;<\/p>\n","protected":false},"featured_media":106489,"comment_status":"closed","ping_status":"closed","template":"","meta":[],"product_brand":[],"product_cat":[4516,13533],"product_tag":[6124,290,18135],"class_list":{"0":"post-106500","1":"product","2":"type-product","3":"status-publish","4":"has-post-thumbnail","6":"product_cat-architecture-en","7":"product_cat-books","8":"product_tag-architecture-en","9":"product_tag-interiors-en","10":"product_tag-wystroj-wnetrz-en","11":"pa_author_att-david-kleinberg-en","12":"pa_cover-hardcover","13":"pa_format-255-x-305-cm-en","14":"pa_isbn-9781580936361-en","15":"pa_language-eng","16":"pa_pages-288-en-2","17":"pa_published-2025-03-13-en","18":"pa_publisher-monacelli-press-en","20":"first","21":"instock","22":"sold-individually","23":"shipping-taxable","24":"purchasable","25":"product-type-simple"},"yoast_head":"<!-- This site is optimized with the Yoast SEO plugin v27.4 - https:\/\/yoast.com\/product\/yoast-seo-wordpress\/ -->\n<title>David Kleinberg. Interiors (David Kleinberg) - book \/ album - Folio<\/title>\n<meta name=\"description\" content=\"Wejd\u017a i kup ksi\u0105\u017ck\u0119 David Kleinberg. Interiors autorstwa David Kleinberg wydan\u0105 przez Monacelli Press (2025-03-13) w formacie 25,5 x 30,5 cm (ISBN: 9781580936361). Zapraszamy!\" \/>\n<meta name=\"robots\" content=\"index, follow, max-snippet:-1, max-image-preview:large, max-video-preview:-1\" \/>\n<link rel=\"canonical\" href=\"https:\/\/foliobooks.pl\/en\/shop\/david-kleinberg-interiors\/\" \/>\n<meta property=\"og:locale\" content=\"en_US\" \/>\n<meta property=\"og:type\" content=\"article\" \/>\n<meta property=\"og:title\" content=\"David Kleinberg. Interiors (David Kleinberg) - book \/ album - Folio\" \/>\n<meta property=\"og:description\" content=\"Wejd\u017a i kup ksi\u0105\u017ck\u0119 David Kleinberg. Interiors autorstwa David Kleinberg wydan\u0105 przez Monacelli Press (2025-03-13) w formacie 25,5 x 30,5 cm (ISBN: 9781580936361). Zapraszamy!\" \/>\n<meta property=\"og:url\" content=\"https:\/\/foliobooks.pl\/en\/shop\/david-kleinberg-interiors\/\" \/>\n<meta property=\"og:site_name\" content=\"Folio\" \/>\n<meta property=\"og:image\" content=\"https:\/\/foliobooks.pl\/wp-content\/uploads\/2025\/06\/9781580936361.png\" \/>\n\t<meta property=\"og:image:width\" content=\"570\" \/>\n\t<meta property=\"og:image:height\" content=\"708\" \/>\n\t<meta property=\"og:image:type\" content=\"image\/png\" \/>\n<meta name=\"twitter:card\" content=\"summary_large_image\" \/>\n<meta name=\"twitter:label1\" content=\"Est. reading time\" \/>\n\t<meta name=\"twitter:data1\" content=\"2 minutes\" \/>\n<script type=\"application\/ld+json\" class=\"yoast-schema-graph\">{\"@context\":\"https:\\\/\\\/schema.org\",\"@graph\":[{\"@type\":\"WebPage\",\"@id\":\"https:\\\/\\\/foliobooks.pl\\\/en\\\/shop\\\/david-kleinberg-interiors\\\/\",\"url\":\"https:\\\/\\\/foliobooks.pl\\\/en\\\/shop\\\/david-kleinberg-interiors\\\/\",\"name\":\"David Kleinberg. Interiors (David Kleinberg) - book \\\/ album - Folio\",\"isPartOf\":{\"@id\":\"https:\\\/\\\/foliobooks.pl\\\/en\\\/#website\"},\"primaryImageOfPage\":{\"@id\":\"https:\\\/\\\/foliobooks.pl\\\/en\\\/shop\\\/david-kleinberg-interiors\\\/#primaryimage\"},\"image\":{\"@id\":\"https:\\\/\\\/foliobooks.pl\\\/en\\\/shop\\\/david-kleinberg-interiors\\\/#primaryimage\"},\"thumbnailUrl\":\"https:\\\/\\\/foliobooks.pl\\\/wp-content\\\/uploads\\\/2025\\\/06\\\/9781580936361.png\",\"datePublished\":\"2025-06-04T11:45:28+00:00\",\"description\":\"Wejd\u017a i kup ksi\u0105\u017ck\u0119 David Kleinberg. Interiors autorstwa David Kleinberg wydan\u0105 przez Monacelli Press (2025-03-13) w formacie 25,5 x 30,5 cm (ISBN: 9781580936361). Zapraszamy!\",\"breadcrumb\":{\"@id\":\"https:\\\/\\\/foliobooks.pl\\\/en\\\/shop\\\/david-kleinberg-interiors\\\/#breadcrumb\"},\"inLanguage\":\"en-US\",\"potentialAction\":[{\"@type\":\"ReadAction\",\"target\":[\"https:\\\/\\\/foliobooks.pl\\\/en\\\/shop\\\/david-kleinberg-interiors\\\/\"]}]},{\"@type\":\"ImageObject\",\"inLanguage\":\"en-US\",\"@id\":\"https:\\\/\\\/foliobooks.pl\\\/en\\\/shop\\\/david-kleinberg-interiors\\\/#primaryimage\",\"url\":\"https:\\\/\\\/foliobooks.pl\\\/wp-content\\\/uploads\\\/2025\\\/06\\\/9781580936361.png\",\"contentUrl\":\"https:\\\/\\\/foliobooks.pl\\\/wp-content\\\/uploads\\\/2025\\\/06\\\/9781580936361.png\",\"width\":570,\"height\":708},{\"@type\":\"BreadcrumbList\",\"@id\":\"https:\\\/\\\/foliobooks.pl\\\/en\\\/shop\\\/david-kleinberg-interiors\\\/#breadcrumb\",\"itemListElement\":[{\"@type\":\"ListItem\",\"position\":1,\"name\":\"Strona g\u0142\u00f3wna\",\"item\":\"https:\\\/\\\/foliobooks.pl\\\/en\\\/\"},{\"@type\":\"ListItem\",\"position\":2,\"name\":\"Shop\",\"item\":\"https:\\\/\\\/foliobooks.pl\\\/en\\\/shop\\\/\"},{\"@type\":\"ListItem\",\"position\":3,\"name\":\"David Kleinberg. Interiors\"}]},{\"@type\":\"WebSite\",\"@id\":\"https:\\\/\\\/foliobooks.pl\\\/en\\\/#website\",\"url\":\"https:\\\/\\\/foliobooks.pl\\\/en\\\/\",\"name\":\"Folio\",\"description\":\"Ksi\u0119garnia internetowa\",\"potentialAction\":[{\"@type\":\"SearchAction\",\"target\":{\"@type\":\"EntryPoint\",\"urlTemplate\":\"https:\\\/\\\/foliobooks.pl\\\/en\\\/?s={search_term_string}\"},\"query-input\":{\"@type\":\"PropertyValueSpecification\",\"valueRequired\":true,\"valueName\":\"search_term_string\"}}],\"inLanguage\":\"en-US\"}]}<\/script>\n<!-- \/ Yoast SEO plugin. -->","yoast_head_json":{"title":"David Kleinberg. Interiors (David Kleinberg) - book \/ album - Folio","description":"Wejd\u017a i kup ksi\u0105\u017ck\u0119 David Kleinberg. Interiors autorstwa David Kleinberg wydan\u0105 przez Monacelli Press (2025-03-13) w formacie 25,5 x 30,5 cm (ISBN: 9781580936361). Zapraszamy!","robots":{"index":"index","follow":"follow","max-snippet":"max-snippet:-1","max-image-preview":"max-image-preview:large","max-video-preview":"max-video-preview:-1"},"canonical":"https:\/\/foliobooks.pl\/en\/shop\/david-kleinberg-interiors\/","og_locale":"en_US","og_type":"article","og_title":"David Kleinberg. Interiors (David Kleinberg) - book \/ album - Folio","og_description":"Wejd\u017a i kup ksi\u0105\u017ck\u0119 David Kleinberg. Interiors autorstwa David Kleinberg wydan\u0105 przez Monacelli Press (2025-03-13) w formacie 25,5 x 30,5 cm (ISBN: 9781580936361). Zapraszamy!","og_url":"https:\/\/foliobooks.pl\/en\/shop\/david-kleinberg-interiors\/","og_site_name":"Folio","og_image":[{"width":570,"height":708,"url":"https:\/\/foliobooks.pl\/wp-content\/uploads\/2025\/06\/9781580936361.png","type":"image\/png"}],"twitter_card":"summary_large_image","twitter_misc":{"Est. reading time":"2 minutes"},"schema":{"@context":"https:\/\/schema.org","@graph":[{"@type":"WebPage","@id":"https:\/\/foliobooks.pl\/en\/shop\/david-kleinberg-interiors\/","url":"https:\/\/foliobooks.pl\/en\/shop\/david-kleinberg-interiors\/","name":"David Kleinberg. Interiors (David Kleinberg) - book \/ album - Folio","isPartOf":{"@id":"https:\/\/foliobooks.pl\/en\/#website"},"primaryImageOfPage":{"@id":"https:\/\/foliobooks.pl\/en\/shop\/david-kleinberg-interiors\/#primaryimage"},"image":{"@id":"https:\/\/foliobooks.pl\/en\/shop\/david-kleinberg-interiors\/#primaryimage"},"thumbnailUrl":"https:\/\/foliobooks.pl\/wp-content\/uploads\/2025\/06\/9781580936361.png","datePublished":"2025-06-04T11:45:28+00:00","description":"Wejd\u017a i kup ksi\u0105\u017ck\u0119 David Kleinberg. Interiors autorstwa David Kleinberg wydan\u0105 przez Monacelli Press (2025-03-13) w formacie 25,5 x 30,5 cm (ISBN: 9781580936361). Zapraszamy!","breadcrumb":{"@id":"https:\/\/foliobooks.pl\/en\/shop\/david-kleinberg-interiors\/#breadcrumb"},"inLanguage":"en-US","potentialAction":[{"@type":"ReadAction","target":["https:\/\/foliobooks.pl\/en\/shop\/david-kleinberg-interiors\/"]}]},{"@type":"ImageObject","inLanguage":"en-US","@id":"https:\/\/foliobooks.pl\/en\/shop\/david-kleinberg-interiors\/#primaryimage","url":"https:\/\/foliobooks.pl\/wp-content\/uploads\/2025\/06\/9781580936361.png","contentUrl":"https:\/\/foliobooks.pl\/wp-content\/uploads\/2025\/06\/9781580936361.png","width":570,"height":708},{"@type":"BreadcrumbList","@id":"https:\/\/foliobooks.pl\/en\/shop\/david-kleinberg-interiors\/#breadcrumb","itemListElement":[{"@type":"ListItem","position":1,"name":"Strona g\u0142\u00f3wna","item":"https:\/\/foliobooks.pl\/en\/"},{"@type":"ListItem","position":2,"name":"Shop","item":"https:\/\/foliobooks.pl\/en\/shop\/"},{"@type":"ListItem","position":3,"name":"David Kleinberg. Interiors"}]},{"@type":"WebSite","@id":"https:\/\/foliobooks.pl\/en\/#website","url":"https:\/\/foliobooks.pl\/en\/","name":"Folio","description":"Ksi\u0119garnia internetowa","potentialAction":[{"@type":"SearchAction","target":{"@type":"EntryPoint","urlTemplate":"https:\/\/foliobooks.pl\/en\/?s={search_term_string}"},"query-input":{"@type":"PropertyValueSpecification","valueRequired":true,"valueName":"search_term_string"}}],"inLanguage":"en-US"}]}},"_links":{"self":[{"href":"https:\/\/foliobooks.pl\/en\/wp-json\/wp\/v2\/product\/106500","targetHints":{"allow":["GET"]}}],"collection":[{"href":"https:\/\/foliobooks.pl\/en\/wp-json\/wp\/v2\/product"}],"about":[{"href":"https:\/\/foliobooks.pl\/en\/wp-json\/wp\/v2\/types\/product"}],"replies":[{"embeddable":true,"href":"https:\/\/foliobooks.pl\/en\/wp-json\/wp\/v2\/comments?post=106500"}],"wp:featuredmedia":[{"embeddable":true,"href":"https:\/\/foliobooks.pl\/en\/wp-json\/wp\/v2\/media\/106489"}],"wp:attachment":[{"href":"https:\/\/foliobooks.pl\/en\/wp-json\/wp\/v2\/media?parent=106500"}],"wp:term":[{"taxonomy":"product_brand","embeddable":true,"href":"https:\/\/foliobooks.pl\/en\/wp-json\/wp\/v2\/product_brand?post=106500"},{"taxonomy":"product_cat","embeddable":true,"href":"https:\/\/foliobooks.pl\/en\/wp-json\/wp\/v2\/product_cat?post=106500"},{"taxonomy":"product_tag","embeddable":true,"href":"https:\/\/foliobooks.pl\/en\/wp-json\/wp\/v2\/product_tag?post=106500"}],"curies":[{"name":"wp","href":"https:\/\/api.w.org\/{rel}","templated":true}]}}