{"id":106486,"date":"2025-06-04T13:25:07","date_gmt":"2025-06-04T11:25:07","guid":{"rendered":"https:\/\/foliobooks.pl\/sklep\/cinema-her-way-visionary-female-directors-in-their-own-words\/"},"modified":"2026-02-26T16:47:25","modified_gmt":"2026-02-26T15:47:25","slug":"cinema-her-way-visionary-female-directors-in-their-own-words","status":"publish","type":"product","link":"https:\/\/foliobooks.pl\/en\/shop\/cinema-her-way-visionary-female-directors-in-their-own-words\/","title":{"rendered":"Cinema Her Way. Visionary Female Directors in Their Own Words"},"content":{"rendered":"<p>Celebrating women directors and their incredible contributions to filmmaking, this fascinating survey includes a brief history about groundbreaking trailblazers, in-depth interviews with singular female directors, and a comprehensive list of noteworthy talents and their films.<br \/>\nFrom the birth of cinema in the 1890s to the global box office today, women directors have had to work hard to tell their stories. Although they make up a small percentage of current filmmakers, their contributions to the cinematic arts are both significant and unique.<\/p>\n<p>In revelatory conversations with international filmmakers, film critic and historian Gates shines a light on their career-spanning works. From feminist pioneers and maverick independents to Oscar-winning directors, these filmmakers include Jane Campion, Susan Seidelman, and Mira Nair.<\/p>\n<p>Through illuminating discussions, the directors take readers on a deep exploration into their filmmaking processes and themes. Each is accompanied by illustrations of the filmmakers on location and vivid film stills. Offering a rare glimpse into the movie business, they share stories of their unique journeys navigating the film industry. In an era when most fans of film rely on the Internet for information, this curated collection of interviews is the ideal reference with insights directly from these trailblazing filmmakers themselves.<\/p>\n","protected":false},"excerpt":{"rendered":"<p>Celebrating women directors and their incredible contributions to filmmaking, this fascinating survey includes a brief history about groundbreaking trailblazers, in-depth interviews with singular female directors, and a comprehensive list of noteworthy talents and their films. From the birth of cinema in the 1890s to the global box office today, women directors have had to work&#8230;<\/p>\n","protected":false},"featured_media":106485,"comment_status":"closed","ping_status":"closed","template":"","meta":[],"product_brand":[],"product_cat":[4522],"product_tag":[18063],"class_list":{"0":"post-106486","1":"product","2":"type-product","3":"status-publish","4":"has-post-thumbnail","6":"product_cat-art-en","7":"product_tag-film-en","8":"pa_author_att-marya-e-gates-en","9":"pa_cover-hardcover","10":"pa_format-261-x-261-cm-en","11":"pa_isbn-9780847846610-en","12":"pa_language-eng","13":"pa_pages-256-en-2","14":"pa_published-2025-02-25-en","15":"pa_publisher-rizzoli-en","17":"first","18":"instock","19":"sold-individually","20":"shipping-taxable","21":"purchasable","22":"product-type-simple"},"yoast_head":"<!-- This site is optimized with the Yoast SEO plugin v27.4 - https:\/\/yoast.com\/product\/yoast-seo-wordpress\/ -->\n<title>Cinema Her Way. Visionary Female Directors in Their Own Words (Marya E. Gates) - book \/ album - Folio<\/title>\n<meta name=\"description\" content=\"Wejd\u017a i kup ksi\u0105\u017ck\u0119 Cinema Her Way. Visionary Female Directors in Their Own Words autorstwa Marya E. Gates wydan\u0105 przez Rizzoli (2025-02-25) w formacie 26,1 x 26,1 cm (ISBN: 9780847846610). Zapraszamy!\" \/>\n<meta name=\"robots\" content=\"index, follow, max-snippet:-1, max-image-preview:large, max-video-preview:-1\" \/>\n<link rel=\"canonical\" href=\"https:\/\/foliobooks.pl\/en\/shop\/cinema-her-way-visionary-female-directors-in-their-own-words\/\" \/>\n<meta property=\"og:locale\" content=\"en_US\" \/>\n<meta property=\"og:type\" content=\"article\" \/>\n<meta property=\"og:title\" content=\"Cinema Her Way. Visionary Female Directors in Their Own Words (Marya E. Gates) - book \/ album - Folio\" \/>\n<meta property=\"og:description\" content=\"Wejd\u017a i kup ksi\u0105\u017ck\u0119 Cinema Her Way. Visionary Female Directors in Their Own Words autorstwa Marya E. Gates wydan\u0105 przez Rizzoli (2025-02-25) w formacie 26,1 x 26,1 cm (ISBN: 9780847846610). Zapraszamy!\" \/>\n<meta property=\"og:url\" content=\"https:\/\/foliobooks.pl\/en\/shop\/cinema-her-way-visionary-female-directors-in-their-own-words\/\" \/>\n<meta property=\"og:site_name\" content=\"Folio\" \/>\n<meta property=\"article:modified_time\" content=\"2026-02-26T15:47:25+00:00\" \/>\n<meta property=\"og:image\" content=\"https:\/\/foliobooks.pl\/wp-content\/uploads\/2025\/06\/9780847846610.png\" \/>\n\t<meta property=\"og:image:width\" content=\"570\" \/>\n\t<meta property=\"og:image:height\" content=\"708\" \/>\n\t<meta property=\"og:image:type\" content=\"image\/png\" \/>\n<meta name=\"twitter:card\" content=\"summary_large_image\" \/>\n<meta name=\"twitter:label1\" content=\"Est. reading time\" \/>\n\t<meta name=\"twitter:data1\" content=\"2 minutes\" \/>\n<script type=\"application\/ld+json\" class=\"yoast-schema-graph\">{\"@context\":\"https:\\\/\\\/schema.org\",\"@graph\":[{\"@type\":\"WebPage\",\"@id\":\"https:\\\/\\\/foliobooks.pl\\\/en\\\/shop\\\/cinema-her-way-visionary-female-directors-in-their-own-words\\\/\",\"url\":\"https:\\\/\\\/foliobooks.pl\\\/en\\\/shop\\\/cinema-her-way-visionary-female-directors-in-their-own-words\\\/\",\"name\":\"Cinema Her Way. Visionary Female Directors in Their Own Words (Marya E. Gates) - book \\\/ album - Folio\",\"isPartOf\":{\"@id\":\"https:\\\/\\\/foliobooks.pl\\\/en\\\/#website\"},\"primaryImageOfPage\":{\"@id\":\"https:\\\/\\\/foliobooks.pl\\\/en\\\/shop\\\/cinema-her-way-visionary-female-directors-in-their-own-words\\\/#primaryimage\"},\"image\":{\"@id\":\"https:\\\/\\\/foliobooks.pl\\\/en\\\/shop\\\/cinema-her-way-visionary-female-directors-in-their-own-words\\\/#primaryimage\"},\"thumbnailUrl\":\"https:\\\/\\\/foliobooks.pl\\\/wp-content\\\/uploads\\\/2025\\\/06\\\/9780847846610.png\",\"datePublished\":\"2025-06-04T11:25:07+00:00\",\"dateModified\":\"2026-02-26T15:47:25+00:00\",\"description\":\"Wejd\u017a i kup ksi\u0105\u017ck\u0119 Cinema Her Way. Visionary Female Directors in Their Own Words autorstwa Marya E. Gates wydan\u0105 przez Rizzoli (2025-02-25) w formacie 26,1 x 26,1 cm (ISBN: 9780847846610). Zapraszamy!\",\"breadcrumb\":{\"@id\":\"https:\\\/\\\/foliobooks.pl\\\/en\\\/shop\\\/cinema-her-way-visionary-female-directors-in-their-own-words\\\/#breadcrumb\"},\"inLanguage\":\"en-US\",\"potentialAction\":[{\"@type\":\"ReadAction\",\"target\":[\"https:\\\/\\\/foliobooks.pl\\\/en\\\/shop\\\/cinema-her-way-visionary-female-directors-in-their-own-words\\\/\"]}]},{\"@type\":\"ImageObject\",\"inLanguage\":\"en-US\",\"@id\":\"https:\\\/\\\/foliobooks.pl\\\/en\\\/shop\\\/cinema-her-way-visionary-female-directors-in-their-own-words\\\/#primaryimage\",\"url\":\"https:\\\/\\\/foliobooks.pl\\\/wp-content\\\/uploads\\\/2025\\\/06\\\/9780847846610.png\",\"contentUrl\":\"https:\\\/\\\/foliobooks.pl\\\/wp-content\\\/uploads\\\/2025\\\/06\\\/9780847846610.png\",\"width\":570,\"height\":708},{\"@type\":\"BreadcrumbList\",\"@id\":\"https:\\\/\\\/foliobooks.pl\\\/en\\\/shop\\\/cinema-her-way-visionary-female-directors-in-their-own-words\\\/#breadcrumb\",\"itemListElement\":[{\"@type\":\"ListItem\",\"position\":1,\"name\":\"Strona g\u0142\u00f3wna\",\"item\":\"https:\\\/\\\/foliobooks.pl\\\/en\\\/\"},{\"@type\":\"ListItem\",\"position\":2,\"name\":\"Shop\",\"item\":\"https:\\\/\\\/foliobooks.pl\\\/en\\\/shop\\\/\"},{\"@type\":\"ListItem\",\"position\":3,\"name\":\"Cinema Her Way. Visionary Female Directors in Their Own Words\"}]},{\"@type\":\"WebSite\",\"@id\":\"https:\\\/\\\/foliobooks.pl\\\/en\\\/#website\",\"url\":\"https:\\\/\\\/foliobooks.pl\\\/en\\\/\",\"name\":\"Folio\",\"description\":\"Ksi\u0119garnia internetowa\",\"potentialAction\":[{\"@type\":\"SearchAction\",\"target\":{\"@type\":\"EntryPoint\",\"urlTemplate\":\"https:\\\/\\\/foliobooks.pl\\\/en\\\/?s={search_term_string}\"},\"query-input\":{\"@type\":\"PropertyValueSpecification\",\"valueRequired\":true,\"valueName\":\"search_term_string\"}}],\"inLanguage\":\"en-US\"}]}<\/script>\n<!-- \/ Yoast SEO plugin. -->","yoast_head_json":{"title":"Cinema Her Way. Visionary Female Directors in Their Own Words (Marya E. Gates) - book \/ album - Folio","description":"Wejd\u017a i kup ksi\u0105\u017ck\u0119 Cinema Her Way. Visionary Female Directors in Their Own Words autorstwa Marya E. Gates wydan\u0105 przez Rizzoli (2025-02-25) w formacie 26,1 x 26,1 cm (ISBN: 9780847846610). Zapraszamy!","robots":{"index":"index","follow":"follow","max-snippet":"max-snippet:-1","max-image-preview":"max-image-preview:large","max-video-preview":"max-video-preview:-1"},"canonical":"https:\/\/foliobooks.pl\/en\/shop\/cinema-her-way-visionary-female-directors-in-their-own-words\/","og_locale":"en_US","og_type":"article","og_title":"Cinema Her Way. Visionary Female Directors in Their Own Words (Marya E. Gates) - book \/ album - Folio","og_description":"Wejd\u017a i kup ksi\u0105\u017ck\u0119 Cinema Her Way. Visionary Female Directors in Their Own Words autorstwa Marya E. Gates wydan\u0105 przez Rizzoli (2025-02-25) w formacie 26,1 x 26,1 cm (ISBN: 9780847846610). Zapraszamy!","og_url":"https:\/\/foliobooks.pl\/en\/shop\/cinema-her-way-visionary-female-directors-in-their-own-words\/","og_site_name":"Folio","article_modified_time":"2026-02-26T15:47:25+00:00","og_image":[{"width":570,"height":708,"url":"https:\/\/foliobooks.pl\/wp-content\/uploads\/2025\/06\/9780847846610.png","type":"image\/png"}],"twitter_card":"summary_large_image","twitter_misc":{"Est. reading time":"2 minutes"},"schema":{"@context":"https:\/\/schema.org","@graph":[{"@type":"WebPage","@id":"https:\/\/foliobooks.pl\/en\/shop\/cinema-her-way-visionary-female-directors-in-their-own-words\/","url":"https:\/\/foliobooks.pl\/en\/shop\/cinema-her-way-visionary-female-directors-in-their-own-words\/","name":"Cinema Her Way. Visionary Female Directors in Their Own Words (Marya E. Gates) - book \/ album - Folio","isPartOf":{"@id":"https:\/\/foliobooks.pl\/en\/#website"},"primaryImageOfPage":{"@id":"https:\/\/foliobooks.pl\/en\/shop\/cinema-her-way-visionary-female-directors-in-their-own-words\/#primaryimage"},"image":{"@id":"https:\/\/foliobooks.pl\/en\/shop\/cinema-her-way-visionary-female-directors-in-their-own-words\/#primaryimage"},"thumbnailUrl":"https:\/\/foliobooks.pl\/wp-content\/uploads\/2025\/06\/9780847846610.png","datePublished":"2025-06-04T11:25:07+00:00","dateModified":"2026-02-26T15:47:25+00:00","description":"Wejd\u017a i kup ksi\u0105\u017ck\u0119 Cinema Her Way. Visionary Female Directors in Their Own Words autorstwa Marya E. Gates wydan\u0105 przez Rizzoli (2025-02-25) w formacie 26,1 x 26,1 cm (ISBN: 9780847846610). Zapraszamy!","breadcrumb":{"@id":"https:\/\/foliobooks.pl\/en\/shop\/cinema-her-way-visionary-female-directors-in-their-own-words\/#breadcrumb"},"inLanguage":"en-US","potentialAction":[{"@type":"ReadAction","target":["https:\/\/foliobooks.pl\/en\/shop\/cinema-her-way-visionary-female-directors-in-their-own-words\/"]}]},{"@type":"ImageObject","inLanguage":"en-US","@id":"https:\/\/foliobooks.pl\/en\/shop\/cinema-her-way-visionary-female-directors-in-their-own-words\/#primaryimage","url":"https:\/\/foliobooks.pl\/wp-content\/uploads\/2025\/06\/9780847846610.png","contentUrl":"https:\/\/foliobooks.pl\/wp-content\/uploads\/2025\/06\/9780847846610.png","width":570,"height":708},{"@type":"BreadcrumbList","@id":"https:\/\/foliobooks.pl\/en\/shop\/cinema-her-way-visionary-female-directors-in-their-own-words\/#breadcrumb","itemListElement":[{"@type":"ListItem","position":1,"name":"Strona g\u0142\u00f3wna","item":"https:\/\/foliobooks.pl\/en\/"},{"@type":"ListItem","position":2,"name":"Shop","item":"https:\/\/foliobooks.pl\/en\/shop\/"},{"@type":"ListItem","position":3,"name":"Cinema Her Way. Visionary Female Directors in Their Own Words"}]},{"@type":"WebSite","@id":"https:\/\/foliobooks.pl\/en\/#website","url":"https:\/\/foliobooks.pl\/en\/","name":"Folio","description":"Ksi\u0119garnia internetowa","potentialAction":[{"@type":"SearchAction","target":{"@type":"EntryPoint","urlTemplate":"https:\/\/foliobooks.pl\/en\/?s={search_term_string}"},"query-input":{"@type":"PropertyValueSpecification","valueRequired":true,"valueName":"search_term_string"}}],"inLanguage":"en-US"}]}},"_links":{"self":[{"href":"https:\/\/foliobooks.pl\/en\/wp-json\/wp\/v2\/product\/106486","targetHints":{"allow":["GET"]}}],"collection":[{"href":"https:\/\/foliobooks.pl\/en\/wp-json\/wp\/v2\/product"}],"about":[{"href":"https:\/\/foliobooks.pl\/en\/wp-json\/wp\/v2\/types\/product"}],"replies":[{"embeddable":true,"href":"https:\/\/foliobooks.pl\/en\/wp-json\/wp\/v2\/comments?post=106486"}],"wp:featuredmedia":[{"embeddable":true,"href":"https:\/\/foliobooks.pl\/en\/wp-json\/wp\/v2\/media\/106485"}],"wp:attachment":[{"href":"https:\/\/foliobooks.pl\/en\/wp-json\/wp\/v2\/media?parent=106486"}],"wp:term":[{"taxonomy":"product_brand","embeddable":true,"href":"https:\/\/foliobooks.pl\/en\/wp-json\/wp\/v2\/product_brand?post=106486"},{"taxonomy":"product_cat","embeddable":true,"href":"https:\/\/foliobooks.pl\/en\/wp-json\/wp\/v2\/product_cat?post=106486"},{"taxonomy":"product_tag","embeddable":true,"href":"https:\/\/foliobooks.pl\/en\/wp-json\/wp\/v2\/product_tag?post=106486"}],"curies":[{"name":"wp","href":"https:\/\/api.w.org\/{rel}","templated":true}]}}