{"id":106381,"date":"2025-04-23T13:54:50","date_gmt":"2025-04-23T11:54:50","guid":{"rendered":"https:\/\/foliobooks.pl\/sklep\/zaha-hadid-complete-works-1979-today-45th-ed\/"},"modified":"2025-07-31T09:28:11","modified_gmt":"2025-07-31T07:28:11","slug":"zaha-hadid-complete-works-1979-today-45th-ed","status":"publish","type":"product","link":"https:\/\/foliobooks.pl\/en\/shop\/zaha-hadid-complete-works-1979-today-45th-ed\/","title":{"rendered":"Zaha Hadid. Complete Works 1979\u2013Today. 45th Ed."},"content":{"rendered":"<p>The Complete Zaha Hadid<\/p>\n<p>The revolutionary architect\u2019s life and work in an updated monograph<\/p>\n<p>Zaha Hadid (1950 &#8211; 2016) was a revolutionary architect. For years, she was widely acclaimed and won numerous prizes despite building practically nothing. Some even said her work was simply impossible to build. Yet, during the latter years of her life, Hadid\u2019s daring visions became a reality, bringing a new and unique architectural language to cities and structures such as the Port House in Antwerp, the Al Janoub Stadium near Doha, Qatar, and the spectacular new airport terminal in Beijing.<\/p>\n<p>By her untimely death in 2016, Hadid was firmly established among architecture\u2019s finest elite, working on projects in Europe, China, the Middle East, and the United States. She was the first female architect to win both the Pritzker Prize for architecture and the prestigious RIBA Royal Gold Medal, with her long-time Partner Patrik Schumacher now the leader of Zaha Hadid Architects and in charge of many new projects.<\/p>\n<p>Based on the massive TASCHEN monograph, this book is now available in an accessible edition covering Hadid\u2019s complete works, including ongoing projects. With abundant photographs, in-depth sketches, and Hadid\u2019s own drawings, the volume traces the evolution of her career, spanning not only her most pioneering buildings but also the furniture and interior designs that were integrated into her unique, and distinctly 21st-century, universe.<\/p>\n<p>\u201cA celebration of all that is brave and audacious in her work.\u201d<br \/>\n\u2014 Australian Financial Review<\/p>\n","protected":false},"excerpt":{"rendered":"<p>The Complete Zaha Hadid The revolutionary architect\u2019s life and work in an updated monograph Zaha Hadid (1950 &#8211; 2016) was a revolutionary architect. For years, she was widely acclaimed and won numerous prizes despite building practically nothing. Some even said her work was simply impossible to build. Yet, during the latter years of her life,&#8230;<\/p>\n","protected":false},"featured_media":106368,"comment_status":"closed","ping_status":"closed","template":"","meta":[],"product_brand":[],"product_cat":[4516,13533],"product_tag":[6124],"class_list":{"0":"post-106381","1":"product","2":"type-product","3":"status-publish","4":"has-post-thumbnail","6":"product_cat-architecture-en","7":"product_cat-books","8":"product_tag-architecture-en","9":"pa_author_att-philip-jodidio-en","10":"pa_cover-hardcover","11":"pa_format-9783836593496-en","12":"pa_language-eng-f-ger","13":"pa_pages-492-en","14":"pa_published-2023-08-23-en","15":"pa_publisher-taschen-en-en","17":"first","18":"instock","19":"sold-individually","20":"shipping-taxable","21":"purchasable","22":"product-type-simple"},"yoast_head":"<!-- This site is optimized with the Yoast SEO plugin v27.4 - https:\/\/yoast.com\/product\/yoast-seo-wordpress\/ -->\n<title>Zaha Hadid. Complete Works 1979\u2013Today. 45th Ed. (Philip Jodidio) - book \/ album - Folio<\/title>\n<meta name=\"description\" content=\"Wejd\u017a i kup ksi\u0105\u017ck\u0119 Zaha Hadid. Complete Works 1979\u2013Today. 45th Ed. autorstwa Philip Jodidio wydan\u0105 przez TASCHEN (2023-08-23) w formacie 9783836593496 (ISBN: ). Zapraszamy!\" \/>\n<meta name=\"robots\" content=\"index, follow, max-snippet:-1, max-image-preview:large, max-video-preview:-1\" \/>\n<link rel=\"canonical\" href=\"https:\/\/foliobooks.pl\/en\/shop\/zaha-hadid-complete-works-1979-today-45th-ed\/\" \/>\n<meta property=\"og:locale\" content=\"en_US\" \/>\n<meta property=\"og:type\" content=\"article\" \/>\n<meta property=\"og:title\" content=\"Zaha Hadid. Complete Works 1979\u2013Today. 45th Ed. (Philip Jodidio) - book \/ album - Folio\" \/>\n<meta property=\"og:description\" content=\"Wejd\u017a i kup ksi\u0105\u017ck\u0119 Zaha Hadid. Complete Works 1979\u2013Today. 45th Ed. autorstwa Philip Jodidio wydan\u0105 przez TASCHEN (2023-08-23) w formacie 9783836593496 (ISBN: ). Zapraszamy!\" \/>\n<meta property=\"og:url\" content=\"https:\/\/foliobooks.pl\/en\/shop\/zaha-hadid-complete-works-1979-today-45th-ed\/\" \/>\n<meta property=\"og:site_name\" content=\"Folio\" \/>\n<meta property=\"article:modified_time\" content=\"2025-07-31T07:28:11+00:00\" \/>\n<meta property=\"og:image\" content=\"https:\/\/foliobooks.pl\/wp-content\/uploads\/2025\/04\/9783836593496.png\" \/>\n\t<meta property=\"og:image:width\" content=\"570\" \/>\n\t<meta property=\"og:image:height\" content=\"708\" \/>\n\t<meta property=\"og:image:type\" content=\"image\/png\" \/>\n<meta name=\"twitter:card\" content=\"summary_large_image\" \/>\n<meta name=\"twitter:label1\" content=\"Est. reading time\" \/>\n\t<meta name=\"twitter:data1\" content=\"2 minutes\" \/>\n<script type=\"application\/ld+json\" class=\"yoast-schema-graph\">{\"@context\":\"https:\\\/\\\/schema.org\",\"@graph\":[{\"@type\":\"WebPage\",\"@id\":\"https:\\\/\\\/foliobooks.pl\\\/en\\\/shop\\\/zaha-hadid-complete-works-1979-today-45th-ed\\\/\",\"url\":\"https:\\\/\\\/foliobooks.pl\\\/en\\\/shop\\\/zaha-hadid-complete-works-1979-today-45th-ed\\\/\",\"name\":\"Zaha Hadid. Complete Works 1979\u2013Today. 45th Ed. (Philip Jodidio) - book \\\/ album - Folio\",\"isPartOf\":{\"@id\":\"https:\\\/\\\/foliobooks.pl\\\/en\\\/#website\"},\"primaryImageOfPage\":{\"@id\":\"https:\\\/\\\/foliobooks.pl\\\/en\\\/shop\\\/zaha-hadid-complete-works-1979-today-45th-ed\\\/#primaryimage\"},\"image\":{\"@id\":\"https:\\\/\\\/foliobooks.pl\\\/en\\\/shop\\\/zaha-hadid-complete-works-1979-today-45th-ed\\\/#primaryimage\"},\"thumbnailUrl\":\"https:\\\/\\\/foliobooks.pl\\\/wp-content\\\/uploads\\\/2025\\\/04\\\/9783836593496.png\",\"datePublished\":\"2025-04-23T11:54:50+00:00\",\"dateModified\":\"2025-07-31T07:28:11+00:00\",\"description\":\"Wejd\u017a i kup ksi\u0105\u017ck\u0119 Zaha Hadid. Complete Works 1979\u2013Today. 45th Ed. autorstwa Philip Jodidio wydan\u0105 przez TASCHEN (2023-08-23) w formacie 9783836593496 (ISBN: ). Zapraszamy!\",\"breadcrumb\":{\"@id\":\"https:\\\/\\\/foliobooks.pl\\\/en\\\/shop\\\/zaha-hadid-complete-works-1979-today-45th-ed\\\/#breadcrumb\"},\"inLanguage\":\"en-US\",\"potentialAction\":[{\"@type\":\"ReadAction\",\"target\":[\"https:\\\/\\\/foliobooks.pl\\\/en\\\/shop\\\/zaha-hadid-complete-works-1979-today-45th-ed\\\/\"]}]},{\"@type\":\"ImageObject\",\"inLanguage\":\"en-US\",\"@id\":\"https:\\\/\\\/foliobooks.pl\\\/en\\\/shop\\\/zaha-hadid-complete-works-1979-today-45th-ed\\\/#primaryimage\",\"url\":\"https:\\\/\\\/foliobooks.pl\\\/wp-content\\\/uploads\\\/2025\\\/04\\\/9783836593496.png\",\"contentUrl\":\"https:\\\/\\\/foliobooks.pl\\\/wp-content\\\/uploads\\\/2025\\\/04\\\/9783836593496.png\",\"width\":570,\"height\":708},{\"@type\":\"BreadcrumbList\",\"@id\":\"https:\\\/\\\/foliobooks.pl\\\/en\\\/shop\\\/zaha-hadid-complete-works-1979-today-45th-ed\\\/#breadcrumb\",\"itemListElement\":[{\"@type\":\"ListItem\",\"position\":1,\"name\":\"Strona g\u0142\u00f3wna\",\"item\":\"https:\\\/\\\/foliobooks.pl\\\/en\\\/\"},{\"@type\":\"ListItem\",\"position\":2,\"name\":\"Shop\",\"item\":\"https:\\\/\\\/foliobooks.pl\\\/en\\\/shop\\\/\"},{\"@type\":\"ListItem\",\"position\":3,\"name\":\"Zaha Hadid. Complete Works 1979\u2013Today. 45th Ed.\"}]},{\"@type\":\"WebSite\",\"@id\":\"https:\\\/\\\/foliobooks.pl\\\/en\\\/#website\",\"url\":\"https:\\\/\\\/foliobooks.pl\\\/en\\\/\",\"name\":\"Folio\",\"description\":\"Ksi\u0119garnia internetowa\",\"potentialAction\":[{\"@type\":\"SearchAction\",\"target\":{\"@type\":\"EntryPoint\",\"urlTemplate\":\"https:\\\/\\\/foliobooks.pl\\\/en\\\/?s={search_term_string}\"},\"query-input\":{\"@type\":\"PropertyValueSpecification\",\"valueRequired\":true,\"valueName\":\"search_term_string\"}}],\"inLanguage\":\"en-US\"}]}<\/script>\n<!-- \/ Yoast SEO plugin. -->","yoast_head_json":{"title":"Zaha Hadid. Complete Works 1979\u2013Today. 45th Ed. (Philip Jodidio) - book \/ album - Folio","description":"Wejd\u017a i kup ksi\u0105\u017ck\u0119 Zaha Hadid. Complete Works 1979\u2013Today. 45th Ed. autorstwa Philip Jodidio wydan\u0105 przez TASCHEN (2023-08-23) w formacie 9783836593496 (ISBN: ). Zapraszamy!","robots":{"index":"index","follow":"follow","max-snippet":"max-snippet:-1","max-image-preview":"max-image-preview:large","max-video-preview":"max-video-preview:-1"},"canonical":"https:\/\/foliobooks.pl\/en\/shop\/zaha-hadid-complete-works-1979-today-45th-ed\/","og_locale":"en_US","og_type":"article","og_title":"Zaha Hadid. Complete Works 1979\u2013Today. 45th Ed. (Philip Jodidio) - book \/ album - Folio","og_description":"Wejd\u017a i kup ksi\u0105\u017ck\u0119 Zaha Hadid. Complete Works 1979\u2013Today. 45th Ed. autorstwa Philip Jodidio wydan\u0105 przez TASCHEN (2023-08-23) w formacie 9783836593496 (ISBN: ). Zapraszamy!","og_url":"https:\/\/foliobooks.pl\/en\/shop\/zaha-hadid-complete-works-1979-today-45th-ed\/","og_site_name":"Folio","article_modified_time":"2025-07-31T07:28:11+00:00","og_image":[{"width":570,"height":708,"url":"https:\/\/foliobooks.pl\/wp-content\/uploads\/2025\/04\/9783836593496.png","type":"image\/png"}],"twitter_card":"summary_large_image","twitter_misc":{"Est. reading time":"2 minutes"},"schema":{"@context":"https:\/\/schema.org","@graph":[{"@type":"WebPage","@id":"https:\/\/foliobooks.pl\/en\/shop\/zaha-hadid-complete-works-1979-today-45th-ed\/","url":"https:\/\/foliobooks.pl\/en\/shop\/zaha-hadid-complete-works-1979-today-45th-ed\/","name":"Zaha Hadid. Complete Works 1979\u2013Today. 45th Ed. (Philip Jodidio) - book \/ album - Folio","isPartOf":{"@id":"https:\/\/foliobooks.pl\/en\/#website"},"primaryImageOfPage":{"@id":"https:\/\/foliobooks.pl\/en\/shop\/zaha-hadid-complete-works-1979-today-45th-ed\/#primaryimage"},"image":{"@id":"https:\/\/foliobooks.pl\/en\/shop\/zaha-hadid-complete-works-1979-today-45th-ed\/#primaryimage"},"thumbnailUrl":"https:\/\/foliobooks.pl\/wp-content\/uploads\/2025\/04\/9783836593496.png","datePublished":"2025-04-23T11:54:50+00:00","dateModified":"2025-07-31T07:28:11+00:00","description":"Wejd\u017a i kup ksi\u0105\u017ck\u0119 Zaha Hadid. Complete Works 1979\u2013Today. 45th Ed. autorstwa Philip Jodidio wydan\u0105 przez TASCHEN (2023-08-23) w formacie 9783836593496 (ISBN: ). Zapraszamy!","breadcrumb":{"@id":"https:\/\/foliobooks.pl\/en\/shop\/zaha-hadid-complete-works-1979-today-45th-ed\/#breadcrumb"},"inLanguage":"en-US","potentialAction":[{"@type":"ReadAction","target":["https:\/\/foliobooks.pl\/en\/shop\/zaha-hadid-complete-works-1979-today-45th-ed\/"]}]},{"@type":"ImageObject","inLanguage":"en-US","@id":"https:\/\/foliobooks.pl\/en\/shop\/zaha-hadid-complete-works-1979-today-45th-ed\/#primaryimage","url":"https:\/\/foliobooks.pl\/wp-content\/uploads\/2025\/04\/9783836593496.png","contentUrl":"https:\/\/foliobooks.pl\/wp-content\/uploads\/2025\/04\/9783836593496.png","width":570,"height":708},{"@type":"BreadcrumbList","@id":"https:\/\/foliobooks.pl\/en\/shop\/zaha-hadid-complete-works-1979-today-45th-ed\/#breadcrumb","itemListElement":[{"@type":"ListItem","position":1,"name":"Strona g\u0142\u00f3wna","item":"https:\/\/foliobooks.pl\/en\/"},{"@type":"ListItem","position":2,"name":"Shop","item":"https:\/\/foliobooks.pl\/en\/shop\/"},{"@type":"ListItem","position":3,"name":"Zaha Hadid. Complete Works 1979\u2013Today. 45th Ed."}]},{"@type":"WebSite","@id":"https:\/\/foliobooks.pl\/en\/#website","url":"https:\/\/foliobooks.pl\/en\/","name":"Folio","description":"Ksi\u0119garnia internetowa","potentialAction":[{"@type":"SearchAction","target":{"@type":"EntryPoint","urlTemplate":"https:\/\/foliobooks.pl\/en\/?s={search_term_string}"},"query-input":{"@type":"PropertyValueSpecification","valueRequired":true,"valueName":"search_term_string"}}],"inLanguage":"en-US"}]}},"_links":{"self":[{"href":"https:\/\/foliobooks.pl\/en\/wp-json\/wp\/v2\/product\/106381","targetHints":{"allow":["GET"]}}],"collection":[{"href":"https:\/\/foliobooks.pl\/en\/wp-json\/wp\/v2\/product"}],"about":[{"href":"https:\/\/foliobooks.pl\/en\/wp-json\/wp\/v2\/types\/product"}],"replies":[{"embeddable":true,"href":"https:\/\/foliobooks.pl\/en\/wp-json\/wp\/v2\/comments?post=106381"}],"wp:featuredmedia":[{"embeddable":true,"href":"https:\/\/foliobooks.pl\/en\/wp-json\/wp\/v2\/media\/106368"}],"wp:attachment":[{"href":"https:\/\/foliobooks.pl\/en\/wp-json\/wp\/v2\/media?parent=106381"}],"wp:term":[{"taxonomy":"product_brand","embeddable":true,"href":"https:\/\/foliobooks.pl\/en\/wp-json\/wp\/v2\/product_brand?post=106381"},{"taxonomy":"product_cat","embeddable":true,"href":"https:\/\/foliobooks.pl\/en\/wp-json\/wp\/v2\/product_cat?post=106381"},{"taxonomy":"product_tag","embeddable":true,"href":"https:\/\/foliobooks.pl\/en\/wp-json\/wp\/v2\/product_tag?post=106381"}],"curies":[{"name":"wp","href":"https:\/\/api.w.org\/{rel}","templated":true}]}}