{"id":106344,"date":"2025-04-23T13:34:07","date_gmt":"2025-04-23T11:34:07","guid":{"rendered":"https:\/\/foliobooks.pl\/sklep\/uzbekistan-masterpieces-of-the-silk-road\/"},"modified":"2026-02-18T14:56:25","modified_gmt":"2026-02-18T13:56:25","slug":"uzbekistan-masterpieces-of-the-silk-road","status":"publish","type":"product","link":"https:\/\/foliobooks.pl\/en\/shop\/uzbekistan-masterpieces-of-the-silk-road\/","title":{"rendered":"Uzbekistan: Masterpieces of the Silk Road"},"content":{"rendered":"<p>Uzbekistan: Masterpieces of the Silk Road displays the ultimate collection of archaeological finds from across Uzbekistan, whose location along the Great Silk Road brought together Mediterranean, Chinese, Persian, and Indian cultures, as well Buddhist, Islamic, and pagan influences. The rich diversity of objects included in this book\u2014from a serpent sculpture dating to the third millennium BCE to an eighth-century ivory chess set, considered to be one of the oldest ever found\u2014offer a tantalizing look into the glory of a civilization\u2019s past.<\/p>\n<p>Created by Yaffa Assouline, Uzbekistan: Masterpieces of the Silk Road is an intimate invitation of discovery. \u201cPreparing for this book has been a source of extraordinary satisfaction for me,\u201d says Yaffa Assouline. \u201cWith an endless curiosity, I immersed myself in the fascinating history of these ancient Central Asian populations and their nomadic cultures. I marveled at each artifact, with its beauty and refinement. During the photo shoots with photographer Laziz Hamani, my accomplice, I was able to hold these objects, triggering my emotions and stimulating my imagination about the stories they could tell.\u201d<\/p>\n","protected":false},"excerpt":{"rendered":"<p>Uzbekistan: Masterpieces of the Silk Road displays the ultimate collection of archaeological finds from across Uzbekistan, whose location along the Great Silk Road brought together Mediterranean, Chinese, Persian, and Indian cultures, as well Buddhist, Islamic, and pagan influences. The rich diversity of objects included in this book\u2014from a serpent sculpture dating to the third millennium&#8230;<\/p>\n","protected":false},"featured_media":106329,"comment_status":"closed","ping_status":"closed","template":"","meta":[],"product_brand":[],"product_cat":[4522,13533,4517],"product_tag":[9083],"class_list":{"0":"post-106344","1":"product","2":"type-product","3":"status-publish","4":"has-post-thumbnail","6":"product_cat-art-en","7":"product_cat-books","8":"product_cat-photography-en","9":"product_tag-art-en","10":"pa_author_att-yaffa-assouline-en","11":"pa_cover-hardcover","12":"pa_format-28-x-36-cm-en","13":"pa_isbn-9781649800718-en","14":"pa_language-eng","15":"pa_pages-224-2-en","16":"pa_published-2024-09-17-en","17":"pa_publisher-assouline-en","19":"first","20":"instock","21":"sale","22":"sold-individually","23":"shipping-taxable","24":"purchasable","25":"product-type-simple"},"yoast_head":"<!-- This site is optimized with the Yoast SEO plugin v27.4 - https:\/\/yoast.com\/product\/yoast-seo-wordpress\/ -->\n<title>Uzbekistan: Masterpieces of the Silk Road (Yaffa Assouline) - book \/ album - Folio<\/title>\n<meta name=\"description\" content=\"Wejd\u017a i kup ksi\u0105\u017ck\u0119 Uzbekistan: Masterpieces of the Silk Road autorstwa Yaffa Assouline wydan\u0105 przez Assouline (2024-09-17) w formacie 28 x 36 cm (ISBN: 9781649800718). Zapraszamy!\" \/>\n<meta name=\"robots\" content=\"index, follow, max-snippet:-1, max-image-preview:large, max-video-preview:-1\" \/>\n<link rel=\"canonical\" href=\"https:\/\/foliobooks.pl\/en\/shop\/uzbekistan-masterpieces-of-the-silk-road\/\" \/>\n<meta property=\"og:locale\" content=\"en_US\" \/>\n<meta property=\"og:type\" content=\"article\" \/>\n<meta property=\"og:title\" content=\"Uzbekistan: Masterpieces of the Silk Road (Yaffa Assouline) - book \/ album - Folio\" \/>\n<meta property=\"og:description\" content=\"Wejd\u017a i kup ksi\u0105\u017ck\u0119 Uzbekistan: Masterpieces of the Silk Road autorstwa Yaffa Assouline wydan\u0105 przez Assouline (2024-09-17) w formacie 28 x 36 cm (ISBN: 9781649800718). Zapraszamy!\" \/>\n<meta property=\"og:url\" content=\"https:\/\/foliobooks.pl\/en\/shop\/uzbekistan-masterpieces-of-the-silk-road\/\" \/>\n<meta property=\"og:site_name\" content=\"Folio\" \/>\n<meta property=\"article:modified_time\" content=\"2026-02-18T13:56:25+00:00\" \/>\n<meta property=\"og:image\" content=\"https:\/\/foliobooks.pl\/wp-content\/uploads\/2025\/04\/9781649800718.png\" \/>\n\t<meta property=\"og:image:width\" content=\"570\" \/>\n\t<meta property=\"og:image:height\" content=\"708\" \/>\n\t<meta property=\"og:image:type\" content=\"image\/png\" \/>\n<meta name=\"twitter:card\" content=\"summary_large_image\" \/>\n<meta name=\"twitter:label1\" content=\"Est. reading time\" \/>\n\t<meta name=\"twitter:data1\" content=\"2 minutes\" \/>\n<script type=\"application\/ld+json\" class=\"yoast-schema-graph\">{\"@context\":\"https:\\\/\\\/schema.org\",\"@graph\":[{\"@type\":\"WebPage\",\"@id\":\"https:\\\/\\\/foliobooks.pl\\\/en\\\/shop\\\/uzbekistan-masterpieces-of-the-silk-road\\\/\",\"url\":\"https:\\\/\\\/foliobooks.pl\\\/en\\\/shop\\\/uzbekistan-masterpieces-of-the-silk-road\\\/\",\"name\":\"Uzbekistan: Masterpieces of the Silk Road (Yaffa Assouline) - book \\\/ album - Folio\",\"isPartOf\":{\"@id\":\"https:\\\/\\\/foliobooks.pl\\\/en\\\/#website\"},\"primaryImageOfPage\":{\"@id\":\"https:\\\/\\\/foliobooks.pl\\\/en\\\/shop\\\/uzbekistan-masterpieces-of-the-silk-road\\\/#primaryimage\"},\"image\":{\"@id\":\"https:\\\/\\\/foliobooks.pl\\\/en\\\/shop\\\/uzbekistan-masterpieces-of-the-silk-road\\\/#primaryimage\"},\"thumbnailUrl\":\"https:\\\/\\\/foliobooks.pl\\\/wp-content\\\/uploads\\\/2025\\\/04\\\/9781649800718.png\",\"datePublished\":\"2025-04-23T11:34:07+00:00\",\"dateModified\":\"2026-02-18T13:56:25+00:00\",\"description\":\"Wejd\u017a i kup ksi\u0105\u017ck\u0119 Uzbekistan: Masterpieces of the Silk Road autorstwa Yaffa Assouline wydan\u0105 przez Assouline (2024-09-17) w formacie 28 x 36 cm (ISBN: 9781649800718). Zapraszamy!\",\"breadcrumb\":{\"@id\":\"https:\\\/\\\/foliobooks.pl\\\/en\\\/shop\\\/uzbekistan-masterpieces-of-the-silk-road\\\/#breadcrumb\"},\"inLanguage\":\"en-US\",\"potentialAction\":[{\"@type\":\"ReadAction\",\"target\":[\"https:\\\/\\\/foliobooks.pl\\\/en\\\/shop\\\/uzbekistan-masterpieces-of-the-silk-road\\\/\"]}]},{\"@type\":\"ImageObject\",\"inLanguage\":\"en-US\",\"@id\":\"https:\\\/\\\/foliobooks.pl\\\/en\\\/shop\\\/uzbekistan-masterpieces-of-the-silk-road\\\/#primaryimage\",\"url\":\"https:\\\/\\\/foliobooks.pl\\\/wp-content\\\/uploads\\\/2025\\\/04\\\/9781649800718.png\",\"contentUrl\":\"https:\\\/\\\/foliobooks.pl\\\/wp-content\\\/uploads\\\/2025\\\/04\\\/9781649800718.png\",\"width\":570,\"height\":708},{\"@type\":\"BreadcrumbList\",\"@id\":\"https:\\\/\\\/foliobooks.pl\\\/en\\\/shop\\\/uzbekistan-masterpieces-of-the-silk-road\\\/#breadcrumb\",\"itemListElement\":[{\"@type\":\"ListItem\",\"position\":1,\"name\":\"Strona g\u0142\u00f3wna\",\"item\":\"https:\\\/\\\/foliobooks.pl\\\/en\\\/\"},{\"@type\":\"ListItem\",\"position\":2,\"name\":\"Shop\",\"item\":\"https:\\\/\\\/foliobooks.pl\\\/en\\\/shop\\\/\"},{\"@type\":\"ListItem\",\"position\":3,\"name\":\"Uzbekistan: Masterpieces of the Silk Road\"}]},{\"@type\":\"WebSite\",\"@id\":\"https:\\\/\\\/foliobooks.pl\\\/en\\\/#website\",\"url\":\"https:\\\/\\\/foliobooks.pl\\\/en\\\/\",\"name\":\"Folio\",\"description\":\"Ksi\u0119garnia internetowa\",\"potentialAction\":[{\"@type\":\"SearchAction\",\"target\":{\"@type\":\"EntryPoint\",\"urlTemplate\":\"https:\\\/\\\/foliobooks.pl\\\/en\\\/?s={search_term_string}\"},\"query-input\":{\"@type\":\"PropertyValueSpecification\",\"valueRequired\":true,\"valueName\":\"search_term_string\"}}],\"inLanguage\":\"en-US\"}]}<\/script>\n<!-- \/ Yoast SEO plugin. -->","yoast_head_json":{"title":"Uzbekistan: Masterpieces of the Silk Road (Yaffa Assouline) - book \/ album - Folio","description":"Wejd\u017a i kup ksi\u0105\u017ck\u0119 Uzbekistan: Masterpieces of the Silk Road autorstwa Yaffa Assouline wydan\u0105 przez Assouline (2024-09-17) w formacie 28 x 36 cm (ISBN: 9781649800718). Zapraszamy!","robots":{"index":"index","follow":"follow","max-snippet":"max-snippet:-1","max-image-preview":"max-image-preview:large","max-video-preview":"max-video-preview:-1"},"canonical":"https:\/\/foliobooks.pl\/en\/shop\/uzbekistan-masterpieces-of-the-silk-road\/","og_locale":"en_US","og_type":"article","og_title":"Uzbekistan: Masterpieces of the Silk Road (Yaffa Assouline) - book \/ album - Folio","og_description":"Wejd\u017a i kup ksi\u0105\u017ck\u0119 Uzbekistan: Masterpieces of the Silk Road autorstwa Yaffa Assouline wydan\u0105 przez Assouline (2024-09-17) w formacie 28 x 36 cm (ISBN: 9781649800718). Zapraszamy!","og_url":"https:\/\/foliobooks.pl\/en\/shop\/uzbekistan-masterpieces-of-the-silk-road\/","og_site_name":"Folio","article_modified_time":"2026-02-18T13:56:25+00:00","og_image":[{"width":570,"height":708,"url":"https:\/\/foliobooks.pl\/wp-content\/uploads\/2025\/04\/9781649800718.png","type":"image\/png"}],"twitter_card":"summary_large_image","twitter_misc":{"Est. reading time":"2 minutes"},"schema":{"@context":"https:\/\/schema.org","@graph":[{"@type":"WebPage","@id":"https:\/\/foliobooks.pl\/en\/shop\/uzbekistan-masterpieces-of-the-silk-road\/","url":"https:\/\/foliobooks.pl\/en\/shop\/uzbekistan-masterpieces-of-the-silk-road\/","name":"Uzbekistan: Masterpieces of the Silk Road (Yaffa Assouline) - book \/ album - Folio","isPartOf":{"@id":"https:\/\/foliobooks.pl\/en\/#website"},"primaryImageOfPage":{"@id":"https:\/\/foliobooks.pl\/en\/shop\/uzbekistan-masterpieces-of-the-silk-road\/#primaryimage"},"image":{"@id":"https:\/\/foliobooks.pl\/en\/shop\/uzbekistan-masterpieces-of-the-silk-road\/#primaryimage"},"thumbnailUrl":"https:\/\/foliobooks.pl\/wp-content\/uploads\/2025\/04\/9781649800718.png","datePublished":"2025-04-23T11:34:07+00:00","dateModified":"2026-02-18T13:56:25+00:00","description":"Wejd\u017a i kup ksi\u0105\u017ck\u0119 Uzbekistan: Masterpieces of the Silk Road autorstwa Yaffa Assouline wydan\u0105 przez Assouline (2024-09-17) w formacie 28 x 36 cm (ISBN: 9781649800718). Zapraszamy!","breadcrumb":{"@id":"https:\/\/foliobooks.pl\/en\/shop\/uzbekistan-masterpieces-of-the-silk-road\/#breadcrumb"},"inLanguage":"en-US","potentialAction":[{"@type":"ReadAction","target":["https:\/\/foliobooks.pl\/en\/shop\/uzbekistan-masterpieces-of-the-silk-road\/"]}]},{"@type":"ImageObject","inLanguage":"en-US","@id":"https:\/\/foliobooks.pl\/en\/shop\/uzbekistan-masterpieces-of-the-silk-road\/#primaryimage","url":"https:\/\/foliobooks.pl\/wp-content\/uploads\/2025\/04\/9781649800718.png","contentUrl":"https:\/\/foliobooks.pl\/wp-content\/uploads\/2025\/04\/9781649800718.png","width":570,"height":708},{"@type":"BreadcrumbList","@id":"https:\/\/foliobooks.pl\/en\/shop\/uzbekistan-masterpieces-of-the-silk-road\/#breadcrumb","itemListElement":[{"@type":"ListItem","position":1,"name":"Strona g\u0142\u00f3wna","item":"https:\/\/foliobooks.pl\/en\/"},{"@type":"ListItem","position":2,"name":"Shop","item":"https:\/\/foliobooks.pl\/en\/shop\/"},{"@type":"ListItem","position":3,"name":"Uzbekistan: Masterpieces of the Silk Road"}]},{"@type":"WebSite","@id":"https:\/\/foliobooks.pl\/en\/#website","url":"https:\/\/foliobooks.pl\/en\/","name":"Folio","description":"Ksi\u0119garnia internetowa","potentialAction":[{"@type":"SearchAction","target":{"@type":"EntryPoint","urlTemplate":"https:\/\/foliobooks.pl\/en\/?s={search_term_string}"},"query-input":{"@type":"PropertyValueSpecification","valueRequired":true,"valueName":"search_term_string"}}],"inLanguage":"en-US"}]}},"_links":{"self":[{"href":"https:\/\/foliobooks.pl\/en\/wp-json\/wp\/v2\/product\/106344","targetHints":{"allow":["GET"]}}],"collection":[{"href":"https:\/\/foliobooks.pl\/en\/wp-json\/wp\/v2\/product"}],"about":[{"href":"https:\/\/foliobooks.pl\/en\/wp-json\/wp\/v2\/types\/product"}],"replies":[{"embeddable":true,"href":"https:\/\/foliobooks.pl\/en\/wp-json\/wp\/v2\/comments?post=106344"}],"wp:featuredmedia":[{"embeddable":true,"href":"https:\/\/foliobooks.pl\/en\/wp-json\/wp\/v2\/media\/106329"}],"wp:attachment":[{"href":"https:\/\/foliobooks.pl\/en\/wp-json\/wp\/v2\/media?parent=106344"}],"wp:term":[{"taxonomy":"product_brand","embeddable":true,"href":"https:\/\/foliobooks.pl\/en\/wp-json\/wp\/v2\/product_brand?post=106344"},{"taxonomy":"product_cat","embeddable":true,"href":"https:\/\/foliobooks.pl\/en\/wp-json\/wp\/v2\/product_cat?post=106344"},{"taxonomy":"product_tag","embeddable":true,"href":"https:\/\/foliobooks.pl\/en\/wp-json\/wp\/v2\/product_tag?post=106344"}],"curies":[{"name":"wp","href":"https:\/\/api.w.org\/{rel}","templated":true}]}}