{"id":106307,"date":"2025-04-23T13:07:39","date_gmt":"2025-04-23T11:07:39","guid":{"rendered":"https:\/\/foliobooks.pl\/sklep\/the-art-and-science-of-ernst-haeckel-40th-ed\/"},"modified":"2025-05-08T15:13:51","modified_gmt":"2025-05-08T13:13:51","slug":"the-art-and-science-of-ernst-haeckel-40th-ed","status":"publish","type":"product","link":"https:\/\/foliobooks.pl\/en\/shop\/the-art-and-science-of-ernst-haeckel-40th-ed\/","title":{"rendered":"The Art and Science of Ernst Haeckel. 40th Ed."},"content":{"rendered":"<p>Microbial Marvels<\/p>\n<p>Ernst Haeckel, the 19th-century pioneer who captured the artistic beauty of the natural world<\/p>\n<p>Ernst Haeckel (1834\u20131919) was a German-born biologist, naturalist, evolutionist, artist, philosopher, and doctor who spent his life researching flora and fauna from the highest mountaintops to the deepest ocean. A vociferous supporter and developer of Darwin\u2019s theories of evolution, he denounced religious dogma, authored philosophical treatises, gained a doctorate in zoology, and coined scientific terms which have passed into common usage, including ecology, phylum, and stem cell.<\/p>\n<p>At the heart of Haeckel\u2019s colossal legacy was the motivation not only to discover but also to explain. To do this, he created hundreds of detailed drawings, watercolors, and sketches of his findings which he published in successive volumes, including several marine organism collections and the majestic Kunstformen der Natur (Art Forms in Nature), which could serve as the cornerstone of Haeckel\u2019s entire life project. Like a meticulous visual encyclopedia of living things, Haeckel\u2019s work was as remarkable for its graphic precision and meticulous shading as for its understanding of organic evolution. From bats to the box jellyfish, lizards to lichen, and spider legs to sea anemones, Haeckel emphasized the essential symmetries and order of nature, and found biological beauty in even the most unlikely of creatures.<\/p>\n<p>In this book, we celebrate the scientific, artistic, and environmental importance of Haeckel\u2019s work, with a collection of 300 of his finest prints from several of his most important tomes, including Die Radiolarien, Monographie der Medusen, Die Kalkschw\u00e4mme, and Kunstformen der Natur. At a time when biodiversity is increasingly threatened by human activities, the book is at once a visual masterwork, an underwater exploration, and a vivid reminder of the precious variety of life.<\/p>\n","protected":false},"excerpt":{"rendered":"<p>Microbial Marvels Ernst Haeckel, the 19th-century pioneer who captured the artistic beauty of the natural world Ernst Haeckel (1834\u20131919) was a German-born biologist, naturalist, evolutionist, artist, philosopher, and doctor who spent his life researching flora and fauna from the highest mountaintops to the deepest ocean. A vociferous supporter and developer of Darwin\u2019s theories of evolution,&#8230;<\/p>\n","protected":false},"featured_media":106294,"comment_status":"closed","ping_status":"closed","template":"","meta":[],"product_brand":[],"product_cat":[4522],"product_tag":[2253,14484],"class_list":{"0":"post-106307","1":"product","2":"type-product","3":"status-publish","4":"has-post-thumbnail","6":"product_cat-art-en","7":"product_tag-graphics","8":"product_tag-ocean-en","9":"pa_author_att-rainer-willmann-en","10":"pa_cover-hardcover","11":"pa_format-156-x-217-cm-en","12":"pa_isbn-9783836584289-en","13":"pa_language-eng","14":"pa_pages-512-en","15":"pa_published-2020-09-06-en","16":"pa_publisher-taschen-en-en","18":"first","19":"instock","20":"sold-individually","21":"shipping-taxable","22":"purchasable","23":"product-type-simple"},"yoast_head":"<!-- This site is optimized with the Yoast SEO plugin v27.4 - https:\/\/yoast.com\/product\/yoast-seo-wordpress\/ -->\n<title>The Art and Science of Ernst Haeckel. 40th Ed. (Rainer Willmann) - book \/ album - Folio<\/title>\n<meta name=\"description\" content=\"Wejd\u017a i kup ksi\u0105\u017ck\u0119 The Art and Science of Ernst Haeckel. 40th Ed. autorstwa Rainer Willmann wydan\u0105 przez TASCHEN (2020-09-06) w formacie 15,6 x 21,7 cm (ISBN: 9783836584289). Zapraszamy!\" \/>\n<meta name=\"robots\" content=\"index, follow, max-snippet:-1, max-image-preview:large, max-video-preview:-1\" \/>\n<link rel=\"canonical\" href=\"https:\/\/foliobooks.pl\/en\/shop\/the-art-and-science-of-ernst-haeckel-40th-ed\/\" \/>\n<meta property=\"og:locale\" content=\"en_US\" \/>\n<meta property=\"og:type\" content=\"article\" \/>\n<meta property=\"og:title\" content=\"The Art and Science of Ernst Haeckel. 40th Ed. (Rainer Willmann) - book \/ album - Folio\" \/>\n<meta property=\"og:description\" content=\"Wejd\u017a i kup ksi\u0105\u017ck\u0119 The Art and Science of Ernst Haeckel. 40th Ed. autorstwa Rainer Willmann wydan\u0105 przez TASCHEN (2020-09-06) w formacie 15,6 x 21,7 cm (ISBN: 9783836584289). Zapraszamy!\" \/>\n<meta property=\"og:url\" content=\"https:\/\/foliobooks.pl\/en\/shop\/the-art-and-science-of-ernst-haeckel-40th-ed\/\" \/>\n<meta property=\"og:site_name\" content=\"Folio\" \/>\n<meta property=\"article:modified_time\" content=\"2025-05-08T13:13:51+00:00\" \/>\n<meta property=\"og:image\" content=\"https:\/\/foliobooks.pl\/wp-content\/uploads\/2025\/04\/9783836584289.png\" \/>\n\t<meta property=\"og:image:width\" content=\"570\" \/>\n\t<meta property=\"og:image:height\" content=\"708\" \/>\n\t<meta property=\"og:image:type\" content=\"image\/png\" \/>\n<meta name=\"twitter:card\" content=\"summary_large_image\" \/>\n<meta name=\"twitter:label1\" content=\"Est. reading time\" \/>\n\t<meta name=\"twitter:data1\" content=\"2 minutes\" \/>\n<script type=\"application\/ld+json\" class=\"yoast-schema-graph\">{\"@context\":\"https:\\\/\\\/schema.org\",\"@graph\":[{\"@type\":\"WebPage\",\"@id\":\"https:\\\/\\\/foliobooks.pl\\\/en\\\/shop\\\/the-art-and-science-of-ernst-haeckel-40th-ed\\\/\",\"url\":\"https:\\\/\\\/foliobooks.pl\\\/en\\\/shop\\\/the-art-and-science-of-ernst-haeckel-40th-ed\\\/\",\"name\":\"The Art and Science of Ernst Haeckel. 40th Ed. (Rainer Willmann) - book \\\/ album - Folio\",\"isPartOf\":{\"@id\":\"https:\\\/\\\/foliobooks.pl\\\/en\\\/#website\"},\"primaryImageOfPage\":{\"@id\":\"https:\\\/\\\/foliobooks.pl\\\/en\\\/shop\\\/the-art-and-science-of-ernst-haeckel-40th-ed\\\/#primaryimage\"},\"image\":{\"@id\":\"https:\\\/\\\/foliobooks.pl\\\/en\\\/shop\\\/the-art-and-science-of-ernst-haeckel-40th-ed\\\/#primaryimage\"},\"thumbnailUrl\":\"https:\\\/\\\/foliobooks.pl\\\/wp-content\\\/uploads\\\/2025\\\/04\\\/9783836584289.png\",\"datePublished\":\"2025-04-23T11:07:39+00:00\",\"dateModified\":\"2025-05-08T13:13:51+00:00\",\"description\":\"Wejd\u017a i kup ksi\u0105\u017ck\u0119 The Art and Science of Ernst Haeckel. 40th Ed. autorstwa Rainer Willmann wydan\u0105 przez TASCHEN (2020-09-06) w formacie 15,6 x 21,7 cm (ISBN: 9783836584289). Zapraszamy!\",\"breadcrumb\":{\"@id\":\"https:\\\/\\\/foliobooks.pl\\\/en\\\/shop\\\/the-art-and-science-of-ernst-haeckel-40th-ed\\\/#breadcrumb\"},\"inLanguage\":\"en-US\",\"potentialAction\":[{\"@type\":\"ReadAction\",\"target\":[\"https:\\\/\\\/foliobooks.pl\\\/en\\\/shop\\\/the-art-and-science-of-ernst-haeckel-40th-ed\\\/\"]}]},{\"@type\":\"ImageObject\",\"inLanguage\":\"en-US\",\"@id\":\"https:\\\/\\\/foliobooks.pl\\\/en\\\/shop\\\/the-art-and-science-of-ernst-haeckel-40th-ed\\\/#primaryimage\",\"url\":\"https:\\\/\\\/foliobooks.pl\\\/wp-content\\\/uploads\\\/2025\\\/04\\\/9783836584289.png\",\"contentUrl\":\"https:\\\/\\\/foliobooks.pl\\\/wp-content\\\/uploads\\\/2025\\\/04\\\/9783836584289.png\",\"width\":570,\"height\":708},{\"@type\":\"BreadcrumbList\",\"@id\":\"https:\\\/\\\/foliobooks.pl\\\/en\\\/shop\\\/the-art-and-science-of-ernst-haeckel-40th-ed\\\/#breadcrumb\",\"itemListElement\":[{\"@type\":\"ListItem\",\"position\":1,\"name\":\"Strona g\u0142\u00f3wna\",\"item\":\"https:\\\/\\\/foliobooks.pl\\\/en\\\/\"},{\"@type\":\"ListItem\",\"position\":2,\"name\":\"Shop\",\"item\":\"https:\\\/\\\/foliobooks.pl\\\/en\\\/shop\\\/\"},{\"@type\":\"ListItem\",\"position\":3,\"name\":\"The Art and Science of Ernst Haeckel. 40th Ed.\"}]},{\"@type\":\"WebSite\",\"@id\":\"https:\\\/\\\/foliobooks.pl\\\/en\\\/#website\",\"url\":\"https:\\\/\\\/foliobooks.pl\\\/en\\\/\",\"name\":\"Folio\",\"description\":\"Ksi\u0119garnia internetowa\",\"potentialAction\":[{\"@type\":\"SearchAction\",\"target\":{\"@type\":\"EntryPoint\",\"urlTemplate\":\"https:\\\/\\\/foliobooks.pl\\\/en\\\/?s={search_term_string}\"},\"query-input\":{\"@type\":\"PropertyValueSpecification\",\"valueRequired\":true,\"valueName\":\"search_term_string\"}}],\"inLanguage\":\"en-US\"}]}<\/script>\n<!-- \/ Yoast SEO plugin. -->","yoast_head_json":{"title":"The Art and Science of Ernst Haeckel. 40th Ed. (Rainer Willmann) - book \/ album - Folio","description":"Wejd\u017a i kup ksi\u0105\u017ck\u0119 The Art and Science of Ernst Haeckel. 40th Ed. autorstwa Rainer Willmann wydan\u0105 przez TASCHEN (2020-09-06) w formacie 15,6 x 21,7 cm (ISBN: 9783836584289). Zapraszamy!","robots":{"index":"index","follow":"follow","max-snippet":"max-snippet:-1","max-image-preview":"max-image-preview:large","max-video-preview":"max-video-preview:-1"},"canonical":"https:\/\/foliobooks.pl\/en\/shop\/the-art-and-science-of-ernst-haeckel-40th-ed\/","og_locale":"en_US","og_type":"article","og_title":"The Art and Science of Ernst Haeckel. 40th Ed. (Rainer Willmann) - book \/ album - Folio","og_description":"Wejd\u017a i kup ksi\u0105\u017ck\u0119 The Art and Science of Ernst Haeckel. 40th Ed. autorstwa Rainer Willmann wydan\u0105 przez TASCHEN (2020-09-06) w formacie 15,6 x 21,7 cm (ISBN: 9783836584289). Zapraszamy!","og_url":"https:\/\/foliobooks.pl\/en\/shop\/the-art-and-science-of-ernst-haeckel-40th-ed\/","og_site_name":"Folio","article_modified_time":"2025-05-08T13:13:51+00:00","og_image":[{"width":570,"height":708,"url":"https:\/\/foliobooks.pl\/wp-content\/uploads\/2025\/04\/9783836584289.png","type":"image\/png"}],"twitter_card":"summary_large_image","twitter_misc":{"Est. reading time":"2 minutes"},"schema":{"@context":"https:\/\/schema.org","@graph":[{"@type":"WebPage","@id":"https:\/\/foliobooks.pl\/en\/shop\/the-art-and-science-of-ernst-haeckel-40th-ed\/","url":"https:\/\/foliobooks.pl\/en\/shop\/the-art-and-science-of-ernst-haeckel-40th-ed\/","name":"The Art and Science of Ernst Haeckel. 40th Ed. (Rainer Willmann) - book \/ album - Folio","isPartOf":{"@id":"https:\/\/foliobooks.pl\/en\/#website"},"primaryImageOfPage":{"@id":"https:\/\/foliobooks.pl\/en\/shop\/the-art-and-science-of-ernst-haeckel-40th-ed\/#primaryimage"},"image":{"@id":"https:\/\/foliobooks.pl\/en\/shop\/the-art-and-science-of-ernst-haeckel-40th-ed\/#primaryimage"},"thumbnailUrl":"https:\/\/foliobooks.pl\/wp-content\/uploads\/2025\/04\/9783836584289.png","datePublished":"2025-04-23T11:07:39+00:00","dateModified":"2025-05-08T13:13:51+00:00","description":"Wejd\u017a i kup ksi\u0105\u017ck\u0119 The Art and Science of Ernst Haeckel. 40th Ed. autorstwa Rainer Willmann wydan\u0105 przez TASCHEN (2020-09-06) w formacie 15,6 x 21,7 cm (ISBN: 9783836584289). Zapraszamy!","breadcrumb":{"@id":"https:\/\/foliobooks.pl\/en\/shop\/the-art-and-science-of-ernst-haeckel-40th-ed\/#breadcrumb"},"inLanguage":"en-US","potentialAction":[{"@type":"ReadAction","target":["https:\/\/foliobooks.pl\/en\/shop\/the-art-and-science-of-ernst-haeckel-40th-ed\/"]}]},{"@type":"ImageObject","inLanguage":"en-US","@id":"https:\/\/foliobooks.pl\/en\/shop\/the-art-and-science-of-ernst-haeckel-40th-ed\/#primaryimage","url":"https:\/\/foliobooks.pl\/wp-content\/uploads\/2025\/04\/9783836584289.png","contentUrl":"https:\/\/foliobooks.pl\/wp-content\/uploads\/2025\/04\/9783836584289.png","width":570,"height":708},{"@type":"BreadcrumbList","@id":"https:\/\/foliobooks.pl\/en\/shop\/the-art-and-science-of-ernst-haeckel-40th-ed\/#breadcrumb","itemListElement":[{"@type":"ListItem","position":1,"name":"Strona g\u0142\u00f3wna","item":"https:\/\/foliobooks.pl\/en\/"},{"@type":"ListItem","position":2,"name":"Shop","item":"https:\/\/foliobooks.pl\/en\/shop\/"},{"@type":"ListItem","position":3,"name":"The Art and Science of Ernst Haeckel. 40th Ed."}]},{"@type":"WebSite","@id":"https:\/\/foliobooks.pl\/en\/#website","url":"https:\/\/foliobooks.pl\/en\/","name":"Folio","description":"Ksi\u0119garnia internetowa","potentialAction":[{"@type":"SearchAction","target":{"@type":"EntryPoint","urlTemplate":"https:\/\/foliobooks.pl\/en\/?s={search_term_string}"},"query-input":{"@type":"PropertyValueSpecification","valueRequired":true,"valueName":"search_term_string"}}],"inLanguage":"en-US"}]}},"_links":{"self":[{"href":"https:\/\/foliobooks.pl\/en\/wp-json\/wp\/v2\/product\/106307","targetHints":{"allow":["GET"]}}],"collection":[{"href":"https:\/\/foliobooks.pl\/en\/wp-json\/wp\/v2\/product"}],"about":[{"href":"https:\/\/foliobooks.pl\/en\/wp-json\/wp\/v2\/types\/product"}],"replies":[{"embeddable":true,"href":"https:\/\/foliobooks.pl\/en\/wp-json\/wp\/v2\/comments?post=106307"}],"wp:featuredmedia":[{"embeddable":true,"href":"https:\/\/foliobooks.pl\/en\/wp-json\/wp\/v2\/media\/106294"}],"wp:attachment":[{"href":"https:\/\/foliobooks.pl\/en\/wp-json\/wp\/v2\/media?parent=106307"}],"wp:term":[{"taxonomy":"product_brand","embeddable":true,"href":"https:\/\/foliobooks.pl\/en\/wp-json\/wp\/v2\/product_brand?post=106307"},{"taxonomy":"product_cat","embeddable":true,"href":"https:\/\/foliobooks.pl\/en\/wp-json\/wp\/v2\/product_cat?post=106307"},{"taxonomy":"product_tag","embeddable":true,"href":"https:\/\/foliobooks.pl\/en\/wp-json\/wp\/v2\/product_tag?post=106307"}],"curies":[{"name":"wp","href":"https:\/\/api.w.org\/{rel}","templated":true}]}}