{"id":106291,"date":"2025-04-23T12:58:00","date_gmt":"2025-04-23T10:58:00","guid":{"rendered":"https:\/\/foliobooks.pl\/sklep\/scandinavian-design-40th-ed\/"},"modified":"2025-12-15T18:26:05","modified_gmt":"2025-12-15T17:26:05","slug":"scandinavian-design-40th-ed","status":"publish","type":"product","link":"https:\/\/foliobooks.pl\/en\/shop\/scandinavian-design-40th-ed\/","title":{"rendered":"Scandinavian Design. 40th Ed."},"content":{"rendered":"<p>Scandtastic!<\/p>\n<p>The best design from the Nordic region<\/p>\n<p>Scandinavia is world famous for its inimitable, democratic designs which bridge the gap between craftsmanship and industrial production, organic forms and everyday functionality. This all-you-need guide includes a detailed look at Scandinavian furniture, glass, ceramics, textiles, jewelry, metalware, and product design from 1900 to the present day, with in-depth entries on 125 designers and design-led companies.<\/p>\n<p>Featured designers and designer-led companies include Verner Panton, Arne Jacobsen, Alvar Aalto, Timo Sarpaneva, Hans Wegner, Tapio Wirkkala, Stig Lindberg, Finn Juhl, M\u00e4rta M\u00e5\u00e5s-Fjetterstr\u00f6m, Arnold Madsen, Barbro Nilsson, Fritz Hansen, Artek, Le Klint, Gustavsberg, Iittala, Fiskars, Orrefors, Royal Copenhagen, Holmegaard, Arabia, Marimekko, and Georg Jensen.<\/p>\n","protected":false},"excerpt":{"rendered":"<p>Scandtastic! The best design from the Nordic region Scandinavia is world famous for its inimitable, democratic designs which bridge the gap between craftsmanship and industrial production, organic forms and everyday functionality. This all-you-need guide includes a detailed look at Scandinavian furniture, glass, ceramics, textiles, jewelry, metalware, and product design from 1900 to the present day,&#8230;<\/p>\n","protected":false},"featured_media":106276,"comment_status":"closed","ping_status":"closed","template":"","meta":[],"product_brand":[],"product_cat":[13533,4523,4526],"product_tag":[4524,6621],"class_list":{"0":"post-106291","1":"product","2":"type-product","3":"status-publish","4":"has-post-thumbnail","6":"product_cat-books","7":"product_cat-design-en-en","8":"product_cat-industrial-design","9":"product_tag-design-en-en","10":"product_tag-scandinavian-style","11":"pa_author_att-charlotte-fiell-en","12":"pa_author_att-peter-fiell-en","13":"pa_cover-hardcover","14":"pa_format-156-x-217-cm-en","15":"pa_isbn-9783836598422-en","16":"pa_language-eng","17":"pa_pages-512-en","18":"pa_published-2024-06-04-en","19":"pa_publisher-taschen-en-en","21":"first","22":"instock","23":"sold-individually","24":"shipping-taxable","25":"purchasable","26":"product-type-simple"},"yoast_head":"<!-- This site is optimized with the Yoast SEO plugin v27.5 - https:\/\/yoast.com\/product\/yoast-seo-wordpress\/ -->\n<title>Scandinavian Design. 40th Ed. (Charlotte Fiell, Peter Fiell) - book \/ album - Folio<\/title>\n<meta name=\"description\" content=\"Wejd\u017a i kup ksi\u0105\u017ck\u0119 Scandinavian Design. 40th Ed. autorstwa Charlotte Fiell, Peter Fiell wydan\u0105 przez TASCHEN (2024-06-04) w formacie 15,6 x 21,7 cm (ISBN: 9783836598422). Zapraszamy!\" \/>\n<meta name=\"robots\" content=\"index, follow, max-snippet:-1, max-image-preview:large, max-video-preview:-1\" \/>\n<link rel=\"canonical\" href=\"https:\/\/foliobooks.pl\/en\/shop\/scandinavian-design-40th-ed\/\" \/>\n<meta property=\"og:locale\" content=\"en_US\" \/>\n<meta property=\"og:type\" content=\"article\" \/>\n<meta property=\"og:title\" content=\"Scandinavian Design. 40th Ed. (Charlotte Fiell, Peter Fiell) - book \/ album - Folio\" \/>\n<meta property=\"og:description\" content=\"Wejd\u017a i kup ksi\u0105\u017ck\u0119 Scandinavian Design. 40th Ed. autorstwa Charlotte Fiell, Peter Fiell wydan\u0105 przez TASCHEN (2024-06-04) w formacie 15,6 x 21,7 cm (ISBN: 9783836598422). Zapraszamy!\" \/>\n<meta property=\"og:url\" content=\"https:\/\/foliobooks.pl\/en\/shop\/scandinavian-design-40th-ed\/\" \/>\n<meta property=\"og:site_name\" content=\"Folio\" \/>\n<meta property=\"article:modified_time\" content=\"2025-12-15T17:26:05+00:00\" \/>\n<meta property=\"og:image\" content=\"https:\/\/foliobooks.pl\/wp-content\/uploads\/2025\/04\/9783836598422.png\" \/>\n\t<meta property=\"og:image:width\" content=\"570\" \/>\n\t<meta property=\"og:image:height\" content=\"708\" \/>\n\t<meta property=\"og:image:type\" content=\"image\/png\" \/>\n<meta name=\"twitter:card\" content=\"summary_large_image\" \/>\n<meta name=\"twitter:label1\" content=\"Est. reading time\" \/>\n\t<meta name=\"twitter:data1\" content=\"1 minute\" \/>\n<script type=\"application\/ld+json\" class=\"yoast-schema-graph\">{\"@context\":\"https:\\\/\\\/schema.org\",\"@graph\":[{\"@type\":\"WebPage\",\"@id\":\"https:\\\/\\\/foliobooks.pl\\\/en\\\/shop\\\/scandinavian-design-40th-ed\\\/\",\"url\":\"https:\\\/\\\/foliobooks.pl\\\/en\\\/shop\\\/scandinavian-design-40th-ed\\\/\",\"name\":\"Scandinavian Design. 40th Ed. (Charlotte Fiell, Peter Fiell) - book \\\/ album - Folio\",\"isPartOf\":{\"@id\":\"https:\\\/\\\/foliobooks.pl\\\/en\\\/#website\"},\"primaryImageOfPage\":{\"@id\":\"https:\\\/\\\/foliobooks.pl\\\/en\\\/shop\\\/scandinavian-design-40th-ed\\\/#primaryimage\"},\"image\":{\"@id\":\"https:\\\/\\\/foliobooks.pl\\\/en\\\/shop\\\/scandinavian-design-40th-ed\\\/#primaryimage\"},\"thumbnailUrl\":\"https:\\\/\\\/foliobooks.pl\\\/wp-content\\\/uploads\\\/2025\\\/04\\\/9783836598422.png\",\"datePublished\":\"2025-04-23T10:58:00+00:00\",\"dateModified\":\"2025-12-15T17:26:05+00:00\",\"description\":\"Wejd\u017a i kup ksi\u0105\u017ck\u0119 Scandinavian Design. 40th Ed. autorstwa Charlotte Fiell, Peter Fiell wydan\u0105 przez TASCHEN (2024-06-04) w formacie 15,6 x 21,7 cm (ISBN: 9783836598422). Zapraszamy!\",\"breadcrumb\":{\"@id\":\"https:\\\/\\\/foliobooks.pl\\\/en\\\/shop\\\/scandinavian-design-40th-ed\\\/#breadcrumb\"},\"inLanguage\":\"en-US\",\"potentialAction\":[{\"@type\":\"ReadAction\",\"target\":[\"https:\\\/\\\/foliobooks.pl\\\/en\\\/shop\\\/scandinavian-design-40th-ed\\\/\"]}]},{\"@type\":\"ImageObject\",\"inLanguage\":\"en-US\",\"@id\":\"https:\\\/\\\/foliobooks.pl\\\/en\\\/shop\\\/scandinavian-design-40th-ed\\\/#primaryimage\",\"url\":\"https:\\\/\\\/foliobooks.pl\\\/wp-content\\\/uploads\\\/2025\\\/04\\\/9783836598422.png\",\"contentUrl\":\"https:\\\/\\\/foliobooks.pl\\\/wp-content\\\/uploads\\\/2025\\\/04\\\/9783836598422.png\",\"width\":570,\"height\":708},{\"@type\":\"BreadcrumbList\",\"@id\":\"https:\\\/\\\/foliobooks.pl\\\/en\\\/shop\\\/scandinavian-design-40th-ed\\\/#breadcrumb\",\"itemListElement\":[{\"@type\":\"ListItem\",\"position\":1,\"name\":\"Strona g\u0142\u00f3wna\",\"item\":\"https:\\\/\\\/foliobooks.pl\\\/en\\\/\"},{\"@type\":\"ListItem\",\"position\":2,\"name\":\"Shop\",\"item\":\"https:\\\/\\\/foliobooks.pl\\\/en\\\/shop\\\/\"},{\"@type\":\"ListItem\",\"position\":3,\"name\":\"Scandinavian Design. 40th Ed.\"}]},{\"@type\":\"WebSite\",\"@id\":\"https:\\\/\\\/foliobooks.pl\\\/en\\\/#website\",\"url\":\"https:\\\/\\\/foliobooks.pl\\\/en\\\/\",\"name\":\"Folio\",\"description\":\"Ksi\u0119garnia internetowa\",\"potentialAction\":[{\"@type\":\"SearchAction\",\"target\":{\"@type\":\"EntryPoint\",\"urlTemplate\":\"https:\\\/\\\/foliobooks.pl\\\/en\\\/?s={search_term_string}\"},\"query-input\":{\"@type\":\"PropertyValueSpecification\",\"valueRequired\":true,\"valueName\":\"search_term_string\"}}],\"inLanguage\":\"en-US\"}]}<\/script>\n<!-- \/ Yoast SEO plugin. -->","yoast_head_json":{"title":"Scandinavian Design. 40th Ed. (Charlotte Fiell, Peter Fiell) - book \/ album - Folio","description":"Wejd\u017a i kup ksi\u0105\u017ck\u0119 Scandinavian Design. 40th Ed. autorstwa Charlotte Fiell, Peter Fiell wydan\u0105 przez TASCHEN (2024-06-04) w formacie 15,6 x 21,7 cm (ISBN: 9783836598422). Zapraszamy!","robots":{"index":"index","follow":"follow","max-snippet":"max-snippet:-1","max-image-preview":"max-image-preview:large","max-video-preview":"max-video-preview:-1"},"canonical":"https:\/\/foliobooks.pl\/en\/shop\/scandinavian-design-40th-ed\/","og_locale":"en_US","og_type":"article","og_title":"Scandinavian Design. 40th Ed. (Charlotte Fiell, Peter Fiell) - book \/ album - Folio","og_description":"Wejd\u017a i kup ksi\u0105\u017ck\u0119 Scandinavian Design. 40th Ed. autorstwa Charlotte Fiell, Peter Fiell wydan\u0105 przez TASCHEN (2024-06-04) w formacie 15,6 x 21,7 cm (ISBN: 9783836598422). Zapraszamy!","og_url":"https:\/\/foliobooks.pl\/en\/shop\/scandinavian-design-40th-ed\/","og_site_name":"Folio","article_modified_time":"2025-12-15T17:26:05+00:00","og_image":[{"width":570,"height":708,"url":"https:\/\/foliobooks.pl\/wp-content\/uploads\/2025\/04\/9783836598422.png","type":"image\/png"}],"twitter_card":"summary_large_image","twitter_misc":{"Est. reading time":"1 minute"},"schema":{"@context":"https:\/\/schema.org","@graph":[{"@type":"WebPage","@id":"https:\/\/foliobooks.pl\/en\/shop\/scandinavian-design-40th-ed\/","url":"https:\/\/foliobooks.pl\/en\/shop\/scandinavian-design-40th-ed\/","name":"Scandinavian Design. 40th Ed. (Charlotte Fiell, Peter Fiell) - book \/ album - Folio","isPartOf":{"@id":"https:\/\/foliobooks.pl\/en\/#website"},"primaryImageOfPage":{"@id":"https:\/\/foliobooks.pl\/en\/shop\/scandinavian-design-40th-ed\/#primaryimage"},"image":{"@id":"https:\/\/foliobooks.pl\/en\/shop\/scandinavian-design-40th-ed\/#primaryimage"},"thumbnailUrl":"https:\/\/foliobooks.pl\/wp-content\/uploads\/2025\/04\/9783836598422.png","datePublished":"2025-04-23T10:58:00+00:00","dateModified":"2025-12-15T17:26:05+00:00","description":"Wejd\u017a i kup ksi\u0105\u017ck\u0119 Scandinavian Design. 40th Ed. autorstwa Charlotte Fiell, Peter Fiell wydan\u0105 przez TASCHEN (2024-06-04) w formacie 15,6 x 21,7 cm (ISBN: 9783836598422). Zapraszamy!","breadcrumb":{"@id":"https:\/\/foliobooks.pl\/en\/shop\/scandinavian-design-40th-ed\/#breadcrumb"},"inLanguage":"en-US","potentialAction":[{"@type":"ReadAction","target":["https:\/\/foliobooks.pl\/en\/shop\/scandinavian-design-40th-ed\/"]}]},{"@type":"ImageObject","inLanguage":"en-US","@id":"https:\/\/foliobooks.pl\/en\/shop\/scandinavian-design-40th-ed\/#primaryimage","url":"https:\/\/foliobooks.pl\/wp-content\/uploads\/2025\/04\/9783836598422.png","contentUrl":"https:\/\/foliobooks.pl\/wp-content\/uploads\/2025\/04\/9783836598422.png","width":570,"height":708},{"@type":"BreadcrumbList","@id":"https:\/\/foliobooks.pl\/en\/shop\/scandinavian-design-40th-ed\/#breadcrumb","itemListElement":[{"@type":"ListItem","position":1,"name":"Strona g\u0142\u00f3wna","item":"https:\/\/foliobooks.pl\/en\/"},{"@type":"ListItem","position":2,"name":"Shop","item":"https:\/\/foliobooks.pl\/en\/shop\/"},{"@type":"ListItem","position":3,"name":"Scandinavian Design. 40th Ed."}]},{"@type":"WebSite","@id":"https:\/\/foliobooks.pl\/en\/#website","url":"https:\/\/foliobooks.pl\/en\/","name":"Folio","description":"Ksi\u0119garnia internetowa","potentialAction":[{"@type":"SearchAction","target":{"@type":"EntryPoint","urlTemplate":"https:\/\/foliobooks.pl\/en\/?s={search_term_string}"},"query-input":{"@type":"PropertyValueSpecification","valueRequired":true,"valueName":"search_term_string"}}],"inLanguage":"en-US"}]}},"_links":{"self":[{"href":"https:\/\/foliobooks.pl\/en\/wp-json\/wp\/v2\/product\/106291","targetHints":{"allow":["GET"]}}],"collection":[{"href":"https:\/\/foliobooks.pl\/en\/wp-json\/wp\/v2\/product"}],"about":[{"href":"https:\/\/foliobooks.pl\/en\/wp-json\/wp\/v2\/types\/product"}],"replies":[{"embeddable":true,"href":"https:\/\/foliobooks.pl\/en\/wp-json\/wp\/v2\/comments?post=106291"}],"wp:featuredmedia":[{"embeddable":true,"href":"https:\/\/foliobooks.pl\/en\/wp-json\/wp\/v2\/media\/106276"}],"wp:attachment":[{"href":"https:\/\/foliobooks.pl\/en\/wp-json\/wp\/v2\/media?parent=106291"}],"wp:term":[{"taxonomy":"product_brand","embeddable":true,"href":"https:\/\/foliobooks.pl\/en\/wp-json\/wp\/v2\/product_brand?post=106291"},{"taxonomy":"product_cat","embeddable":true,"href":"https:\/\/foliobooks.pl\/en\/wp-json\/wp\/v2\/product_cat?post=106291"},{"taxonomy":"product_tag","embeddable":true,"href":"https:\/\/foliobooks.pl\/en\/wp-json\/wp\/v2\/product_tag?post=106291"}],"curies":[{"name":"wp","href":"https:\/\/api.w.org\/{rel}","templated":true}]}}