{"id":106273,"date":"2025-04-23T12:47:52","date_gmt":"2025-04-23T10:47:52","guid":{"rendered":"https:\/\/foliobooks.pl\/sklep\/rainer-w-schlegelmilch-porsche-racing-moments-xl\/"},"modified":"2026-02-18T15:41:30","modified_gmt":"2026-02-18T14:41:30","slug":"rainer-w-schlegelmilch-porsche-racing-moments-xl","status":"publish","type":"product","link":"https:\/\/foliobooks.pl\/en\/shop\/rainer-w-schlegelmilch-porsche-racing-moments-xl\/","title":{"rendered":"Rainer W. Schlegelmilch. Porsche Racing Moments XL"},"content":{"rendered":"<p>Life in the fastest lane<\/p>\n<p>25 years of Porsche Racing through the lens of Rainer W. Schlegelmilch<\/p>\n<p>In 1962, Rainer W. Schlegelmilch had his first experience of motorsport \u2013 the 1,000 km at the N\u00fcrburgring \u2013 and it was this that sparked a lifelong passion for both Porsche and racing that still burns today.<\/p>\n<p>Beginning in 1963, this wholly captivating collection of breathtaking shots transports you to another time and another world, taking you on a journey through the history of Porsche endurance racing, from Le Mans to Monza, via the Targa Florio and Spa-Francorchamps. And with his own words accompanying the pictures, Schlegelmilch shows and tells fascinating stories from track and trackside.<\/p>\n<p>Naturally, the cars are the heroes of this book \u2013 there\u2019s a genuine love of Porsche cars on these pages, a real admiration in pictures for each evolution of the legendary designs. From the purpose-built prototypes of the mid-60s \u2013 the 550, 718, RS and RSK models \u2013 followed by the more powerful 907 and 908, and through to arguably the most iconic racing car designs of all time, the 917, the 962 and of course the ageless 911, this is Schlegelmilch\u2019s pictorial love letter to his own &#8220;Porsche Racing Moments&#8221;.<\/p>\n<p>He pays tribute to each of them with his unique zoom technique, that converts the movement and phenomenal speed of the racing cars into a totally absorbing and almost dizzying feast of depth and energy. Whether it\u2019s in black and white or colour, it\u2019s as if you can feel the rush of air on your face as the cars speed by.<\/p>\n<p>But while this book is perfect for those who live and breathe Porsche, there\u2019s more to it than the cars. From the shots of experienced teams to the drivers deep in conversation, from the greasy hands of the mechanics tinkering under the hood to the stained and cracked track, Schlegelmilch takes you to the real racing world, behind the glamour and into the dusty, oil-scented universe of motorsport.<\/p>\n","protected":false},"excerpt":{"rendered":"<p>Life in the fastest lane 25 years of Porsche Racing through the lens of Rainer W. Schlegelmilch In 1962, Rainer W. Schlegelmilch had his first experience of motorsport \u2013 the 1,000 km at the N\u00fcrburgring \u2013 and it was this that sparked a lifelong passion for both Porsche and racing that still burns today. Beginning&#8230;<\/p>\n","protected":false},"featured_media":106260,"comment_status":"closed","ping_status":"closed","template":"","meta":[],"product_brand":[],"product_cat":[13533,4520],"product_tag":[216],"class_list":{"0":"post-106273","1":"product","2":"type-product","3":"status-publish","4":"has-post-thumbnail","6":"product_cat-books","7":"product_cat-motorsport-en","8":"product_tag-cars-en","9":"pa_author_att-rainer-w-schlegelmilch-en","10":"pa_cover-hardcover","11":"pa_format-36-x-303-cm-en","12":"pa_isbn-9783754401330-en","13":"pa_language-eng","14":"pa_pages-356-en","15":"pa_published-2025-04-28-en","16":"pa_publisher-taschen-en-en","18":"first","19":"instock","20":"sold-individually","21":"shipping-taxable","22":"purchasable","23":"product-type-simple"},"yoast_head":"<!-- This site is optimized with the Yoast SEO plugin v27.4 - https:\/\/yoast.com\/product\/yoast-seo-wordpress\/ -->\n<title>Rainer W. Schlegelmilch. Porsche Racing Moments XL (Rainer W. Schlegelmilch) - book \/ album - Folio<\/title>\n<meta name=\"description\" content=\"Wejd\u017a i kup ksi\u0105\u017ck\u0119 Rainer W. Schlegelmilch. Porsche Racing Moments XL autorstwa Rainer W. Schlegelmilch wydan\u0105 przez TASCHEN (2025-04-28) w formacie 36 x 30,3 cm (ISBN: 9783754401330). Zapraszamy!\" \/>\n<meta name=\"robots\" content=\"index, follow, max-snippet:-1, max-image-preview:large, max-video-preview:-1\" \/>\n<link rel=\"canonical\" href=\"https:\/\/foliobooks.pl\/en\/shop\/rainer-w-schlegelmilch-porsche-racing-moments-xl\/\" \/>\n<meta property=\"og:locale\" content=\"en_US\" \/>\n<meta property=\"og:type\" content=\"article\" \/>\n<meta property=\"og:title\" content=\"Rainer W. Schlegelmilch. Porsche Racing Moments XL (Rainer W. Schlegelmilch) - book \/ album - Folio\" \/>\n<meta property=\"og:description\" content=\"Wejd\u017a i kup ksi\u0105\u017ck\u0119 Rainer W. Schlegelmilch. Porsche Racing Moments XL autorstwa Rainer W. Schlegelmilch wydan\u0105 przez TASCHEN (2025-04-28) w formacie 36 x 30,3 cm (ISBN: 9783754401330). Zapraszamy!\" \/>\n<meta property=\"og:url\" content=\"https:\/\/foliobooks.pl\/en\/shop\/rainer-w-schlegelmilch-porsche-racing-moments-xl\/\" \/>\n<meta property=\"og:site_name\" content=\"Folio\" \/>\n<meta property=\"article:modified_time\" content=\"2026-02-18T14:41:30+00:00\" \/>\n<meta property=\"og:image\" content=\"https:\/\/foliobooks.pl\/wp-content\/uploads\/2025\/04\/9783754401330.png\" \/>\n\t<meta property=\"og:image:width\" content=\"570\" \/>\n\t<meta property=\"og:image:height\" content=\"708\" \/>\n\t<meta property=\"og:image:type\" content=\"image\/png\" \/>\n<meta name=\"twitter:card\" content=\"summary_large_image\" \/>\n<meta name=\"twitter:label1\" content=\"Est. reading time\" \/>\n\t<meta name=\"twitter:data1\" content=\"3 minutes\" \/>\n<script type=\"application\/ld+json\" class=\"yoast-schema-graph\">{\"@context\":\"https:\\\/\\\/schema.org\",\"@graph\":[{\"@type\":\"WebPage\",\"@id\":\"https:\\\/\\\/foliobooks.pl\\\/en\\\/shop\\\/rainer-w-schlegelmilch-porsche-racing-moments-xl\\\/\",\"url\":\"https:\\\/\\\/foliobooks.pl\\\/en\\\/shop\\\/rainer-w-schlegelmilch-porsche-racing-moments-xl\\\/\",\"name\":\"Rainer W. Schlegelmilch. Porsche Racing Moments XL (Rainer W. Schlegelmilch) - book \\\/ album - Folio\",\"isPartOf\":{\"@id\":\"https:\\\/\\\/foliobooks.pl\\\/en\\\/#website\"},\"primaryImageOfPage\":{\"@id\":\"https:\\\/\\\/foliobooks.pl\\\/en\\\/shop\\\/rainer-w-schlegelmilch-porsche-racing-moments-xl\\\/#primaryimage\"},\"image\":{\"@id\":\"https:\\\/\\\/foliobooks.pl\\\/en\\\/shop\\\/rainer-w-schlegelmilch-porsche-racing-moments-xl\\\/#primaryimage\"},\"thumbnailUrl\":\"https:\\\/\\\/foliobooks.pl\\\/wp-content\\\/uploads\\\/2025\\\/04\\\/9783754401330.png\",\"datePublished\":\"2025-04-23T10:47:52+00:00\",\"dateModified\":\"2026-02-18T14:41:30+00:00\",\"description\":\"Wejd\u017a i kup ksi\u0105\u017ck\u0119 Rainer W. Schlegelmilch. Porsche Racing Moments XL autorstwa Rainer W. Schlegelmilch wydan\u0105 przez TASCHEN (2025-04-28) w formacie 36 x 30,3 cm (ISBN: 9783754401330). Zapraszamy!\",\"breadcrumb\":{\"@id\":\"https:\\\/\\\/foliobooks.pl\\\/en\\\/shop\\\/rainer-w-schlegelmilch-porsche-racing-moments-xl\\\/#breadcrumb\"},\"inLanguage\":\"en-US\",\"potentialAction\":[{\"@type\":\"ReadAction\",\"target\":[\"https:\\\/\\\/foliobooks.pl\\\/en\\\/shop\\\/rainer-w-schlegelmilch-porsche-racing-moments-xl\\\/\"]}]},{\"@type\":\"ImageObject\",\"inLanguage\":\"en-US\",\"@id\":\"https:\\\/\\\/foliobooks.pl\\\/en\\\/shop\\\/rainer-w-schlegelmilch-porsche-racing-moments-xl\\\/#primaryimage\",\"url\":\"https:\\\/\\\/foliobooks.pl\\\/wp-content\\\/uploads\\\/2025\\\/04\\\/9783754401330.png\",\"contentUrl\":\"https:\\\/\\\/foliobooks.pl\\\/wp-content\\\/uploads\\\/2025\\\/04\\\/9783754401330.png\",\"width\":570,\"height\":708},{\"@type\":\"BreadcrumbList\",\"@id\":\"https:\\\/\\\/foliobooks.pl\\\/en\\\/shop\\\/rainer-w-schlegelmilch-porsche-racing-moments-xl\\\/#breadcrumb\",\"itemListElement\":[{\"@type\":\"ListItem\",\"position\":1,\"name\":\"Strona g\u0142\u00f3wna\",\"item\":\"https:\\\/\\\/foliobooks.pl\\\/en\\\/\"},{\"@type\":\"ListItem\",\"position\":2,\"name\":\"Shop\",\"item\":\"https:\\\/\\\/foliobooks.pl\\\/en\\\/shop\\\/\"},{\"@type\":\"ListItem\",\"position\":3,\"name\":\"Rainer W. Schlegelmilch. Porsche Racing Moments XL\"}]},{\"@type\":\"WebSite\",\"@id\":\"https:\\\/\\\/foliobooks.pl\\\/en\\\/#website\",\"url\":\"https:\\\/\\\/foliobooks.pl\\\/en\\\/\",\"name\":\"Folio\",\"description\":\"Ksi\u0119garnia internetowa\",\"potentialAction\":[{\"@type\":\"SearchAction\",\"target\":{\"@type\":\"EntryPoint\",\"urlTemplate\":\"https:\\\/\\\/foliobooks.pl\\\/en\\\/?s={search_term_string}\"},\"query-input\":{\"@type\":\"PropertyValueSpecification\",\"valueRequired\":true,\"valueName\":\"search_term_string\"}}],\"inLanguage\":\"en-US\"}]}<\/script>\n<!-- \/ Yoast SEO plugin. -->","yoast_head_json":{"title":"Rainer W. Schlegelmilch. Porsche Racing Moments XL (Rainer W. Schlegelmilch) - book \/ album - Folio","description":"Wejd\u017a i kup ksi\u0105\u017ck\u0119 Rainer W. Schlegelmilch. Porsche Racing Moments XL autorstwa Rainer W. Schlegelmilch wydan\u0105 przez TASCHEN (2025-04-28) w formacie 36 x 30,3 cm (ISBN: 9783754401330). Zapraszamy!","robots":{"index":"index","follow":"follow","max-snippet":"max-snippet:-1","max-image-preview":"max-image-preview:large","max-video-preview":"max-video-preview:-1"},"canonical":"https:\/\/foliobooks.pl\/en\/shop\/rainer-w-schlegelmilch-porsche-racing-moments-xl\/","og_locale":"en_US","og_type":"article","og_title":"Rainer W. Schlegelmilch. Porsche Racing Moments XL (Rainer W. Schlegelmilch) - book \/ album - Folio","og_description":"Wejd\u017a i kup ksi\u0105\u017ck\u0119 Rainer W. Schlegelmilch. Porsche Racing Moments XL autorstwa Rainer W. Schlegelmilch wydan\u0105 przez TASCHEN (2025-04-28) w formacie 36 x 30,3 cm (ISBN: 9783754401330). Zapraszamy!","og_url":"https:\/\/foliobooks.pl\/en\/shop\/rainer-w-schlegelmilch-porsche-racing-moments-xl\/","og_site_name":"Folio","article_modified_time":"2026-02-18T14:41:30+00:00","og_image":[{"width":570,"height":708,"url":"https:\/\/foliobooks.pl\/wp-content\/uploads\/2025\/04\/9783754401330.png","type":"image\/png"}],"twitter_card":"summary_large_image","twitter_misc":{"Est. reading time":"3 minutes"},"schema":{"@context":"https:\/\/schema.org","@graph":[{"@type":"WebPage","@id":"https:\/\/foliobooks.pl\/en\/shop\/rainer-w-schlegelmilch-porsche-racing-moments-xl\/","url":"https:\/\/foliobooks.pl\/en\/shop\/rainer-w-schlegelmilch-porsche-racing-moments-xl\/","name":"Rainer W. Schlegelmilch. Porsche Racing Moments XL (Rainer W. Schlegelmilch) - book \/ album - Folio","isPartOf":{"@id":"https:\/\/foliobooks.pl\/en\/#website"},"primaryImageOfPage":{"@id":"https:\/\/foliobooks.pl\/en\/shop\/rainer-w-schlegelmilch-porsche-racing-moments-xl\/#primaryimage"},"image":{"@id":"https:\/\/foliobooks.pl\/en\/shop\/rainer-w-schlegelmilch-porsche-racing-moments-xl\/#primaryimage"},"thumbnailUrl":"https:\/\/foliobooks.pl\/wp-content\/uploads\/2025\/04\/9783754401330.png","datePublished":"2025-04-23T10:47:52+00:00","dateModified":"2026-02-18T14:41:30+00:00","description":"Wejd\u017a i kup ksi\u0105\u017ck\u0119 Rainer W. Schlegelmilch. Porsche Racing Moments XL autorstwa Rainer W. Schlegelmilch wydan\u0105 przez TASCHEN (2025-04-28) w formacie 36 x 30,3 cm (ISBN: 9783754401330). Zapraszamy!","breadcrumb":{"@id":"https:\/\/foliobooks.pl\/en\/shop\/rainer-w-schlegelmilch-porsche-racing-moments-xl\/#breadcrumb"},"inLanguage":"en-US","potentialAction":[{"@type":"ReadAction","target":["https:\/\/foliobooks.pl\/en\/shop\/rainer-w-schlegelmilch-porsche-racing-moments-xl\/"]}]},{"@type":"ImageObject","inLanguage":"en-US","@id":"https:\/\/foliobooks.pl\/en\/shop\/rainer-w-schlegelmilch-porsche-racing-moments-xl\/#primaryimage","url":"https:\/\/foliobooks.pl\/wp-content\/uploads\/2025\/04\/9783754401330.png","contentUrl":"https:\/\/foliobooks.pl\/wp-content\/uploads\/2025\/04\/9783754401330.png","width":570,"height":708},{"@type":"BreadcrumbList","@id":"https:\/\/foliobooks.pl\/en\/shop\/rainer-w-schlegelmilch-porsche-racing-moments-xl\/#breadcrumb","itemListElement":[{"@type":"ListItem","position":1,"name":"Strona g\u0142\u00f3wna","item":"https:\/\/foliobooks.pl\/en\/"},{"@type":"ListItem","position":2,"name":"Shop","item":"https:\/\/foliobooks.pl\/en\/shop\/"},{"@type":"ListItem","position":3,"name":"Rainer W. Schlegelmilch. Porsche Racing Moments XL"}]},{"@type":"WebSite","@id":"https:\/\/foliobooks.pl\/en\/#website","url":"https:\/\/foliobooks.pl\/en\/","name":"Folio","description":"Ksi\u0119garnia internetowa","potentialAction":[{"@type":"SearchAction","target":{"@type":"EntryPoint","urlTemplate":"https:\/\/foliobooks.pl\/en\/?s={search_term_string}"},"query-input":{"@type":"PropertyValueSpecification","valueRequired":true,"valueName":"search_term_string"}}],"inLanguage":"en-US"}]}},"_links":{"self":[{"href":"https:\/\/foliobooks.pl\/en\/wp-json\/wp\/v2\/product\/106273","targetHints":{"allow":["GET"]}}],"collection":[{"href":"https:\/\/foliobooks.pl\/en\/wp-json\/wp\/v2\/product"}],"about":[{"href":"https:\/\/foliobooks.pl\/en\/wp-json\/wp\/v2\/types\/product"}],"replies":[{"embeddable":true,"href":"https:\/\/foliobooks.pl\/en\/wp-json\/wp\/v2\/comments?post=106273"}],"wp:featuredmedia":[{"embeddable":true,"href":"https:\/\/foliobooks.pl\/en\/wp-json\/wp\/v2\/media\/106260"}],"wp:attachment":[{"href":"https:\/\/foliobooks.pl\/en\/wp-json\/wp\/v2\/media?parent=106273"}],"wp:term":[{"taxonomy":"product_brand","embeddable":true,"href":"https:\/\/foliobooks.pl\/en\/wp-json\/wp\/v2\/product_brand?post=106273"},{"taxonomy":"product_cat","embeddable":true,"href":"https:\/\/foliobooks.pl\/en\/wp-json\/wp\/v2\/product_cat?post=106273"},{"taxonomy":"product_tag","embeddable":true,"href":"https:\/\/foliobooks.pl\/en\/wp-json\/wp\/v2\/product_tag?post=106273"}],"curies":[{"name":"wp","href":"https:\/\/api.w.org\/{rel}","templated":true}]}}