{"id":106224,"date":"2025-04-23T12:17:37","date_gmt":"2025-04-23T10:17:37","guid":{"rendered":"https:\/\/foliobooks.pl\/sklep\/funk-soul-covers-40th-ed\/"},"modified":"2025-04-23T12:17:37","modified_gmt":"2025-04-23T10:17:37","slug":"funk-soul-covers-40th-ed","status":"publish","type":"product","link":"https:\/\/foliobooks.pl\/en\/shop\/funk-soul-covers-40th-ed\/","title":{"rendered":"Funk &#038; Soul Covers. 40th Ed."},"content":{"rendered":"<p>Boogie Wonderland<\/p>\n<p>The golden age of Black music<\/p>\n<p>Following the success of Jazz Covers, this epic volume of groove assembles over 500 legendary covers from a golden era in Black music. Psychedelia meets Black Power, sexual liberation meets social conscience, and street portraiture meets fantastical comic art in this dazzling anthology of visualized funk and soul.<\/p>\n<p>Gathering both classic and rare covers, the collection celebrates each artwork\u2019s ability to capture not only a buyer\u2019s interest, but an entire musical mood. Browse through and discover the brilliant, the bold, the outlandish and the incredibly beautiful designs that fans rushed to get their hands on as the likes of Marvin Gaye, James Brown, Curtis Mayfield, Michael Jackson, and Prince changed the world with their unique and unforgettable sounds.<\/p>\n<p>Featuring interviews with key industry figures, Funk &amp; Soul Covers also provides cultural context and design analysis for many of the chosen record covers.<\/p>\n","protected":false},"excerpt":{"rendered":"<p>Boogie Wonderland The golden age of Black music Following the success of Jazz Covers, this epic volume of groove assembles over 500 legendary covers from a golden era in Black music. Psychedelia meets Black Power, sexual liberation meets social conscience, and street portraiture meets fantastical comic art in this dazzling anthology of visualized funk and&#8230;<\/p>\n","protected":false},"featured_media":106213,"comment_status":"closed","ping_status":"closed","template":"","meta":[],"product_brand":[],"product_cat":[13533,4523,4525],"product_tag":[2253,1102],"class_list":{"0":"post-106224","1":"product","2":"type-product","3":"status-publish","4":"has-post-thumbnail","6":"product_cat-books","7":"product_cat-design-en-en","8":"product_cat-graphic-design","9":"product_tag-graphics","10":"product_tag-music-en","11":"pa_author_att-joaquim-paulo-en","12":"pa_format-156-x-217-cm-en","13":"pa_isbn-9783836588195-en","14":"pa_language-eng-f-ger","15":"pa_pages-512-en","16":"pa_published-2022-10-11-en","17":"pa_publisher-taschen-en-en","19":"first","20":"instock","21":"sold-individually","22":"shipping-taxable","23":"purchasable","24":"product-type-simple"},"yoast_head":"<!-- This site is optimized with the Yoast SEO plugin v27.4 - https:\/\/yoast.com\/product\/yoast-seo-wordpress\/ -->\n<title>Funk &amp; Soul Covers. 40th Ed. (Joaquim Paulo) - book \/ album - Folio<\/title>\n<meta name=\"description\" content=\"Wejd\u017a i kup ksi\u0105\u017ck\u0119 Funk &amp; Soul Covers. 40th Ed. autorstwa Joaquim Paulo wydan\u0105 przez TASCHEN (2022-10-11) w formacie 15,6 x 21,7 cm (ISBN: 9783836588195). Zapraszamy!\" \/>\n<meta name=\"robots\" content=\"index, follow, max-snippet:-1, max-image-preview:large, max-video-preview:-1\" \/>\n<link rel=\"canonical\" href=\"https:\/\/foliobooks.pl\/en\/shop\/funk-soul-covers-40th-ed\/\" \/>\n<meta property=\"og:locale\" content=\"en_US\" \/>\n<meta property=\"og:type\" content=\"article\" \/>\n<meta property=\"og:title\" content=\"Funk &amp; Soul Covers. 40th Ed. (Joaquim Paulo) - book \/ album - Folio\" \/>\n<meta property=\"og:description\" content=\"Wejd\u017a i kup ksi\u0105\u017ck\u0119 Funk &amp; Soul Covers. 40th Ed. autorstwa Joaquim Paulo wydan\u0105 przez TASCHEN (2022-10-11) w formacie 15,6 x 21,7 cm (ISBN: 9783836588195). Zapraszamy!\" \/>\n<meta property=\"og:url\" content=\"https:\/\/foliobooks.pl\/en\/shop\/funk-soul-covers-40th-ed\/\" \/>\n<meta property=\"og:site_name\" content=\"Folio\" \/>\n<meta property=\"og:image\" content=\"https:\/\/foliobooks.pl\/wp-content\/uploads\/2025\/04\/9783836588195.png\" \/>\n\t<meta property=\"og:image:width\" content=\"570\" \/>\n\t<meta property=\"og:image:height\" content=\"708\" \/>\n\t<meta property=\"og:image:type\" content=\"image\/png\" \/>\n<meta name=\"twitter:card\" content=\"summary_large_image\" \/>\n<meta name=\"twitter:label1\" content=\"Est. reading time\" \/>\n\t<meta name=\"twitter:data1\" content=\"2 minutes\" \/>\n<script type=\"application\/ld+json\" class=\"yoast-schema-graph\">{\"@context\":\"https:\\\/\\\/schema.org\",\"@graph\":[{\"@type\":\"WebPage\",\"@id\":\"https:\\\/\\\/foliobooks.pl\\\/en\\\/shop\\\/funk-soul-covers-40th-ed\\\/\",\"url\":\"https:\\\/\\\/foliobooks.pl\\\/en\\\/shop\\\/funk-soul-covers-40th-ed\\\/\",\"name\":\"Funk & Soul Covers. 40th Ed. (Joaquim Paulo) - book \\\/ album - Folio\",\"isPartOf\":{\"@id\":\"https:\\\/\\\/foliobooks.pl\\\/en\\\/#website\"},\"primaryImageOfPage\":{\"@id\":\"https:\\\/\\\/foliobooks.pl\\\/en\\\/shop\\\/funk-soul-covers-40th-ed\\\/#primaryimage\"},\"image\":{\"@id\":\"https:\\\/\\\/foliobooks.pl\\\/en\\\/shop\\\/funk-soul-covers-40th-ed\\\/#primaryimage\"},\"thumbnailUrl\":\"https:\\\/\\\/foliobooks.pl\\\/wp-content\\\/uploads\\\/2025\\\/04\\\/9783836588195.png\",\"datePublished\":\"2025-04-23T10:17:37+00:00\",\"description\":\"Wejd\u017a i kup ksi\u0105\u017ck\u0119 Funk & Soul Covers. 40th Ed. autorstwa Joaquim Paulo wydan\u0105 przez TASCHEN (2022-10-11) w formacie 15,6 x 21,7 cm (ISBN: 9783836588195). Zapraszamy!\",\"breadcrumb\":{\"@id\":\"https:\\\/\\\/foliobooks.pl\\\/en\\\/shop\\\/funk-soul-covers-40th-ed\\\/#breadcrumb\"},\"inLanguage\":\"en-US\",\"potentialAction\":[{\"@type\":\"ReadAction\",\"target\":[\"https:\\\/\\\/foliobooks.pl\\\/en\\\/shop\\\/funk-soul-covers-40th-ed\\\/\"]}]},{\"@type\":\"ImageObject\",\"inLanguage\":\"en-US\",\"@id\":\"https:\\\/\\\/foliobooks.pl\\\/en\\\/shop\\\/funk-soul-covers-40th-ed\\\/#primaryimage\",\"url\":\"https:\\\/\\\/foliobooks.pl\\\/wp-content\\\/uploads\\\/2025\\\/04\\\/9783836588195.png\",\"contentUrl\":\"https:\\\/\\\/foliobooks.pl\\\/wp-content\\\/uploads\\\/2025\\\/04\\\/9783836588195.png\",\"width\":570,\"height\":708},{\"@type\":\"BreadcrumbList\",\"@id\":\"https:\\\/\\\/foliobooks.pl\\\/en\\\/shop\\\/funk-soul-covers-40th-ed\\\/#breadcrumb\",\"itemListElement\":[{\"@type\":\"ListItem\",\"position\":1,\"name\":\"Strona g\u0142\u00f3wna\",\"item\":\"https:\\\/\\\/foliobooks.pl\\\/en\\\/\"},{\"@type\":\"ListItem\",\"position\":2,\"name\":\"Shop\",\"item\":\"https:\\\/\\\/foliobooks.pl\\\/en\\\/shop\\\/\"},{\"@type\":\"ListItem\",\"position\":3,\"name\":\"Funk &#038; Soul Covers. 40th Ed.\"}]},{\"@type\":\"WebSite\",\"@id\":\"https:\\\/\\\/foliobooks.pl\\\/en\\\/#website\",\"url\":\"https:\\\/\\\/foliobooks.pl\\\/en\\\/\",\"name\":\"Folio\",\"description\":\"Ksi\u0119garnia internetowa\",\"potentialAction\":[{\"@type\":\"SearchAction\",\"target\":{\"@type\":\"EntryPoint\",\"urlTemplate\":\"https:\\\/\\\/foliobooks.pl\\\/en\\\/?s={search_term_string}\"},\"query-input\":{\"@type\":\"PropertyValueSpecification\",\"valueRequired\":true,\"valueName\":\"search_term_string\"}}],\"inLanguage\":\"en-US\"}]}<\/script>\n<!-- \/ Yoast SEO plugin. -->","yoast_head_json":{"title":"Funk & Soul Covers. 40th Ed. (Joaquim Paulo) - book \/ album - Folio","description":"Wejd\u017a i kup ksi\u0105\u017ck\u0119 Funk & Soul Covers. 40th Ed. autorstwa Joaquim Paulo wydan\u0105 przez TASCHEN (2022-10-11) w formacie 15,6 x 21,7 cm (ISBN: 9783836588195). Zapraszamy!","robots":{"index":"index","follow":"follow","max-snippet":"max-snippet:-1","max-image-preview":"max-image-preview:large","max-video-preview":"max-video-preview:-1"},"canonical":"https:\/\/foliobooks.pl\/en\/shop\/funk-soul-covers-40th-ed\/","og_locale":"en_US","og_type":"article","og_title":"Funk & Soul Covers. 40th Ed. (Joaquim Paulo) - book \/ album - Folio","og_description":"Wejd\u017a i kup ksi\u0105\u017ck\u0119 Funk & Soul Covers. 40th Ed. autorstwa Joaquim Paulo wydan\u0105 przez TASCHEN (2022-10-11) w formacie 15,6 x 21,7 cm (ISBN: 9783836588195). Zapraszamy!","og_url":"https:\/\/foliobooks.pl\/en\/shop\/funk-soul-covers-40th-ed\/","og_site_name":"Folio","og_image":[{"width":570,"height":708,"url":"https:\/\/foliobooks.pl\/wp-content\/uploads\/2025\/04\/9783836588195.png","type":"image\/png"}],"twitter_card":"summary_large_image","twitter_misc":{"Est. reading time":"2 minutes"},"schema":{"@context":"https:\/\/schema.org","@graph":[{"@type":"WebPage","@id":"https:\/\/foliobooks.pl\/en\/shop\/funk-soul-covers-40th-ed\/","url":"https:\/\/foliobooks.pl\/en\/shop\/funk-soul-covers-40th-ed\/","name":"Funk & Soul Covers. 40th Ed. (Joaquim Paulo) - book \/ album - Folio","isPartOf":{"@id":"https:\/\/foliobooks.pl\/en\/#website"},"primaryImageOfPage":{"@id":"https:\/\/foliobooks.pl\/en\/shop\/funk-soul-covers-40th-ed\/#primaryimage"},"image":{"@id":"https:\/\/foliobooks.pl\/en\/shop\/funk-soul-covers-40th-ed\/#primaryimage"},"thumbnailUrl":"https:\/\/foliobooks.pl\/wp-content\/uploads\/2025\/04\/9783836588195.png","datePublished":"2025-04-23T10:17:37+00:00","description":"Wejd\u017a i kup ksi\u0105\u017ck\u0119 Funk & Soul Covers. 40th Ed. autorstwa Joaquim Paulo wydan\u0105 przez TASCHEN (2022-10-11) w formacie 15,6 x 21,7 cm (ISBN: 9783836588195). Zapraszamy!","breadcrumb":{"@id":"https:\/\/foliobooks.pl\/en\/shop\/funk-soul-covers-40th-ed\/#breadcrumb"},"inLanguage":"en-US","potentialAction":[{"@type":"ReadAction","target":["https:\/\/foliobooks.pl\/en\/shop\/funk-soul-covers-40th-ed\/"]}]},{"@type":"ImageObject","inLanguage":"en-US","@id":"https:\/\/foliobooks.pl\/en\/shop\/funk-soul-covers-40th-ed\/#primaryimage","url":"https:\/\/foliobooks.pl\/wp-content\/uploads\/2025\/04\/9783836588195.png","contentUrl":"https:\/\/foliobooks.pl\/wp-content\/uploads\/2025\/04\/9783836588195.png","width":570,"height":708},{"@type":"BreadcrumbList","@id":"https:\/\/foliobooks.pl\/en\/shop\/funk-soul-covers-40th-ed\/#breadcrumb","itemListElement":[{"@type":"ListItem","position":1,"name":"Strona g\u0142\u00f3wna","item":"https:\/\/foliobooks.pl\/en\/"},{"@type":"ListItem","position":2,"name":"Shop","item":"https:\/\/foliobooks.pl\/en\/shop\/"},{"@type":"ListItem","position":3,"name":"Funk &#038; Soul Covers. 40th Ed."}]},{"@type":"WebSite","@id":"https:\/\/foliobooks.pl\/en\/#website","url":"https:\/\/foliobooks.pl\/en\/","name":"Folio","description":"Ksi\u0119garnia internetowa","potentialAction":[{"@type":"SearchAction","target":{"@type":"EntryPoint","urlTemplate":"https:\/\/foliobooks.pl\/en\/?s={search_term_string}"},"query-input":{"@type":"PropertyValueSpecification","valueRequired":true,"valueName":"search_term_string"}}],"inLanguage":"en-US"}]}},"_links":{"self":[{"href":"https:\/\/foliobooks.pl\/en\/wp-json\/wp\/v2\/product\/106224","targetHints":{"allow":["GET"]}}],"collection":[{"href":"https:\/\/foliobooks.pl\/en\/wp-json\/wp\/v2\/product"}],"about":[{"href":"https:\/\/foliobooks.pl\/en\/wp-json\/wp\/v2\/types\/product"}],"replies":[{"embeddable":true,"href":"https:\/\/foliobooks.pl\/en\/wp-json\/wp\/v2\/comments?post=106224"}],"wp:featuredmedia":[{"embeddable":true,"href":"https:\/\/foliobooks.pl\/en\/wp-json\/wp\/v2\/media\/106213"}],"wp:attachment":[{"href":"https:\/\/foliobooks.pl\/en\/wp-json\/wp\/v2\/media?parent=106224"}],"wp:term":[{"taxonomy":"product_brand","embeddable":true,"href":"https:\/\/foliobooks.pl\/en\/wp-json\/wp\/v2\/product_brand?post=106224"},{"taxonomy":"product_cat","embeddable":true,"href":"https:\/\/foliobooks.pl\/en\/wp-json\/wp\/v2\/product_cat?post=106224"},{"taxonomy":"product_tag","embeddable":true,"href":"https:\/\/foliobooks.pl\/en\/wp-json\/wp\/v2\/product_tag?post=106224"}],"curies":[{"name":"wp","href":"https:\/\/api.w.org\/{rel}","templated":true}]}}